{"id":85316,"date":"2025-10-22T10:38:00","date_gmt":"2025-10-22T08:38:00","guid":{"rendered":"https:\/\/www.popesprayer.va\/donaciones\/"},"modified":"2025-12-03T14:17:37","modified_gmt":"2025-12-03T13:17:37","slug":"donaciones","status":"publish","type":"page","link":"https:\/\/www.popesprayer.va\/es\/donaciones\/","title":{"rendered":"Donaciones"},"content":{"rendered":"<p>[et_pb_section fb_built=\"1&#8243; _builder_version=\"4.27.4&#8243; _module_preset=\"default\" background_image=\"https:\/\/www.popesprayer.va\/wp-content\/uploads\/2025\/10\/sjdigital_A_top-view_realistic_photo_of_candles_arranged_in_the_e90f0909-c8a8-412b-a4ff-c29b3c67c115-en-tamano-grande.jpeg\" custom_padding=\"200px||100px||false|false\" top_divider_style=\"ramp\" top_divider_color=\"#F4A261&#8243; bottom_divider_style=\"ramp\" bottom_divider_color=\"#E9C46A\" bottom_divider_flip=\"horizontal\" hover_enabled=\"0&#8243; global_colors_info=\"{}\" alt=\"sjdigital_A_top-view_realistic_photo_of_candles_arranged_in_the_e90f0909-c8a8-412b-a4ff-c29b3c67c115 en taman\u0303o grande\" title_text=\"sjdigital_A_top-view_realistic_photo_of_candles_arranged_in_the_e90f0909-c8a8-412b-a4ff-c29b3c67c115 en taman\u0303o grande\" background_color=\"#264653&#8243; background_blend=\"overlay\" sticky_enabled=\"0&#8243;][et_pb_row column_structure=\"3_5,2_5&#8243; _builder_version=\"4.27.4&#8243; _module_preset=\"default\" global_colors_info=\"{}\"][et_pb_column type=\"3_5&#8243; _builder_version=\"4.27.4&#8243; _module_preset=\"default\" global_colors_info=\"{}\"][et_pb_text _builder_version=\"4.27.4&#8243; _module_preset=\"default\" header_text_color=\"#F4A261&#8243; header_font_size=\"3rem\" positioning=\"relative\" position_origin_a=\"center_left\" z_index=\"100&#8243; width=\"100%\" custom_margin=\"||0px||false|false\" animation_style=\"fade\" animation_duration=\"1500ms\" animation_delay=\"100ms\" header_font_size_tablet=\"2.5rem\" header_font_size_phone=\"2rem\" header_font_size_last_edited=\"on|phone\" global_colors_info=\"{}\"]<\/p>\n<h1>Donaciones<\/h1>\n<p>[\/et_pb_text][et_pb_text _builder_version=\"4.27.4&#8243; _module_preset=\"default\" header_font=\"|700|||||||\" header_text_color=\"#FFFFFF\" header_font_size=\"4rem\" positioning=\"relative\" position_origin_a=\"center_left\" z_index=\"100&#8243; width=\"100%\" animation_style=\"fade\" animation_duration=\"1500ms\" animation_delay=\"300ms\" header_font_size_tablet=\"4rem\" header_font_size_phone=\"3rem\" header_font_size_last_edited=\"on|phone\" global_colors_info=\"{}\"]<\/p>\n<h1>Una misi\u00f3n de compasi\u00f3n por el mundo<\/h1>\n<p>[\/et_pb_text][\/et_pb_column][et_pb_column type=\"2_5&#8243; _builder_version=\"4.27.4&#8243; _module_preset=\"default\" global_colors_info=\"{}\"][\/et_pb_column][\/et_pb_row][\/et_pb_section][et_pb_section fb_built=\"1&#8243; next_background_color=\"#264653&#8243; _builder_version=\"4.27.4&#8243; _module_preset=\"default\" background_color=\"#E9C46A\" bottom_divider_style=\"ramp\" bottom_divider_flip=\"horizontal\" global_colors_info=\"{}\"][et_pb_row column_structure=\"1_2,1_2&#8243; _builder_version=\"4.27.4&#8243; _module_preset=\"default\" global_colors_info=\"{}\"][et_pb_column type=\"1_2&#8243; _builder_version=\"4.27.4&#8243; _module_preset=\"default\" global_colors_info=\"{}\"][et_pb_text _builder_version=\"4.27.4&#8243; _module_preset=\"default\" text_text_color=\"#264653&#8243; text_font_size=\"18px\" text_line_height=\"1.6em\" global_colors_info=\"{}\"]<\/p>\n<div class=\"wpb_text_column wpb_content_element\">\n<div class=\"wpb_wrapper\">\n<p>Gracias por ayudarnos a movilizar a las personas a trav\u00e9s de la oraci\u00f3n y la acci\u00f3n por los desaf\u00edos de la humanidad y de la misi\u00f3n de la Iglesia.<\/p>\n<p>Con tu colaboraci\u00f3n, la Red Mundial de Oraci\u00f3n del Papa, Fundaci\u00f3n Vaticana, lleva a cabo su misi\u00f3n evangelizadora.<\/p>\n<p>Puedes colaborar con nosotros anualmente, mensualmente o con un donativo puntual. Te invitamos a unirte a la construcci\u00f3n de esta red de oraci\u00f3n para escapar de la globalizaci\u00f3n de la indiferencia y promover una cultura del encuentro en la que nadie se sienta excluido. El Evangelio es nuestra br\u00fajula para un mundo de justicia, paz y fraternidad.  <\/p>\n<\/div>\n<\/div>\n<p>[\/et_pb_text][et_pb_text _builder_version=\"4.27.4&#8243; _module_preset=\"default\" global_colors_info=\"{}\"]<\/p>\n<div class=\"wpb_text_column wpb_content_element\">\n<div class=\"wpb_wrapper\">\n<p><strong>Desarrollado por Donorbox y Stripe. Protegido mediante SSL \/ TLS. Cumple todos los requisitos PCI:  <\/strong><\/p>\n<\/div>\n<\/div>\n<p>[\/et_pb_text][et_pb_image src=\"https:\/\/www.popesprayer.va\/wp-content\/uploads\/2025\/10\/Donation-logos.png\" alt=\"Donaci\u00f3n-logos\" title_text=\"Donaci\u00f3n-logos\" _builder_version=\"4.27.4&#8243; _module_preset=\"default\" box_shadow_style=\"preset4&#8243; global_colors_info=\"{}\"][\/et_pb_image][et_pb_text _builder_version=\"4.27.4&#8243; _module_preset=\"default\" global_colors_info=\"{}\"]<\/p>\n<p><em><u>Nota<\/u>: Si seleccionas una donaci\u00f3n peri\u00f3dica, mensual o anual, recibir\u00e1s un correo electr\u00f3nico de Donorbox (la plataforma de donaciones en l\u00ednea). No te preocupes, este correo electr\u00f3nico se env\u00eda para que puedas completar la creaci\u00f3n de una cuenta personal en Donorbox. Tener una cuenta en la plataforma te permitir\u00e1 varias ventajas, como la posibilidad de modificar la regularidad de tus donaciones, ajustar la cantidad donada, cambiar la tarjeta de cr\u00e9dito utilizada para donar y cancelar donaciones.  <\/em><\/p>\n<p>[\/et_pb_text][\/et_pb_column][et_pb_column type=\"1_2&#8243; _builder_version=\"4.27.4&#8243; _module_preset=\"default\" global_colors_info=\"{}\"][et_pb_code _builder_version=\"4.27.4&#8243; _module_preset=\"default\" global_colors_info=\"{}\"]<script src=\"https:\/\/donorbox.org\/widget.js\" paypalexpress=\"false\"><\/script><iframe loading=\"lazy\" style=\"max-width: 500px; min-width: 310px; max-height: none!important;\" src=\"https:\/\/donorbox.org\/embed\/pope-s-worldwide-prayer-network\" name=\"donorbox\" width=\"100%\" height=\"685px\" frameborder=\"0\" scrolling=\"no\" seamless=\"seamless\"><\/iframe>[\/et_pb_code][\/et_pb_column][\/et_pb_row][\/et_pb_section]<\/p>\n","protected":false},"excerpt":{"rendered":"<p>DonacionesUna misi\u00f3n de compasi\u00f3n por el mundo Gracias por ayudarnos a movilizar a las personas a trav\u00e9s de la oraci\u00f3n y la acci\u00f3n por los desaf\u00edos de la humanidad y de la misi\u00f3n de la Iglesia. Con tu colaboraci\u00f3n, la Red Mundial de Oraci\u00f3n del Papa, Fundaci\u00f3n Vaticana, lleva a cabo su misi\u00f3n evangelizadora. Puedes [&hellip;]<\/p>\n","protected":false},"author":1,"featured_media":0,"parent":0,"menu_order":0,"comment_status":"closed","ping_status":"closed","template":"","meta":{"_acf_changed":false,"_et_pb_use_builder":"on","_et_pb_old_content":"","_et_gb_content_width":"","footnotes":""},"class_list":["post-85316","page","type-page","status-publish","hentry"],"acf":[],"yoast_head":"<!-- This site is optimized with the Yoast SEO plugin v27.3 - https:\/\/yoast.com\/product\/yoast-seo-wordpress\/ -->\n<title>Donaciones - Red Mundial de Oraci\u00f3n del Papa<\/title>\n<meta name=\"robots\" content=\"index, follow, max-snippet:-1, max-image-preview:large, max-video-preview:-1\" \/>\n<link rel=\"canonical\" href=\"https:\/\/www.popesprayer.va\/es\/donaciones\/\" \/>\n<meta property=\"og:locale\" content=\"es_ES\" \/>\n<meta property=\"og:type\" content=\"article\" \/>\n<meta property=\"og:title\" content=\"Donaciones - Red Mundial de Oraci\u00f3n del Papa\" \/>\n<meta property=\"og:description\" content=\"DonacionesUna misi\u00f3n de compasi\u00f3n por el mundo Gracias por ayudarnos a movilizar a las personas a trav\u00e9s de la oraci\u00f3n y la acci\u00f3n por los desaf\u00edos de la humanidad y de la misi\u00f3n de la Iglesia. Con tu colaboraci\u00f3n, la Red Mundial de Oraci\u00f3n del Papa, Fundaci\u00f3n Vaticana, lleva a cabo su misi\u00f3n evangelizadora. Puedes [&hellip;]\" \/>\n<meta property=\"og:url\" content=\"https:\/\/www.popesprayer.va\/es\/donaciones\/\" \/>\n<meta property=\"og:site_name\" content=\"Red Mundial de Oraci\u00f3n del Papa\" \/>\n<meta property=\"article:modified_time\" content=\"2025-12-03T13:17:37+00:00\" \/>\n<meta name=\"twitter:card\" content=\"summary_large_image\" \/>\n<meta name=\"twitter:label1\" content=\"Tiempo de lectura\" \/>\n\t<meta name=\"twitter:data1\" content=\"4 minutos\" \/>\n<script type=\"application\/ld+json\" class=\"yoast-schema-graph\">{\"@context\":\"https:\\\/\\\/schema.org\",\"@graph\":[{\"@type\":\"WebPage\",\"@id\":\"https:\\\/\\\/www.popesprayer.va\\\/es\\\/donaciones\\\/\",\"url\":\"https:\\\/\\\/www.popesprayer.va\\\/es\\\/donaciones\\\/\",\"name\":\"Donaciones - Red Mundial de Oraci\u00f3n del Papa\",\"isPartOf\":{\"@id\":\"https:\\\/\\\/www.popesprayer.va\\\/es\\\/#website\"},\"datePublished\":\"2025-10-22T08:38:00+00:00\",\"dateModified\":\"2025-12-03T13:17:37+00:00\",\"breadcrumb\":{\"@id\":\"https:\\\/\\\/www.popesprayer.va\\\/es\\\/donaciones\\\/#breadcrumb\"},\"inLanguage\":\"es\",\"potentialAction\":[{\"@type\":\"ReadAction\",\"target\":[\"https:\\\/\\\/www.popesprayer.va\\\/es\\\/donaciones\\\/\"]}]},{\"@type\":\"BreadcrumbList\",\"@id\":\"https:\\\/\\\/www.popesprayer.va\\\/es\\\/donaciones\\\/#breadcrumb\",\"itemListElement\":[{\"@type\":\"ListItem\",\"position\":1,\"name\":\"Inicio\",\"item\":\"https:\\\/\\\/www.popesprayer.va\\\/es\\\/\"},{\"@type\":\"ListItem\",\"position\":2,\"name\":\"Donaciones\"}]},{\"@type\":\"WebSite\",\"@id\":\"https:\\\/\\\/www.popesprayer.va\\\/es\\\/#website\",\"url\":\"https:\\\/\\\/www.popesprayer.va\\\/es\\\/\",\"name\":\"Pope's Worldwide Prayer Network\",\"description\":\"Pray together, change the world\",\"publisher\":{\"@id\":\"https:\\\/\\\/www.popesprayer.va\\\/es\\\/#organization\"},\"potentialAction\":[{\"@type\":\"SearchAction\",\"target\":{\"@type\":\"EntryPoint\",\"urlTemplate\":\"https:\\\/\\\/www.popesprayer.va\\\/es\\\/?s={search_term_string}\"},\"query-input\":{\"@type\":\"PropertyValueSpecification\",\"valueRequired\":true,\"valueName\":\"search_term_string\"}}],\"inLanguage\":\"es\"},{\"@type\":\"Organization\",\"@id\":\"https:\\\/\\\/www.popesprayer.va\\\/es\\\/#organization\",\"name\":\"Red Mundial de Oraci\u00f3n del Papa\",\"url\":\"https:\\\/\\\/www.popesprayer.va\\\/es\\\/\",\"logo\":{\"@type\":\"ImageObject\",\"inLanguage\":\"es\",\"@id\":\"https:\\\/\\\/www.popesprayer.va\\\/es\\\/#\\\/schema\\\/logo\\\/image\\\/\",\"url\":\"https:\\\/\\\/www.popesprayer.va\\\/wp-content\\\/uploads\\\/2025\\\/01\\\/Logo-Popes-Worldwide-Prayer-Network-Pontifical-Work-EN-Horizontal.png\",\"contentUrl\":\"https:\\\/\\\/www.popesprayer.va\\\/wp-content\\\/uploads\\\/2025\\\/01\\\/Logo-Popes-Worldwide-Prayer-Network-Pontifical-Work-EN-Horizontal.png\",\"width\":1328,\"height\":228,\"caption\":\"Red Mundial de Oraci\u00f3n del Papa\"},\"image\":{\"@id\":\"https:\\\/\\\/www.popesprayer.va\\\/es\\\/#\\\/schema\\\/logo\\\/image\\\/\"}}]}<\/script>\n<!-- \/ Yoast SEO plugin. -->","yoast_head_json":{"title":"Donaciones - Red Mundial de Oraci\u00f3n del Papa","robots":{"index":"index","follow":"follow","max-snippet":"max-snippet:-1","max-image-preview":"max-image-preview:large","max-video-preview":"max-video-preview:-1"},"canonical":"https:\/\/www.popesprayer.va\/es\/donaciones\/","og_locale":"es_ES","og_type":"article","og_title":"Donaciones - Red Mundial de Oraci\u00f3n del Papa","og_description":"DonacionesUna misi\u00f3n de compasi\u00f3n por el mundo Gracias por ayudarnos a movilizar a las personas a trav\u00e9s de la oraci\u00f3n y la acci\u00f3n por los desaf\u00edos de la humanidad y de la misi\u00f3n de la Iglesia. Con tu colaboraci\u00f3n, la Red Mundial de Oraci\u00f3n del Papa, Fundaci\u00f3n Vaticana, lleva a cabo su misi\u00f3n evangelizadora. Puedes [&hellip;]","og_url":"https:\/\/www.popesprayer.va\/es\/donaciones\/","og_site_name":"Red Mundial de Oraci\u00f3n del Papa","article_modified_time":"2025-12-03T13:17:37+00:00","twitter_card":"summary_large_image","twitter_misc":{"Tiempo de lectura":"4 minutos"},"schema":{"@context":"https:\/\/schema.org","@graph":[{"@type":"WebPage","@id":"https:\/\/www.popesprayer.va\/es\/donaciones\/","url":"https:\/\/www.popesprayer.va\/es\/donaciones\/","name":"Donaciones - Red Mundial de Oraci\u00f3n del Papa","isPartOf":{"@id":"https:\/\/www.popesprayer.va\/es\/#website"},"datePublished":"2025-10-22T08:38:00+00:00","dateModified":"2025-12-03T13:17:37+00:00","breadcrumb":{"@id":"https:\/\/www.popesprayer.va\/es\/donaciones\/#breadcrumb"},"inLanguage":"es","potentialAction":[{"@type":"ReadAction","target":["https:\/\/www.popesprayer.va\/es\/donaciones\/"]}]},{"@type":"BreadcrumbList","@id":"https:\/\/www.popesprayer.va\/es\/donaciones\/#breadcrumb","itemListElement":[{"@type":"ListItem","position":1,"name":"Inicio","item":"https:\/\/www.popesprayer.va\/es\/"},{"@type":"ListItem","position":2,"name":"Donaciones"}]},{"@type":"WebSite","@id":"https:\/\/www.popesprayer.va\/es\/#website","url":"https:\/\/www.popesprayer.va\/es\/","name":"Pope's Worldwide Prayer Network","description":"Pray together, change the world","publisher":{"@id":"https:\/\/www.popesprayer.va\/es\/#organization"},"potentialAction":[{"@type":"SearchAction","target":{"@type":"EntryPoint","urlTemplate":"https:\/\/www.popesprayer.va\/es\/?s={search_term_string}"},"query-input":{"@type":"PropertyValueSpecification","valueRequired":true,"valueName":"search_term_string"}}],"inLanguage":"es"},{"@type":"Organization","@id":"https:\/\/www.popesprayer.va\/es\/#organization","name":"Red Mundial de Oraci\u00f3n del Papa","url":"https:\/\/www.popesprayer.va\/es\/","logo":{"@type":"ImageObject","inLanguage":"es","@id":"https:\/\/www.popesprayer.va\/es\/#\/schema\/logo\/image\/","url":"https:\/\/www.popesprayer.va\/wp-content\/uploads\/2025\/01\/Logo-Popes-Worldwide-Prayer-Network-Pontifical-Work-EN-Horizontal.png","contentUrl":"https:\/\/www.popesprayer.va\/wp-content\/uploads\/2025\/01\/Logo-Popes-Worldwide-Prayer-Network-Pontifical-Work-EN-Horizontal.png","width":1328,"height":228,"caption":"Red Mundial de Oraci\u00f3n del Papa"},"image":{"@id":"https:\/\/www.popesprayer.va\/es\/#\/schema\/logo\/image\/"}}]}},"_links":{"self":[{"href":"https:\/\/www.popesprayer.va\/es\/wp-json\/wp\/v2\/pages\/85316","targetHints":{"allow":["GET"]}}],"collection":[{"href":"https:\/\/www.popesprayer.va\/es\/wp-json\/wp\/v2\/pages"}],"about":[{"href":"https:\/\/www.popesprayer.va\/es\/wp-json\/wp\/v2\/types\/page"}],"author":[{"embeddable":true,"href":"https:\/\/www.popesprayer.va\/es\/wp-json\/wp\/v2\/users\/1"}],"replies":[{"embeddable":true,"href":"https:\/\/www.popesprayer.va\/es\/wp-json\/wp\/v2\/comments?post=85316"}],"version-history":[{"count":6,"href":"https:\/\/www.popesprayer.va\/es\/wp-json\/wp\/v2\/pages\/85316\/revisions"}],"predecessor-version":[{"id":89583,"href":"https:\/\/www.popesprayer.va\/es\/wp-json\/wp\/v2\/pages\/85316\/revisions\/89583"}],"wp:attachment":[{"href":"https:\/\/www.popesprayer.va\/es\/wp-json\/wp\/v2\/media?parent=85316"}],"curies":[{"name":"wp","href":"https:\/\/api.w.org\/{rel}","templated":true}]}}