{"id":91203,"date":"2025-12-23T14:38:37","date_gmt":"2025-12-23T13:38:37","guid":{"rendered":"https:\/\/www.popesprayer.va\/privacidad\/"},"modified":"2025-12-23T14:39:51","modified_gmt":"2025-12-23T13:39:51","slug":"privacidad","status":"publish","type":"page","link":"https:\/\/www.popesprayer.va\/es\/privacidad\/","title":{"rendered":"Privacidad"},"content":{"rendered":"<p>[et_pb_section fb_built=\"1&#8243; theme_builder_area=\"post_content\" _builder_version=\"4.27.5&#8243; _module_preset=\"default\" da_is_popup=\"off\" da_exit_intent=\"off\" da_has_close=\"on\" da_alt_close=\"off\" da_dark_close=\"off\" da_not_modal=\"on\" da_is_singular=\"off\" da_with_loader=\"off\" da_has_shadow=\"on\" da_disable_devices=\"off|off|off\"][et_pb_row _builder_version=\"4.27.5&#8243; _module_preset=\"default\" theme_builder_area=\"post_content\"][et_pb_column _builder_version=\"4.27.5&#8243; _module_preset=\"default\" type=\"4_4&#8243; theme_builder_area=\"post_content\"][et_pb_text _builder_version=\"4.27.5&#8243; _module_preset=\"default\" theme_builder_area=\"post_content\" max_width=\"800px\" module_alignment=\"center\" hover_enabled=\"0&#8243; sticky_enabled=\"0&#8243;]<\/p>\n<h3><b>POL\u00cdTICA DE PRIVACIDAD<\/b><b>. <\/b><b>INFORMACI\u00d3N SOBRE PROTECCI\u00d3N DE DATOS PERSONALES<\/b><b>.<\/b><\/h3>\n<p><span style=\"font-weight: 400;\">  1.IDENTIFICACI\u00d3N DEL RESPONSABLE DEL TRATAMIENTO:<\/span><\/p>\n<p><span style=\"font-weight: 400;\">El responsable del tratamiento de tus datos personales es la siguiente persona jur\u00eddica:<\/span><\/p>\n<p><span style=\"font-weight: 400;\">Nombre: RED MUNDIAL DE ORACI\u00d3N DEL PAPA (APOSTOLADO DE LA ORACI\u00d3N), MEJ (MOVIMIENTO EUCAR\u00cdSTICO DE LA JUVENTUD) (en lo sucesivo, \"RPMP\")<\/span><\/p>\n<p><span style=\"font-weight: 400;\">N\u00famero de registro: 80091350589<\/span><\/p>\n<p><span style=\"font-weight: 400;\"> <\/span><\/p>\n<p><span style=\"font-weight: 400;\">2.DATOS DE CONTACTO DEL RESPONSABLE DEL TRATAMIENTO:<\/span><\/p>\n<p><span style=\"font-weight: 400;\">Direcci\u00f3n: Borgo Santo Spirito, 4, Roma (Vaticano - zona extraterritorial 2), (00193) Ciudad del Vaticano.<\/span><\/p>\n<p><span style=\"font-weight: 400;\">Tel: +39 (06) 69-868-384<\/span><\/p>\n<p><span style=\"font-weight: 400;\">Fax: +39 (06) 69-868-380<\/span><\/p>\n<p><span style=\"font-weight: 400;\">Correo electr\u00f3nico: apora-s@sjcuria.org<\/span><\/p>\n<p><span style=\"font-weight: 400;\"> <\/span><\/p>\n<p><span style=\"font-weight: 400;\">3.RECOGIDA, FINALIDAD Y PERIODO DE CONSERVACI\u00d3N DE TUS DATOS PERSONALES:<\/span><\/p>\n<p><span style=\"font-weight: 400;\">Los datos personales que facilites a trav\u00e9s del formulario del SITIO WEB www.popesprayer.va (en adelante, conjuntamente, el \"SITIO WEB\") ser\u00e1n tratados por PWPN con las siguientes finalidades:<\/span><\/p>\n<ul>\n<li style=\"font-weight: 400;\" aria-level=\"1\"><span style=\"font-weight: 400;\">Gestionar la creaci\u00f3n de tu PERFIL DE USUARIO y facilitarte el acceso a los productos, servicios, funcionalidades y apps que se ofrecen a trav\u00e9s del SITIO WEB. En particular, para permitirte utilizar el servicio de plataforma social de oraci\u00f3n establecido a trav\u00e9s del SITIO WEB para realizar tus oraciones, intenciones y peticiones. <\/span><\/li>\n<li style=\"font-weight: 400;\" aria-level=\"1\"><span style=\"font-weight: 400;\">Para enviarte el Bolet\u00edn, si lo solicitas al suscribirte al SITIO WEB.<\/span><\/li>\n<li style=\"font-weight: 400;\" aria-level=\"1\"><span style=\"font-weight: 400;\">Gestionar la recepci\u00f3n y recaudaci\u00f3n de cualquier donaci\u00f3n que desees realizar.<\/span><\/li>\n<\/ul>\n<p><span style=\"font-weight: 400;\">PWPN no tratar\u00e1 los datos que nos facilites para finalidades distintas de las expresamente indicadas anteriormente. Si posteriormente fuera necesario tratar tus datos personales para otra finalidad, se te facilitar\u00e1 previamente toda la informaci\u00f3n adicional pertinente en relaci\u00f3n con la nueva finalidad. Adem\u00e1s, PWPN no tomar\u00e1 decisiones automatizadas sobre la base de la informaci\u00f3n que nos facilites.  <\/span><\/p>\n<p><span style=\"font-weight: 400;\">Los datos personales proporcionados se conservar\u00e1n mientras sean necesarios para continuar la relaci\u00f3n contigo, para permitirte el acceso y la gesti\u00f3n de tu PERFIL DE USUARIO en el SITIO WEB y para prestarte los servicios y funcionalidades que se ofrecen a trav\u00e9s del SITIO WEB, as\u00ed como para enviarte la Newsletter, si as\u00ed lo solicitas. No obstante lo anterior, tus datos personales se conservar\u00e1n en \u00faltima instancia durante un plazo de un (1) a\u00f1o desde que canceles o elimines tu PERFIL DE USUARIO. <\/span><\/p>\n<p><span style=\"font-weight: 400;\">En el caso de las donaciones, tus datos personales se conservar\u00e1n mientras sean necesarios para llevar a cabo su recogida. No obstante, una vez efectuada la recogida por parte de la RPMP, los datos del donante ser\u00e1n inmediatamente eliminados. <\/span><\/p>\n<p><span style=\"font-weight: 400;\"> <\/span><\/p>\n<p><span style=\"font-weight: 400;\">4.MOTIVOS LEGALES PARA PROCESAR TUS DATOS:<\/span><\/p>\n<p><span style=\"font-weight: 400;\">La base del fundamento legal para el tratamiento de tus datos con la finalidad de crear tu PERFIL DE USUARIO y facilitarte el acceso a los productos, servicios, funcionalidades que se ofrecen a trav\u00e9s del SITIO WEB y, en particular, para que puedas utilizar el servicio de plataforma social de oraci\u00f3n establecido a trav\u00e9s del SITIO WEB para realizar tus ruegos, intenciones y peticiones, es el consentimiento inequ\u00edvoco que prestas al aceptar el Aviso Legal y las Condiciones de Uso, as\u00ed como la Pol\u00edtica de Privacidad y, en su caso, la Pol\u00edtica de Cookies; sin que en ning\u00fan caso la revocaci\u00f3n de dicho consentimiento afecte a la implementaci\u00f3n de los productos y servicios solicitados.<\/span><\/p>\n<p><span style=\"font-weight: 400;\">La base del fundamento legal para el tratamiento de tus datos personales con el fin de enviarte la Newsletter, si as\u00ed lo solicitas al suscribirte al SITIO WEB, es el consentimiento inequ\u00edvoco que prestas al aceptar la Pol\u00edtica de Privacidad y, en su caso, la Pol\u00edtica de Cookies.<\/span><\/p>\n<p><span style=\"font-weight: 400;\">La base del fundamento legal para el tratamiento de tus datos personales con el fin de gestionar la recepci\u00f3n y recaudaci\u00f3n de cualquier donaci\u00f3n que desees realizar es el consentimiento inequ\u00edvoco que prestas al aceptar la Pol\u00edtica de Privacidad.<\/span><\/p>\n<p><span style=\"font-weight: 400;\">La persona que acepta esta Pol\u00edtica de Privacidad declara ser mayor de edad y tener plena capacidad jur\u00eddica para aceptarla. PWPN quedar\u00e1 eximida de cualquier responsabilidad por la falta de capacidad jur\u00eddica del aceptante. <\/span><\/p>\n<p><span style=\"font-weight: 400;\"> <\/span><\/p>\n<p><span style=\"font-weight: 400;\">5.DESTINATARIOS DE LOS DATOS Y CATEGOR\u00cdAS:<\/span><\/p>\n<p><span style=\"font-weight: 400;\">Los datos personales cedidos por ti no ser\u00e1n comunicados a terceros, sin perjuicio de las comunicaciones que puedan realizarse a administraciones p\u00fablicas, entidades u organismos p\u00fablicos o judiciales como consecuencia de una obligaci\u00f3n legal. PWPN no realizar\u00e1 transferencias internacionales de datos. <\/span><\/p>\n<p><span style=\"font-weight: 400;\">Los datos que PWPN recoger\u00e1 y tratar\u00e1 mediante el SITIO WEB y el formulario son los siguientes:<\/span><\/p>\n<ul>\n<li style=\"font-weight: 400;\" aria-level=\"1\"><span style=\"font-weight: 400;\">NOMBRE Y APELLIDOS<\/span><\/li>\n<li style=\"font-weight: 400;\" aria-level=\"1\"><span style=\"font-weight: 400;\">FECHA DE NACIMIENTO<\/span><\/li>\n<li style=\"font-weight: 400;\" aria-level=\"1\"><span style=\"font-weight: 400;\">PA\u00cdS DE RESIDENCIA<\/span><\/li>\n<li style=\"font-weight: 400;\" aria-level=\"1\"><span style=\"font-weight: 400;\">TEL\u00c9FONO DE CONTACTO<\/span><\/li>\n<li style=\"font-weight: 400;\" aria-level=\"1\"><span style=\"font-weight: 400;\">IDIOMA<\/span><\/li>\n<li style=\"font-weight: 400;\" aria-level=\"1\"><span style=\"font-weight: 400;\">SEXO<\/span><\/li>\n<li style=\"font-weight: 400;\" aria-level=\"1\"><span style=\"font-weight: 400;\">DIRECCI\u00d3N DE CORREO ELECTR\u00d3NICO<\/span><\/li>\n<li style=\"font-weight: 400;\" aria-level=\"1\"><span style=\"font-weight: 400;\">CONTRASE\u00d1A DEL PERFIL CREADO EN EL SITIO WEB<\/span><\/li>\n<li style=\"font-weight: 400;\" aria-level=\"1\"><span style=\"font-weight: 400;\">COOKIES<\/span><\/li>\n<\/ul>\n<p><span style=\"font-weight: 400;\"> <\/span><\/p>\n<p><span style=\"font-weight: 400;\">6.DERECHOS DE LOS USUARIOS Y FORMA DE EJERCERLOS:<\/span><\/p>\n<p><span style=\"font-weight: 400;\">Tienes los siguientes derechos para la protecci\u00f3n de tus datos personales:<\/span><\/p>\n<ul>\n<li style=\"font-weight: 400;\" aria-level=\"1\"><span style=\"font-weight: 400;\">Derecho a solicitar el acceso<\/span><span style=\"font-weight: 400;\">: Te permite conocer qu\u00e9 tipo de datos tuyos son tratados por PWPN y las caracter\u00edsticas del tratamiento que se lleva a cabo.<\/span><\/li>\n<li style=\"font-weight: 400;\" aria-level=\"1\"><span style=\"font-weight: 400;\">Derecho a solicitar la rectificaci\u00f3n o supresi\u00f3n<\/span><span style=\"font-weight: 400;\">: La rectificaci\u00f3n te permite solicitar la modificaci\u00f3n de tus datos porque son inexactos o falsos. La supresi\u00f3n te permite solicitar la eliminaci\u00f3n de tus datos cuando el tratamiento ya no sea necesario. <\/span><\/li>\n<li style=\"font-weight: 400;\" aria-level=\"1\"><span style=\"font-weight: 400;\">Derecho a solicitar la limitaci\u00f3n del tratamiento<\/span><span style=\"font-weight: 400;\">: Te permite limitar el tratamiento de los datos en los casos previstos por la ley.<\/span><\/li>\n<li style=\"font-weight: 400;\" aria-level=\"1\"><span style=\"font-weight: 400;\">Derecho de oposici\u00f3n al tratamiento<\/span><span style=\"font-weight: 400;\">: En circunstancias especiales, te permite oponerte a que PWPN procese tus datos.<\/span><\/li>\n<li style=\"font-weight: 400;\" aria-level=\"1\"><span style=\"font-weight: 400;\">Derecho a la portabilidad de los datos<\/span><span style=\"font-weight: 400;\">: Te permite obtener una copia \u00edntegra de los datos personales que PWPN est\u00e1 tratando para que puedan ser transferidos a otro responsable del tratamiento, en los casos permitidos por la ley.<\/span><\/li>\n<\/ul>\n<p><span style=\"font-weight: 400;\">Adem\u00e1s, tienes derecho a <\/span><span style=\"font-weight: 400;\">derecho a retirar o revocar el consentimiento para el tratamiento de tus datos personales<\/span><span style=\"font-weight: 400;\"> en cualquier momento, sin que ello afecte a la legalidad de cualquier tratamiento basado en el consentimiento dado antes de la retirada.<\/span><\/p>\n<p><span style=\"font-weight: 400;\">Puedes ejercer cualquiera de los derechos anteriores de la siguiente manera:<\/span><\/p>\n<ul>\n<li style=\"font-weight: 400;\" aria-level=\"1\"><span style=\"font-weight: 400;\">Por correo ordinario: mediante carta enviada a la RED MUNDIAL DE ORACI\u00d3N DEL PAPA (APOSTOLADO DE LA ORACI\u00d3N), MEJ (MOVIMIENTO EUCAR\u00cdSTICO JUVENIL), a la direcci\u00f3n situada en Borgo Santo Spirito, 4, Roma (Vaticano - zona extraterritorial 2), (00193) Ciudad del Vaticano.<\/span><\/li>\n<li style=\"font-weight: 400;\" aria-level=\"1\"><span style=\"font-weight: 400;\">Por correo electr\u00f3nico: mediante un mensaje enviado a la siguiente direcci\u00f3n de correo electr\u00f3nico: apora-s@sjcuria.org, con el asunto \"DATOS PERSONALES\".<\/span><\/li>\n<\/ul>\n<p><span style=\"font-weight: 400;\">En cualquiera de las formas anteriores, la solicitud deber\u00e1 ir acompa\u00f1ada del nombre y apellidos del interesado, fotocopia de su documento de identidad e indicaci\u00f3n del derecho que desea ejercitar.<\/span><\/p>\n<p><span style=\"font-weight: 400;\">Sin perjuicio del ejercicio de tus derechos en relaci\u00f3n con PWPN, tambi\u00e9n puedes presentar una reclamaci\u00f3n ante la Autoridad de Control de Protecci\u00f3n de Datos con jurisdicci\u00f3n en tu pa\u00eds de residencia. Adem\u00e1s, para m\u00e1s informaci\u00f3n u otras reclamaciones, puedes ponerte en contacto con el   <\/span><a href=\"http:\/\/www.edps.europa.eu\/\"><span style=\"font-weight: 400;\">SUPERVISOR EUROPEO DE PROTECCI\u00d3N DE DATOS<\/span><\/a><span style=\"font-weight: 400;\">, autoridad europea independiente de protecci\u00f3n de datos personales, que tiene su sede en Rue Montoyer 30, B-1000 Bruselas. Su direcci\u00f3n postal es Rue Wiertz 60, B-1047 Bruselas, su n\u00famero de tel\u00e9fono es (+32) 2-283-19-00 y su direcci\u00f3n de correo electr\u00f3nico es   <\/span><span style=\"font-weight: 400;\">edps@edps.europa.eu<\/span><span style=\"font-weight: 400;\">.<\/span><\/p>\n<p>[\/et_pb_text][\/et_pb_column][\/et_pb_row][\/et_pb_section]<\/p>\n","protected":false},"excerpt":{"rendered":"<p>POL\u00cdTICA DE PRIVACIDAD. INFORMACI\u00d3N SOBRE PROTECCI\u00d3N DE DATOS PERSONALES. 1.IDENTIFICACI\u00d3N DEL RESPONSABLE DEL TRATAMIENTO: El responsable del tratamiento de tus datos personales es la siguiente persona jur\u00eddica: Nombre: RED MUNDIAL DE ORACI\u00d3N DEL PAPA (APOSTOLADO DE LA ORACI\u00d3N), MEJ (MOVIMIENTO EUCAR\u00cdSTICO DE LA JUVENTUD) (en lo sucesivo, \"RPMP\") N\u00famero de registro: 80091350589 2.DATOS DE CONTACTO [&hellip;]<\/p>\n","protected":false},"author":1,"featured_media":0,"parent":0,"menu_order":0,"comment_status":"closed","ping_status":"closed","template":"","meta":{"_acf_changed":false,"_et_pb_use_builder":"on","_et_pb_old_content":"","_et_gb_content_width":"","footnotes":""},"class_list":["post-91203","page","type-page","status-publish","hentry"],"acf":[],"yoast_head":"<!-- This site is optimized with the Yoast SEO plugin v27.3 - https:\/\/yoast.com\/product\/yoast-seo-wordpress\/ -->\n<title>Privacidad - Red Mundial de Oraci\u00f3n del Papa<\/title>\n<meta name=\"robots\" content=\"index, follow, max-snippet:-1, max-image-preview:large, max-video-preview:-1\" \/>\n<link rel=\"canonical\" href=\"https:\/\/www.popesprayer.va\/es\/privacidad\/\" \/>\n<meta property=\"og:locale\" content=\"es_ES\" \/>\n<meta property=\"og:type\" content=\"article\" \/>\n<meta property=\"og:title\" content=\"Privacidad - Red Mundial de Oraci\u00f3n del Papa\" \/>\n<meta property=\"og:description\" content=\"POL\u00cdTICA DE PRIVACIDAD. INFORMACI\u00d3N SOBRE PROTECCI\u00d3N DE DATOS PERSONALES. 1.IDENTIFICACI\u00d3N DEL RESPONSABLE DEL TRATAMIENTO: El responsable del tratamiento de tus datos personales es la siguiente persona jur\u00eddica: Nombre: RED MUNDIAL DE ORACI\u00d3N DEL PAPA (APOSTOLADO DE LA ORACI\u00d3N), MEJ (MOVIMIENTO EUCAR\u00cdSTICO DE LA JUVENTUD) (en lo sucesivo, &quot;RPMP&quot;) N\u00famero de registro: 80091350589 2.DATOS DE CONTACTO [&hellip;]\" \/>\n<meta property=\"og:url\" content=\"https:\/\/www.popesprayer.va\/es\/privacidad\/\" \/>\n<meta property=\"og:site_name\" content=\"Red Mundial de Oraci\u00f3n del Papa\" \/>\n<meta property=\"article:modified_time\" content=\"2025-12-23T13:39:51+00:00\" \/>\n<meta name=\"twitter:card\" content=\"summary_large_image\" \/>\n<meta name=\"twitter:label1\" content=\"Tiempo de lectura\" \/>\n\t<meta name=\"twitter:data1\" content=\"7 minutos\" \/>\n<script type=\"application\/ld+json\" class=\"yoast-schema-graph\">{\"@context\":\"https:\\\/\\\/schema.org\",\"@graph\":[{\"@type\":\"WebPage\",\"@id\":\"https:\\\/\\\/www.popesprayer.va\\\/es\\\/privacidad\\\/\",\"url\":\"https:\\\/\\\/www.popesprayer.va\\\/es\\\/privacidad\\\/\",\"name\":\"Privacidad - Red Mundial de Oraci\u00f3n del Papa\",\"isPartOf\":{\"@id\":\"https:\\\/\\\/www.popesprayer.va\\\/es\\\/#website\"},\"datePublished\":\"2025-12-23T13:38:37+00:00\",\"dateModified\":\"2025-12-23T13:39:51+00:00\",\"breadcrumb\":{\"@id\":\"https:\\\/\\\/www.popesprayer.va\\\/es\\\/privacidad\\\/#breadcrumb\"},\"inLanguage\":\"es\",\"potentialAction\":[{\"@type\":\"ReadAction\",\"target\":[\"https:\\\/\\\/www.popesprayer.va\\\/es\\\/privacidad\\\/\"]}]},{\"@type\":\"BreadcrumbList\",\"@id\":\"https:\\\/\\\/www.popesprayer.va\\\/es\\\/privacidad\\\/#breadcrumb\",\"itemListElement\":[{\"@type\":\"ListItem\",\"position\":1,\"name\":\"Inicio\",\"item\":\"https:\\\/\\\/www.popesprayer.va\\\/es\\\/\"},{\"@type\":\"ListItem\",\"position\":2,\"name\":\"Privacidad\"}]},{\"@type\":\"WebSite\",\"@id\":\"https:\\\/\\\/www.popesprayer.va\\\/es\\\/#website\",\"url\":\"https:\\\/\\\/www.popesprayer.va\\\/es\\\/\",\"name\":\"Pope's Worldwide Prayer Network\",\"description\":\"Pray together, change the world\",\"publisher\":{\"@id\":\"https:\\\/\\\/www.popesprayer.va\\\/es\\\/#organization\"},\"potentialAction\":[{\"@type\":\"SearchAction\",\"target\":{\"@type\":\"EntryPoint\",\"urlTemplate\":\"https:\\\/\\\/www.popesprayer.va\\\/es\\\/?s={search_term_string}\"},\"query-input\":{\"@type\":\"PropertyValueSpecification\",\"valueRequired\":true,\"valueName\":\"search_term_string\"}}],\"inLanguage\":\"es\"},{\"@type\":\"Organization\",\"@id\":\"https:\\\/\\\/www.popesprayer.va\\\/es\\\/#organization\",\"name\":\"Red Mundial de Oraci\u00f3n del Papa\",\"url\":\"https:\\\/\\\/www.popesprayer.va\\\/es\\\/\",\"logo\":{\"@type\":\"ImageObject\",\"inLanguage\":\"es\",\"@id\":\"https:\\\/\\\/www.popesprayer.va\\\/es\\\/#\\\/schema\\\/logo\\\/image\\\/\",\"url\":\"https:\\\/\\\/www.popesprayer.va\\\/wp-content\\\/uploads\\\/2025\\\/01\\\/Logo-Popes-Worldwide-Prayer-Network-Pontifical-Work-EN-Horizontal.png\",\"contentUrl\":\"https:\\\/\\\/www.popesprayer.va\\\/wp-content\\\/uploads\\\/2025\\\/01\\\/Logo-Popes-Worldwide-Prayer-Network-Pontifical-Work-EN-Horizontal.png\",\"width\":1328,\"height\":228,\"caption\":\"Red Mundial de Oraci\u00f3n del Papa\"},\"image\":{\"@id\":\"https:\\\/\\\/www.popesprayer.va\\\/es\\\/#\\\/schema\\\/logo\\\/image\\\/\"}}]}<\/script>\n<!-- \/ Yoast SEO plugin. -->","yoast_head_json":{"title":"Privacidad - Red Mundial de Oraci\u00f3n del Papa","robots":{"index":"index","follow":"follow","max-snippet":"max-snippet:-1","max-image-preview":"max-image-preview:large","max-video-preview":"max-video-preview:-1"},"canonical":"https:\/\/www.popesprayer.va\/es\/privacidad\/","og_locale":"es_ES","og_type":"article","og_title":"Privacidad - Red Mundial de Oraci\u00f3n del Papa","og_description":"POL\u00cdTICA DE PRIVACIDAD. INFORMACI\u00d3N SOBRE PROTECCI\u00d3N DE DATOS PERSONALES. 1.IDENTIFICACI\u00d3N DEL RESPONSABLE DEL TRATAMIENTO: El responsable del tratamiento de tus datos personales es la siguiente persona jur\u00eddica: Nombre: RED MUNDIAL DE ORACI\u00d3N DEL PAPA (APOSTOLADO DE LA ORACI\u00d3N), MEJ (MOVIMIENTO EUCAR\u00cdSTICO DE LA JUVENTUD) (en lo sucesivo, \"RPMP\") N\u00famero de registro: 80091350589 2.DATOS DE CONTACTO [&hellip;]","og_url":"https:\/\/www.popesprayer.va\/es\/privacidad\/","og_site_name":"Red Mundial de Oraci\u00f3n del Papa","article_modified_time":"2025-12-23T13:39:51+00:00","twitter_card":"summary_large_image","twitter_misc":{"Tiempo de lectura":"7 minutos"},"schema":{"@context":"https:\/\/schema.org","@graph":[{"@type":"WebPage","@id":"https:\/\/www.popesprayer.va\/es\/privacidad\/","url":"https:\/\/www.popesprayer.va\/es\/privacidad\/","name":"Privacidad - Red Mundial de Oraci\u00f3n del Papa","isPartOf":{"@id":"https:\/\/www.popesprayer.va\/es\/#website"},"datePublished":"2025-12-23T13:38:37+00:00","dateModified":"2025-12-23T13:39:51+00:00","breadcrumb":{"@id":"https:\/\/www.popesprayer.va\/es\/privacidad\/#breadcrumb"},"inLanguage":"es","potentialAction":[{"@type":"ReadAction","target":["https:\/\/www.popesprayer.va\/es\/privacidad\/"]}]},{"@type":"BreadcrumbList","@id":"https:\/\/www.popesprayer.va\/es\/privacidad\/#breadcrumb","itemListElement":[{"@type":"ListItem","position":1,"name":"Inicio","item":"https:\/\/www.popesprayer.va\/es\/"},{"@type":"ListItem","position":2,"name":"Privacidad"}]},{"@type":"WebSite","@id":"https:\/\/www.popesprayer.va\/es\/#website","url":"https:\/\/www.popesprayer.va\/es\/","name":"Pope's Worldwide Prayer Network","description":"Pray together, change the world","publisher":{"@id":"https:\/\/www.popesprayer.va\/es\/#organization"},"potentialAction":[{"@type":"SearchAction","target":{"@type":"EntryPoint","urlTemplate":"https:\/\/www.popesprayer.va\/es\/?s={search_term_string}"},"query-input":{"@type":"PropertyValueSpecification","valueRequired":true,"valueName":"search_term_string"}}],"inLanguage":"es"},{"@type":"Organization","@id":"https:\/\/www.popesprayer.va\/es\/#organization","name":"Red Mundial de Oraci\u00f3n del Papa","url":"https:\/\/www.popesprayer.va\/es\/","logo":{"@type":"ImageObject","inLanguage":"es","@id":"https:\/\/www.popesprayer.va\/es\/#\/schema\/logo\/image\/","url":"https:\/\/www.popesprayer.va\/wp-content\/uploads\/2025\/01\/Logo-Popes-Worldwide-Prayer-Network-Pontifical-Work-EN-Horizontal.png","contentUrl":"https:\/\/www.popesprayer.va\/wp-content\/uploads\/2025\/01\/Logo-Popes-Worldwide-Prayer-Network-Pontifical-Work-EN-Horizontal.png","width":1328,"height":228,"caption":"Red Mundial de Oraci\u00f3n del Papa"},"image":{"@id":"https:\/\/www.popesprayer.va\/es\/#\/schema\/logo\/image\/"}}]}},"_links":{"self":[{"href":"https:\/\/www.popesprayer.va\/es\/wp-json\/wp\/v2\/pages\/91203","targetHints":{"allow":["GET"]}}],"collection":[{"href":"https:\/\/www.popesprayer.va\/es\/wp-json\/wp\/v2\/pages"}],"about":[{"href":"https:\/\/www.popesprayer.va\/es\/wp-json\/wp\/v2\/types\/page"}],"author":[{"embeddable":true,"href":"https:\/\/www.popesprayer.va\/es\/wp-json\/wp\/v2\/users\/1"}],"replies":[{"embeddable":true,"href":"https:\/\/www.popesprayer.va\/es\/wp-json\/wp\/v2\/comments?post=91203"}],"version-history":[{"count":8,"href":"https:\/\/www.popesprayer.va\/es\/wp-json\/wp\/v2\/pages\/91203\/revisions"}],"predecessor-version":[{"id":91223,"href":"https:\/\/www.popesprayer.va\/es\/wp-json\/wp\/v2\/pages\/91203\/revisions\/91223"}],"wp:attachment":[{"href":"https:\/\/www.popesprayer.va\/es\/wp-json\/wp\/v2\/media?parent=91203"}],"curies":[{"name":"wp","href":"https:\/\/api.w.org\/{rel}","templated":true}]}}