{"id":91229,"date":"2025-12-23T14:39:54","date_gmt":"2025-12-23T13:39:54","guid":{"rendered":"https:\/\/www.popesprayer.va\/cookies\/"},"modified":"2025-12-23T14:41:02","modified_gmt":"2025-12-23T13:41:02","slug":"cookies","status":"publish","type":"page","link":"https:\/\/www.popesprayer.va\/es\/cookies\/","title":{"rendered":"Cookies"},"content":{"rendered":"<p>[et_pb_section fb_built=\"1&#8243; theme_builder_area=\"post_content\" _builder_version=\"4.27.5&#8243; _module_preset=\"default\" da_is_popup=\"off\" da_exit_intent=\"off\" da_has_close=\"on\" da_alt_close=\"off\" da_dark_close=\"off\" da_not_modal=\"on\" da_is_singular=\"off\" da_with_loader=\"off\" da_has_shadow=\"on\" da_disable_devices=\"off|off|off\"][et_pb_row _builder_version=\"4.27.5&#8243; _module_preset=\"default\" theme_builder_area=\"post_content\"][et_pb_column _builder_version=\"4.27.5&#8243; _module_preset=\"default\" type=\"4_4&#8243; theme_builder_area=\"post_content\"][et_pb_text _builder_version=\"4.27.5&#8243; _module_preset=\"default\" theme_builder_area=\"post_content\" max_width=\"800px\" module_alignment=\"center\" hover_enabled=\"0&#8243; sticky_enabled=\"0&#8243;]<\/p>\n<h3><b>INFORMACI\u00d3N SOBRE COOKIES<\/b><\/h3>\n<h3><b>1.USO DE COOKIES:<\/b><\/h3>\n<p><span style=\"font-weight: 400;\">El SITIO WEB PWPN utiliza una tecnolog\u00eda denominada cookies para obtener informaci\u00f3n sobre el uso del SITIO WEB y mejorar la experiencia de los usuarios.<\/span><\/p>\n<p><span style=\"font-weight: 400;\"> <\/span><\/p>\n<p><span style=\"font-weight: 400;\">2.DEFINICI\u00d3N Y FUNCI\u00d3N DE LAS COOKIES:<\/span><\/p>\n<p><span style=\"font-weight: 400;\">Las cookies son peque\u00f1os archivos que se env\u00edan y almacenan en el disco duro de los ordenadores de los usuarios a trav\u00e9s de su navegador cuando \u00e9ste se conecta a un sitio web. Entre otras cosas, las cookies permiten a un sitio web almacenar y recuperar informaci\u00f3n sobre los h\u00e1bitos de navegaci\u00f3n de los usuarios o de su ordenador y, dependiendo de la informaci\u00f3n que contengan y de la forma en que los usuarios utilicen su ordenador, pueden utilizarse para reconocer a los usuarios. <\/span><\/p>\n<p><span style=\"font-weight: 400;\"> <\/span><\/p>\n<p><span style=\"font-weight: 400;\">3.CLASIFICACI\u00d3N DE LAS COOKIES:<\/span><\/p>\n<p><span style=\"font-weight: 400;\">Las cookies pueden clasificarse seg\u00fan diferentes par\u00e1metros:<\/span><\/p>\n<ul>\n<li style=\"font-weight: 400;\" aria-level=\"1\"><span style=\"font-weight: 400;\">Titularidad: cookies propias o de terceros, seg\u00fan la entidad que gestione el dominio desde donde se env\u00edan las cookies y se traten los datos que se obtengan.<\/span><\/li>\n<li style=\"font-weight: 400;\" aria-level=\"1\"><span style=\"font-weight: 400;\">Duraci\u00f3n: cookies de sesi\u00f3n o cookies persistentes, en funci\u00f3n del plazo de tiempo que permanezcan almacenadas en el terminal del usuario.<\/span><\/li>\n<li style=\"font-weight: 400;\" aria-level=\"1\"><span style=\"font-weight: 400;\">Finalidad: cookies t\u00e9cnicas, cookies de personalizaci\u00f3n, cookies de an\u00e1lisis, cookies publicitarias, cookies de publicidad comportamental, seg\u00fan la finalidad para la que se traten los datos obtenidos.<\/span><\/li>\n<\/ul>\n<p><span style=\"font-weight: 400;\">Seg\u00fan su finalidad, se pueden definir los siguientes tipos de cookies:<\/span><\/p>\n<ul>\n<li style=\"font-weight: 400;\" aria-level=\"1\"><span style=\"font-weight: 400;\">Cookies t\u00e9cnicas: aquellas que permiten al usuario la navegaci\u00f3n a trav\u00e9s de una p\u00e1gina web o aplicaci\u00f3n y la utilizaci\u00f3n de las diferentes opciones o servicios que en ella existen (v\u00eddeos para facilitar las compras, redes sociales, etc.).<\/span><\/li>\n<li style=\"font-weight: 400;\" aria-level=\"1\"><span style=\"font-weight: 400;\">Cookies de personalizaci\u00f3n: aquellas que permiten al usuario acceder al servicio con algunas caracter\u00edsticas de car\u00e1cter general predefinidas en funci\u00f3n de sus preferencias (idioma, tipo de navegador, configuraci\u00f3n, dise\u00f1o de contenidos).<\/span><\/li>\n<li style=\"font-weight: 400;\" aria-level=\"1\"><span style=\"font-weight: 400;\">Cookies de an\u00e1lisis: son aqu\u00e9llas que permiten el an\u00e1lisis an\u00f3nimo del comportamiento de los usuarios en el sitio web y que permiten medir la actividad del usuario y elaborar perfiles de navegaci\u00f3n para mejorar los sitios web.<\/span><\/li>\n<li style=\"font-weight: 400;\" aria-level=\"1\"><span style=\"font-weight: 400;\">Cookies publicitarias: aquellas que permiten la gesti\u00f3n de espacios publicitarios en el sitio web.<\/span><\/li>\n<li style=\"font-weight: 400;\" aria-level=\"1\"><span style=\"font-weight: 400;\">Cookies de publicidad comportamental: son aqu\u00e9llas que permiten la gesti\u00f3n de los espacios publicitarios del sitio web en funci\u00f3n del comportamiento y h\u00e1bitos de navegaci\u00f3n de los usuarios, lo que permite obtener su perfil y personalizar la publicidad que se muestra en el navegador del usuario.<\/span><\/li>\n<\/ul>\n<p><span style=\"font-weight: 400;\"> <\/span><\/p>\n<p><span style=\"font-weight: 400;\">4.COOKIES UTILIZADAS EN EL SITIO WEB:<\/span><\/p>\n<p><span style=\"font-weight: 400;\">El SITIO WEB DE PWPN utiliza cookies de origen y de terceros. Las cookies de origen se utilizan para indicar si los usuarios han habilitado JavaScript, y las cookies de terceros permiten el an\u00e1lisis de datos por parte de Google Analytics. En ning\u00fan caso las cookies procesan datos personales.  <\/span><\/p>\n<p><span style=\"font-weight: 400;\">Cookies de origen:<\/span><\/p>\n<table>\n<tbody>\n<tr>\n<td>\n<p><span style=\"font-weight: 400;\">NOMBRE<\/span><\/p>\n<\/td>\n<td>\n<p><span style=\"font-weight: 400;\">PROP\u00d3SITO<\/span><\/p>\n<\/td>\n<td>\n<p><span style=\"font-weight: 400;\">DURACI\u00d3N<\/span><\/p>\n<\/td>\n<\/tr>\n<tr>\n<td>\n<p><span style=\"font-weight: 400;\">tiene_js<\/span><\/p>\n<\/td>\n<td>\n<p><span style=\"font-weight: 400;\">Se utiliza para indicar si los usuarios han activado JavaScript<\/span><\/p>\n<\/td>\n<td>\n<p><span style=\"font-weight: 400;\">Duraci\u00f3n de la sesi\u00f3n<\/span><\/p>\n<\/td>\n<\/tr>\n<tr>\n<td>\n<p><span style=\"font-weight: 400;\"> <\/span><\/p>\n<\/td>\n<td>\n<p><span style=\"font-weight: 400;\"> <\/span><\/p>\n<\/td>\n<td> <\/td>\n<\/tr>\n<\/tbody>\n<\/table>\n<p><span style=\"font-weight: 400;\"> <\/span><\/p>\n<p><span style=\"font-weight: 400;\">Cookies de terceros:<\/span><\/p>\n<table>\n<tbody>\n<tr>\n<td>\n<p><span style=\"font-weight: 400;\">NOMBRE<\/span><\/p>\n<\/td>\n<td>\n<p><span style=\"font-weight: 400;\">PROPIETARIO<\/span><\/p>\n<\/td>\n<td>\n<p><span style=\"font-weight: 400;\">PROP\u00d3SITO<\/span><\/p>\n<\/td>\n<td>\n<p><span style=\"font-weight: 400;\">DURACI\u00d3N<\/span><\/p>\n<\/td>\n<\/tr>\n<tr>\n<td>\n<p><span style=\"font-weight: 400;\">_ga<\/span><\/p>\n<\/td>\n<td>\n<p><span style=\"font-weight: 400;\">Google<\/span><\/p>\n<\/td>\n<td>\n<p><span style=\"font-weight: 400;\">Google Analytics. Se utiliza para distinguir a los usuarios <\/span><\/p>\n<\/td>\n<td>\n<p><span style=\"font-weight: 400;\">2 a\u00f1os<\/span><\/p>\n<\/td>\n<\/tr>\n<tr>\n<td>\n<p><span style=\"font-weight: 400;\">_gat<\/span><\/p>\n<\/td>\n<td>\n<p><span style=\"font-weight: 400;\">Google<\/span><\/p>\n<\/td>\n<td>\n<p><span style=\"font-weight: 400;\">Google Analytics. Se utiliza para limitar el porcentaje de solicitudes <\/span><\/p>\n<\/td>\n<td>\n<p><span style=\"font-weight: 400;\">10 minutos<\/span><\/p>\n<\/td>\n<\/tr>\n<\/tbody>\n<\/table>\n<p><span style=\"font-weight: 400;\"> <\/span><\/p>\n<p><span style=\"font-weight: 400;\">Las cookies se activan cada vez que un nuevo usuario visita el SITIO WEB o cuando se han eliminado las cookies.<\/span><\/p>\n<p><span style=\"font-weight: 400;\"> <\/span><\/p>\n<p><span style=\"font-weight: 400;\">5.CONFIGURACI\u00d3N DE LAS COOKIES SEG\u00daN EL NAVEGADOR:<\/span><\/p>\n<p><span style=\"font-weight: 400;\">A continuaci\u00f3n se muestran los enlaces en los que los usuarios pueden encontrar informaci\u00f3n sobre c\u00f3mo se pueden configurar y gestionar las cookies utilizando los principales navegadores:<\/span><\/p>\n<ul>\n<li style=\"font-weight: 400;\" aria-level=\"1\"><a href=\"https:\/\/support.microsoft.com\/es-es\/help\/17442\/windows-internet-explorer-delete-manage-cookies\"><span style=\"font-weight: 400;\">Internet Explorer<\/span><\/a><\/li>\n<li style=\"font-weight: 400;\" aria-level=\"1\"><a href=\"https:\/\/support.apple.com\/kb\/ph21411?locale=es_ES\"><span style=\"font-weight: 400;\">Safari<\/span><\/a><\/li>\n<li style=\"font-weight: 400;\" aria-level=\"1\"><span style=\"font-weight: 400;\">Cromo<\/span><\/li>\n<li style=\"font-weight: 400;\" aria-level=\"1\"><span style=\"font-weight: 400;\">Firefox<\/span><\/li>\n<\/ul>\n<p><span style=\"font-weight: 400;\"> <\/span><\/p>\n<p><span style=\"font-weight: 400;\">6.CONSENTIMIENTO PARA LAS COOKIES Y EL FUNCIONAMIENTO DEL SITIO WEB:<\/span><\/p>\n<p><span style=\"font-weight: 400;\">Puedes revocar tu consentimiento para el uso de cookies en cualquier momento. Para ello, deber\u00e1s desactivar las cookies del SITIO WEB siguiendo las instrucciones del apartado anterior seg\u00fan el navegador que utilices. <\/span><\/p>\n<p><span style=\"font-weight: 400;\">Ten en cuenta que la revocaci\u00f3n del consentimiento, y por tanto la desactivaci\u00f3n de determinadas cookies, puede impedir el uso de ciertas funcionalidades de nuestro sitio web.<\/span><\/p>\n<p><span style=\"font-weight: 400;\"> <\/span><\/p>\n<p><span style=\"font-weight: 400;\">7.ACTUALIZACIONES Y MODIFICACIONES:<\/span><\/p>\n<p><span style=\"font-weight: 400;\">El SITIO WEB puede modificar esta informaci\u00f3n sobre las cookies. Por lo tanto, te recomendamos que compruebes esta pol\u00edtica cada vez que accedas al SITIO WEB de PWPN. <\/span><\/p>\n<p>[\/et_pb_text][\/et_pb_column][\/et_pb_row][\/et_pb_section]<\/p>\n","protected":false},"excerpt":{"rendered":"<p>INFORMACI\u00d3N SOBRE COOKIES 1.USO DE COOKIES: El SITIO WEB PWPN utiliza una tecnolog\u00eda denominada cookies para obtener informaci\u00f3n sobre el uso del SITIO WEB y mejorar la experiencia de los usuarios. 2.DEFINICI\u00d3N Y FUNCI\u00d3N DE LAS COOKIES: Las cookies son peque\u00f1os archivos que se env\u00edan y almacenan en el disco duro de los ordenadores de [&hellip;]<\/p>\n","protected":false},"author":1,"featured_media":0,"parent":0,"menu_order":0,"comment_status":"closed","ping_status":"closed","template":"","meta":{"_acf_changed":false,"_et_pb_use_builder":"on","_et_pb_old_content":"","_et_gb_content_width":"","footnotes":""},"class_list":["post-91229","page","type-page","status-publish","hentry"],"acf":[],"yoast_head":"<!-- This site is optimized with the Yoast SEO plugin v27.3 - https:\/\/yoast.com\/product\/yoast-seo-wordpress\/ -->\n<title>Cookies - Red Mundial de Oraci\u00f3n del Papa<\/title>\n<meta name=\"robots\" content=\"index, follow, max-snippet:-1, max-image-preview:large, max-video-preview:-1\" \/>\n<link rel=\"canonical\" href=\"https:\/\/www.popesprayer.va\/es\/cookies\/\" \/>\n<meta property=\"og:locale\" content=\"es_ES\" \/>\n<meta property=\"og:type\" content=\"article\" \/>\n<meta property=\"og:title\" content=\"Cookies - Red Mundial de Oraci\u00f3n del Papa\" \/>\n<meta property=\"og:description\" content=\"INFORMACI\u00d3N SOBRE COOKIES 1.USO DE COOKIES: El SITIO WEB PWPN utiliza una tecnolog\u00eda denominada cookies para obtener informaci\u00f3n sobre el uso del SITIO WEB y mejorar la experiencia de los usuarios. 2.DEFINICI\u00d3N Y FUNCI\u00d3N DE LAS COOKIES: Las cookies son peque\u00f1os archivos que se env\u00edan y almacenan en el disco duro de los ordenadores de [&hellip;]\" \/>\n<meta property=\"og:url\" content=\"https:\/\/www.popesprayer.va\/es\/cookies\/\" \/>\n<meta property=\"og:site_name\" content=\"Red Mundial de Oraci\u00f3n del Papa\" \/>\n<meta property=\"article:modified_time\" content=\"2025-12-23T13:41:02+00:00\" \/>\n<meta name=\"twitter:card\" content=\"summary_large_image\" \/>\n<meta name=\"twitter:label1\" content=\"Tiempo de lectura\" \/>\n\t<meta name=\"twitter:data1\" content=\"4 minutos\" \/>\n<script type=\"application\/ld+json\" class=\"yoast-schema-graph\">{\"@context\":\"https:\\\/\\\/schema.org\",\"@graph\":[{\"@type\":\"WebPage\",\"@id\":\"https:\\\/\\\/www.popesprayer.va\\\/es\\\/cookies\\\/\",\"url\":\"https:\\\/\\\/www.popesprayer.va\\\/es\\\/cookies\\\/\",\"name\":\"Cookies - Red Mundial de Oraci\u00f3n del Papa\",\"isPartOf\":{\"@id\":\"https:\\\/\\\/www.popesprayer.va\\\/es\\\/#website\"},\"datePublished\":\"2025-12-23T13:39:54+00:00\",\"dateModified\":\"2025-12-23T13:41:02+00:00\",\"breadcrumb\":{\"@id\":\"https:\\\/\\\/www.popesprayer.va\\\/es\\\/cookies\\\/#breadcrumb\"},\"inLanguage\":\"es\",\"potentialAction\":[{\"@type\":\"ReadAction\",\"target\":[\"https:\\\/\\\/www.popesprayer.va\\\/es\\\/cookies\\\/\"]}]},{\"@type\":\"BreadcrumbList\",\"@id\":\"https:\\\/\\\/www.popesprayer.va\\\/es\\\/cookies\\\/#breadcrumb\",\"itemListElement\":[{\"@type\":\"ListItem\",\"position\":1,\"name\":\"Inicio\",\"item\":\"https:\\\/\\\/www.popesprayer.va\\\/es\\\/\"},{\"@type\":\"ListItem\",\"position\":2,\"name\":\"Cookies\"}]},{\"@type\":\"WebSite\",\"@id\":\"https:\\\/\\\/www.popesprayer.va\\\/es\\\/#website\",\"url\":\"https:\\\/\\\/www.popesprayer.va\\\/es\\\/\",\"name\":\"Pope's Worldwide Prayer Network\",\"description\":\"Pray together, change the world\",\"publisher\":{\"@id\":\"https:\\\/\\\/www.popesprayer.va\\\/es\\\/#organization\"},\"potentialAction\":[{\"@type\":\"SearchAction\",\"target\":{\"@type\":\"EntryPoint\",\"urlTemplate\":\"https:\\\/\\\/www.popesprayer.va\\\/es\\\/?s={search_term_string}\"},\"query-input\":{\"@type\":\"PropertyValueSpecification\",\"valueRequired\":true,\"valueName\":\"search_term_string\"}}],\"inLanguage\":\"es\"},{\"@type\":\"Organization\",\"@id\":\"https:\\\/\\\/www.popesprayer.va\\\/es\\\/#organization\",\"name\":\"Red Mundial de Oraci\u00f3n del Papa\",\"url\":\"https:\\\/\\\/www.popesprayer.va\\\/es\\\/\",\"logo\":{\"@type\":\"ImageObject\",\"inLanguage\":\"es\",\"@id\":\"https:\\\/\\\/www.popesprayer.va\\\/es\\\/#\\\/schema\\\/logo\\\/image\\\/\",\"url\":\"https:\\\/\\\/www.popesprayer.va\\\/wp-content\\\/uploads\\\/2025\\\/01\\\/Logo-Popes-Worldwide-Prayer-Network-Pontifical-Work-EN-Horizontal.png\",\"contentUrl\":\"https:\\\/\\\/www.popesprayer.va\\\/wp-content\\\/uploads\\\/2025\\\/01\\\/Logo-Popes-Worldwide-Prayer-Network-Pontifical-Work-EN-Horizontal.png\",\"width\":1328,\"height\":228,\"caption\":\"Red Mundial de Oraci\u00f3n del Papa\"},\"image\":{\"@id\":\"https:\\\/\\\/www.popesprayer.va\\\/es\\\/#\\\/schema\\\/logo\\\/image\\\/\"}}]}<\/script>\n<!-- \/ Yoast SEO plugin. -->","yoast_head_json":{"title":"Cookies - Red Mundial de Oraci\u00f3n del Papa","robots":{"index":"index","follow":"follow","max-snippet":"max-snippet:-1","max-image-preview":"max-image-preview:large","max-video-preview":"max-video-preview:-1"},"canonical":"https:\/\/www.popesprayer.va\/es\/cookies\/","og_locale":"es_ES","og_type":"article","og_title":"Cookies - Red Mundial de Oraci\u00f3n del Papa","og_description":"INFORMACI\u00d3N SOBRE COOKIES 1.USO DE COOKIES: El SITIO WEB PWPN utiliza una tecnolog\u00eda denominada cookies para obtener informaci\u00f3n sobre el uso del SITIO WEB y mejorar la experiencia de los usuarios. 2.DEFINICI\u00d3N Y FUNCI\u00d3N DE LAS COOKIES: Las cookies son peque\u00f1os archivos que se env\u00edan y almacenan en el disco duro de los ordenadores de [&hellip;]","og_url":"https:\/\/www.popesprayer.va\/es\/cookies\/","og_site_name":"Red Mundial de Oraci\u00f3n del Papa","article_modified_time":"2025-12-23T13:41:02+00:00","twitter_card":"summary_large_image","twitter_misc":{"Tiempo de lectura":"4 minutos"},"schema":{"@context":"https:\/\/schema.org","@graph":[{"@type":"WebPage","@id":"https:\/\/www.popesprayer.va\/es\/cookies\/","url":"https:\/\/www.popesprayer.va\/es\/cookies\/","name":"Cookies - Red Mundial de Oraci\u00f3n del Papa","isPartOf":{"@id":"https:\/\/www.popesprayer.va\/es\/#website"},"datePublished":"2025-12-23T13:39:54+00:00","dateModified":"2025-12-23T13:41:02+00:00","breadcrumb":{"@id":"https:\/\/www.popesprayer.va\/es\/cookies\/#breadcrumb"},"inLanguage":"es","potentialAction":[{"@type":"ReadAction","target":["https:\/\/www.popesprayer.va\/es\/cookies\/"]}]},{"@type":"BreadcrumbList","@id":"https:\/\/www.popesprayer.va\/es\/cookies\/#breadcrumb","itemListElement":[{"@type":"ListItem","position":1,"name":"Inicio","item":"https:\/\/www.popesprayer.va\/es\/"},{"@type":"ListItem","position":2,"name":"Cookies"}]},{"@type":"WebSite","@id":"https:\/\/www.popesprayer.va\/es\/#website","url":"https:\/\/www.popesprayer.va\/es\/","name":"Pope's Worldwide Prayer Network","description":"Pray together, change the world","publisher":{"@id":"https:\/\/www.popesprayer.va\/es\/#organization"},"potentialAction":[{"@type":"SearchAction","target":{"@type":"EntryPoint","urlTemplate":"https:\/\/www.popesprayer.va\/es\/?s={search_term_string}"},"query-input":{"@type":"PropertyValueSpecification","valueRequired":true,"valueName":"search_term_string"}}],"inLanguage":"es"},{"@type":"Organization","@id":"https:\/\/www.popesprayer.va\/es\/#organization","name":"Red Mundial de Oraci\u00f3n del Papa","url":"https:\/\/www.popesprayer.va\/es\/","logo":{"@type":"ImageObject","inLanguage":"es","@id":"https:\/\/www.popesprayer.va\/es\/#\/schema\/logo\/image\/","url":"https:\/\/www.popesprayer.va\/wp-content\/uploads\/2025\/01\/Logo-Popes-Worldwide-Prayer-Network-Pontifical-Work-EN-Horizontal.png","contentUrl":"https:\/\/www.popesprayer.va\/wp-content\/uploads\/2025\/01\/Logo-Popes-Worldwide-Prayer-Network-Pontifical-Work-EN-Horizontal.png","width":1328,"height":228,"caption":"Red Mundial de Oraci\u00f3n del Papa"},"image":{"@id":"https:\/\/www.popesprayer.va\/es\/#\/schema\/logo\/image\/"}}]}},"_links":{"self":[{"href":"https:\/\/www.popesprayer.va\/es\/wp-json\/wp\/v2\/pages\/91229","targetHints":{"allow":["GET"]}}],"collection":[{"href":"https:\/\/www.popesprayer.va\/es\/wp-json\/wp\/v2\/pages"}],"about":[{"href":"https:\/\/www.popesprayer.va\/es\/wp-json\/wp\/v2\/types\/page"}],"author":[{"embeddable":true,"href":"https:\/\/www.popesprayer.va\/es\/wp-json\/wp\/v2\/users\/1"}],"replies":[{"embeddable":true,"href":"https:\/\/www.popesprayer.va\/es\/wp-json\/wp\/v2\/comments?post=91229"}],"version-history":[{"count":8,"href":"https:\/\/www.popesprayer.va\/es\/wp-json\/wp\/v2\/pages\/91229\/revisions"}],"predecessor-version":[{"id":91250,"href":"https:\/\/www.popesprayer.va\/es\/wp-json\/wp\/v2\/pages\/91229\/revisions\/91250"}],"wp:attachment":[{"href":"https:\/\/www.popesprayer.va\/es\/wp-json\/wp\/v2\/media?parent=91229"}],"curies":[{"name":"wp","href":"https:\/\/api.w.org\/{rel}","templated":true}]}}