{"id":84364,"date":"2025-08-28T08:42:02","date_gmt":"2025-08-28T06:42:02","guid":{"rendered":"https:\/\/www.popesprayer.va\/ressources\/"},"modified":"2026-05-05T20:00:59","modified_gmt":"2026-05-05T18:00:59","slug":"ressources","status":"publish","type":"page","link":"https:\/\/www.popesprayer.va\/fr\/ressources\/","title":{"rendered":"Ressources"},"content":{"rendered":"<p>[et_pb_section fb_built=\"1&Prime; _builder_version=\"4.27.4&Prime; _module_preset=\"default\" background_image=\"https:\/\/www.popesprayer.va\/wp-content\/uploads\/2025\/09\/resources_rmop.jpeg\" custom_padding=\"200px||100px||false|false\" top_divider_style=\"ramp\" top_divider_color=\"#F4A261&Prime; bottom_divider_style=\"ramp\" bottom_divider_color=\"#264653&Prime; bottom_divider_flip=\"horizontal\" da_disable_devices=\"off|off|off\" global_colors_info=\"{}\" da_is_popup=\"off\" da_exit_intent=\"off\" da_has_close=\"on\" da_alt_close=\"off\" da_dark_close=\"off\" da_not_modal=\"on\" da_is_singular=\"off\" da_with_loader=\"off\" da_has_shadow=\"on\"][et_pb_row column_structure=\"3_5,2_5&Prime; _builder_version=\"4.27.4&Prime; _module_preset=\"default\" global_colors_info=\"{}\"][et_pb_column type=\"3_5&Prime; _builder_version=\"4.27.4&Prime; _module_preset=\"default\" global_colors_info=\"{}\"][et_pb_text _builder_version=\"4.27.4&Prime; _module_preset=\"default\" header_text_color=\"#F4A261&Prime; header_font_size=\"3rem\" positioning=\"relative\" position_origin_a=\"center_left\" z_index=\"100&Prime; width=\"100%\" custom_margin=\"||0px||false|false\" animation_style=\"fade\" animation_duration=\"1500ms\" animation_delay=\"100ms\" header_font_size_tablet=\"2.5rem\" header_font_size_phone=\"2rem\" header_font_size_last_edited=\"on|phone\" global_colors_info=\"{}\"]<\/p>\n<h1>Ressources<\/h1>\n<p>[\/et_pb_text][et_pb_text _builder_version=\"4.27.4&Prime; _module_preset=\"default\" header_font=\"|700|||||||\" header_text_color=\"#FFFFFF\" header_font_size=\"4rem\" positioning=\"relative\" position_origin_a=\"center_left\" z_index=\"100&Prime; width=\"100%\" animation_style=\"fade\" animation_duration=\"1500ms\" animation_delay=\"300ms\" header_font_size_tablet=\"4rem\" header_font_size_phone=\"3rem\" header_font_size_last_edited=\"on|phone\" global_colors_info=\"{}\"]<\/p>\n<h1>Un espace d&rsquo;inspiration<\/h1>\n<p>[\/et_pb_text][\/et_pb_column][et_pb_column type=\"2_5&Prime; _builder_version=\"4.27.4&Prime; _module_preset=\"default\" global_colors_info=\"{}\"][\/et_pb_column][\/et_pb_row][\/et_pb_section][et_pb_section fb_built=\"1&Prime; _builder_version=\"4.27.4&Prime; _module_preset=\"default\" background_color=\"#264653&Prime; da_disable_devices=\"off|off|off\" global_colors_info=\"{}\" da_is_popup=\"off\" da_exit_intent=\"off\" da_has_close=\"on\" da_alt_close=\"off\" da_dark_close=\"off\" da_not_modal=\"on\" da_is_singular=\"off\" da_with_loader=\"off\" da_has_shadow=\"on\"][et_pb_row _builder_version=\"4.27.4&Prime; _module_preset=\"default\" global_colors_info=\"{}\"][et_pb_column type=\"4_4&Prime; _builder_version=\"4.27.4&Prime; _module_preset=\"default\" global_colors_info=\"{}\"][et_pb_text _builder_version=\"4.27.4&Prime; _module_preset=\"default\" header_2_text_color=\"#E9C46A\" global_colors_info=\"{}\"]<\/p>\n<h2><strong>\u00c0 la une<\/strong><\/h2>\n<p>[\/et_pb_text][et_pb_code _builder_version=\"4.27.4&Prime; _module_preset=\"default\" global_colors_info=\"{}\"]<div class=\"sjd-resources-grid-container\"><div class=\"sjd-resource-column\"><div class=\"sjd-resource-item\"><a href=\"https:\/\/www.popesprayer.va\/fr\/resource\/statuts\/\"><img loading=\"lazy\" decoding=\"async\" width=\"716\" height=\"1024\" src=\"https:\/\/www.popesprayer.va\/wp-content\/uploads\/2025\/09\/FRA-STATUTS-2024-716x1024.png\" class=\"attachment-large size-large wp-post-image\" alt=\"FRA - STATUTS 2024\" \/><div class=\"sjd-resource-title-overlay\"><h4>Statuts<\/h4><\/div><\/a><\/div><\/div><div class=\"sjd-resource-column\"><div class=\"sjd-resource-item\"><a href=\"https:\/\/www.popesprayer.va\/fr\/resource\/reglement-general\/\"><img loading=\"lazy\" decoding=\"async\" width=\"716\" height=\"1024\" src=\"https:\/\/www.popesprayer.va\/wp-content\/uploads\/2026\/03\/3-716x1024.png\" class=\"attachment-large size-large wp-post-image\" alt=\"\" \/><div class=\"sjd-resource-title-overlay\"><h4>R\u00e8glement g\u00e9n\u00e9ral<\/h4><\/div><\/a><\/div><\/div><div class=\"sjd-resource-column\"><div class=\"sjd-resource-item\"><a href=\"https:\/\/www.popesprayer.va\/fr\/resource\/intentions-de-priere-du-pape-2026\/\"><img loading=\"lazy\" decoding=\"async\" width=\"820\" height=\"1024\" src=\"https:\/\/www.popesprayer.va\/wp-content\/uploads\/2025\/09\/descarga-22-820x1024.jpeg\" class=\"attachment-large size-large wp-post-image\" alt=\"descarga (22)\" \/><div class=\"sjd-resource-title-overlay\"><h4>Intentions de pri\u00e8re du pape pour 2026<\/h4><\/div><\/a><\/div><\/div><div class=\"sjd-resource-column\"><div class=\"sjd-resource-item\"><a href=\"https:\/\/www.popesprayer.va\/fr\/resource\/revue-priere-et-servir-2025\/\"><img loading=\"lazy\" decoding=\"async\" width=\"724\" height=\"1024\" src=\"https:\/\/www.popesprayer.va\/wp-content\/uploads\/2025\/12\/FR_Oracion_y_servicio_25-1-724x1024.jpg\" class=\"attachment-large size-large wp-post-image\" alt=\"FR_Oraci\u00f3n_y_servicio_25 (1)\" \/><div class=\"sjd-resource-title-overlay\"><h4>Magazine Pri\u00e8re et Service 2025<\/h4><\/div><\/a><\/div><\/div><\/div>[\/et_pb_code][et_pb_button button_url=\"https:\/\/issuu.com\/popesprayernet\/stacks\" url_new_window=\"on\" button_text=\"D\u00e9couvrez toutes les ressources\" _builder_version=\"4.27.5&Prime; _module_preset=\"default\" custom_button=\"on\" button_text_color=\"#264653&Prime; button_bg_color=\"#E9C46A\" button_border_width=\"0px\" button_border_radius=\"20px\" global_colors_info=\"{}\"][\/et_pb_button][\/et_pb_column][\/et_pb_row][\/et_pb_section][et_pb_section fb_built=\"1&Prime; prev_background_color=\"#264653&Prime; next_background_color=\"#ffffff\" _builder_version=\"4.27.4&Prime; _module_preset=\"default\" background_color=\"#2A9D8F\" custom_padding=\"6vw||6vw||true|false\" top_divider_style=\"ramp\" top_divider_height_tablet=\"50px\" top_divider_height_phone=\"30px\" top_divider_height_last_edited=\"on|phone\" bottom_divider_style=\"ramp\" bottom_divider_flip=\"horizontal\" da_disable_devices=\"off|off|off\" global_colors_info=\"{}\" da_is_popup=\"off\" da_exit_intent=\"off\" da_has_close=\"on\" da_alt_close=\"off\" da_dark_close=\"off\" da_not_modal=\"on\" da_is_singular=\"off\" da_with_loader=\"off\" da_has_shadow=\"on\"][et_pb_row _builder_version=\"4.27.4&Prime; _module_preset=\"default\" global_colors_info=\"{}\"][et_pb_column type=\"4_4&Prime; _builder_version=\"4.27.4&Prime; _module_preset=\"default\" global_colors_info=\"{}\"][et_pb_text _builder_version=\"4.27.4&Prime; _module_preset=\"default\" header_2_text_color=\"#E9C46A\" global_colors_info=\"{}\"]<\/p>\n<h2>Le Chemin du C\u0153ur<\/h2>\n<p>[\/et_pb_text][et_pb_code _builder_version=\"4.27.4&Prime; _module_preset=\"default\" global_colors_info=\"{}\"]<div class=\"sjd-resources-grid-container\"><div class=\"sjd-resource-column\"><div class=\"sjd-resource-item\"><a href=\"https:\/\/www.popesprayer.va\/fr\/resource\/en-chemin-ressources-pour-les-formateurs\/\"><img loading=\"lazy\" decoding=\"async\" width=\"725\" height=\"1024\" src=\"https:\/\/www.popesprayer.va\/wp-content\/uploads\/2026\/01\/12-ecc-fr-1-725x1024.jpg\" class=\"attachment-large size-large wp-post-image\" alt=\"12-ecc-fr\" \/><div class=\"sjd-resource-title-overlay\"><h4>En Chemin - Ressources pour les formateurs<\/h4><\/div><\/a><\/div><\/div><div class=\"sjd-resource-column\"><div class=\"sjd-resource-item\"><a href=\"https:\/\/www.popesprayer.va\/fr\/resource\/introduction-1-prier-et-mobiliser-nos-vies\/\"><img loading=\"lazy\" decoding=\"async\" width=\"725\" height=\"1024\" src=\"https:\/\/www.popesprayer.va\/wp-content\/uploads\/2025\/09\/LIVRE_1_FR-725x1024.jpg\" class=\"attachment-large size-large wp-post-image\" alt=\"LIVRE_1_FR\" \/><div class=\"sjd-resource-title-overlay\"><h4>Introduction 1 : Prier et mobiliser nos vies<\/h4><\/div><\/a><\/div><\/div><div class=\"sjd-resource-column\"><div class=\"sjd-resource-item\"><a href=\"https:\/\/www.popesprayer.va\/fr\/resource\/introduction-2-dispositions-initiales\/\"><img loading=\"lazy\" decoding=\"async\" width=\"725\" height=\"1024\" src=\"https:\/\/www.popesprayer.va\/wp-content\/uploads\/2025\/09\/LIVRE_2_FR-725x1024.jpg\" class=\"attachment-large size-large wp-post-image\" alt=\"LIVRE_2_FR\" \/><div class=\"sjd-resource-title-overlay\"><h4>Introduction 2 : Disposition initiale<\/h4><\/div><\/a><\/div><\/div><div class=\"sjd-resource-column\"><div class=\"sjd-resource-item\"><a href=\"https:\/\/www.popesprayer.va\/fr\/resource\/etape-1-au-commencement-etait-lamour\/\"><img loading=\"lazy\" decoding=\"async\" width=\"725\" height=\"1024\" src=\"https:\/\/www.popesprayer.va\/wp-content\/uploads\/2025\/09\/LIVRE_3_FR-725x1024.jpg\" class=\"attachment-large size-large wp-post-image\" alt=\"LIVRE_3_FR\" \/><div class=\"sjd-resource-title-overlay\"><h4>\u00c9tape 1 : Au commencement \u00e9tait l&rsquo;Amour<\/h4><\/div><\/a><\/div><\/div><div class=\"sjd-resource-column\"><div class=\"sjd-resource-item\"><a href=\"https:\/\/www.popesprayer.va\/fr\/resource\/etape-2-le-coeur-humain-est-inquiet-et-necessiteux\/\"><img loading=\"lazy\" decoding=\"async\" width=\"725\" height=\"1024\" src=\"https:\/\/www.popesprayer.va\/wp-content\/uploads\/2025\/09\/LIVRE_4_FR-725x1024.jpg\" class=\"attachment-large size-large wp-post-image\" alt=\"LIVRE_4_FR\" \/><div class=\"sjd-resource-title-overlay\"><h4>\u00c9tape 2 : Le c\u0153ur humain est inquiet et n\u00e9cessiteux<\/h4><\/div><\/a><\/div><\/div><div class=\"sjd-resource-column\"><div class=\"sjd-resource-item\"><a href=\"https:\/\/www.popesprayer.va\/fr\/resource\/etape-3-dans-un-monde-brise\/\"><img loading=\"lazy\" decoding=\"async\" width=\"725\" height=\"1024\" src=\"https:\/\/www.popesprayer.va\/wp-content\/uploads\/2025\/09\/LIVRE_5_FR-725x1024.jpg\" class=\"attachment-large size-large wp-post-image\" alt=\"LIVRE_5_FR\" \/><div class=\"sjd-resource-title-overlay\"><h4>\u00c9tape 3 : Dans un monde bris\u00e9<\/h4><\/div><\/a><\/div><\/div><div class=\"sjd-resource-column\"><div class=\"sjd-resource-item\"><a href=\"https:\/\/www.popesprayer.va\/fr\/resource\/etape-4-le-pere-envoie-son-fils-pour-sauver\/\"><img loading=\"lazy\" decoding=\"async\" width=\"725\" height=\"1024\" src=\"https:\/\/www.popesprayer.va\/wp-content\/uploads\/2025\/09\/descarga-23-725x1024.jpeg\" class=\"attachment-large size-large wp-post-image\" alt=\"descarga (23)\" \/><div class=\"sjd-resource-title-overlay\"><h4>\u00c9tape 4 : Le P\u00e8re envoie son Fils pour sauver<\/h4><\/div><\/a><\/div><\/div><div class=\"sjd-resource-column\"><div class=\"sjd-resource-item\"><a href=\"https:\/\/www.popesprayer.va\/fr\/resource\/etape-5-jesus-nous-appelle-ses-amis\/\"><img loading=\"lazy\" decoding=\"async\" width=\"725\" height=\"1024\" src=\"https:\/\/www.popesprayer.va\/wp-content\/uploads\/2025\/09\/LIVRE_7_FR-725x1024.jpg\" class=\"attachment-large size-large wp-post-image\" alt=\"LIVRE_7_FR\" \/><div class=\"sjd-resource-title-overlay\"><h4>\u00c9tape 5 : J\u00e9sus nous appelle ses amis<\/h4><\/div><\/a><\/div><\/div><div class=\"sjd-resource-column\"><div class=\"sjd-resource-item\"><a href=\"https:\/\/www.popesprayer.va\/fr\/resource\/etape-6-le-christ-demeure-en-nous\/\"><img loading=\"lazy\" decoding=\"async\" width=\"725\" height=\"1024\" src=\"https:\/\/www.popesprayer.va\/wp-content\/uploads\/2025\/09\/LIVRE_8_FR-725x1024.jpg\" class=\"attachment-large size-large wp-post-image\" alt=\"LIVRE_8_FR\" \/><div class=\"sjd-resource-title-overlay\"><h4>\u00c9tape 6 : Le Christ demeure en nous<\/h4><\/div><\/a><\/div><\/div><div class=\"sjd-resource-column\"><div class=\"sjd-resource-item\"><a href=\"https:\/\/www.popesprayer.va\/fr\/resource\/etape-7-nous-offrons-notre-vie-avec-lui\/\"><img loading=\"lazy\" decoding=\"async\" width=\"725\" height=\"1024\" src=\"https:\/\/www.popesprayer.va\/wp-content\/uploads\/2025\/09\/descarga-24-725x1024.jpeg\" class=\"attachment-large size-large wp-post-image\" alt=\"descarga (24)\" \/><div class=\"sjd-resource-title-overlay\"><h4>\u00c9tape 7 : Nous offrons notre vie avec lui<\/h4><\/div><\/a><\/div><\/div><div class=\"sjd-resource-column\"><div class=\"sjd-resource-item\"><a href=\"https:\/\/www.popesprayer.va\/fr\/resource\/etape-8-nous-offrons-nos-vies-avec-lui\/\"><img loading=\"lazy\" decoding=\"async\" width=\"725\" height=\"1024\" src=\"https:\/\/www.popesprayer.va\/wp-content\/uploads\/2025\/09\/descarga-25-725x1024.jpeg\" class=\"attachment-large size-large wp-post-image\" alt=\"descarga (25)\" \/><div class=\"sjd-resource-title-overlay\"><h4>\u00c9tape 8 : Une mission de compassion<\/h4><\/div><\/a><\/div><\/div><div class=\"sjd-resource-column\"><div class=\"sjd-resource-item\"><a href=\"https:\/\/www.popesprayer.va\/fr\/resource\/etape-9-un-reseau-mondial-de-priere-et-de-service-attentif-aux-besoins-de-lhumanite\/\"><img loading=\"lazy\" decoding=\"async\" width=\"725\" height=\"1024\" src=\"https:\/\/www.popesprayer.va\/wp-content\/uploads\/2025\/09\/LIVRE_11_FR-725x1024.webp\" class=\"attachment-large size-large wp-post-image\" alt=\"LIVRE_11_FR\" \/><div class=\"sjd-resource-title-overlay\"><h4>\u00c9tape 9 : Un r\u00e9seau mondial de pri\u00e8re et de service attentif aux besoins de l&rsquo;humanit\u00e9<\/h4><\/div><\/a><\/div><\/div><\/div>[\/et_pb_code][\/et_pb_column][\/et_pb_row][\/et_pb_section]<\/p>\n","protected":false},"excerpt":{"rendered":"<p>[et_pb_section fb_built=\"1&Prime; _builder_version=\"4.27.4&Prime; _module_preset=\"default\" background_image=\"https:\/\/www.popesprayer.va\/wp-content\/uploads\/2025\/09\/resources_rmop.jpeg\" custom_padding=\"200px||100px||false|false\" top_divider_style=\"ramp\" top_divider_color=\"#F4A261&Prime; bottom_divider_style=\"ramp\" bottom_divider_color=\"#264653&Prime; bottom_divider_flip=\"horizontal\" da_disable_devices=\"off|off|off\" global_colors_info=\"{}\" da_is_popup=\"off\" da_exit_intent=\"off\" da_has_close=\"on\" da_alt_close=\"off\" da_dark_close=\"off\" da_not_modal=\"on\" da_is_singular=\"off\" da_with_loader=\"off\" da_has_shadow=\"on\"][et_pb_row column_structure=\"3_5,2_5&Prime; _builder_version=\"4.27.4&Prime; _module_preset=\"default\" global_colors_info=\"{}\"][et_pb_column type=\"3_5&Prime; _builder_version=\"4.27.4&Prime; _module_preset=\"default\" global_colors_info=\"{}\"][et_pb_text _builder_version=\"4.27.4&Prime; _module_preset=\"default\" header_text_color=\"#F4A261&Prime; header_font_size=\"3rem\" positioning=\"relative\" position_origin_a=\"center_left\" z_index=\"100&Prime; width=\"100%\" custom_margin=\"||0px||false|false\" animation_style=\"fade\" animation_duration=\"1500ms\" animation_delay=\"100ms\" header_font_size_tablet=\"2.5rem\" header_font_size_phone=\"2rem\" header_font_size_last_edited=\"on|phone\" global_colors_info=\"{}\"] Ressources [\/et_pb_text][et_pb_text _builder_version=\"4.27.4&Prime; _module_preset=\"default\" header_font=\"|700|||||||\" header_text_color=\"#FFFFFF\" header_font_size=\"4rem\" positioning=\"relative\" position_origin_a=\"center_left\" [&hellip;]<\/p>\n","protected":false},"author":1,"featured_media":0,"parent":0,"menu_order":0,"comment_status":"closed","ping_status":"closed","template":"","meta":{"_acf_changed":false,"_et_pb_use_builder":"on","_et_pb_old_content":"","_et_gb_content_width":"","footnotes":""},"class_list":["post-84364","page","type-page","status-publish","hentry"],"acf":[],"yoast_head":"<!-- This site is optimized with the Yoast SEO plugin v27.5 - https:\/\/yoast.com\/product\/yoast-seo-wordpress\/ -->\n<title>Ressources - R\u00e9seau Mondial de Pri\u00e8re du Pape<\/title>\n<meta name=\"robots\" content=\"index, follow, max-snippet:-1, max-image-preview:large, max-video-preview:-1\" \/>\n<link rel=\"canonical\" href=\"https:\/\/www.popesprayer.va\/fr\/ressources\/\" \/>\n<meta property=\"og:locale\" content=\"fr_FR\" \/>\n<meta property=\"og:type\" content=\"article\" \/>\n<meta property=\"og:title\" content=\"Ressources - R\u00e9seau Mondial de Pri\u00e8re du Pape\" \/>\n<meta property=\"og:description\" content=\"[et_pb_section fb_built=&quot;1&Prime; _builder_version=&quot;4.27.4&Prime; _module_preset=&quot;default&quot; background_image=&quot;https:\/\/www.popesprayer.va\/wp-content\/uploads\/2025\/09\/resources_rmop.jpeg&quot; custom_padding=&quot;200px||100px||false|false&quot; top_divider_style=&quot;ramp&quot; top_divider_color=&quot;#F4A261&Prime; bottom_divider_style=&quot;ramp&quot; bottom_divider_color=&quot;#264653&Prime; bottom_divider_flip=&quot;horizontal&quot; da_disable_devices=&quot;off|off|off&quot; global_colors_info=&quot;{}&quot; da_is_popup=&quot;off&quot; da_exit_intent=&quot;off&quot; da_has_close=&quot;on&quot; da_alt_close=&quot;off&quot; da_dark_close=&quot;off&quot; da_not_modal=&quot;on&quot; da_is_singular=&quot;off&quot; da_with_loader=&quot;off&quot; da_has_shadow=&quot;on&quot;][et_pb_row column_structure=&quot;3_5,2_5&Prime; _builder_version=&quot;4.27.4&Prime; _module_preset=&quot;default&quot; global_colors_info=&quot;{}&quot;][et_pb_column type=&quot;3_5&Prime; _builder_version=&quot;4.27.4&Prime; _module_preset=&quot;default&quot; global_colors_info=&quot;{}&quot;][et_pb_text _builder_version=&quot;4.27.4&Prime; _module_preset=&quot;default&quot; header_text_color=&quot;#F4A261&Prime; header_font_size=&quot;3rem&quot; positioning=&quot;relative&quot; position_origin_a=&quot;center_left&quot; z_index=&quot;100&Prime; width=&quot;100%&quot; custom_margin=&quot;||0px||false|false&quot; animation_style=&quot;fade&quot; animation_duration=&quot;1500ms&quot; animation_delay=&quot;100ms&quot; header_font_size_tablet=&quot;2.5rem&quot; header_font_size_phone=&quot;2rem&quot; header_font_size_last_edited=&quot;on|phone&quot; global_colors_info=&quot;{}&quot;] Ressources [\/et_pb_text][et_pb_text _builder_version=&quot;4.27.4&Prime; _module_preset=&quot;default&quot; header_font=&quot;|700|||||||&quot; header_text_color=&quot;#FFFFFF&quot; header_font_size=&quot;4rem&quot; positioning=&quot;relative&quot; position_origin_a=&quot;center_left&quot; [&hellip;]\" \/>\n<meta property=\"og:url\" content=\"https:\/\/www.popesprayer.va\/fr\/ressources\/\" \/>\n<meta property=\"og:site_name\" content=\"R\u00e9seau Mondial de Pri\u00e8re du Pape\" \/>\n<meta property=\"article:modified_time\" content=\"2026-05-05T18:00:59+00:00\" \/>\n<meta name=\"twitter:card\" content=\"summary_large_image\" \/>\n<meta name=\"twitter:label1\" content=\"Dur\u00e9e de lecture estim\u00e9e\" \/>\n\t<meta name=\"twitter:data1\" content=\"3 minutes\" \/>\n<script type=\"application\/ld+json\" class=\"yoast-schema-graph\">{\"@context\":\"https:\\\/\\\/schema.org\",\"@graph\":[{\"@type\":\"WebPage\",\"@id\":\"https:\\\/\\\/www.popesprayer.va\\\/fr\\\/ressources\\\/\",\"url\":\"https:\\\/\\\/www.popesprayer.va\\\/fr\\\/ressources\\\/\",\"name\":\"Ressources - R\u00e9seau Mondial de Pri\u00e8re du Pape\",\"isPartOf\":{\"@id\":\"https:\\\/\\\/www.popesprayer.va\\\/fr\\\/#website\"},\"datePublished\":\"2025-08-28T06:42:02+00:00\",\"dateModified\":\"2026-05-05T18:00:59+00:00\",\"breadcrumb\":{\"@id\":\"https:\\\/\\\/www.popesprayer.va\\\/fr\\\/ressources\\\/#breadcrumb\"},\"inLanguage\":\"fr-FR\",\"potentialAction\":[{\"@type\":\"ReadAction\",\"target\":[\"https:\\\/\\\/www.popesprayer.va\\\/fr\\\/ressources\\\/\"]}]},{\"@type\":\"BreadcrumbList\",\"@id\":\"https:\\\/\\\/www.popesprayer.va\\\/fr\\\/ressources\\\/#breadcrumb\",\"itemListElement\":[{\"@type\":\"ListItem\",\"position\":1,\"name\":\"Accueil\",\"item\":\"https:\\\/\\\/www.popesprayer.va\\\/fr\\\/\"},{\"@type\":\"ListItem\",\"position\":2,\"name\":\"Ressources\"}]},{\"@type\":\"WebSite\",\"@id\":\"https:\\\/\\\/www.popesprayer.va\\\/fr\\\/#website\",\"url\":\"https:\\\/\\\/www.popesprayer.va\\\/fr\\\/\",\"name\":\"Pope's Worldwide Prayer Network\",\"description\":\"Pray together, change the world\",\"publisher\":{\"@id\":\"https:\\\/\\\/www.popesprayer.va\\\/fr\\\/#organization\"},\"potentialAction\":[{\"@type\":\"SearchAction\",\"target\":{\"@type\":\"EntryPoint\",\"urlTemplate\":\"https:\\\/\\\/www.popesprayer.va\\\/fr\\\/?s={search_term_string}\"},\"query-input\":{\"@type\":\"PropertyValueSpecification\",\"valueRequired\":true,\"valueName\":\"search_term_string\"}}],\"inLanguage\":\"fr-FR\"},{\"@type\":\"Organization\",\"@id\":\"https:\\\/\\\/www.popesprayer.va\\\/fr\\\/#organization\",\"name\":\"R\u00e9seau mondial de pri\u00e8re du pape\",\"url\":\"https:\\\/\\\/www.popesprayer.va\\\/fr\\\/\",\"logo\":{\"@type\":\"ImageObject\",\"inLanguage\":\"fr-FR\",\"@id\":\"https:\\\/\\\/www.popesprayer.va\\\/fr\\\/#\\\/schema\\\/logo\\\/image\\\/\",\"url\":\"https:\\\/\\\/www.popesprayer.va\\\/wp-content\\\/uploads\\\/2025\\\/01\\\/Logo-Popes-Worldwide-Prayer-Network-Pontifical-Work-EN-Horizontal.png\",\"contentUrl\":\"https:\\\/\\\/www.popesprayer.va\\\/wp-content\\\/uploads\\\/2025\\\/01\\\/Logo-Popes-Worldwide-Prayer-Network-Pontifical-Work-EN-Horizontal.png\",\"width\":1328,\"height\":228,\"caption\":\"R\u00e9seau mondial de pri\u00e8re du pape\"},\"image\":{\"@id\":\"https:\\\/\\\/www.popesprayer.va\\\/fr\\\/#\\\/schema\\\/logo\\\/image\\\/\"}}]}<\/script>\n<!-- \/ Yoast SEO plugin. -->","yoast_head_json":{"title":"Ressources - R\u00e9seau Mondial de Pri\u00e8re du Pape","robots":{"index":"index","follow":"follow","max-snippet":"max-snippet:-1","max-image-preview":"max-image-preview:large","max-video-preview":"max-video-preview:-1"},"canonical":"https:\/\/www.popesprayer.va\/fr\/ressources\/","og_locale":"fr_FR","og_type":"article","og_title":"Ressources - R\u00e9seau Mondial de Pri\u00e8re du Pape","og_description":"[et_pb_section fb_built=\"1&Prime; _builder_version=\"4.27.4&Prime; _module_preset=\"default\" background_image=\"https:\/\/www.popesprayer.va\/wp-content\/uploads\/2025\/09\/resources_rmop.jpeg\" custom_padding=\"200px||100px||false|false\" top_divider_style=\"ramp\" top_divider_color=\"#F4A261&Prime; bottom_divider_style=\"ramp\" bottom_divider_color=\"#264653&Prime; bottom_divider_flip=\"horizontal\" da_disable_devices=\"off|off|off\" global_colors_info=\"{}\" da_is_popup=\"off\" da_exit_intent=\"off\" da_has_close=\"on\" da_alt_close=\"off\" da_dark_close=\"off\" da_not_modal=\"on\" da_is_singular=\"off\" da_with_loader=\"off\" da_has_shadow=\"on\"][et_pb_row column_structure=\"3_5,2_5&Prime; _builder_version=\"4.27.4&Prime; _module_preset=\"default\" global_colors_info=\"{}\"][et_pb_column type=\"3_5&Prime; _builder_version=\"4.27.4&Prime; _module_preset=\"default\" global_colors_info=\"{}\"][et_pb_text _builder_version=\"4.27.4&Prime; _module_preset=\"default\" header_text_color=\"#F4A261&Prime; header_font_size=\"3rem\" positioning=\"relative\" position_origin_a=\"center_left\" z_index=\"100&Prime; width=\"100%\" custom_margin=\"||0px||false|false\" animation_style=\"fade\" animation_duration=\"1500ms\" animation_delay=\"100ms\" header_font_size_tablet=\"2.5rem\" header_font_size_phone=\"2rem\" header_font_size_last_edited=\"on|phone\" global_colors_info=\"{}\"] Ressources [\/et_pb_text][et_pb_text _builder_version=\"4.27.4&Prime; _module_preset=\"default\" header_font=\"|700|||||||\" header_text_color=\"#FFFFFF\" header_font_size=\"4rem\" positioning=\"relative\" position_origin_a=\"center_left\" [&hellip;]","og_url":"https:\/\/www.popesprayer.va\/fr\/ressources\/","og_site_name":"R\u00e9seau Mondial de Pri\u00e8re du Pape","article_modified_time":"2026-05-05T18:00:59+00:00","twitter_card":"summary_large_image","twitter_misc":{"Dur\u00e9e de lecture estim\u00e9e":"3 minutes"},"schema":{"@context":"https:\/\/schema.org","@graph":[{"@type":"WebPage","@id":"https:\/\/www.popesprayer.va\/fr\/ressources\/","url":"https:\/\/www.popesprayer.va\/fr\/ressources\/","name":"Ressources - R\u00e9seau Mondial de Pri\u00e8re du Pape","isPartOf":{"@id":"https:\/\/www.popesprayer.va\/fr\/#website"},"datePublished":"2025-08-28T06:42:02+00:00","dateModified":"2026-05-05T18:00:59+00:00","breadcrumb":{"@id":"https:\/\/www.popesprayer.va\/fr\/ressources\/#breadcrumb"},"inLanguage":"fr-FR","potentialAction":[{"@type":"ReadAction","target":["https:\/\/www.popesprayer.va\/fr\/ressources\/"]}]},{"@type":"BreadcrumbList","@id":"https:\/\/www.popesprayer.va\/fr\/ressources\/#breadcrumb","itemListElement":[{"@type":"ListItem","position":1,"name":"Accueil","item":"https:\/\/www.popesprayer.va\/fr\/"},{"@type":"ListItem","position":2,"name":"Ressources"}]},{"@type":"WebSite","@id":"https:\/\/www.popesprayer.va\/fr\/#website","url":"https:\/\/www.popesprayer.va\/fr\/","name":"Pope's Worldwide Prayer Network","description":"Pray together, change the world","publisher":{"@id":"https:\/\/www.popesprayer.va\/fr\/#organization"},"potentialAction":[{"@type":"SearchAction","target":{"@type":"EntryPoint","urlTemplate":"https:\/\/www.popesprayer.va\/fr\/?s={search_term_string}"},"query-input":{"@type":"PropertyValueSpecification","valueRequired":true,"valueName":"search_term_string"}}],"inLanguage":"fr-FR"},{"@type":"Organization","@id":"https:\/\/www.popesprayer.va\/fr\/#organization","name":"R\u00e9seau mondial de pri\u00e8re du pape","url":"https:\/\/www.popesprayer.va\/fr\/","logo":{"@type":"ImageObject","inLanguage":"fr-FR","@id":"https:\/\/www.popesprayer.va\/fr\/#\/schema\/logo\/image\/","url":"https:\/\/www.popesprayer.va\/wp-content\/uploads\/2025\/01\/Logo-Popes-Worldwide-Prayer-Network-Pontifical-Work-EN-Horizontal.png","contentUrl":"https:\/\/www.popesprayer.va\/wp-content\/uploads\/2025\/01\/Logo-Popes-Worldwide-Prayer-Network-Pontifical-Work-EN-Horizontal.png","width":1328,"height":228,"caption":"R\u00e9seau mondial de pri\u00e8re du pape"},"image":{"@id":"https:\/\/www.popesprayer.va\/fr\/#\/schema\/logo\/image\/"}}]}},"_links":{"self":[{"href":"https:\/\/www.popesprayer.va\/fr\/wp-json\/wp\/v2\/pages\/84364","targetHints":{"allow":["GET"]}}],"collection":[{"href":"https:\/\/www.popesprayer.va\/fr\/wp-json\/wp\/v2\/pages"}],"about":[{"href":"https:\/\/www.popesprayer.va\/fr\/wp-json\/wp\/v2\/types\/page"}],"author":[{"embeddable":true,"href":"https:\/\/www.popesprayer.va\/fr\/wp-json\/wp\/v2\/users\/1"}],"replies":[{"embeddable":true,"href":"https:\/\/www.popesprayer.va\/fr\/wp-json\/wp\/v2\/comments?post=84364"}],"version-history":[{"count":18,"href":"https:\/\/www.popesprayer.va\/fr\/wp-json\/wp\/v2\/pages\/84364\/revisions"}],"predecessor-version":[{"id":97170,"href":"https:\/\/www.popesprayer.va\/fr\/wp-json\/wp\/v2\/pages\/84364\/revisions\/97170"}],"wp:attachment":[{"href":"https:\/\/www.popesprayer.va\/fr\/wp-json\/wp\/v2\/media?parent=84364"}],"curies":[{"name":"wp","href":"https:\/\/api.w.org\/{rel}","templated":true}]}}