{"id":85283,"date":"2025-10-22T10:38:00","date_gmt":"2025-10-22T08:38:00","guid":{"rendered":"https:\/\/www.popesprayer.va\/dons\/"},"modified":"2025-12-12T13:25:47","modified_gmt":"2025-12-12T12:25:47","slug":"dons","status":"publish","type":"page","link":"https:\/\/www.popesprayer.va\/fr\/dons\/","title":{"rendered":"Dons"},"content":{"rendered":"<p>[et_pb_section fb_built=\"1&Prime; _builder_version=\"4.27.4&Prime; _module_preset=\"default\" background_image=\"https:\/\/www.popesprayer.va\/wp-content\/uploads\/2025\/10\/sjdigital_A_top-view_realistic_photo_of_candles_arranged_in_the_e90f0909-c8a8-412b-a4ff-c29b3c67c115-en-tamano-grande.jpeg\" custom_padding=\"200px||100px||false|false\" top_divider_style=\"ramp\" top_divider_color=\"#F4A261&Prime; bottom_divider_style=\"ramp\" bottom_divider_color=\"#E9C46A\" bottom_divider_flip=\"horizontal\" hover_enabled=\"0&Prime; global_colors_info=\"{}\" alt=\"sjdigital_A_top-view_realistic_photo_of_candles_arranged_in_the_e90f0909-c8a8-412b-a4ff-c29b3c67c115 en taman\u0303o grande\" title_text=\"sjdigital_A_top-view_realistic_photo_of_candles_arranged_in_the_e90f0909-c8a8-412b-a4ff-c29b3c67c115 en taman\u0303o grande\" background_color=\"#264653&Prime; background_blend=\"overlay\" sticky_enabled=\"0&Prime;][et_pb_row column_structure=\"3_5,2_5&Prime; _builder_version=\"4.27.4&Prime; _module_preset=\"default\" global_colors_info=\"{}\"][et_pb_column type=\"3_5&Prime; _builder_version=\"4.27.4&Prime; _module_preset=\"default\" global_colors_info=\"{}\"][et_pb_text _builder_version=\"4.27.4&Prime; _module_preset=\"default\" header_text_color=\"#F4A261&Prime; header_font_size=\"3rem\" positioning=\"relative\" position_origin_a=\"center_left\" z_index=\"100&Prime; width=\"100%\" custom_margin=\"||0px||false|false\" animation_style=\"fade\" animation_duration=\"1500ms\" animation_delay=\"100ms\" header_font_size_tablet=\"2.5rem\" header_font_size_phone=\"2rem\" header_font_size_last_edited=\"on|phone\" global_colors_info=\"{}\"]<\/p>\n<h1>Dons<\/h1>\n<p>[\/et_pb_text][et_pb_text _builder_version=\"4.27.4&Prime; _module_preset=\"default\" header_font=\"|700|||||||\" header_text_color=\"#FFFFFF\" header_font_size=\"4rem\" positioning=\"relative\" position_origin_a=\"center_left\" z_index=\"100&Prime; width=\"100%\" animation_style=\"fade\" animation_duration=\"1500ms\" animation_delay=\"300ms\" header_font_size_tablet=\"4rem\" header_font_size_phone=\"3rem\" header_font_size_last_edited=\"on|phone\" global_colors_info=\"{}\"]<\/p>\n<h1>Une mission de compassion pour le monde<\/h1>\n<p>[\/et_pb_text][\/et_pb_column][et_pb_column type=\"2_5&Prime; _builder_version=\"4.27.4&Prime; _module_preset=\"default\" global_colors_info=\"{}\"][\/et_pb_column][\/et_pb_row][\/et_pb_section][et_pb_section fb_built=\"1&Prime; next_background_color=\"#264653&Prime; _builder_version=\"4.27.4&Prime; _module_preset=\"default\" background_color=\"#E9C46A\" bottom_divider_style=\"ramp\" bottom_divider_flip=\"horizontal\" global_colors_info=\"{}\"][et_pb_row column_structure=\"1_2,1_2&Prime; _builder_version=\"4.27.4&Prime; _module_preset=\"default\" global_colors_info=\"{}\"][et_pb_column type=\"1_2&Prime; _builder_version=\"4.27.4&Prime; _module_preset=\"default\" global_colors_info=\"{}\"][et_pb_text _builder_version=\"4.27.4&Prime; _module_preset=\"default\" text_text_color=\"#264653&Prime; text_font_size=\"18px\" text_line_height=\"1.6em\" global_colors_info=\"{}\"]<\/p>\n<div class=\"wpb_text_column wpb_content_element\">\n<div class=\"wpb_wrapper\">\n<p>Merci de nous aider \u00e0 mobiliser les gens par la pri\u00e8re et l&rsquo;action face aux d\u00e9fis auxquels l&rsquo;humanit\u00e9 est confront\u00e9e et \u00e0 la mission de l&rsquo;\u00c9glise.<\/p>\n<p>Avec votre collaboration, le R\u00e9seau mondial de pri\u00e8re du Pape, Fondation du Vatican, poursuivra sa mission d&rsquo;\u00e9vang\u00e9lisation.<\/p>\n<p>Vous pouvez collaborer avec nous annuellement, mensuellement ou par un don unique. Nous vous invitons \u00e0 participer \u00e0 la construction de ce r\u00e9seau de pri\u00e8re pour sortir de la mondialisation de l&rsquo;indiff\u00e9rence et promouvoir une culture de la rencontre o\u00f9 personne ne se sent exclu. L&rsquo;\u00c9vangile de J\u00e9sus-Christ est notre boussole pour un monde de justice, de paix et de fraternit\u00e9.  <\/p>\n<\/div>\n<\/div>\n<p>[\/et_pb_text][et_pb_text _builder_version=\"4.27.4&Prime; _module_preset=\"default\" global_colors_info=\"{}\"]<\/p>\n<div class=\"wpb_text_column wpb_content_element\">\n<div class=\"wpb_wrapper\">\n<p><strong>Propuls\u00e9 par Donorbox et Stripe. S\u00e9curis\u00e9 par SSL \/ TLS. Conforme \u00e0 toutes les exigences PCI :  <\/strong><\/p>\n<\/div>\n<\/div>\n<p>[\/et_pb_text][et_pb_image src=\"https:\/\/www.popesprayer.va\/wp-content\/uploads\/2025\/10\/Donation-logos.png\" alt=\"Logos des dons\" title_text=\"Logos des dons\" _builder_version=\"4.27.4&Prime; _module_preset=\"default\" box_shadow_style=\"preset4&Prime; global_colors_info=\"{}\"][\/et_pb_image][et_pb_text _builder_version=\"4.27.4&Prime; _module_preset=\"default\" global_colors_info=\"{}\"]<\/p>\n<p><em><u>NB<\/u>: Si vous choisissez un don r\u00e9current, mensuel ou annuel, vous recevrez un e-mail de Donorbox (la plateforme de dons en ligne). Ne vous inqui\u00e9tez pas, cet email est \u00e9mis afin que vous puissiez compl\u00e9ter la cr\u00e9ation d&rsquo;un compte personnel aupr\u00e8s de Donorbox. Disposer d&rsquo;un compte sur la plateforme vous permettra de b\u00e9n\u00e9ficier de plusieurs avantages, tels que la possibilit\u00e9 de modifier la r\u00e9gularit\u00e9 de vos dons, d&rsquo;ajuster le montant des dons, de changer la carte de cr\u00e9dit utilis\u00e9e pour faire un don et d&rsquo;annuler les dons.  <\/em><\/p>\n<p>[\/et_pb_text][\/et_pb_column][et_pb_column type=\"1_2&Prime; _builder_version=\"4.27.4&Prime; _module_preset=\"default\" global_colors_info=\"{}\"][et_pb_code _builder_version=\"4.27.4&Prime; _module_preset=\"default\" global_colors_info=\"{}\"]<script src=\"https:\/\/donorbox.org\/widget.js\" paypalexpress=\"false\"><\/script><iframe loading=\"lazy\" style=\"max-width: 500px; min-width: 310px; max-height: none!important;\" src=\"https:\/\/donorbox.org\/embed\/pope-s-worldwide-prayer-network\" name=\"donorbox\" width=\"100%\" height=\"685px\" frameborder=\"0\" scrolling=\"no\" seamless=\"seamless\"><\/iframe>[\/et_pb_code][\/et_pb_column][\/et_pb_row][\/et_pb_section]<\/p>\n","protected":false},"excerpt":{"rendered":"<p>DonsUne mission de compassion pour le monde Merci de nous aider \u00e0 mobiliser les gens par la pri\u00e8re et l&rsquo;action face aux d\u00e9fis auxquels l&rsquo;humanit\u00e9 est confront\u00e9e et \u00e0 la mission de l&rsquo;\u00c9glise. Avec votre collaboration, le R\u00e9seau mondial de pri\u00e8re du Pape, Fondation du Vatican, poursuivra sa mission d&rsquo;\u00e9vang\u00e9lisation. Vous pouvez collaborer avec nous [&hellip;]<\/p>\n","protected":false},"author":1,"featured_media":0,"parent":0,"menu_order":0,"comment_status":"closed","ping_status":"closed","template":"","meta":{"_acf_changed":false,"_et_pb_use_builder":"on","_et_pb_old_content":"","_et_gb_content_width":"","footnotes":""},"class_list":["post-85283","page","type-page","status-publish","hentry"],"acf":[],"yoast_head":"<!-- This site is optimized with the Yoast SEO plugin v27.3 - https:\/\/yoast.com\/product\/yoast-seo-wordpress\/ -->\n<title>Dons - R\u00e9seau Mondial de Pri\u00e8re du Pape<\/title>\n<meta name=\"robots\" content=\"index, follow, max-snippet:-1, max-image-preview:large, max-video-preview:-1\" \/>\n<link rel=\"canonical\" href=\"https:\/\/www.popesprayer.va\/fr\/dons\/\" \/>\n<meta property=\"og:locale\" content=\"fr_FR\" \/>\n<meta property=\"og:type\" content=\"article\" \/>\n<meta property=\"og:title\" content=\"Dons - R\u00e9seau Mondial de Pri\u00e8re du Pape\" \/>\n<meta property=\"og:description\" content=\"DonsUne mission de compassion pour le monde Merci de nous aider \u00e0 mobiliser les gens par la pri\u00e8re et l&#039;action face aux d\u00e9fis auxquels l&#039;humanit\u00e9 est confront\u00e9e et \u00e0 la mission de l&#039;\u00c9glise. Avec votre collaboration, le R\u00e9seau mondial de pri\u00e8re du Pape, Fondation du Vatican, poursuivra sa mission d&#039;\u00e9vang\u00e9lisation. Vous pouvez collaborer avec nous [&hellip;]\" \/>\n<meta property=\"og:url\" content=\"https:\/\/www.popesprayer.va\/fr\/dons\/\" \/>\n<meta property=\"og:site_name\" content=\"R\u00e9seau Mondial de Pri\u00e8re du Pape\" \/>\n<meta property=\"article:modified_time\" content=\"2025-12-12T12:25:47+00:00\" \/>\n<meta name=\"twitter:card\" content=\"summary_large_image\" \/>\n<meta name=\"twitter:label1\" content=\"Dur\u00e9e de lecture estim\u00e9e\" \/>\n\t<meta name=\"twitter:data1\" content=\"4 minutes\" \/>\n<script type=\"application\/ld+json\" class=\"yoast-schema-graph\">{\"@context\":\"https:\\\/\\\/schema.org\",\"@graph\":[{\"@type\":\"WebPage\",\"@id\":\"https:\\\/\\\/www.popesprayer.va\\\/fr\\\/dons\\\/\",\"url\":\"https:\\\/\\\/www.popesprayer.va\\\/fr\\\/dons\\\/\",\"name\":\"Dons - R\u00e9seau Mondial de Pri\u00e8re du Pape\",\"isPartOf\":{\"@id\":\"https:\\\/\\\/www.popesprayer.va\\\/fr\\\/#website\"},\"datePublished\":\"2025-10-22T08:38:00+00:00\",\"dateModified\":\"2025-12-12T12:25:47+00:00\",\"breadcrumb\":{\"@id\":\"https:\\\/\\\/www.popesprayer.va\\\/fr\\\/dons\\\/#breadcrumb\"},\"inLanguage\":\"fr-FR\",\"potentialAction\":[{\"@type\":\"ReadAction\",\"target\":[\"https:\\\/\\\/www.popesprayer.va\\\/fr\\\/dons\\\/\"]}]},{\"@type\":\"BreadcrumbList\",\"@id\":\"https:\\\/\\\/www.popesprayer.va\\\/fr\\\/dons\\\/#breadcrumb\",\"itemListElement\":[{\"@type\":\"ListItem\",\"position\":1,\"name\":\"Accueil\",\"item\":\"https:\\\/\\\/www.popesprayer.va\\\/fr\\\/\"},{\"@type\":\"ListItem\",\"position\":2,\"name\":\"Dons\"}]},{\"@type\":\"WebSite\",\"@id\":\"https:\\\/\\\/www.popesprayer.va\\\/fr\\\/#website\",\"url\":\"https:\\\/\\\/www.popesprayer.va\\\/fr\\\/\",\"name\":\"Pope's Worldwide Prayer Network\",\"description\":\"Pray together, change the world\",\"publisher\":{\"@id\":\"https:\\\/\\\/www.popesprayer.va\\\/fr\\\/#organization\"},\"potentialAction\":[{\"@type\":\"SearchAction\",\"target\":{\"@type\":\"EntryPoint\",\"urlTemplate\":\"https:\\\/\\\/www.popesprayer.va\\\/fr\\\/?s={search_term_string}\"},\"query-input\":{\"@type\":\"PropertyValueSpecification\",\"valueRequired\":true,\"valueName\":\"search_term_string\"}}],\"inLanguage\":\"fr-FR\"},{\"@type\":\"Organization\",\"@id\":\"https:\\\/\\\/www.popesprayer.va\\\/fr\\\/#organization\",\"name\":\"R\u00e9seau mondial de pri\u00e8re du pape\",\"url\":\"https:\\\/\\\/www.popesprayer.va\\\/fr\\\/\",\"logo\":{\"@type\":\"ImageObject\",\"inLanguage\":\"fr-FR\",\"@id\":\"https:\\\/\\\/www.popesprayer.va\\\/fr\\\/#\\\/schema\\\/logo\\\/image\\\/\",\"url\":\"https:\\\/\\\/www.popesprayer.va\\\/wp-content\\\/uploads\\\/2025\\\/01\\\/Logo-Popes-Worldwide-Prayer-Network-Pontifical-Work-EN-Horizontal.png\",\"contentUrl\":\"https:\\\/\\\/www.popesprayer.va\\\/wp-content\\\/uploads\\\/2025\\\/01\\\/Logo-Popes-Worldwide-Prayer-Network-Pontifical-Work-EN-Horizontal.png\",\"width\":1328,\"height\":228,\"caption\":\"R\u00e9seau mondial de pri\u00e8re du pape\"},\"image\":{\"@id\":\"https:\\\/\\\/www.popesprayer.va\\\/fr\\\/#\\\/schema\\\/logo\\\/image\\\/\"}}]}<\/script>\n<!-- \/ Yoast SEO plugin. -->","yoast_head_json":{"title":"Dons - R\u00e9seau Mondial de Pri\u00e8re du Pape","robots":{"index":"index","follow":"follow","max-snippet":"max-snippet:-1","max-image-preview":"max-image-preview:large","max-video-preview":"max-video-preview:-1"},"canonical":"https:\/\/www.popesprayer.va\/fr\/dons\/","og_locale":"fr_FR","og_type":"article","og_title":"Dons - R\u00e9seau Mondial de Pri\u00e8re du Pape","og_description":"DonsUne mission de compassion pour le monde Merci de nous aider \u00e0 mobiliser les gens par la pri\u00e8re et l'action face aux d\u00e9fis auxquels l'humanit\u00e9 est confront\u00e9e et \u00e0 la mission de l'\u00c9glise. Avec votre collaboration, le R\u00e9seau mondial de pri\u00e8re du Pape, Fondation du Vatican, poursuivra sa mission d'\u00e9vang\u00e9lisation. Vous pouvez collaborer avec nous [&hellip;]","og_url":"https:\/\/www.popesprayer.va\/fr\/dons\/","og_site_name":"R\u00e9seau Mondial de Pri\u00e8re du Pape","article_modified_time":"2025-12-12T12:25:47+00:00","twitter_card":"summary_large_image","twitter_misc":{"Dur\u00e9e de lecture estim\u00e9e":"4 minutes"},"schema":{"@context":"https:\/\/schema.org","@graph":[{"@type":"WebPage","@id":"https:\/\/www.popesprayer.va\/fr\/dons\/","url":"https:\/\/www.popesprayer.va\/fr\/dons\/","name":"Dons - R\u00e9seau Mondial de Pri\u00e8re du Pape","isPartOf":{"@id":"https:\/\/www.popesprayer.va\/fr\/#website"},"datePublished":"2025-10-22T08:38:00+00:00","dateModified":"2025-12-12T12:25:47+00:00","breadcrumb":{"@id":"https:\/\/www.popesprayer.va\/fr\/dons\/#breadcrumb"},"inLanguage":"fr-FR","potentialAction":[{"@type":"ReadAction","target":["https:\/\/www.popesprayer.va\/fr\/dons\/"]}]},{"@type":"BreadcrumbList","@id":"https:\/\/www.popesprayer.va\/fr\/dons\/#breadcrumb","itemListElement":[{"@type":"ListItem","position":1,"name":"Accueil","item":"https:\/\/www.popesprayer.va\/fr\/"},{"@type":"ListItem","position":2,"name":"Dons"}]},{"@type":"WebSite","@id":"https:\/\/www.popesprayer.va\/fr\/#website","url":"https:\/\/www.popesprayer.va\/fr\/","name":"Pope's Worldwide Prayer Network","description":"Pray together, change the world","publisher":{"@id":"https:\/\/www.popesprayer.va\/fr\/#organization"},"potentialAction":[{"@type":"SearchAction","target":{"@type":"EntryPoint","urlTemplate":"https:\/\/www.popesprayer.va\/fr\/?s={search_term_string}"},"query-input":{"@type":"PropertyValueSpecification","valueRequired":true,"valueName":"search_term_string"}}],"inLanguage":"fr-FR"},{"@type":"Organization","@id":"https:\/\/www.popesprayer.va\/fr\/#organization","name":"R\u00e9seau mondial de pri\u00e8re du pape","url":"https:\/\/www.popesprayer.va\/fr\/","logo":{"@type":"ImageObject","inLanguage":"fr-FR","@id":"https:\/\/www.popesprayer.va\/fr\/#\/schema\/logo\/image\/","url":"https:\/\/www.popesprayer.va\/wp-content\/uploads\/2025\/01\/Logo-Popes-Worldwide-Prayer-Network-Pontifical-Work-EN-Horizontal.png","contentUrl":"https:\/\/www.popesprayer.va\/wp-content\/uploads\/2025\/01\/Logo-Popes-Worldwide-Prayer-Network-Pontifical-Work-EN-Horizontal.png","width":1328,"height":228,"caption":"R\u00e9seau mondial de pri\u00e8re du pape"},"image":{"@id":"https:\/\/www.popesprayer.va\/fr\/#\/schema\/logo\/image\/"}}]}},"_links":{"self":[{"href":"https:\/\/www.popesprayer.va\/fr\/wp-json\/wp\/v2\/pages\/85283","targetHints":{"allow":["GET"]}}],"collection":[{"href":"https:\/\/www.popesprayer.va\/fr\/wp-json\/wp\/v2\/pages"}],"about":[{"href":"https:\/\/www.popesprayer.va\/fr\/wp-json\/wp\/v2\/types\/page"}],"author":[{"embeddable":true,"href":"https:\/\/www.popesprayer.va\/fr\/wp-json\/wp\/v2\/users\/1"}],"replies":[{"embeddable":true,"href":"https:\/\/www.popesprayer.va\/fr\/wp-json\/wp\/v2\/comments?post=85283"}],"version-history":[{"count":13,"href":"https:\/\/www.popesprayer.va\/fr\/wp-json\/wp\/v2\/pages\/85283\/revisions"}],"predecessor-version":[{"id":90094,"href":"https:\/\/www.popesprayer.va\/fr\/wp-json\/wp\/v2\/pages\/85283\/revisions\/90094"}],"wp:attachment":[{"href":"https:\/\/www.popesprayer.va\/fr\/wp-json\/wp\/v2\/media?parent=85283"}],"curies":[{"name":"wp","href":"https:\/\/api.w.org\/{rel}","templated":true}]}}