{"id":91218,"date":"2025-12-23T14:38:37","date_gmt":"2025-12-23T13:38:37","guid":{"rendered":"https:\/\/www.popesprayer.va\/vie-privee\/"},"modified":"2025-12-23T14:39:51","modified_gmt":"2025-12-23T13:39:51","slug":"vie-privee","status":"publish","type":"page","link":"https:\/\/www.popesprayer.va\/fr\/vie-privee\/","title":{"rendered":"Vie priv\u00e9e"},"content":{"rendered":"<p>[et_pb_section fb_built=\"1&Prime; theme_builder_area=\"post_content\" _builder_version=\"4.27.5&Prime; _module_preset=\"default\" da_is_popup=\"off\" da_exit_intent=\"off\" da_has_close=\"on\" da_alt_close=\"off\" da_dark_close=\"off\" da_not_modal=\"on\" da_is_singular=\"off\" da_with_loader=\"off\" da_has_shadow=\"on\" da_disable_devices=\"off|off|off\"][et_pb_row _builder_version=\"4.27.5&Prime; _module_preset=\"default\" theme_builder_area=\"post_content\"][et_pb_column _builder_version=\"4.27.5&Prime; _module_preset=\"default\" type=\"4_4&Prime; theme_builder_area=\"post_content\"][et_pb_text _builder_version=\"4.27.5&Prime; _module_preset=\"default\" theme_builder_area=\"post_content\" max_width=\"800px\" module_alignment=\"center\" hover_enabled=\"0&Prime; sticky_enabled=\"0&Prime;]<\/p>\n<h3><b>POLITIQUE DE CONFIDENTIALIT\u00c9<\/b><b>. <\/b><b>INFORMATIONS SUR LA PROTECTION DES DONN\u00c9ES PERSONNELLES<\/b><b>.<\/b><\/h3>\n<p><span style=\"font-weight: 400;\">  1. IDENTIFICATION DU RESPONSABLE DU TRAITEMENT DES DONN\u00c9ES :<\/span><\/p>\n<p><span style=\"font-weight: 400;\">Le responsable du traitement de vos donn\u00e9es personnelles est l&rsquo;entit\u00e9 juridique suivante :<\/span><\/p>\n<p><span style=\"font-weight: 400;\">Nom : R\u00c9SEAU POPE&rsquo;S WORLDWIDE PRAYER NETWORK (APOSTLESHIP OF PRAYER), EYM (EUCHARISTIC YOUTH MOVEMENT) (ci-apr\u00e8s d\u00e9nomm\u00e9 \"PWPN\")<\/span><\/p>\n<p><span style=\"font-weight: 400;\">Num\u00e9ro d&rsquo;enregistrement : 80091350589<\/span><\/p>\n<p><span style=\"font-weight: 400;\"> <\/span><\/p>\n<p><span style=\"font-weight: 400;\">2. LES COORDONN\u00c9ES DU RESPONSABLE DU TRAITEMENT DES DONN\u00c9ES :<\/span><\/p>\n<p><span style=\"font-weight: 400;\">Adresse : Borgo Santo Spirito, 4, Rome (Vatican - zone extraterritoriale 2), (00193) Cit\u00e9 du Vatican.<\/span><\/p>\n<p><span style=\"font-weight: 400;\">T\u00e9l : +39 (06) 69-868-384<\/span><\/p>\n<p><span style=\"font-weight: 400;\">Fax : +39 (06) 69-868-380<\/span><\/p>\n<p><span style=\"font-weight: 400;\">Courriel : apora-s@sjcuria.org<\/span><\/p>\n<p><span style=\"font-weight: 400;\"> <\/span><\/p>\n<p><span style=\"font-weight: 400;\">3.LA COLLECTE, LA FINALIT\u00c9 ET LA DUR\u00c9E DE CONSERVATION DE VOS DONN\u00c9ES PERSONNELLES :<\/span><\/p>\n<p><span style=\"font-weight: 400;\">Les donn\u00e9es personnelles que vous fournissez par le biais du formulaire sur le SITE WEB www.popesprayer.va (ci-apr\u00e8s d\u00e9nomm\u00e9 conjointement le \"SITE WEB\") seront trait\u00e9es par PWPN aux fins suivantes :<\/span><\/p>\n<ul>\n<li style=\"font-weight: 400;\" aria-level=\"1\"><span style=\"font-weight: 400;\">Pour g\u00e9rer la cr\u00e9ation de votre PROFIL UTILISATEUR et vous permettre d&rsquo;acc\u00e9der aux produits, services, fonctionnalit\u00e9s et applications propos\u00e9s sur le SITE. En particulier, pour vous permettre d&rsquo;utiliser le service de plateforme de pri\u00e8re sociale mis en place \u00e0 travers le SITE pour faire vos pri\u00e8res, intentions et demandes. <\/span><\/li>\n<li style=\"font-weight: 400;\" aria-level=\"1\"><span style=\"font-weight: 400;\">Pour vous envoyer la lettre d&rsquo;information, si vous en faites la demande lors de votre inscription sur le SITE.<\/span><\/li>\n<li style=\"font-weight: 400;\" aria-level=\"1\"><span style=\"font-weight: 400;\">G\u00e9rer la r\u00e9ception et la collecte de tout don que vous souhaitez faire.<\/span><\/li>\n<\/ul>\n<p><span style=\"font-weight: 400;\">PWPN ne traitera pas les informations que vous fournissez \u00e0 d&rsquo;autres fins que celles express\u00e9ment indiqu\u00e9es ci-dessus. Si, par la suite, il s&rsquo;av\u00e8re n\u00e9cessaire de traiter vos donn\u00e9es personnelles pour une autre finalit\u00e9, vous recevrez au pr\u00e9alable toutes les informations suppl\u00e9mentaires pertinentes en rapport avec la nouvelle finalit\u00e9. En outre, PWPN ne prendra pas de d\u00e9cisions automatis\u00e9es sur la base des informations que vous nous fournissez.  <\/span><\/p>\n<p><span style=\"font-weight: 400;\">Les donn\u00e9es personnelles fournies seront conserv\u00e9es aussi longtemps qu&rsquo;elles seront n\u00e9cessaires pour poursuivre la relation avec vous, pour vous permettre d&rsquo;acc\u00e9der \u00e0 votre PROFIL D&rsquo;UTILISATEUR et de le g\u00e9rer sur le SITE WEB et pour vous fournir les services et fonctionnalit\u00e9s offerts par le biais du SITE WEB, ainsi que pour vous envoyer la lettre d&rsquo;information, si vous en faites la demande. Nonobstant ce qui pr\u00e9c\u00e8de, vos donn\u00e9es personnelles seront conserv\u00e9es pendant une p\u00e9riode d&rsquo;un (1) an \u00e0 compter de l&rsquo;annulation ou de la suppression de votre PROFIL D&rsquo;UTILISATEUR. <\/span><\/p>\n<p><span style=\"font-weight: 400;\">En ce qui concerne les dons, vos donn\u00e9es personnelles seront conserv\u00e9es aussi longtemps qu&rsquo;elles seront n\u00e9cessaires pour effectuer la collecte. Toutefois, une fois la collecte effectu\u00e9e par PWPN, les donn\u00e9es du donateur seront imm\u00e9diatement supprim\u00e9es. <\/span><\/p>\n<p><span style=\"font-weight: 400;\"> <\/span><\/p>\n<p><span style=\"font-weight: 400;\">4. LES FONDEMENTS JURIDIQUES DU TRAITEMENT DE VOS DONN\u00c9ES :<\/span><\/p>\n<p><span style=\"font-weight: 400;\">La base des fondements juridiques du traitement de vos donn\u00e9es afin de cr\u00e9er votre PROFIL D&rsquo;UTILISATEUR et de vous permettre d&rsquo;acc\u00e9der aux produits, services, fonctionnalit\u00e9s qui sont offerts \u00e0 travers le SITE et, en particulier, de vous permettre d&rsquo;utiliser le service de plateforme de pri\u00e8re sociale \u00e9tabli \u00e0 travers le SITE pour faire vos pri\u00e8res, intentions et demandes, est le consentement sans \u00e9quivoque que vous donnez en acceptant les Mentions l\u00e9gales et les Conditions d&rsquo;utilisation, ainsi que la Politique de confidentialit\u00e9 et, le cas \u00e9ch\u00e9ant, la Politique en mati\u00e8re de cookies ; en aucun cas le retrait de ce consentement n&rsquo;affectera la mise en \u0153uvre des produits et des services demand\u00e9s.<\/span><\/p>\n<p><span style=\"font-weight: 400;\">La base des fondements juridiques du traitement de vos donn\u00e9es personnelles afin de vous envoyer la Newsletter, si vous en faites la demande lors de votre inscription sur le SITE, est le consentement sans \u00e9quivoque que vous donnez en acceptant la Politique de confidentialit\u00e9 et, le cas \u00e9ch\u00e9ant, la Politique en mati\u00e8re de cookies.<\/span><\/p>\n<p><span style=\"font-weight: 400;\">La base des fondements juridiques du traitement de vos donn\u00e9es personnelles afin de g\u00e9rer la r\u00e9ception et la collecte de tout don que vous souhaitez faire est le consentement sans \u00e9quivoque que vous donnez en acceptant la politique de confidentialit\u00e9.<\/span><\/p>\n<p><span style=\"font-weight: 400;\">La personne qui accepte la pr\u00e9sente politique de confidentialit\u00e9 d\u00e9clare qu&rsquo;elle est majeure et qu&rsquo;elle a la pleine capacit\u00e9 juridique de l&rsquo;accepter. PWPN est d\u00e9gag\u00e9 de toute responsabilit\u00e9 en cas d&rsquo;incapacit\u00e9 juridique de l&rsquo;acceptant. <\/span><\/p>\n<p><span style=\"font-weight: 400;\"> <\/span><\/p>\n<p><span style=\"font-weight: 400;\">5.LES DESTINATAIRES ET LES CAT\u00c9GORIES DE DONN\u00c9ES :<\/span><\/p>\n<p><span style=\"font-weight: 400;\">Les donn\u00e9es personnelles que vous avez communiqu\u00e9es ne seront pas divulgu\u00e9es \u00e0 des tiers, nonobstant les divulgations qui pourraient \u00eatre faites \u00e0 des administrations publiques, \u00e0 des entit\u00e9s ou \u00e0 des organismes publics ou judiciaires en raison d&rsquo;une obligation l\u00e9gale. PWPN n&rsquo;effectuera aucun transfert international de donn\u00e9es. <\/span><\/p>\n<p><span style=\"font-weight: 400;\">Les donn\u00e9es que PWPN collectera et traitera par le biais du SITE et du formulaire sont les suivantes :<\/span><\/p>\n<ul>\n<li style=\"font-weight: 400;\" aria-level=\"1\"><span style=\"font-weight: 400;\">NOM ET PR\u00c9NOM(S)<\/span><\/li>\n<li style=\"font-weight: 400;\" aria-level=\"1\"><span style=\"font-weight: 400;\">DATE DE NAISSANCE<\/span><\/li>\n<li style=\"font-weight: 400;\" aria-level=\"1\"><span style=\"font-weight: 400;\">PAYS DE R\u00c9SIDENCE<\/span><\/li>\n<li style=\"font-weight: 400;\" aria-level=\"1\"><span style=\"font-weight: 400;\">NUM\u00c9RO DE T\u00c9L\u00c9PHONE DE LA PERSONNE \u00c0 CONTACTER<\/span><\/li>\n<li style=\"font-weight: 400;\" aria-level=\"1\"><span style=\"font-weight: 400;\">LANGUE<\/span><\/li>\n<li style=\"font-weight: 400;\" aria-level=\"1\"><span style=\"font-weight: 400;\">SEXE<\/span><\/li>\n<li style=\"font-weight: 400;\" aria-level=\"1\"><span style=\"font-weight: 400;\">ADRESSE \u00c9LECTRONIQUE<\/span><\/li>\n<li style=\"font-weight: 400;\" aria-level=\"1\"><span style=\"font-weight: 400;\">MOT DE PASSE POUR LE PROFIL CR\u00c9\u00c9 SUR LE SITE WEB<\/span><\/li>\n<li style=\"font-weight: 400;\" aria-level=\"1\"><span style=\"font-weight: 400;\">COOKIES<\/span><\/li>\n<\/ul>\n<p><span style=\"font-weight: 400;\"> <\/span><\/p>\n<p><span style=\"font-weight: 400;\">6. LES DROITS DES UTILISATEURS ET LES MODALIT\u00c9S D&rsquo;EXERCICE DE CES DROITS :<\/span><\/p>\n<p><span style=\"font-weight: 400;\">Vous disposez des droits suivants pour la protection de vos donn\u00e9es personnelles :<\/span><\/p>\n<ul>\n<li style=\"font-weight: 400;\" aria-level=\"1\"><span style=\"font-weight: 400;\">Droit de demander l&rsquo;acc\u00e8s<\/span><span style=\"font-weight: 400;\">: Vous permet de savoir quels types de donn\u00e9es vous concernant sont trait\u00e9s par PWPN et quelles sont les caract\u00e9ristiques du traitement effectu\u00e9.<\/span><\/li>\n<li style=\"font-weight: 400;\" aria-level=\"1\"><span style=\"font-weight: 400;\">Droit de demander la rectification ou la suppression<\/span><span style=\"font-weight: 400;\">: La rectification vous permet de demander la modification de vos donn\u00e9es parce qu&rsquo;elles sont inexactes ou fausses. L&rsquo;effacement vous permet de demander la suppression de vos donn\u00e9es lorsque le traitement n&rsquo;est plus n\u00e9cessaire. <\/span><\/li>\n<li style=\"font-weight: 400;\" aria-level=\"1\"><span style=\"font-weight: 400;\">Droit de demander la limitation du traitement<\/span><span style=\"font-weight: 400;\">: Vous permet de restreindre le traitement des donn\u00e9es dans les cas pr\u00e9vus par la loi.<\/span><\/li>\n<li style=\"font-weight: 400;\" aria-level=\"1\"><span style=\"font-weight: 400;\">Droit d&rsquo;opposition au traitement<\/span><span style=\"font-weight: 400;\">: Dans des circonstances particuli\u00e8res, vous pouvez vous opposer au traitement de vos donn\u00e9es par PWPN.<\/span><\/li>\n<li style=\"font-weight: 400;\" aria-level=\"1\"><span style=\"font-weight: 400;\">Droit \u00e0 la portabilit\u00e9 des donn\u00e9es<\/span><span style=\"font-weight: 400;\">: Vous permet d&rsquo;obtenir une copie int\u00e9grale des donn\u00e9es personnelles que PWPN traite afin de les transf\u00e9rer \u00e0 un autre responsable du traitement, dans les cas autoris\u00e9s par la loi.<\/span><\/li>\n<\/ul>\n<p><span style=\"font-weight: 400;\">En outre, vous avez le <\/span><span style=\"font-weight: 400;\">le droit de retirer ou de r\u00e9voquer votre consentement au traitement de vos donn\u00e9es \u00e0 caract\u00e8re personnel<\/span><span style=\"font-weight: 400;\"> \u00e0 tout moment, sans que cela n&rsquo;affecte la l\u00e9galit\u00e9 de tout traitement fond\u00e9 sur le consentement donn\u00e9 avant le retrait.<\/span><\/p>\n<p><span style=\"font-weight: 400;\">Vous pouvez exercer l&rsquo;un ou l&rsquo;autre des droits susmentionn\u00e9s de la mani\u00e8re suivante :<\/span><\/p>\n<ul>\n<li style=\"font-weight: 400;\" aria-level=\"1\"><span style=\"font-weight: 400;\">Par courrier ordinaire : par lettre adress\u00e9e au R\u00c9SEAU MONDIAL DE PRI\u00c8RE DU POPE (APOSTOL\u00c8SE DE PRI\u00c8RE), MEJ (MOUVEMENT DE JEUNESSE EUCHARISTIQUE), \u00e0 l&rsquo;adresse Borgo Santo Spirito, 4, Rome (Vatican - zone extraterritoriale 2), (00193) Cit\u00e9 du Vatican.<\/span><\/li>\n<li style=\"font-weight: 400;\" aria-level=\"1\"><span style=\"font-weight: 400;\">Par courrier \u00e9lectronique : au moyen d&rsquo;un message envoy\u00e9 \u00e0 l&rsquo;adresse \u00e9lectronique suivante : apora-s@sjcuria.org, avec pour objet \"DONN\u00c9ES PERSONNELLES\".<\/span><\/li>\n<\/ul>\n<p><span style=\"font-weight: 400;\">Dans l&rsquo;une ou l&rsquo;autre de ces formes, la demande doit \u00eatre accompagn\u00e9e du nom et du pr\u00e9nom de la personne concern\u00e9e, d&rsquo;une photocopie de votre pi\u00e8ce d&rsquo;identit\u00e9 et de l&rsquo;indication du droit que vous souhaitez exercer.<\/span><\/p>\n<p><span style=\"font-weight: 400;\">Nonobstant l&rsquo;exercice de vos droits \u00e0 l&rsquo;\u00e9gard de PWPN, vous pouvez \u00e9galement d\u00e9poser une r\u00e9clamation aupr\u00e8s de l&rsquo;autorit\u00e9 de contr\u00f4le de la protection des donn\u00e9es comp\u00e9tente dans votre pays de r\u00e9sidence. En outre, pour de plus amples informations ou d&rsquo;autres r\u00e9clamations, vous pouvez contacter la   <\/span><a href=\"http:\/\/www.edps.europa.eu\/\"><span style=\"font-weight: 400;\">CONTR\u00d4LEUR EUROP\u00c9EN DE LA PROTECTION DES DONN\u00c9ES<\/span><\/a><span style=\"font-weight: 400;\">Autorit\u00e9 europ\u00e9enne ind\u00e9pendante de protection des donn\u00e9es \u00e0 caract\u00e8re personnel, dont le si\u00e8ge est situ\u00e9 rue Montoyer 30, B-1000 Bruxelles. Son adresse postale est Rue Wiertz 60, B-1047 Bruxelles, son num\u00e9ro de t\u00e9l\u00e9phone est le (+32) 2-283-19-00 et son adresse \u00e9lectronique est la suivante   <\/span><span style=\"font-weight: 400;\">edps@edps.europa.eu<\/span><span style=\"font-weight: 400;\">.<\/span><\/p>\n<p>[\/et_pb_text][\/et_pb_column][\/et_pb_row][\/et_pb_section]<\/p>\n","protected":false},"excerpt":{"rendered":"<p>POLITIQUE DE CONFIDENTIALIT\u00c9. INFORMATIONS SUR LA PROTECTION DES DONN\u00c9ES PERSONNELLES. 1. IDENTIFICATION DU RESPONSABLE DU TRAITEMENT DES DONN\u00c9ES : Le responsable du traitement de vos donn\u00e9es personnelles est l&rsquo;entit\u00e9 juridique suivante : Nom : R\u00c9SEAU POPE&rsquo;S WORLDWIDE PRAYER NETWORK (APOSTLESHIP OF PRAYER), EYM (EUCHARISTIC YOUTH MOVEMENT) (ci-apr\u00e8s d\u00e9nomm\u00e9 \"PWPN\") Num\u00e9ro d&rsquo;enregistrement : 80091350589 2. LES [&hellip;]<\/p>\n","protected":false},"author":1,"featured_media":0,"parent":0,"menu_order":0,"comment_status":"closed","ping_status":"closed","template":"","meta":{"_acf_changed":false,"_et_pb_use_builder":"on","_et_pb_old_content":"","_et_gb_content_width":"","footnotes":""},"class_list":["post-91218","page","type-page","status-publish","hentry"],"acf":[],"yoast_head":"<!-- This site is optimized with the Yoast SEO plugin v27.3 - https:\/\/yoast.com\/product\/yoast-seo-wordpress\/ -->\n<title>Vie priv\u00e9e - R\u00e9seau Mondial de Pri\u00e8re du Pape<\/title>\n<meta name=\"robots\" content=\"index, follow, max-snippet:-1, max-image-preview:large, max-video-preview:-1\" \/>\n<link rel=\"canonical\" href=\"https:\/\/www.popesprayer.va\/fr\/vie-privee\/\" \/>\n<meta property=\"og:locale\" content=\"fr_FR\" \/>\n<meta property=\"og:type\" content=\"article\" \/>\n<meta property=\"og:title\" content=\"Vie priv\u00e9e - R\u00e9seau Mondial de Pri\u00e8re du Pape\" \/>\n<meta property=\"og:description\" content=\"POLITIQUE DE CONFIDENTIALIT\u00c9. INFORMATIONS SUR LA PROTECTION DES DONN\u00c9ES PERSONNELLES. 1. IDENTIFICATION DU RESPONSABLE DU TRAITEMENT DES DONN\u00c9ES : Le responsable du traitement de vos donn\u00e9es personnelles est l&#039;entit\u00e9 juridique suivante : Nom : R\u00c9SEAU POPE&#039;S WORLDWIDE PRAYER NETWORK (APOSTLESHIP OF PRAYER), EYM (EUCHARISTIC YOUTH MOVEMENT) (ci-apr\u00e8s d\u00e9nomm\u00e9 &quot;PWPN&quot;) Num\u00e9ro d&#039;enregistrement : 80091350589 2. LES [&hellip;]\" \/>\n<meta property=\"og:url\" content=\"https:\/\/www.popesprayer.va\/fr\/vie-privee\/\" \/>\n<meta property=\"og:site_name\" content=\"R\u00e9seau Mondial de Pri\u00e8re du Pape\" \/>\n<meta property=\"article:modified_time\" content=\"2025-12-23T13:39:51+00:00\" \/>\n<meta name=\"twitter:card\" content=\"summary_large_image\" \/>\n<meta name=\"twitter:label1\" content=\"Dur\u00e9e de lecture estim\u00e9e\" \/>\n\t<meta name=\"twitter:data1\" content=\"7 minutes\" \/>\n<script type=\"application\/ld+json\" class=\"yoast-schema-graph\">{\"@context\":\"https:\\\/\\\/schema.org\",\"@graph\":[{\"@type\":\"WebPage\",\"@id\":\"https:\\\/\\\/www.popesprayer.va\\\/fr\\\/vie-privee\\\/\",\"url\":\"https:\\\/\\\/www.popesprayer.va\\\/fr\\\/vie-privee\\\/\",\"name\":\"Vie priv\u00e9e - R\u00e9seau Mondial de Pri\u00e8re du Pape\",\"isPartOf\":{\"@id\":\"https:\\\/\\\/www.popesprayer.va\\\/fr\\\/#website\"},\"datePublished\":\"2025-12-23T13:38:37+00:00\",\"dateModified\":\"2025-12-23T13:39:51+00:00\",\"breadcrumb\":{\"@id\":\"https:\\\/\\\/www.popesprayer.va\\\/fr\\\/vie-privee\\\/#breadcrumb\"},\"inLanguage\":\"fr-FR\",\"potentialAction\":[{\"@type\":\"ReadAction\",\"target\":[\"https:\\\/\\\/www.popesprayer.va\\\/fr\\\/vie-privee\\\/\"]}]},{\"@type\":\"BreadcrumbList\",\"@id\":\"https:\\\/\\\/www.popesprayer.va\\\/fr\\\/vie-privee\\\/#breadcrumb\",\"itemListElement\":[{\"@type\":\"ListItem\",\"position\":1,\"name\":\"Accueil\",\"item\":\"https:\\\/\\\/www.popesprayer.va\\\/fr\\\/\"},{\"@type\":\"ListItem\",\"position\":2,\"name\":\"Vie priv\u00e9e\"}]},{\"@type\":\"WebSite\",\"@id\":\"https:\\\/\\\/www.popesprayer.va\\\/fr\\\/#website\",\"url\":\"https:\\\/\\\/www.popesprayer.va\\\/fr\\\/\",\"name\":\"Pope's Worldwide Prayer Network\",\"description\":\"Pray together, change the world\",\"publisher\":{\"@id\":\"https:\\\/\\\/www.popesprayer.va\\\/fr\\\/#organization\"},\"potentialAction\":[{\"@type\":\"SearchAction\",\"target\":{\"@type\":\"EntryPoint\",\"urlTemplate\":\"https:\\\/\\\/www.popesprayer.va\\\/fr\\\/?s={search_term_string}\"},\"query-input\":{\"@type\":\"PropertyValueSpecification\",\"valueRequired\":true,\"valueName\":\"search_term_string\"}}],\"inLanguage\":\"fr-FR\"},{\"@type\":\"Organization\",\"@id\":\"https:\\\/\\\/www.popesprayer.va\\\/fr\\\/#organization\",\"name\":\"R\u00e9seau mondial de pri\u00e8re du pape\",\"url\":\"https:\\\/\\\/www.popesprayer.va\\\/fr\\\/\",\"logo\":{\"@type\":\"ImageObject\",\"inLanguage\":\"fr-FR\",\"@id\":\"https:\\\/\\\/www.popesprayer.va\\\/fr\\\/#\\\/schema\\\/logo\\\/image\\\/\",\"url\":\"https:\\\/\\\/www.popesprayer.va\\\/wp-content\\\/uploads\\\/2025\\\/01\\\/Logo-Popes-Worldwide-Prayer-Network-Pontifical-Work-EN-Horizontal.png\",\"contentUrl\":\"https:\\\/\\\/www.popesprayer.va\\\/wp-content\\\/uploads\\\/2025\\\/01\\\/Logo-Popes-Worldwide-Prayer-Network-Pontifical-Work-EN-Horizontal.png\",\"width\":1328,\"height\":228,\"caption\":\"R\u00e9seau mondial de pri\u00e8re du pape\"},\"image\":{\"@id\":\"https:\\\/\\\/www.popesprayer.va\\\/fr\\\/#\\\/schema\\\/logo\\\/image\\\/\"}}]}<\/script>\n<!-- \/ Yoast SEO plugin. -->","yoast_head_json":{"title":"Vie priv\u00e9e - R\u00e9seau Mondial de Pri\u00e8re du Pape","robots":{"index":"index","follow":"follow","max-snippet":"max-snippet:-1","max-image-preview":"max-image-preview:large","max-video-preview":"max-video-preview:-1"},"canonical":"https:\/\/www.popesprayer.va\/fr\/vie-privee\/","og_locale":"fr_FR","og_type":"article","og_title":"Vie priv\u00e9e - R\u00e9seau Mondial de Pri\u00e8re du Pape","og_description":"POLITIQUE DE CONFIDENTIALIT\u00c9. INFORMATIONS SUR LA PROTECTION DES DONN\u00c9ES PERSONNELLES. 1. IDENTIFICATION DU RESPONSABLE DU TRAITEMENT DES DONN\u00c9ES : Le responsable du traitement de vos donn\u00e9es personnelles est l'entit\u00e9 juridique suivante : Nom : R\u00c9SEAU POPE'S WORLDWIDE PRAYER NETWORK (APOSTLESHIP OF PRAYER), EYM (EUCHARISTIC YOUTH MOVEMENT) (ci-apr\u00e8s d\u00e9nomm\u00e9 \"PWPN\") Num\u00e9ro d'enregistrement : 80091350589 2. LES [&hellip;]","og_url":"https:\/\/www.popesprayer.va\/fr\/vie-privee\/","og_site_name":"R\u00e9seau Mondial de Pri\u00e8re du Pape","article_modified_time":"2025-12-23T13:39:51+00:00","twitter_card":"summary_large_image","twitter_misc":{"Dur\u00e9e de lecture estim\u00e9e":"7 minutes"},"schema":{"@context":"https:\/\/schema.org","@graph":[{"@type":"WebPage","@id":"https:\/\/www.popesprayer.va\/fr\/vie-privee\/","url":"https:\/\/www.popesprayer.va\/fr\/vie-privee\/","name":"Vie priv\u00e9e - R\u00e9seau Mondial de Pri\u00e8re du Pape","isPartOf":{"@id":"https:\/\/www.popesprayer.va\/fr\/#website"},"datePublished":"2025-12-23T13:38:37+00:00","dateModified":"2025-12-23T13:39:51+00:00","breadcrumb":{"@id":"https:\/\/www.popesprayer.va\/fr\/vie-privee\/#breadcrumb"},"inLanguage":"fr-FR","potentialAction":[{"@type":"ReadAction","target":["https:\/\/www.popesprayer.va\/fr\/vie-privee\/"]}]},{"@type":"BreadcrumbList","@id":"https:\/\/www.popesprayer.va\/fr\/vie-privee\/#breadcrumb","itemListElement":[{"@type":"ListItem","position":1,"name":"Accueil","item":"https:\/\/www.popesprayer.va\/fr\/"},{"@type":"ListItem","position":2,"name":"Vie priv\u00e9e"}]},{"@type":"WebSite","@id":"https:\/\/www.popesprayer.va\/fr\/#website","url":"https:\/\/www.popesprayer.va\/fr\/","name":"Pope's Worldwide Prayer Network","description":"Pray together, change the world","publisher":{"@id":"https:\/\/www.popesprayer.va\/fr\/#organization"},"potentialAction":[{"@type":"SearchAction","target":{"@type":"EntryPoint","urlTemplate":"https:\/\/www.popesprayer.va\/fr\/?s={search_term_string}"},"query-input":{"@type":"PropertyValueSpecification","valueRequired":true,"valueName":"search_term_string"}}],"inLanguage":"fr-FR"},{"@type":"Organization","@id":"https:\/\/www.popesprayer.va\/fr\/#organization","name":"R\u00e9seau mondial de pri\u00e8re du pape","url":"https:\/\/www.popesprayer.va\/fr\/","logo":{"@type":"ImageObject","inLanguage":"fr-FR","@id":"https:\/\/www.popesprayer.va\/fr\/#\/schema\/logo\/image\/","url":"https:\/\/www.popesprayer.va\/wp-content\/uploads\/2025\/01\/Logo-Popes-Worldwide-Prayer-Network-Pontifical-Work-EN-Horizontal.png","contentUrl":"https:\/\/www.popesprayer.va\/wp-content\/uploads\/2025\/01\/Logo-Popes-Worldwide-Prayer-Network-Pontifical-Work-EN-Horizontal.png","width":1328,"height":228,"caption":"R\u00e9seau mondial de pri\u00e8re du pape"},"image":{"@id":"https:\/\/www.popesprayer.va\/fr\/#\/schema\/logo\/image\/"}}]}},"_links":{"self":[{"href":"https:\/\/www.popesprayer.va\/fr\/wp-json\/wp\/v2\/pages\/91218","targetHints":{"allow":["GET"]}}],"collection":[{"href":"https:\/\/www.popesprayer.va\/fr\/wp-json\/wp\/v2\/pages"}],"about":[{"href":"https:\/\/www.popesprayer.va\/fr\/wp-json\/wp\/v2\/types\/page"}],"author":[{"embeddable":true,"href":"https:\/\/www.popesprayer.va\/fr\/wp-json\/wp\/v2\/users\/1"}],"replies":[{"embeddable":true,"href":"https:\/\/www.popesprayer.va\/fr\/wp-json\/wp\/v2\/comments?post=91218"}],"version-history":[{"count":2,"href":"https:\/\/www.popesprayer.va\/fr\/wp-json\/wp\/v2\/pages\/91218\/revisions"}],"predecessor-version":[{"id":91226,"href":"https:\/\/www.popesprayer.va\/fr\/wp-json\/wp\/v2\/pages\/91218\/revisions\/91226"}],"wp:attachment":[{"href":"https:\/\/www.popesprayer.va\/fr\/wp-json\/wp\/v2\/media?parent=91218"}],"curies":[{"name":"wp","href":"https:\/\/api.w.org\/{rel}","templated":true}]}}