{"id":91245,"date":"2025-12-23T14:39:54","date_gmt":"2025-12-23T13:39:54","guid":{"rendered":"https:\/\/www.popesprayer.va\/cookies\/"},"modified":"2025-12-23T14:41:02","modified_gmt":"2025-12-23T13:41:02","slug":"cookies","status":"publish","type":"page","link":"https:\/\/www.popesprayer.va\/fr\/cookies\/","title":{"rendered":"Cookies"},"content":{"rendered":"<p>[et_pb_section fb_built=\"1&Prime; theme_builder_area=\"post_content\" _builder_version=\"4.27.5&Prime; _module_preset=\"default\" da_is_popup=\"off\" da_exit_intent=\"off\" da_has_close=\"on\" da_alt_close=\"off\" da_dark_close=\"off\" da_not_modal=\"on\" da_is_singular=\"off\" da_with_loader=\"off\" da_has_shadow=\"on\" da_disable_devices=\"off|off|off\"][et_pb_row _builder_version=\"4.27.5&Prime; _module_preset=\"default\" theme_builder_area=\"post_content\"][et_pb_column _builder_version=\"4.27.5&Prime; _module_preset=\"default\" type=\"4_4&Prime; theme_builder_area=\"post_content\"][et_pb_text _builder_version=\"4.27.5&Prime; _module_preset=\"default\" theme_builder_area=\"post_content\" max_width=\"800px\" module_alignment=\"center\" hover_enabled=\"0&Prime; sticky_enabled=\"0&Prime;]<\/p>\n<h3><b>INFORMATIONS SUR LES COOKIES<\/b><\/h3>\n<h3><b>1. UTILISATION DES COOKIES :<\/b><\/h3>\n<p><span style=\"font-weight: 400;\">Le SITE WEB PWPN utilise une technologie appel\u00e9e \"cookies\" pour obtenir des informations sur l&rsquo;utilisation du SITE WEB et pour am\u00e9liorer l&rsquo;exp\u00e9rience des utilisateurs.<\/span><\/p>\n<p><span style=\"font-weight: 400;\"> <\/span><\/p>\n<p><span style=\"font-weight: 400;\">2. D\u00c9FINITION ET FONCTION DES COOKIES :<\/span><\/p>\n<p><span style=\"font-weight: 400;\">Les cookies sont de petits fichiers qui sont envoy\u00e9s et stock\u00e9s sur le disque dur de l&rsquo;ordinateur de l&rsquo;utilisateur par l&rsquo;interm\u00e9diaire de son navigateur lorsqu&rsquo;il se connecte \u00e0 un site web. Les cookies permettent notamment \u00e0 un site web de stocker et de r\u00e9cup\u00e9rer des informations sur les habitudes de navigation des utilisateurs ou de leur ordinateur et, en fonction des informations qu&rsquo;ils contiennent et de la mani\u00e8re dont les utilisateurs utilisent leur ordinateur, ils peuvent \u00eatre utilis\u00e9s pour reconna\u00eetre les utilisateurs. <\/span><\/p>\n<p><span style=\"font-weight: 400;\"> <\/span><\/p>\n<p><span style=\"font-weight: 400;\">3. CLASSIFICATION DES COOKIES :<\/span><\/p>\n<p><span style=\"font-weight: 400;\">Les cookies peuvent \u00eatre class\u00e9s en fonction de diff\u00e9rents param\u00e8tres :<\/span><\/p>\n<ul>\n<li style=\"font-weight: 400;\" aria-level=\"1\"><span style=\"font-weight: 400;\">Propri\u00e9t\u00e9 : cookies de premi\u00e8re ou de tierce partie, en fonction de l&rsquo;entit\u00e9 qui g\u00e8re le nom de domaine \u00e0 partir duquel les cookies sont envoy\u00e9s et les donn\u00e9es obtenues sont trait\u00e9es.<\/span><\/li>\n<li style=\"font-weight: 400;\" aria-level=\"1\"><span style=\"font-weight: 400;\">Dur\u00e9e : cookies de session ou cookies persistants, selon la p\u00e9riode pendant laquelle ils sont stock\u00e9s sur le terminal de l&rsquo;utilisateur.<\/span><\/li>\n<li style=\"font-weight: 400;\" aria-level=\"1\"><span style=\"font-weight: 400;\">Finalit\u00e9 : cookies techniques, cookies de personnalisation, cookies d&rsquo;analyse, cookies publicitaires, cookies de publicit\u00e9 comportementale, en fonction de la finalit\u00e9 pour laquelle les donn\u00e9es obtenues sont trait\u00e9es.<\/span><\/li>\n<\/ul>\n<p><span style=\"font-weight: 400;\">Selon leur finalit\u00e9, les types de cookies suivants peuvent \u00eatre d\u00e9finis :<\/span><\/p>\n<ul>\n<li style=\"font-weight: 400;\" aria-level=\"1\"><span style=\"font-weight: 400;\">Les cookies techniques : ceux qui permettent aux utilisateurs de naviguer sur un site ou une application et d&rsquo;utiliser les diff\u00e9rentes options ou services qui y sont propos\u00e9s (vid\u00e9os pour faciliter les achats, r\u00e9seaux sociaux, etc.).<\/span><\/li>\n<li style=\"font-weight: 400;\" aria-level=\"1\"><span style=\"font-weight: 400;\">Cookies de personnalisation : ceux qui permettent aux utilisateurs d&rsquo;acc\u00e9der au service avec certaines caract\u00e9ristiques g\u00e9n\u00e9rales pr\u00e9d\u00e9finies en fonction de leurs pr\u00e9f\u00e9rences (langue, type de navigateur, param\u00e8tres, conception du contenu).<\/span><\/li>\n<li style=\"font-weight: 400;\" aria-level=\"1\"><span style=\"font-weight: 400;\">Cookies d&rsquo;analyse : ceux qui permettent l&rsquo;analyse anonyme du comportement des utilisateurs sur le site web et qui permettent de mesurer l&rsquo;activit\u00e9 de l&rsquo;utilisateur et de produire des profils de navigation pour am\u00e9liorer les sites web.<\/span><\/li>\n<li style=\"font-weight: 400;\" aria-level=\"1\"><span style=\"font-weight: 400;\">Cookies publicitaires : ceux qui permettent de g\u00e9rer les espaces publicitaires sur le site web.<\/span><\/li>\n<li style=\"font-weight: 400;\" aria-level=\"1\"><span style=\"font-weight: 400;\">Cookies de publicit\u00e9 comportementale : ceux qui permettent de g\u00e9rer les espaces publicitaires du site web en fonction du comportement et des habitudes de navigation des utilisateurs, ce qui permet d&rsquo;obtenir leur profil et de personnaliser la publicit\u00e9 qui s&rsquo;affiche sur le navigateur de l&rsquo;utilisateur.<\/span><\/li>\n<\/ul>\n<p><span style=\"font-weight: 400;\"> <\/span><\/p>\n<p><span style=\"font-weight: 400;\">4.LES COOKIES UTILIS\u00c9S SUR LE SITE WEB :<\/span><\/p>\n<p><span style=\"font-weight: 400;\">Le SITE WEB PWPN utilise des cookies de premi\u00e8re et de tierce partie. Les cookies de premi\u00e8re partie sont utilis\u00e9s pour indiquer si les utilisateurs ont activ\u00e9 JavaScript, et les cookies de tierce partie permettent l&rsquo;analyse des donn\u00e9es par Google Analytics. Les cookies ne traitent en aucun cas des donn\u00e9es personnelles.  <\/span><\/p>\n<p><span style=\"font-weight: 400;\">Cookies de premi\u00e8re partie :<\/span><\/p>\n<table>\n<tbody>\n<tr>\n<td>\n<p><span style=\"font-weight: 400;\">NOM<\/span><\/p>\n<\/td>\n<td>\n<p><span style=\"font-weight: 400;\">OBJECTIF<\/span><\/p>\n<\/td>\n<td>\n<p><span style=\"font-weight: 400;\">DUR\u00c9E<\/span><\/p>\n<\/td>\n<\/tr>\n<tr>\n<td>\n<p><span style=\"font-weight: 400;\">a_js<\/span><\/p>\n<\/td>\n<td>\n<p><span style=\"font-weight: 400;\">Utilis\u00e9 pour indiquer si les utilisateurs ont activ\u00e9 JavaScript<\/span><\/p>\n<\/td>\n<td>\n<p><span style=\"font-weight: 400;\">Dur\u00e9e de la session<\/span><\/p>\n<\/td>\n<\/tr>\n<tr>\n<td>\n<p><span style=\"font-weight: 400;\"> <\/span><\/p>\n<\/td>\n<td>\n<p><span style=\"font-weight: 400;\"> <\/span><\/p>\n<\/td>\n<td> <\/td>\n<\/tr>\n<\/tbody>\n<\/table>\n<p><span style=\"font-weight: 400;\"> <\/span><\/p>\n<p><span style=\"font-weight: 400;\">Cookies de tiers :<\/span><\/p>\n<table>\n<tbody>\n<tr>\n<td>\n<p><span style=\"font-weight: 400;\">NOM<\/span><\/p>\n<\/td>\n<td>\n<p><span style=\"font-weight: 400;\">PROPRI\u00c9TAIRE<\/span><\/p>\n<\/td>\n<td>\n<p><span style=\"font-weight: 400;\">OBJECTIF<\/span><\/p>\n<\/td>\n<td>\n<p><span style=\"font-weight: 400;\">DUR\u00c9E<\/span><\/p>\n<\/td>\n<\/tr>\n<tr>\n<td>\n<p><span style=\"font-weight: 400;\">_ga<\/span><\/p>\n<\/td>\n<td>\n<p><span style=\"font-weight: 400;\">Google<\/span><\/p>\n<\/td>\n<td>\n<p><span style=\"font-weight: 400;\">Google Analytics. Utilis\u00e9 pour distinguer les utilisateurs <\/span><\/p>\n<\/td>\n<td>\n<p><span style=\"font-weight: 400;\">2 ans<\/span><\/p>\n<\/td>\n<\/tr>\n<tr>\n<td>\n<p><span style=\"font-weight: 400;\">_gat<\/span><\/p>\n<\/td>\n<td>\n<p><span style=\"font-weight: 400;\">Google<\/span><\/p>\n<\/td>\n<td>\n<p><span style=\"font-weight: 400;\">Google Analytics. Utilis\u00e9 pour limiter le pourcentage de demandes <\/span><\/p>\n<\/td>\n<td>\n<p><span style=\"font-weight: 400;\">10 minutes<\/span><\/p>\n<\/td>\n<\/tr>\n<\/tbody>\n<\/table>\n<p><span style=\"font-weight: 400;\"> <\/span><\/p>\n<p><span style=\"font-weight: 400;\">Les cookies sont activ\u00e9s chaque fois qu&rsquo;un nouvel utilisateur visite le SITE ou lorsque les cookies ont \u00e9t\u00e9 supprim\u00e9s.<\/span><\/p>\n<p><span style=\"font-weight: 400;\"> <\/span><\/p>\n<p><span style=\"font-weight: 400;\">5. LES PARAM\u00c8TRES DES COOKIES EN FONCTION DU NAVIGATEUR :<\/span><\/p>\n<p><span style=\"font-weight: 400;\">Vous trouverez ci-dessous les liens permettant aux utilisateurs de trouver des informations sur la mani\u00e8re dont les cookies peuvent \u00eatre configur\u00e9s et g\u00e9r\u00e9s \u00e0 l&rsquo;aide des principaux navigateurs :<\/span><\/p>\n<ul>\n<li style=\"font-weight: 400;\" aria-level=\"1\"><a href=\"https:\/\/support.microsoft.com\/es-es\/help\/17442\/windows-internet-explorer-delete-manage-cookies\"><span style=\"font-weight: 400;\">Internet Explorer<\/span><\/a><\/li>\n<li style=\"font-weight: 400;\" aria-level=\"1\"><a href=\"https:\/\/support.apple.com\/kb\/ph21411?locale=es_ES\"><span style=\"font-weight: 400;\">Safari<\/span><\/a><\/li>\n<li style=\"font-weight: 400;\" aria-level=\"1\"><span style=\"font-weight: 400;\">Chrome<\/span><\/li>\n<li style=\"font-weight: 400;\" aria-level=\"1\"><span style=\"font-weight: 400;\">Firefox<\/span><\/li>\n<\/ul>\n<p><span style=\"font-weight: 400;\"> <\/span><\/p>\n<p><span style=\"font-weight: 400;\">6. CONSENTIR \u00c0 L&rsquo;UTILISATION DE COOKIES ET AU FONCTIONNEMENT DU SITE WEB :<\/span><\/p>\n<p><span style=\"font-weight: 400;\">Vous pouvez r\u00e9voquer votre consentement \u00e0 l&rsquo;utilisation de cookies \u00e0 tout moment. Pour ce faire, vous devrez d\u00e9sactiver les cookies sur le SITE WEB en suivant les instructions de la section ci-dessus en fonction du navigateur que vous utilisez. <\/span><\/p>\n<p><span style=\"font-weight: 400;\">Veuillez noter que la r\u00e9vocation du consentement, et donc la d\u00e9sactivation de certains cookies, peut emp\u00eacher l&rsquo;utilisation de certaines fonctionnalit\u00e9s de notre site web.<\/span><\/p>\n<p><span style=\"font-weight: 400;\"> <\/span><\/p>\n<p><span style=\"font-weight: 400;\">7. MISES \u00c0 JOUR ET MODIFICATIONS :<\/span><\/p>\n<p><span style=\"font-weight: 400;\">Le SITE WEB peut modifier ces informations sur les cookies. Nous vous recommandons donc de v\u00e9rifier cette politique chaque fois que vous acc\u00e9dez au SITE WEB PWPN. <\/span><\/p>\n<p>[\/et_pb_text][\/et_pb_column][\/et_pb_row][\/et_pb_section]<\/p>\n","protected":false},"excerpt":{"rendered":"<p>INFORMATIONS SUR LES COOKIES 1. UTILISATION DES COOKIES : Le SITE WEB PWPN utilise une technologie appel\u00e9e \"cookies\" pour obtenir des informations sur l&rsquo;utilisation du SITE WEB et pour am\u00e9liorer l&rsquo;exp\u00e9rience des utilisateurs. 2. D\u00c9FINITION ET FONCTION DES COOKIES : Les cookies sont de petits fichiers qui sont envoy\u00e9s et stock\u00e9s sur le disque dur [&hellip;]<\/p>\n","protected":false},"author":1,"featured_media":0,"parent":0,"menu_order":0,"comment_status":"closed","ping_status":"closed","template":"","meta":{"_acf_changed":false,"_et_pb_use_builder":"on","_et_pb_old_content":"","_et_gb_content_width":"","footnotes":""},"class_list":["post-91245","page","type-page","status-publish","hentry"],"acf":[],"yoast_head":"<!-- This site is optimized with the Yoast SEO plugin v27.3 - https:\/\/yoast.com\/product\/yoast-seo-wordpress\/ -->\n<title>Cookies - R\u00e9seau Mondial de Pri\u00e8re du Pape<\/title>\n<meta name=\"robots\" content=\"index, follow, max-snippet:-1, max-image-preview:large, max-video-preview:-1\" \/>\n<link rel=\"canonical\" href=\"https:\/\/www.popesprayer.va\/fr\/cookies\/\" \/>\n<meta property=\"og:locale\" content=\"fr_FR\" \/>\n<meta property=\"og:type\" content=\"article\" \/>\n<meta property=\"og:title\" content=\"Cookies - R\u00e9seau Mondial de Pri\u00e8re du Pape\" \/>\n<meta property=\"og:description\" content=\"INFORMATIONS SUR LES COOKIES 1. UTILISATION DES COOKIES : Le SITE WEB PWPN utilise une technologie appel\u00e9e &quot;cookies&quot; pour obtenir des informations sur l&#039;utilisation du SITE WEB et pour am\u00e9liorer l&#039;exp\u00e9rience des utilisateurs. 2. D\u00c9FINITION ET FONCTION DES COOKIES : Les cookies sont de petits fichiers qui sont envoy\u00e9s et stock\u00e9s sur le disque dur [&hellip;]\" \/>\n<meta property=\"og:url\" content=\"https:\/\/www.popesprayer.va\/fr\/cookies\/\" \/>\n<meta property=\"og:site_name\" content=\"R\u00e9seau Mondial de Pri\u00e8re du Pape\" \/>\n<meta property=\"article:modified_time\" content=\"2025-12-23T13:41:02+00:00\" \/>\n<meta name=\"twitter:card\" content=\"summary_large_image\" \/>\n<meta name=\"twitter:label1\" content=\"Dur\u00e9e de lecture estim\u00e9e\" \/>\n\t<meta name=\"twitter:data1\" content=\"4 minutes\" \/>\n<script type=\"application\/ld+json\" class=\"yoast-schema-graph\">{\"@context\":\"https:\\\/\\\/schema.org\",\"@graph\":[{\"@type\":\"WebPage\",\"@id\":\"https:\\\/\\\/www.popesprayer.va\\\/fr\\\/cookies\\\/\",\"url\":\"https:\\\/\\\/www.popesprayer.va\\\/fr\\\/cookies\\\/\",\"name\":\"Cookies - R\u00e9seau Mondial de Pri\u00e8re du Pape\",\"isPartOf\":{\"@id\":\"https:\\\/\\\/www.popesprayer.va\\\/fr\\\/#website\"},\"datePublished\":\"2025-12-23T13:39:54+00:00\",\"dateModified\":\"2025-12-23T13:41:02+00:00\",\"breadcrumb\":{\"@id\":\"https:\\\/\\\/www.popesprayer.va\\\/fr\\\/cookies\\\/#breadcrumb\"},\"inLanguage\":\"fr-FR\",\"potentialAction\":[{\"@type\":\"ReadAction\",\"target\":[\"https:\\\/\\\/www.popesprayer.va\\\/fr\\\/cookies\\\/\"]}]},{\"@type\":\"BreadcrumbList\",\"@id\":\"https:\\\/\\\/www.popesprayer.va\\\/fr\\\/cookies\\\/#breadcrumb\",\"itemListElement\":[{\"@type\":\"ListItem\",\"position\":1,\"name\":\"Accueil\",\"item\":\"https:\\\/\\\/www.popesprayer.va\\\/fr\\\/\"},{\"@type\":\"ListItem\",\"position\":2,\"name\":\"Cookies\"}]},{\"@type\":\"WebSite\",\"@id\":\"https:\\\/\\\/www.popesprayer.va\\\/fr\\\/#website\",\"url\":\"https:\\\/\\\/www.popesprayer.va\\\/fr\\\/\",\"name\":\"Pope's Worldwide Prayer Network\",\"description\":\"Pray together, change the world\",\"publisher\":{\"@id\":\"https:\\\/\\\/www.popesprayer.va\\\/fr\\\/#organization\"},\"potentialAction\":[{\"@type\":\"SearchAction\",\"target\":{\"@type\":\"EntryPoint\",\"urlTemplate\":\"https:\\\/\\\/www.popesprayer.va\\\/fr\\\/?s={search_term_string}\"},\"query-input\":{\"@type\":\"PropertyValueSpecification\",\"valueRequired\":true,\"valueName\":\"search_term_string\"}}],\"inLanguage\":\"fr-FR\"},{\"@type\":\"Organization\",\"@id\":\"https:\\\/\\\/www.popesprayer.va\\\/fr\\\/#organization\",\"name\":\"R\u00e9seau mondial de pri\u00e8re du pape\",\"url\":\"https:\\\/\\\/www.popesprayer.va\\\/fr\\\/\",\"logo\":{\"@type\":\"ImageObject\",\"inLanguage\":\"fr-FR\",\"@id\":\"https:\\\/\\\/www.popesprayer.va\\\/fr\\\/#\\\/schema\\\/logo\\\/image\\\/\",\"url\":\"https:\\\/\\\/www.popesprayer.va\\\/wp-content\\\/uploads\\\/2025\\\/01\\\/Logo-Popes-Worldwide-Prayer-Network-Pontifical-Work-EN-Horizontal.png\",\"contentUrl\":\"https:\\\/\\\/www.popesprayer.va\\\/wp-content\\\/uploads\\\/2025\\\/01\\\/Logo-Popes-Worldwide-Prayer-Network-Pontifical-Work-EN-Horizontal.png\",\"width\":1328,\"height\":228,\"caption\":\"R\u00e9seau mondial de pri\u00e8re du pape\"},\"image\":{\"@id\":\"https:\\\/\\\/www.popesprayer.va\\\/fr\\\/#\\\/schema\\\/logo\\\/image\\\/\"}}]}<\/script>\n<!-- \/ Yoast SEO plugin. -->","yoast_head_json":{"title":"Cookies - R\u00e9seau Mondial de Pri\u00e8re du Pape","robots":{"index":"index","follow":"follow","max-snippet":"max-snippet:-1","max-image-preview":"max-image-preview:large","max-video-preview":"max-video-preview:-1"},"canonical":"https:\/\/www.popesprayer.va\/fr\/cookies\/","og_locale":"fr_FR","og_type":"article","og_title":"Cookies - R\u00e9seau Mondial de Pri\u00e8re du Pape","og_description":"INFORMATIONS SUR LES COOKIES 1. UTILISATION DES COOKIES : Le SITE WEB PWPN utilise une technologie appel\u00e9e \"cookies\" pour obtenir des informations sur l'utilisation du SITE WEB et pour am\u00e9liorer l'exp\u00e9rience des utilisateurs. 2. D\u00c9FINITION ET FONCTION DES COOKIES : Les cookies sont de petits fichiers qui sont envoy\u00e9s et stock\u00e9s sur le disque dur [&hellip;]","og_url":"https:\/\/www.popesprayer.va\/fr\/cookies\/","og_site_name":"R\u00e9seau Mondial de Pri\u00e8re du Pape","article_modified_time":"2025-12-23T13:41:02+00:00","twitter_card":"summary_large_image","twitter_misc":{"Dur\u00e9e de lecture estim\u00e9e":"4 minutes"},"schema":{"@context":"https:\/\/schema.org","@graph":[{"@type":"WebPage","@id":"https:\/\/www.popesprayer.va\/fr\/cookies\/","url":"https:\/\/www.popesprayer.va\/fr\/cookies\/","name":"Cookies - R\u00e9seau Mondial de Pri\u00e8re du Pape","isPartOf":{"@id":"https:\/\/www.popesprayer.va\/fr\/#website"},"datePublished":"2025-12-23T13:39:54+00:00","dateModified":"2025-12-23T13:41:02+00:00","breadcrumb":{"@id":"https:\/\/www.popesprayer.va\/fr\/cookies\/#breadcrumb"},"inLanguage":"fr-FR","potentialAction":[{"@type":"ReadAction","target":["https:\/\/www.popesprayer.va\/fr\/cookies\/"]}]},{"@type":"BreadcrumbList","@id":"https:\/\/www.popesprayer.va\/fr\/cookies\/#breadcrumb","itemListElement":[{"@type":"ListItem","position":1,"name":"Accueil","item":"https:\/\/www.popesprayer.va\/fr\/"},{"@type":"ListItem","position":2,"name":"Cookies"}]},{"@type":"WebSite","@id":"https:\/\/www.popesprayer.va\/fr\/#website","url":"https:\/\/www.popesprayer.va\/fr\/","name":"Pope's Worldwide Prayer Network","description":"Pray together, change the world","publisher":{"@id":"https:\/\/www.popesprayer.va\/fr\/#organization"},"potentialAction":[{"@type":"SearchAction","target":{"@type":"EntryPoint","urlTemplate":"https:\/\/www.popesprayer.va\/fr\/?s={search_term_string}"},"query-input":{"@type":"PropertyValueSpecification","valueRequired":true,"valueName":"search_term_string"}}],"inLanguage":"fr-FR"},{"@type":"Organization","@id":"https:\/\/www.popesprayer.va\/fr\/#organization","name":"R\u00e9seau mondial de pri\u00e8re du pape","url":"https:\/\/www.popesprayer.va\/fr\/","logo":{"@type":"ImageObject","inLanguage":"fr-FR","@id":"https:\/\/www.popesprayer.va\/fr\/#\/schema\/logo\/image\/","url":"https:\/\/www.popesprayer.va\/wp-content\/uploads\/2025\/01\/Logo-Popes-Worldwide-Prayer-Network-Pontifical-Work-EN-Horizontal.png","contentUrl":"https:\/\/www.popesprayer.va\/wp-content\/uploads\/2025\/01\/Logo-Popes-Worldwide-Prayer-Network-Pontifical-Work-EN-Horizontal.png","width":1328,"height":228,"caption":"R\u00e9seau mondial de pri\u00e8re du pape"},"image":{"@id":"https:\/\/www.popesprayer.va\/fr\/#\/schema\/logo\/image\/"}}]}},"_links":{"self":[{"href":"https:\/\/www.popesprayer.va\/fr\/wp-json\/wp\/v2\/pages\/91245","targetHints":{"allow":["GET"]}}],"collection":[{"href":"https:\/\/www.popesprayer.va\/fr\/wp-json\/wp\/v2\/pages"}],"about":[{"href":"https:\/\/www.popesprayer.va\/fr\/wp-json\/wp\/v2\/types\/page"}],"author":[{"embeddable":true,"href":"https:\/\/www.popesprayer.va\/fr\/wp-json\/wp\/v2\/users\/1"}],"replies":[{"embeddable":true,"href":"https:\/\/www.popesprayer.va\/fr\/wp-json\/wp\/v2\/comments?post=91245"}],"version-history":[{"count":2,"href":"https:\/\/www.popesprayer.va\/fr\/wp-json\/wp\/v2\/pages\/91245\/revisions"}],"predecessor-version":[{"id":91253,"href":"https:\/\/www.popesprayer.va\/fr\/wp-json\/wp\/v2\/pages\/91245\/revisions\/91253"}],"wp:attachment":[{"href":"https:\/\/www.popesprayer.va\/fr\/wp-json\/wp\/v2\/media?parent=91245"}],"curies":[{"name":"wp","href":"https:\/\/api.w.org\/{rel}","templated":true}]}}