{"id":97179,"date":"2026-05-05T20:06:00","date_gmt":"2026-05-05T18:06:00","guid":{"rendered":"https:\/\/www.popesprayer.va\/test-des-dons\/"},"modified":"2026-05-05T20:54:16","modified_gmt":"2026-05-05T18:54:16","slug":"test-des-dons","status":"publish","type":"page","link":"https:\/\/www.popesprayer.va\/fr\/test-des-dons\/","title":{"rendered":"Test des dons"},"content":{"rendered":"<p>[et_pb_section fb_built=\"1&Prime; next_background_color=\"#E9C46A\" _builder_version=\"4.27.6&Prime; _module_preset=\"default\" background_color=\"#F4A261&Prime; background_enable_image=\"off\" background_blend=\"overlay\" custom_padding=\"12vw||12vw||true|false\" top_divider_color=\"RGBA(255,255,255,0)\" bottom_divider_style=\"ramp\" da_disable_devices=\"off|off|off\" global_colors_info=\"{}\" da_is_popup=\"off\" da_exit_intent=\"off\" da_has_close=\"on\" da_alt_close=\"off\" da_dark_close=\"off\" da_not_modal=\"on\" da_is_singular=\"off\" da_with_loader=\"off\" da_has_shadow=\"on\"][et_pb_row column_structure=\"3_5,2_5&Prime; _builder_version=\"4.27.4&Prime; _module_preset=\"ddbed135-e034-4aab-8f52-69def1d8301e\" global_colors_info=\"{}\"][et_pb_column type=\"3_5&Prime; _builder_version=\"4.27.4&Prime; _module_preset=\"default\" global_colors_info=\"{}\"][et_pb_text _builder_version=\"4.27.6&Prime; _module_preset=\"default\" header_text_color=\"#264653&Prime; header_font_size=\"3rem\" header_2_font=\"|700|||||||\" header_2_text_color=\"#FFFFFF\" header_2_font_size=\"3.8rem\" animation_style=\"fade\" animation_duration=\"1500ms\" animation_delay=\"200ms\" global_colors_info=\"{}\"]<\/p>\n<h1>Aidez-nous \u00e0 garder<\/h1>\n<h2>la mission du Pape battant<\/h2>\n<p>[\/et_pb_text][et_pb_text _builder_version=\"4.27.6&Prime; _module_preset=\"default\" global_colors_info=\"{}\"]<\/p>\n<p data-start=\"344\" data-end=\"457\">En ce mois du <strong>Sacr\u00e9-C\u0153ur<\/strong>, participez \u00e0 notre <strong>Semaine de la g\u00e9n\u00e9rosit\u00e9 <\/strong>du <strong>8 au 12 juin<\/strong>. Votre aide est essentielle pour soutenir notre <strong>mission de compassion<\/strong> dans le monde. <\/p>\n<p>[\/et_pb_text][et_pb_button button_url=\"#donate\" button_text=\"Faire un don\" _builder_version=\"4.27.6&Prime; _module_preset=\"default\" global_colors_info=\"{}\" admin_label=\"Button\" url_new_window=\"on\" custom_button=\"on\" button_text_color=\"#264653&Prime; button_bg_color=\"#E9C46A\" button_border_width=\"0px\" button_border_radius=\"20px\" hover_enabled=\"0&Prime; sticky_enabled=\"0&Prime;][\/et_pb_button][\/et_pb_column][et_pb_column type=\"2_5&Prime; _builder_version=\"4.27.4&Prime; _module_preset=\"default\" global_colors_info=\"{}\"][et_pb_video src=\"https:\/\/www.youtube.com\/watch?v=FkQuawiGWUw\" _builder_version=\"4.27.6&Prime; _module_preset=\"default\" border_radii=\"on|30px|30px|30px|30px\" global_colors_info=\"{}\"][\/et_pb_video][\/et_pb_column][\/et_pb_row][\/et_pb_section][et_pb_section fb_built=\"1&Prime; module_id=\"ouvrir\" _builder_version=\"4.27.4&Prime; _module_preset=\"default\" background_color=\"#E9C46A\" custom_padding=\"6vw||6vw||true|false\" bottom_divider_style=\"ramp\" bottom_divider_color=\"#2A9D8F\" bottom_divider_height_tablet=\"\" bottom_divider_height_phone=\"60px\" bottom_divider_height_last_edited=\"on|phone\" da_disable_devices=\"off|off|off\" global_colors_info=\"{}\" da_is_popup=\"off\" da_exit_intent=\"off\" da_has_close=\"on\" da_alt_close=\"off\" da_dark_close=\"off\" da_not_modal=\"on\" da_is_singular=\"off\" da_with_loader=\"off\" da_has_shadow=\"on\"][et_pb_row column_structure=\"1_2,1_2&Prime; _builder_version=\"4.27.4&Prime; _module_preset=\"ddbed135-e034-4aab-8f52-69def1d8301e\" module_alignment=\"center\" global_colors_info=\"{}\"][et_pb_column type=\"1_2&Prime; _builder_version=\"4.27.4&Prime; _module_preset=\"default\" global_colors_info=\"{}\"][et_pb_text _builder_version=\"4.27.6&Prime; _module_preset=\"default\" text_text_color=\"#E5E5E5&Prime; header_text_color=\"#E76F51&Prime; header_2_text_color=\"#E76F51&Prime; header_3_font=\"||||||||\" header_3_text_color=\"#E76F51&Prime; header_3_font_size=\"40px\" header_3_line_height=\"1.7em\" animation_style=\"fade\" animation_duration=\"1500ms\" animation_delay=\"100ms\" header_3_line_height_tablet=\"1.7em\" header_3_line_height_phone=\"1.2em\" header_3_line_height_last_edited=\"on|phone\" locked=\"off\" global_colors_info=\"{}\"]<\/p>\n<h1><strong>Votre foi devient un geste concret de solidarit\u00e9<\/strong><\/h1>\n<p>[\/et_pb_text][et_pb_text _builder_version=\"4.27.6&Prime; _module_preset=\"default\" text_text_color=\"#264653&Prime; text_font_size=\"20px\" text_line_height=\"1.6em\" header_3_text_color=\"#FFFFFF\" header_3_line_height=\"1.7em\" animation_style=\"fade\" animation_duration=\"1500ms\" animation_delay=\"300ms\" global_colors_info=\"{}\"]<\/p>\n<p data-start=\"750\" data-end=\"824\">Aidez-nous \u00e0 soutenir le r\u00e9seau mondial de pri\u00e8re du pape, la Fondation du Vatican. Pr\u00e9sente dans plus de 90 pays, votre contribution finance directement trois piliers indissociables : <\/p>\n<p>[\/et_pb_text][\/et_pb_column][et_pb_column type=\"1_2&Prime; _builder_version=\"4.27.4&Prime; _module_preset=\"default\" global_colors_info=\"{}\"][et_pb_text _builder_version=\"4.27.4&Prime; _module_preset=\"default\" text_text_color=\"#264653&Prime; text_font_size=\"20px\" text_line_height=\"1.6em\" header_3_text_color=\"#FFFFFF\" header_3_line_height=\"1.7em\" animation_style=\"fade\" animation_duration=\"1500ms\" animation_delay=\"300ms\" global_colors_info=\"{}\"][\/et_pb_text][\/et_pb_column][\/et_pb_row][et_pb_row column_structure=\"1_4,1_4,1_4,1_4&Prime; make_equal=\"on\" _builder_version=\"4.27.4&Prime; _module_preset=\"default\" global_colors_info=\"{}\"][et_pb_column type=\"1_4&Prime; _builder_version=\"4.27.4&Prime; _module_preset=\"default\" global_colors_info=\"{}\"][\/et_pb_column][et_pb_column type=\"1_4&Prime; _builder_version=\"4.27.4&Prime; _module_preset=\"default\" global_colors_info=\"{}\"][et_pb_blurb title=\"Formation\" use_icon=\"on\" font_icon=\"&#xf518;||fa||900&Prime; icon_color=\"#E9C46A\" image_icon_width=\"42px\" icon_alignment=\"left\" _builder_version=\"4.27.6&Prime; _module_preset=\"default\" header_text_color=\"#E9C46A\" header_font_size=\"24px\" body_text_color=\"rgba(255,255,255,0.9)\" body_font_size=\"18px\" body_line_height=\"1.6em\" background_color=\"#264653&Prime; height=\"100%\" custom_padding=\"20px|20px|20px|20px|true|true\" animation_style=\"slide\" animation_direction=\"bottom\" animation_duration=\"1500ms\" animation_delay=\"200ms\" border_radii=\"on|30px|30px|30px|30px\" global_colors_info=\"{}\"]<\/p>\n<p><strong>Le Chemin du C\u0153ur<\/strong> est un itin\u00e9raire spirituel qui transforme des vies sur les cinq continents.<\/p>\n<p>[\/et_pb_blurb][\/et_pb_column][et_pb_column type=\"1_4&Prime; _builder_version=\"4.27.4&Prime; _module_preset=\"default\" global_colors_info=\"{}\"][et_pb_blurb title=\"Service\" use_icon=\"on\" font_icon=\"&#xf4be;||fa||900&Prime; icon_color=\"#E9C46A\" image_icon_width=\"42px\" icon_alignment=\"left\" _builder_version=\"4.27.6&Prime; _module_preset=\"default\" header_text_color=\"#E9C46A\" header_font_size=\"24px\" body_text_color=\"rgba(255,255,255,0.9)\" body_font_size=\"18px\" body_line_height=\"1.6em\" background_color=\"#264653&Prime; height=\"100%\" custom_padding=\"20px|20px|20px|20px|true|true\" animation_style=\"slide\" animation_direction=\"bottom\" animation_duration=\"1500ms\" animation_delay=\"400ms\" border_radii=\"on|30px|30px|30px|30px\" global_colors_info=\"{}\"]<\/p>\n<p>Soutien structurel aux bureaux nationaux et aux communaut\u00e9s dans les domaines de mission essentiels.<\/p>\n<p>[\/et_pb_blurb][\/et_pb_column][et_pb_column type=\"1_4&Prime; _builder_version=\"4.27.4&Prime; _module_preset=\"default\" global_colors_info=\"{}\"][et_pb_blurb title=\"Pri\u00e8re\" use_icon=\"on\" font_icon=\"&#xf684;||fa||900&Prime; icon_color=\"#E9C46A\" image_icon_width=\"42px\" icon_alignment=\"left\" _builder_version=\"4.27.6&Prime; _module_preset=\"default\" header_text_color=\"#E9C46A\" header_font_size=\"24px\" body_text_color=\"rgba(255,255,255,0.9)\" body_font_size=\"18px\" body_line_height=\"1.6em\" background_color=\"#264653&Prime; height=\"100%\" custom_padding=\"20px|20px|20px|20px|true|true\" animation_style=\"slide\" animation_direction=\"bottom\" animation_duration=\"1500ms\" animation_delay=\"600ms\" border_radii=\"on|30px|30px|30px|30px\" global_colors_info=\"{}\"]<\/p>\n<p>Des campagnes num\u00e9riques telles que <strong>Pray with the Pope <\/strong>et <strong>Click To Pray<\/strong>, qui mobilisent des millions de personnes pour relever les d\u00e9fis auxquels l&rsquo;humanit\u00e9 est confront\u00e9e.<\/p>\n<p>[\/et_pb_blurb][\/et_pb_column][\/et_pb_row][\/et_pb_section][et_pb_section fb_built=\"1&Prime; admin_label=\"donate\" module_id=\"l&#039;appartenance\" _builder_version=\"4.27.6&Prime; _module_preset=\"default\" background_color=\"#2A9D8F\" background_enable_image=\"off\" background_size=\"contain\" background_position=\"bottom_right\" background_blend=\"screen\" background_pattern_repeat_origin=\"top_center\" custom_padding=\"||||false|false\" bottom_divider_color=\"#264653&Prime; bottom_divider_height=\"48px\" hover_enabled=\"0&Prime; da_disable_devices=\"off|off|off\" global_colors_info=\"{}\" sticky_enabled=\"0&Prime; da_is_popup=\"off\" da_exit_intent=\"off\" da_has_close=\"on\" da_alt_close=\"off\" da_dark_close=\"off\" da_not_modal=\"on\" da_is_singular=\"off\" da_with_loader=\"off\" da_has_shadow=\"on\"][et_pb_row column_structure=\"3_5,2_5&Prime; _builder_version=\"4.27.4&Prime; _module_preset=\"ddbed135-e034-4aab-8f52-69def1d8301e\" animation_style=\"fade\" hover_enabled=\"0&Prime; global_colors_info=\"{}\" sticky_enabled=\"0&Prime;][et_pb_column type=\"3_5&Prime; _builder_version=\"4.27.4&Prime; _module_preset=\"default\" global_colors_info=\"{}\"][et_pb_text _builder_version=\"4.27.6&Prime; _module_preset=\"default\" text_text_color=\"#E5E5E5&Prime; header_text_color=\"#FFFFFF\" header_2_text_color=\"#FFFFFF\" header_2_font_size=\"2.8rem\" header_2_line_height=\"1.2em\" header_3_font=\"||||||||\" header_3_text_color=\"#E9C46A\" header_3_font_size=\"40px\" header_3_line_height=\"1.7em\" animation_style=\"fade\" animation_duration=\"1500ms\" animation_delay=\"100ms\" header_3_line_height_tablet=\"1.7em\" header_3_line_height_phone=\"1.2em\" header_3_line_height_last_edited=\"on|phone\" locked=\"off\" global_colors_info=\"{}\"]<\/p>\n<h2><strong>Faire un don<\/strong><\/h2>\n<p>[\/et_pb_text][et_pb_text _builder_version=\"4.27.6&Prime; _module_preset=\"default\" text_text_color=\"#FFFFFF\" text_font_size=\"20px\" text_line_height=\"1.6em\" header_3_text_color=\"#FFFFFF\" header_3_line_height=\"1.7em\" animation_style=\"fade\" animation_duration=\"1500ms\" animation_delay=\"300ms\" global_colors_info=\"{}\"]<\/p>\n<p>Collaborez en toute s\u00e9curit\u00e9 gr\u00e2ce \u00e0 notre formulaire Donorbox ou par virement bancaire.<\/p>\n<p><em>Syst\u00e8mes prot\u00e9g\u00e9s par SSL\/TLS. Stricte conformit\u00e9 avec les exigences PCI. En choisissant un don r\u00e9current, Donorbox vous permettra de g\u00e9rer votre compte personnel  <\/em><\/p>\n<p>[\/et_pb_text][\/et_pb_column][et_pb_column type=\"2_5&Prime; _builder_version=\"4.27.4&Prime; _module_preset=\"default\" global_colors_info=\"{}\"][\/et_pb_column][\/et_pb_row][et_pb_row column_structure=\"1_2,1_2&Prime; _builder_version=\"4.27.6&Prime; _module_preset=\"default\" background_image=\"https:\/\/www.popesprayer.va\/wp-content\/uploads\/2025\/10\/sjdigital_A_top-view_realistic_photo_of_candles_arranged_in_the_e90f0909-c8a8-412b-a4ff-c29b3c67c115-en-tamano-grande.jpeg\" background_size=\"cover\" background_repeat=\"no-repeat\" custom_padding=\"80px|40px|80px|40px|true|true\" border_radii=\"on|30px|30px|30px|30px\" global_colors_info=\"{}\"][et_pb_column type=\"1_2&Prime; _builder_version=\"4.27.4&Prime; _module_preset=\"default\" global_colors_info=\"{}\"][et_pb_code _builder_version=\"4.27.6&Prime; _module_preset=\"default\" global_colors_info=\"{}\"]<\/p>\n<div style=\"width: 100%; max-width: 500px; margin: 0 auto; border-radius: 20px; overflow: hidden; box-shadow: 0 4px 15px rgba(0,0,0,0.1);\"><!-- [et_pb_line_break_holder] -->    <!-- [et_pb_line_break_holder] -->    <script src=\"https:\/\/donorbox.org\/widget.js\" paypalexpress=\"false\"><\/script><!-- [et_pb_line_break_holder] -->    <iframe loading=\"lazy\" src=\"https:\/\/donorbox.org\/embed\/pope-s-worldwide-prayer-network?hide_donation_meter=true\" name=\"donorbox\" width=\"100%\" height=\"700px\" frameborder=\"0\" scrolling=\"no\" seamless=\"seamless\" style=\"display: block; min-width: 310px; max-height: none !important;\"><!-- [et_pb_line_break_holder] -->    <\/iframe><!-- [et_pb_line_break_holder] --><!-- [et_pb_line_break_holder] --><\/div>\n<p>[\/et_pb_code][\/et_pb_column][et_pb_column type=\"1_2&Prime; _builder_version=\"4.27.4&Prime; _module_preset=\"default\" custom_padding=\"100px||||false|false\" global_colors_info=\"{}\"][et_pb_text _builder_version=\"4.27.6&Prime; _module_preset=\"default\" text_text_color=\"#264653&Prime; text_font_size=\"18px\" header_3_text_color=\"#264653&Prime; header_3_font_size=\"24px\" background_color=\"rgba(255,255,255,0.8)\" custom_margin=\"|||20px|false|false\" custom_margin_tablet=\"|||20px|false|false\" custom_margin_phone=\"|||0px|false|false\" custom_margin_last_edited=\"on|phone\" custom_padding=\"20px||20px|20px|true|false\" custom_padding_tablet=\"20px||20px|20px|true|false\" custom_padding_phone=\"|20px|||true|false\" custom_padding_last_edited=\"on|phone\" animation_style=\"fade\" animation_duration=\"1500ms\" animation_delay=\"500ms\" border_radii=\"on|30px|30px|30px|30px\" global_colors_info=\"{}\"]<\/p>\n<h3><strong data-start=\"741\" data-end=\"766\">Donn\u00e9es en EURO (\u20ac)<\/strong><\/h3>\n<ul>\n<li><strong>Banque :<\/strong> IOR - Istituto per le Opere di Religione (Institut pour les id\u00e9es religieuses)<\/li>\n<li><strong>Nom du compte :<\/strong> Rete Mondiale di Preghiera del Papa<\/li>\n<li><strong>IBAN :<\/strong> VA55001000000048604001<\/li>\n<li><strong>Code SWIFT : <\/strong>IOPRVAVX<\/li>\n<\/ul>\n<p>[\/et_pb_text][et_pb_text _builder_version=\"4.27.6&Prime; _module_preset=\"default\" text_text_color=\"#264653&Prime; text_font_size=\"18px\" header_3_text_color=\"#264653&Prime; header_3_font_size=\"24px\" background_color=\"rgba(255,255,255,0.8)\" custom_margin=\"|||20px|false|false\" custom_margin_tablet=\"|||20px|false|false\" custom_margin_phone=\"|||0px|false|false\" custom_margin_last_edited=\"on|phone\" custom_padding=\"20px||20px|20px|true|false\" custom_padding_tablet=\"20px||20px|20px|true|false\" custom_padding_phone=\"|20px|||true|false\" custom_padding_last_edited=\"on|phone\" animation_style=\"fade\" animation_duration=\"1500ms\" animation_delay=\"500ms\" border_radii=\"on|30px|30px|30px|30px\" global_colors_info=\"{}\"]<\/p>\n<h3><strong data-start=\"741\" data-end=\"766\">Donn\u00e9es en USD ($)<\/strong><\/h3>\n<ul>\n<li><strong>Banque :<\/strong> IOR - Istituto per le Opere di Religione (Institut pour les id\u00e9es religieuses)<\/li>\n<li><strong>Nom du compte :<\/strong> Rete Mondiale di Preghiera del Papa<\/li>\n<li><strong>IBAN :<\/strong> VA28001000000048604002<\/li>\n<li><strong>Code SWIFT : <\/strong>IOPRVAVX<\/li>\n<\/ul>\n<p>[\/et_pb_text][\/et_pb_column][\/et_pb_row][\/et_pb_section][et_pb_section fb_built=\"1&Prime; _builder_version=\"4.27.4&Prime; _module_preset=\"default\" background_color=\"#F4A261&Prime; background_image=\"https:\/\/www.popesprayer.va\/wp-content\/uploads\/2025\/01\/logo-RMOP-corazon_bl.png\" background_size=\"contain\" background_position=\"center_right\" background_blend=\"soft-light\" custom_padding=\"6vw||6vw||true|false\" top_divider_style=\"ramp\" top_divider_color=\"#2A9D8F\" top_divider_flip=\"vertical|horizontal\" bottom_divider_style=\"ramp\" bottom_divider_color=\"#264653&Prime; bottom_divider_flip=\"horizontal\" da_disable_devices=\"off|off|off\" global_colors_info=\"{}\" da_is_popup=\"off\" da_exit_intent=\"off\" da_has_close=\"on\" da_alt_close=\"off\" da_dark_close=\"off\" da_not_modal=\"on\" da_is_singular=\"off\" da_with_loader=\"off\" da_has_shadow=\"on\"][et_pb_row column_structure=\"2_3,1_3&Prime; _builder_version=\"4.27.4&Prime; _module_preset=\"ddbed135-e034-4aab-8f52-69def1d8301e\" background_enable_image=\"off\" background_size=\"contain\" background_position=\"top_right\" background_repeat=\"no-repeat\" background_last_edited=\"off|desktop\" background_enable_image_phone=\"off\" background_blend_phone=\"luminosity\" global_colors_info=\"{}\"][et_pb_column type=\"2_3&Prime; _builder_version=\"4.27.4&Prime; _module_preset=\"default\" background_enable_color=\"off\" custom_padding=\"40px|40px|40px|40px|true|true\" animation_style=\"fade\" animation_duration=\"1500ms\" animation_delay=\"300ms\" border_radii=\"on|20px|20px|20px|20px\" global_colors_info=\"{}\"][et_pb_text _builder_version=\"4.27.6&Prime; _module_preset=\"default\" text_text_color=\"#E5E5E5&Prime; header_3_text_align=\"left\" header_3_text_color=\"#264653&Prime; header_3_font_size=\"40px\" header_3_line_height=\"1.7em\" custom_margin=\"||0px||false|false\" animation_style=\"fade\" animation_duration=\"1500ms\" animation_delay=\"100ms\" header_3_line_height_tablet=\"1.7em\" header_3_line_height_phone=\"1.2em\" header_3_line_height_last_edited=\"on|phone\" global_colors_info=\"{}\"]<\/p>\n<h3><strong>Avantages fiscaux<\/strong><\/h3>\n<p>[\/et_pb_text][et_pb_text _builder_version=\"4.27.6&Prime; _module_preset=\"default\" text_text_color=\"#F9F9F9&Prime; text_font_size=\"22px\" text_line_height=\"1.6em\" module_alignment=\"center\" animation_style=\"fade\" animation_duration=\"1500ms\" animation_delay=\"400ms\" global_colors_info=\"{}\"]<\/p>\n<p>Pour les dons donnant lieu \u00e0 des avantages fiscaux, contactez-nous \u00e0 l&rsquo;adresse <a href=\"mailto:finance@popesprayer.va\">finance@popesprayer.va<\/a> pour une assistance personnalis\u00e9e.<\/p>\n<p>[\/et_pb_text][\/et_pb_column][et_pb_column type=\"1_3&Prime; _builder_version=\"4.27.4&Prime; _module_preset=\"default\" global_colors_info=\"{}\"][\/et_pb_column][\/et_pb_row][\/et_pb_section]<\/p>\n","protected":false},"excerpt":{"rendered":"<p>Aidez-nous \u00e0 garder la mission du Pape battantEn ce mois du Sacr\u00e9-C\u0153ur, participez \u00e0 notre Semaine de la g\u00e9n\u00e9rosit\u00e9 du 8 au 12 juin. Votre aide est essentielle pour soutenir notre mission de compassion dans le monde. Votre foi devient un geste concret de solidarit\u00e9Aidez-nous \u00e0 soutenir le r\u00e9seau mondial de pri\u00e8re du pape, la [&hellip;]<\/p>\n","protected":false},"author":2,"featured_media":0,"parent":0,"menu_order":0,"comment_status":"closed","ping_status":"closed","template":"","meta":{"_acf_changed":false,"_et_pb_use_builder":"on","_et_pb_old_content":"","_et_gb_content_width":"","footnotes":""},"class_list":["post-97179","page","type-page","status-publish","hentry"],"acf":[],"yoast_head":"<!-- This site is optimized with the Yoast SEO plugin v27.5 - https:\/\/yoast.com\/product\/yoast-seo-wordpress\/ -->\n<title>Test des dons - R\u00e9seau Mondial de Pri\u00e8re du Pape<\/title>\n<meta name=\"robots\" content=\"index, follow, max-snippet:-1, max-image-preview:large, max-video-preview:-1\" \/>\n<link rel=\"canonical\" href=\"https:\/\/www.popesprayer.va\/fr\/test-des-dons\/\" \/>\n<meta property=\"og:locale\" content=\"fr_FR\" \/>\n<meta property=\"og:type\" content=\"article\" \/>\n<meta property=\"og:title\" content=\"Test des dons - R\u00e9seau Mondial de Pri\u00e8re du Pape\" \/>\n<meta property=\"og:description\" content=\"Aidez-nous \u00e0 garder la mission du Pape battantEn ce mois du Sacr\u00e9-C\u0153ur, participez \u00e0 notre Semaine de la g\u00e9n\u00e9rosit\u00e9 du 8 au 12 juin. Votre aide est essentielle pour soutenir notre mission de compassion dans le monde. Votre foi devient un geste concret de solidarit\u00e9Aidez-nous \u00e0 soutenir le r\u00e9seau mondial de pri\u00e8re du pape, la [&hellip;]\" \/>\n<meta property=\"og:url\" content=\"https:\/\/www.popesprayer.va\/fr\/test-des-dons\/\" \/>\n<meta property=\"og:site_name\" content=\"R\u00e9seau Mondial de Pri\u00e8re du Pape\" \/>\n<meta property=\"article:modified_time\" content=\"2026-05-05T18:54:16+00:00\" \/>\n<meta name=\"twitter:card\" content=\"summary_large_image\" \/>\n<meta name=\"twitter:label1\" content=\"Dur\u00e9e de lecture estim\u00e9e\" \/>\n\t<meta name=\"twitter:data1\" content=\"11 minutes\" \/>\n<script type=\"application\/ld+json\" class=\"yoast-schema-graph\">{\"@context\":\"https:\\\/\\\/schema.org\",\"@graph\":[{\"@type\":\"WebPage\",\"@id\":\"https:\\\/\\\/www.popesprayer.va\\\/fr\\\/test-des-dons\\\/\",\"url\":\"https:\\\/\\\/www.popesprayer.va\\\/fr\\\/test-des-dons\\\/\",\"name\":\"Test des dons - R\u00e9seau Mondial de Pri\u00e8re du Pape\",\"isPartOf\":{\"@id\":\"https:\\\/\\\/www.popesprayer.va\\\/fr\\\/#website\"},\"datePublished\":\"2026-05-05T18:06:00+00:00\",\"dateModified\":\"2026-05-05T18:54:16+00:00\",\"breadcrumb\":{\"@id\":\"https:\\\/\\\/www.popesprayer.va\\\/fr\\\/test-des-dons\\\/#breadcrumb\"},\"inLanguage\":\"fr-FR\",\"potentialAction\":[{\"@type\":\"ReadAction\",\"target\":[\"https:\\\/\\\/www.popesprayer.va\\\/fr\\\/test-des-dons\\\/\"]}]},{\"@type\":\"BreadcrumbList\",\"@id\":\"https:\\\/\\\/www.popesprayer.va\\\/fr\\\/test-des-dons\\\/#breadcrumb\",\"itemListElement\":[{\"@type\":\"ListItem\",\"position\":1,\"name\":\"Accueil\",\"item\":\"https:\\\/\\\/www.popesprayer.va\\\/fr\\\/\"},{\"@type\":\"ListItem\",\"position\":2,\"name\":\"Test des dons\"}]},{\"@type\":\"WebSite\",\"@id\":\"https:\\\/\\\/www.popesprayer.va\\\/fr\\\/#website\",\"url\":\"https:\\\/\\\/www.popesprayer.va\\\/fr\\\/\",\"name\":\"Pope's Worldwide Prayer Network\",\"description\":\"Pray together, change the world\",\"publisher\":{\"@id\":\"https:\\\/\\\/www.popesprayer.va\\\/fr\\\/#organization\"},\"potentialAction\":[{\"@type\":\"SearchAction\",\"target\":{\"@type\":\"EntryPoint\",\"urlTemplate\":\"https:\\\/\\\/www.popesprayer.va\\\/fr\\\/?s={search_term_string}\"},\"query-input\":{\"@type\":\"PropertyValueSpecification\",\"valueRequired\":true,\"valueName\":\"search_term_string\"}}],\"inLanguage\":\"fr-FR\"},{\"@type\":\"Organization\",\"@id\":\"https:\\\/\\\/www.popesprayer.va\\\/fr\\\/#organization\",\"name\":\"R\u00e9seau mondial de pri\u00e8re du pape\",\"url\":\"https:\\\/\\\/www.popesprayer.va\\\/fr\\\/\",\"logo\":{\"@type\":\"ImageObject\",\"inLanguage\":\"fr-FR\",\"@id\":\"https:\\\/\\\/www.popesprayer.va\\\/fr\\\/#\\\/schema\\\/logo\\\/image\\\/\",\"url\":\"https:\\\/\\\/www.popesprayer.va\\\/wp-content\\\/uploads\\\/2025\\\/01\\\/Logo-Popes-Worldwide-Prayer-Network-Pontifical-Work-EN-Horizontal.png\",\"contentUrl\":\"https:\\\/\\\/www.popesprayer.va\\\/wp-content\\\/uploads\\\/2025\\\/01\\\/Logo-Popes-Worldwide-Prayer-Network-Pontifical-Work-EN-Horizontal.png\",\"width\":1328,\"height\":228,\"caption\":\"R\u00e9seau mondial de pri\u00e8re du pape\"},\"image\":{\"@id\":\"https:\\\/\\\/www.popesprayer.va\\\/fr\\\/#\\\/schema\\\/logo\\\/image\\\/\"}}]}<\/script>\n<!-- \/ Yoast SEO plugin. -->","yoast_head_json":{"title":"Test des dons - R\u00e9seau Mondial de Pri\u00e8re du Pape","robots":{"index":"index","follow":"follow","max-snippet":"max-snippet:-1","max-image-preview":"max-image-preview:large","max-video-preview":"max-video-preview:-1"},"canonical":"https:\/\/www.popesprayer.va\/fr\/test-des-dons\/","og_locale":"fr_FR","og_type":"article","og_title":"Test des dons - R\u00e9seau Mondial de Pri\u00e8re du Pape","og_description":"Aidez-nous \u00e0 garder la mission du Pape battantEn ce mois du Sacr\u00e9-C\u0153ur, participez \u00e0 notre Semaine de la g\u00e9n\u00e9rosit\u00e9 du 8 au 12 juin. Votre aide est essentielle pour soutenir notre mission de compassion dans le monde. Votre foi devient un geste concret de solidarit\u00e9Aidez-nous \u00e0 soutenir le r\u00e9seau mondial de pri\u00e8re du pape, la [&hellip;]","og_url":"https:\/\/www.popesprayer.va\/fr\/test-des-dons\/","og_site_name":"R\u00e9seau Mondial de Pri\u00e8re du Pape","article_modified_time":"2026-05-05T18:54:16+00:00","twitter_card":"summary_large_image","twitter_misc":{"Dur\u00e9e de lecture estim\u00e9e":"11 minutes"},"schema":{"@context":"https:\/\/schema.org","@graph":[{"@type":"WebPage","@id":"https:\/\/www.popesprayer.va\/fr\/test-des-dons\/","url":"https:\/\/www.popesprayer.va\/fr\/test-des-dons\/","name":"Test des dons - R\u00e9seau Mondial de Pri\u00e8re du Pape","isPartOf":{"@id":"https:\/\/www.popesprayer.va\/fr\/#website"},"datePublished":"2026-05-05T18:06:00+00:00","dateModified":"2026-05-05T18:54:16+00:00","breadcrumb":{"@id":"https:\/\/www.popesprayer.va\/fr\/test-des-dons\/#breadcrumb"},"inLanguage":"fr-FR","potentialAction":[{"@type":"ReadAction","target":["https:\/\/www.popesprayer.va\/fr\/test-des-dons\/"]}]},{"@type":"BreadcrumbList","@id":"https:\/\/www.popesprayer.va\/fr\/test-des-dons\/#breadcrumb","itemListElement":[{"@type":"ListItem","position":1,"name":"Accueil","item":"https:\/\/www.popesprayer.va\/fr\/"},{"@type":"ListItem","position":2,"name":"Test des dons"}]},{"@type":"WebSite","@id":"https:\/\/www.popesprayer.va\/fr\/#website","url":"https:\/\/www.popesprayer.va\/fr\/","name":"Pope's Worldwide Prayer Network","description":"Pray together, change the world","publisher":{"@id":"https:\/\/www.popesprayer.va\/fr\/#organization"},"potentialAction":[{"@type":"SearchAction","target":{"@type":"EntryPoint","urlTemplate":"https:\/\/www.popesprayer.va\/fr\/?s={search_term_string}"},"query-input":{"@type":"PropertyValueSpecification","valueRequired":true,"valueName":"search_term_string"}}],"inLanguage":"fr-FR"},{"@type":"Organization","@id":"https:\/\/www.popesprayer.va\/fr\/#organization","name":"R\u00e9seau mondial de pri\u00e8re du pape","url":"https:\/\/www.popesprayer.va\/fr\/","logo":{"@type":"ImageObject","inLanguage":"fr-FR","@id":"https:\/\/www.popesprayer.va\/fr\/#\/schema\/logo\/image\/","url":"https:\/\/www.popesprayer.va\/wp-content\/uploads\/2025\/01\/Logo-Popes-Worldwide-Prayer-Network-Pontifical-Work-EN-Horizontal.png","contentUrl":"https:\/\/www.popesprayer.va\/wp-content\/uploads\/2025\/01\/Logo-Popes-Worldwide-Prayer-Network-Pontifical-Work-EN-Horizontal.png","width":1328,"height":228,"caption":"R\u00e9seau mondial de pri\u00e8re du pape"},"image":{"@id":"https:\/\/www.popesprayer.va\/fr\/#\/schema\/logo\/image\/"}}]}},"_links":{"self":[{"href":"https:\/\/www.popesprayer.va\/fr\/wp-json\/wp\/v2\/pages\/97179","targetHints":{"allow":["GET"]}}],"collection":[{"href":"https:\/\/www.popesprayer.va\/fr\/wp-json\/wp\/v2\/pages"}],"about":[{"href":"https:\/\/www.popesprayer.va\/fr\/wp-json\/wp\/v2\/types\/page"}],"author":[{"embeddable":true,"href":"https:\/\/www.popesprayer.va\/fr\/wp-json\/wp\/v2\/users\/2"}],"replies":[{"embeddable":true,"href":"https:\/\/www.popesprayer.va\/fr\/wp-json\/wp\/v2\/comments?post=97179"}],"version-history":[{"count":7,"href":"https:\/\/www.popesprayer.va\/fr\/wp-json\/wp\/v2\/pages\/97179\/revisions"}],"predecessor-version":[{"id":97201,"href":"https:\/\/www.popesprayer.va\/fr\/wp-json\/wp\/v2\/pages\/97179\/revisions\/97201"}],"wp:attachment":[{"href":"https:\/\/www.popesprayer.va\/fr\/wp-json\/wp\/v2\/media?parent=97179"}],"curies":[{"name":"wp","href":"https:\/\/api.w.org\/{rel}","templated":true}]}}