{"id":85286,"date":"2025-10-22T10:38:00","date_gmt":"2025-10-22T08:38:00","guid":{"rendered":"https:\/\/www.popesprayer.va\/donazioni\/"},"modified":"2025-12-01T14:35:12","modified_gmt":"2025-12-01T13:35:12","slug":"donazioni","status":"publish","type":"page","link":"https:\/\/www.popesprayer.va\/it\/donazioni\/","title":{"rendered":"Donazioni"},"content":{"rendered":"<p>[et_pb_section fb_built=\"1&#8243; _builder_version=\"4.27.4&#8243; _module_preset=\"default\" background_image=\"https:\/\/www.popesprayer.va\/wp-content\/uploads\/2025\/10\/sjdigital_A_top-view_realistic_photo_of_candles_arranged_in_the_e90f0909-c8a8-412b-a4ff-c29b3c67c115-en-tamano-grande.jpeg\" custom_padding=\"200px||100px||false|false\" top_divider_style=\"ramp\" top_divider_color=\"#F4A261&#8243; bottom_divider_style=\"ramp\" bottom_divider_color=\"#E9C46A\" bottom_divider_flip=\"horizontal\" hover_enabled=\"0&#8243; global_colors_info=\"{}\" alt=\"sjdigital_A_top-view_realistic_photo_of_candles_arranged_in_the_e90f0909-c8a8-412b-a4ff-c29b3c67c115 en taman\u0303o grande\" title_text=\"sjdigital_A_top-view_realistic_photo_of_candles_arranged_in_the_e90f0909-c8a8-412b-a4ff-c29b3c67c115 en taman\u0303o grande\" background_color=\"#264653&#8243; background_blend=\"overlay\" sticky_enabled=\"0&#8243;][et_pb_row column_structure=\"3_5,2_5&#8243; _builder_version=\"4.27.4&#8243; _module_preset=\"default\" global_colors_info=\"{}\"][et_pb_column type=\"3_5&#8243; _builder_version=\"4.27.4&#8243; _module_preset=\"default\" global_colors_info=\"{}\"][et_pb_text _builder_version=\"4.27.4&#8243; _module_preset=\"default\" header_text_color=\"#F4A261&#8243; header_font_size=\"3rem\" positioning=\"relative\" position_origin_a=\"center_left\" z_index=\"100&#8243; width=\"100%\" custom_margin=\"||0px||false|false\" animation_style=\"fade\" animation_duration=\"1500ms\" animation_delay=\"100ms\" header_font_size_tablet=\"2.5rem\" header_font_size_phone=\"2rem\" header_font_size_last_edited=\"on|phone\" global_colors_info=\"{}\"]<\/p>\n<h1>Donazioni<\/h1>\n<p>[\/et_pb_text][et_pb_text _builder_version=\"4.27.4&#8243; _module_preset=\"default\" header_font=\"|700|||||||\" header_text_color=\"#FFFFFF\" header_font_size=\"4rem\" positioning=\"relative\" position_origin_a=\"center_left\" z_index=\"100&#8243; width=\"100%\" animation_style=\"fade\" animation_duration=\"1500ms\" animation_delay=\"300ms\" header_font_size_tablet=\"4rem\" header_font_size_phone=\"3rem\" header_font_size_last_edited=\"on|phone\" global_colors_info=\"{}\"]<\/p>\n<h1>Una missione di compassione per il mondo<\/h1>\n<p>[\/et_pb_text][\/et_pb_column][et_pb_column type=\"2_5&#8243; _builder_version=\"4.27.4&#8243; _module_preset=\"default\" global_colors_info=\"{}\"][\/et_pb_column][\/et_pb_row][\/et_pb_section][et_pb_section fb_built=\"1&#8243; next_background_color=\"#264653&#8243; _builder_version=\"4.27.4&#8243; _module_preset=\"default\" background_color=\"#E9C46A\" bottom_divider_style=\"ramp\" bottom_divider_flip=\"horizontal\" global_colors_info=\"{}\"][et_pb_row column_structure=\"1_2,1_2&#8243; _builder_version=\"4.27.4&#8243; _module_preset=\"default\" global_colors_info=\"{}\"][et_pb_column type=\"1_2&#8243; _builder_version=\"4.27.4&#8243; _module_preset=\"default\" global_colors_info=\"{}\"][et_pb_text _builder_version=\"4.27.4&#8243; _module_preset=\"default\" text_text_color=\"#264653&#8243; text_font_size=\"18px\" text_line_height=\"1.6em\" global_colors_info=\"{}\"]<\/p>\n<div class=\"wpb_text_column wpb_content_element\">\n<div class=\"wpb_wrapper\">\n<p>Grazie per l&#8217;aiuto che ci dai a mobilitare le persone attraverso la preghiera e l&#8217;azione per le sfide dell&#8217;umanit\u00e0 e della missione della Chiesa.<\/p>\n<p>Con la tua collaborazione, la Rete Mondiale di Preghiera del Papa, Fondazione Vaticana, porter\u00e0 avanti la sua missione di evangelizzazione.<\/p>\n<p>Puoi collaborare con noi in forma annuale, mensile o con una donazione unica. Ti invitiamo a costruire insieme a noi questa rete di preghiera per uscire dalla globalizzazione dell&#8217;indifferenza e per favorire una cultura dell&#8217;incontro in cui nessuno si senta escluso. Il Vangelo di Ges\u00f9 Cristo \u00e8 la nostra bussola verso un mondo di giustizia, pace e fraternit\u00e0.  <\/p>\n<\/div>\n<\/div>\n<p>[\/et_pb_text][et_pb_text _builder_version=\"4.27.4&#8243; _module_preset=\"default\" global_colors_info=\"{}\"]<\/p>\n<div class=\"wpb_text_column wpb_content_element\">\n<div class=\"wpb_wrapper\">\n<p><strong>Sviluppato da Donorbox e Stripe. Protetto con SSL \/ TLS. Conforme a tutti i requisiti PCI:  <\/strong><\/p>\n<\/div>\n<\/div>\n<p>[\/et_pb_text][et_pb_image src=\"https:\/\/www.popesprayer.va\/wp-content\/uploads\/2025\/10\/Donation-logos.png\" alt=\"Loghi di donazione\" title_text=\"Loghi di donazione\" _builder_version=\"4.27.4&#8243; _module_preset=\"default\" box_shadow_style=\"preset4&#8243; global_colors_info=\"{}\"][\/et_pb_image][et_pb_text _builder_version=\"4.27.4&#8243; _module_preset=\"default\" global_colors_info=\"{}\"]<\/p>\n<p><em><u>NB<\/u>: Se selezioni una donazione ricorrente: \u201cmensile\u201d o \u201cannuale\u201d; riceverai una mail da Donorbox (la piattaforma di donazione online). Non preoccuparti, questa email viene inviata per permetterti di completare la creazione di un account personale con Donorbox. Avere un account creato sulla piattaforma ti permetter\u00e0 di: cambiare la periodicit\u00e0 delle donazioni, cambiare la quantit\u00e0 di denaro che doni, cambiare il metodo di pagamento tramite cui doni e cancellare le donazioni.  <\/em><\/p>\n<p>[\/et_pb_text][\/et_pb_column][et_pb_column type=\"1_2&#8243; _builder_version=\"4.27.4&#8243; _module_preset=\"default\" global_colors_info=\"{}\"][et_pb_code _builder_version=\"4.27.4&#8243; _module_preset=\"default\" global_colors_info=\"{}\"]<script src=\"https:\/\/donorbox.org\/widget.js\" paypalexpress=\"false\"><\/script><iframe loading=\"lazy\" style=\"max-width: 500px; min-width: 310px; max-height: none!important;\" src=\"https:\/\/donorbox.org\/embed\/pope-s-worldwide-prayer-network\" name=\"donorbox\" width=\"100%\" height=\"685px\" frameborder=\"0\" scrolling=\"no\" seamless=\"seamless\"><\/iframe>[\/et_pb_code][\/et_pb_column][\/et_pb_row][\/et_pb_section]<\/p>\n","protected":false},"excerpt":{"rendered":"<p>DonazioniUna missione di compassione per il mondo Grazie per l&#8217;aiuto che ci dai a mobilitare le persone attraverso la preghiera e l&#8217;azione per le sfide dell&#8217;umanit\u00e0 e della missione della Chiesa. Con la tua collaborazione, la Rete Mondiale di Preghiera del Papa, Fondazione Vaticana, porter\u00e0 avanti la sua missione di evangelizzazione. Puoi collaborare con noi [&hellip;]<\/p>\n","protected":false},"author":1,"featured_media":0,"parent":0,"menu_order":0,"comment_status":"closed","ping_status":"closed","template":"","meta":{"_acf_changed":false,"_et_pb_use_builder":"on","_et_pb_old_content":"","_et_gb_content_width":"","footnotes":""},"class_list":["post-85286","page","type-page","status-publish","hentry"],"acf":[],"yoast_head":"<!-- This site is optimized with the Yoast SEO plugin v27.3 - https:\/\/yoast.com\/product\/yoast-seo-wordpress\/ -->\n<title>Donazioni - Rete Mondiale di Preghiera del Papa<\/title>\n<meta name=\"robots\" content=\"index, follow, max-snippet:-1, max-image-preview:large, max-video-preview:-1\" \/>\n<link rel=\"canonical\" href=\"https:\/\/www.popesprayer.va\/it\/donazioni\/\" \/>\n<meta property=\"og:locale\" content=\"it_IT\" \/>\n<meta property=\"og:type\" content=\"article\" \/>\n<meta property=\"og:title\" content=\"Donazioni - Rete Mondiale di Preghiera del Papa\" \/>\n<meta property=\"og:description\" content=\"DonazioniUna missione di compassione per il mondo Grazie per l&#039;aiuto che ci dai a mobilitare le persone attraverso la preghiera e l&#039;azione per le sfide dell&#039;umanit\u00e0 e della missione della Chiesa. Con la tua collaborazione, la Rete Mondiale di Preghiera del Papa, Fondazione Vaticana, porter\u00e0 avanti la sua missione di evangelizzazione. Puoi collaborare con noi [&hellip;]\" \/>\n<meta property=\"og:url\" content=\"https:\/\/www.popesprayer.va\/it\/donazioni\/\" \/>\n<meta property=\"og:site_name\" content=\"Rete Mondiale di Preghiera del Papa\" \/>\n<meta property=\"article:modified_time\" content=\"2025-12-01T13:35:12+00:00\" \/>\n<meta name=\"twitter:card\" content=\"summary_large_image\" \/>\n<meta name=\"twitter:label1\" content=\"Tempo di lettura stimato\" \/>\n\t<meta name=\"twitter:data1\" content=\"3 minuti\" \/>\n<script type=\"application\/ld+json\" class=\"yoast-schema-graph\">{\"@context\":\"https:\\\/\\\/schema.org\",\"@graph\":[{\"@type\":\"WebPage\",\"@id\":\"https:\\\/\\\/www.popesprayer.va\\\/it\\\/donazioni\\\/\",\"url\":\"https:\\\/\\\/www.popesprayer.va\\\/it\\\/donazioni\\\/\",\"name\":\"Donazioni - Rete Mondiale di Preghiera del Papa\",\"isPartOf\":{\"@id\":\"https:\\\/\\\/www.popesprayer.va\\\/it\\\/#website\"},\"datePublished\":\"2025-10-22T08:38:00+00:00\",\"dateModified\":\"2025-12-01T13:35:12+00:00\",\"breadcrumb\":{\"@id\":\"https:\\\/\\\/www.popesprayer.va\\\/it\\\/donazioni\\\/#breadcrumb\"},\"inLanguage\":\"it-IT\",\"potentialAction\":[{\"@type\":\"ReadAction\",\"target\":[\"https:\\\/\\\/www.popesprayer.va\\\/it\\\/donazioni\\\/\"]}]},{\"@type\":\"BreadcrumbList\",\"@id\":\"https:\\\/\\\/www.popesprayer.va\\\/it\\\/donazioni\\\/#breadcrumb\",\"itemListElement\":[{\"@type\":\"ListItem\",\"position\":1,\"name\":\"Home\",\"item\":\"https:\\\/\\\/www.popesprayer.va\\\/it\\\/\"},{\"@type\":\"ListItem\",\"position\":2,\"name\":\"Donazioni\"}]},{\"@type\":\"WebSite\",\"@id\":\"https:\\\/\\\/www.popesprayer.va\\\/it\\\/#website\",\"url\":\"https:\\\/\\\/www.popesprayer.va\\\/it\\\/\",\"name\":\"Pope's Worldwide Prayer Network\",\"description\":\"Pray together, change the world\",\"publisher\":{\"@id\":\"https:\\\/\\\/www.popesprayer.va\\\/it\\\/#organization\"},\"potentialAction\":[{\"@type\":\"SearchAction\",\"target\":{\"@type\":\"EntryPoint\",\"urlTemplate\":\"https:\\\/\\\/www.popesprayer.va\\\/it\\\/?s={search_term_string}\"},\"query-input\":{\"@type\":\"PropertyValueSpecification\",\"valueRequired\":true,\"valueName\":\"search_term_string\"}}],\"inLanguage\":\"it-IT\"},{\"@type\":\"Organization\",\"@id\":\"https:\\\/\\\/www.popesprayer.va\\\/it\\\/#organization\",\"name\":\"Rete di preghiera mondiale del Papa\",\"url\":\"https:\\\/\\\/www.popesprayer.va\\\/it\\\/\",\"logo\":{\"@type\":\"ImageObject\",\"inLanguage\":\"it-IT\",\"@id\":\"https:\\\/\\\/www.popesprayer.va\\\/it\\\/#\\\/schema\\\/logo\\\/image\\\/\",\"url\":\"https:\\\/\\\/www.popesprayer.va\\\/wp-content\\\/uploads\\\/2025\\\/01\\\/Logo-Popes-Worldwide-Prayer-Network-Pontifical-Work-EN-Horizontal.png\",\"contentUrl\":\"https:\\\/\\\/www.popesprayer.va\\\/wp-content\\\/uploads\\\/2025\\\/01\\\/Logo-Popes-Worldwide-Prayer-Network-Pontifical-Work-EN-Horizontal.png\",\"width\":1328,\"height\":228,\"caption\":\"Rete di preghiera mondiale del Papa\"},\"image\":{\"@id\":\"https:\\\/\\\/www.popesprayer.va\\\/it\\\/#\\\/schema\\\/logo\\\/image\\\/\"}}]}<\/script>\n<!-- \/ Yoast SEO plugin. -->","yoast_head_json":{"title":"Donazioni - Rete Mondiale di Preghiera del Papa","robots":{"index":"index","follow":"follow","max-snippet":"max-snippet:-1","max-image-preview":"max-image-preview:large","max-video-preview":"max-video-preview:-1"},"canonical":"https:\/\/www.popesprayer.va\/it\/donazioni\/","og_locale":"it_IT","og_type":"article","og_title":"Donazioni - Rete Mondiale di Preghiera del Papa","og_description":"DonazioniUna missione di compassione per il mondo Grazie per l'aiuto che ci dai a mobilitare le persone attraverso la preghiera e l'azione per le sfide dell'umanit\u00e0 e della missione della Chiesa. Con la tua collaborazione, la Rete Mondiale di Preghiera del Papa, Fondazione Vaticana, porter\u00e0 avanti la sua missione di evangelizzazione. Puoi collaborare con noi [&hellip;]","og_url":"https:\/\/www.popesprayer.va\/it\/donazioni\/","og_site_name":"Rete Mondiale di Preghiera del Papa","article_modified_time":"2025-12-01T13:35:12+00:00","twitter_card":"summary_large_image","twitter_misc":{"Tempo di lettura stimato":"3 minuti"},"schema":{"@context":"https:\/\/schema.org","@graph":[{"@type":"WebPage","@id":"https:\/\/www.popesprayer.va\/it\/donazioni\/","url":"https:\/\/www.popesprayer.va\/it\/donazioni\/","name":"Donazioni - Rete Mondiale di Preghiera del Papa","isPartOf":{"@id":"https:\/\/www.popesprayer.va\/it\/#website"},"datePublished":"2025-10-22T08:38:00+00:00","dateModified":"2025-12-01T13:35:12+00:00","breadcrumb":{"@id":"https:\/\/www.popesprayer.va\/it\/donazioni\/#breadcrumb"},"inLanguage":"it-IT","potentialAction":[{"@type":"ReadAction","target":["https:\/\/www.popesprayer.va\/it\/donazioni\/"]}]},{"@type":"BreadcrumbList","@id":"https:\/\/www.popesprayer.va\/it\/donazioni\/#breadcrumb","itemListElement":[{"@type":"ListItem","position":1,"name":"Home","item":"https:\/\/www.popesprayer.va\/it\/"},{"@type":"ListItem","position":2,"name":"Donazioni"}]},{"@type":"WebSite","@id":"https:\/\/www.popesprayer.va\/it\/#website","url":"https:\/\/www.popesprayer.va\/it\/","name":"Pope's Worldwide Prayer Network","description":"Pray together, change the world","publisher":{"@id":"https:\/\/www.popesprayer.va\/it\/#organization"},"potentialAction":[{"@type":"SearchAction","target":{"@type":"EntryPoint","urlTemplate":"https:\/\/www.popesprayer.va\/it\/?s={search_term_string}"},"query-input":{"@type":"PropertyValueSpecification","valueRequired":true,"valueName":"search_term_string"}}],"inLanguage":"it-IT"},{"@type":"Organization","@id":"https:\/\/www.popesprayer.va\/it\/#organization","name":"Rete di preghiera mondiale del Papa","url":"https:\/\/www.popesprayer.va\/it\/","logo":{"@type":"ImageObject","inLanguage":"it-IT","@id":"https:\/\/www.popesprayer.va\/it\/#\/schema\/logo\/image\/","url":"https:\/\/www.popesprayer.va\/wp-content\/uploads\/2025\/01\/Logo-Popes-Worldwide-Prayer-Network-Pontifical-Work-EN-Horizontal.png","contentUrl":"https:\/\/www.popesprayer.va\/wp-content\/uploads\/2025\/01\/Logo-Popes-Worldwide-Prayer-Network-Pontifical-Work-EN-Horizontal.png","width":1328,"height":228,"caption":"Rete di preghiera mondiale del Papa"},"image":{"@id":"https:\/\/www.popesprayer.va\/it\/#\/schema\/logo\/image\/"}}]}},"_links":{"self":[{"href":"https:\/\/www.popesprayer.va\/it\/wp-json\/wp\/v2\/pages\/85286","targetHints":{"allow":["GET"]}}],"collection":[{"href":"https:\/\/www.popesprayer.va\/it\/wp-json\/wp\/v2\/pages"}],"about":[{"href":"https:\/\/www.popesprayer.va\/it\/wp-json\/wp\/v2\/types\/page"}],"author":[{"embeddable":true,"href":"https:\/\/www.popesprayer.va\/it\/wp-json\/wp\/v2\/users\/1"}],"replies":[{"embeddable":true,"href":"https:\/\/www.popesprayer.va\/it\/wp-json\/wp\/v2\/comments?post=85286"}],"version-history":[{"count":0,"href":"https:\/\/www.popesprayer.va\/it\/wp-json\/wp\/v2\/pages\/85286\/revisions"}],"wp:attachment":[{"href":"https:\/\/www.popesprayer.va\/it\/wp-json\/wp\/v2\/media?parent=85286"}],"curies":[{"name":"wp","href":"https:\/\/api.w.org\/{rel}","templated":true}]}}