{"id":91211,"date":"2025-12-23T14:38:37","date_gmt":"2025-12-23T13:38:37","guid":{"rendered":"https:\/\/www.popesprayer.va\/privacy\/"},"modified":"2025-12-23T14:39:51","modified_gmt":"2025-12-23T13:39:51","slug":"privacy","status":"publish","type":"page","link":"https:\/\/www.popesprayer.va\/it\/privacy\/","title":{"rendered":"Privacy"},"content":{"rendered":"<p>[et_pb_section fb_built=\"1&#8243; theme_builder_area=\"post_content\" _builder_version=\"4.27.5&#8243; _module_preset=\"default\" da_is_popup=\"off\" da_exit_intent=\"off\" da_has_close=\"on\" da_alt_close=\"off\" da_dark_close=\"off\" da_not_modal=\"on\" da_is_singular=\"off\" da_with_loader=\"off\" da_has_shadow=\"on\" da_disable_devices=\"off|off|off\"][et_pb_row _builder_version=\"4.27.5&#8243; _module_preset=\"default\" theme_builder_area=\"post_content\"][et_pb_column _builder_version=\"4.27.5&#8243; _module_preset=\"default\" type=\"4_4&#8243; theme_builder_area=\"post_content\"][et_pb_text _builder_version=\"4.27.5&#8243; _module_preset=\"default\" theme_builder_area=\"post_content\" max_width=\"800px\" module_alignment=\"center\" hover_enabled=\"0&#8243; sticky_enabled=\"0&#8243;]<\/p>\n<h3><b>INFORMATIVA SULLA PRIVACY<\/b><b>. <\/b><b>INFORMAZIONI SULLA PROTEZIONE DEI DATI PERSONALI<\/b><b>.<\/b><\/h3>\n<p><span style=\"font-weight: 400;\">  1.IDENTIFICAZIONE DEL TITOLARE DEL TRATTAMENTO:<\/span><\/p>\n<p><span style=\"font-weight: 400;\">Il titolare del trattamento dei tuoi dati personali \u00e8 la seguente persona giuridica:<\/span><\/p>\n<p><span style=\"font-weight: 400;\">Nome: POPE&#8217;S WORLDWIDE PRAYER NETWORK (APOSTLESHIP OF PRAYER), EYM (EUCHARISTIC YOUTH MOVEMENT) (di seguito \"PWPN\")<\/span><\/p>\n<p><span style=\"font-weight: 400;\">Numero di registrazione: 80091350589<\/span><\/p>\n<p><span style=\"font-weight: 400;\"> <\/span><\/p>\n<p><span style=\"font-weight: 400;\">2.DATI DI CONTATTO DEL RESPONSABILE DEL TRATTAMENTO DEI DATI:<\/span><\/p>\n<p><span style=\"font-weight: 400;\">Indirizzo: Borgo Santo Spirito, 4, Roma (Vaticano - area extraterritoriale 2), (00193) Citt\u00e0 del Vaticano.<\/span><\/p>\n<p><span style=\"font-weight: 400;\">Tel: +39 (06) 69-868-384<\/span><\/p>\n<p><span style=\"font-weight: 400;\">Fax: +39 (06) 69-868-380<\/span><\/p>\n<p><span style=\"font-weight: 400;\">Email: apora-s@sjcuria.org<\/span><\/p>\n<p><span style=\"font-weight: 400;\"> <\/span><\/p>\n<p><span style=\"font-weight: 400;\">3. RACCOLTA, FINALIT\u00c0 E PERIODO DI CONSERVAZIONE DEI TUOI DATI PERSONALI:<\/span><\/p>\n<p><span style=\"font-weight: 400;\">I dati personali forniti dall&#8217;utente attraverso il modulo presente sul SITO WEB www.popesprayer.va (di seguito congiuntamente denominato \"SITO WEB\") saranno trattati da PWPN per le seguenti finalit\u00e0:<\/span><\/p>\n<ul>\n<li style=\"font-weight: 400;\" aria-level=\"1\"><span style=\"font-weight: 400;\">Per gestire la creazione del tuo PROFILO UTENTE e fornirti l&#8217;accesso ai prodotti, servizi, funzionalit\u00e0 e applicazioni offerti dal SITO WEB. In particolare, per consentirti di utilizzare il servizio di piattaforma di preghiera sociale istituito attraverso il SITO WEB per formulare le tue preghiere, intenzioni e richieste. <\/span><\/li>\n<li style=\"font-weight: 400;\" aria-level=\"1\"><span style=\"font-weight: 400;\">Per inviarti la Newsletter, se la richiedi al momento dell&#8217;iscrizione al SITO.<\/span><\/li>\n<li style=\"font-weight: 400;\" aria-level=\"1\"><span style=\"font-weight: 400;\">Per gestire la ricezione e la raccolta di qualsiasi donazione che desideri fare.<\/span><\/li>\n<\/ul>\n<p><span style=\"font-weight: 400;\">PWPN non tratter\u00e0 le informazioni da te fornite per scopi diversi da quelli espressamente indicati sopra. Se in seguito dovesse essere necessario trattare i tuoi dati personali per un altro scopo, ti verranno fornite in precedenza tutte le informazioni aggiuntive pertinenti in relazione al nuovo scopo. Inoltre, PWPN non prender\u00e0 decisioni automatizzate sulla base delle informazioni che ci fornirai.  <\/span><\/p>\n<p><span style=\"font-weight: 400;\">I dati personali forniti saranno conservati per il tempo necessario alla prosecuzione del rapporto con l&#8217;utente, per consentirgli di accedere e gestire il suo PROFILO UTENTE sul SITO WEB e per fornirgli i servizi e le funzionalit\u00e0 offerti attraverso il SITO WEB, nonch\u00e9 per inviargli la Newsletter, se richiesta. Nonostante quanto sopra, i tuoi dati personali saranno conservati per un periodo di un (1) anno a partire dalla cancellazione o rimozione del tuo PROFILO UTENTE. <\/span><\/p>\n<p><span style=\"font-weight: 400;\">Per quanto riguarda le donazioni, i tuoi dati personali saranno conservati per il tempo necessario a effettuare la raccolta. Tuttavia, una volta che la raccolta \u00e8 stata effettuata da PWPN, i dati del donatore saranno immediatamente rimossi. <\/span><\/p>\n<p><span style=\"font-weight: 400;\"> <\/span><\/p>\n<p><span style=\"font-weight: 400;\">4. MOTIVI LEGALI PER TRATTARE I TUOI DATI:<\/span><\/p>\n<p><span style=\"font-weight: 400;\">La base giuridica per il trattamento dei tuoi dati al fine di creare il tuo PROFILO UTENTE e fornirti l&#8217;accesso ai prodotti, servizi e funzionalit\u00e0 offerti attraverso il SITO WEB e, in particolare, per consentirti di utilizzare il servizio di piattaforma di preghiera sociale istituito attraverso il SITO WEB per formulare le tue preghiere, intenzioni e richieste, \u00e8 il consenso inequivocabile che dai accettando l&#8217;Avviso Legale e le Condizioni d&#8217;Uso, nonch\u00e9 l&#8217;Informativa sulla Privacy e, se applicabile, l&#8217;Informativa sui Cookies; in nessun caso la revoca di tale consenso pregiudicher\u00e0 l&#8217;implementazione dei prodotti e servizi richiesti.<\/span><\/p>\n<p><span style=\"font-weight: 400;\">La base giuridica per il trattamento dei tuoi dati personali al fine di inviarti la Newsletter, se la richiedi al momento dell&#8217;iscrizione al SITO, \u00e8 il consenso inequivocabile che presti accettando l&#8217;Informativa sulla Privacy e, se applicabile, l&#8217;Informativa sui Cookies.<\/span><\/p>\n<p><span style=\"font-weight: 400;\">La base giuridica per il trattamento dei tuoi dati personali al fine di gestire la ricezione e la raccolta di qualsiasi donazione che desideri effettuare \u00e8 il consenso inequivocabile che fornisci accettando l&#8217;Informativa sulla privacy.<\/span><\/p>\n<p><span style=\"font-weight: 400;\">La persona che accetta la presente Informativa sulla privacy dichiara di essere maggiorenne e di avere la piena capacit\u00e0 giuridica di accettarla. PWPN \u00e8 esonerata da qualsiasi responsabilit\u00e0 per la mancanza di capacit\u00e0 giuridica dell&#8217;accettante. <\/span><\/p>\n<p><span style=\"font-weight: 400;\"> <\/span><\/p>\n<p><span style=\"font-weight: 400;\">5. DESTINATARI E CATEGORIE DI DATI:<\/span><\/p>\n<p><span style=\"font-weight: 400;\">I dati personali da te conferiti non saranno comunicati a terzi, fatte salve le comunicazioni che potranno essere effettuate a pubbliche amministrazioni, enti o organismi pubblici o giudiziari in virt\u00f9 di un obbligo di legge. PWPN non effettuer\u00e0 trasferimenti internazionali di dati. <\/span><\/p>\n<p><span style=\"font-weight: 400;\">I dati che PWPN raccoglier\u00e0 ed elaborer\u00e0 tramite il SITO WEB e il modulo sono i seguenti:<\/span><\/p>\n<ul>\n<li style=\"font-weight: 400;\" aria-level=\"1\"><span style=\"font-weight: 400;\">NOME E COGNOME\/I<\/span><\/li>\n<li style=\"font-weight: 400;\" aria-level=\"1\"><span style=\"font-weight: 400;\">DATA DI NASCITA<\/span><\/li>\n<li style=\"font-weight: 400;\" aria-level=\"1\"><span style=\"font-weight: 400;\">PAESE DI RESIDENZA<\/span><\/li>\n<li style=\"font-weight: 400;\" aria-level=\"1\"><span style=\"font-weight: 400;\">NUMERO DI TELEFONO DEL CONTATTO<\/span><\/li>\n<li style=\"font-weight: 400;\" aria-level=\"1\"><span style=\"font-weight: 400;\">LINGUA<\/span><\/li>\n<li style=\"font-weight: 400;\" aria-level=\"1\"><span style=\"font-weight: 400;\">SESSO<\/span><\/li>\n<li style=\"font-weight: 400;\" aria-level=\"1\"><span style=\"font-weight: 400;\">INDIRIZZO EMAIL<\/span><\/li>\n<li style=\"font-weight: 400;\" aria-level=\"1\"><span style=\"font-weight: 400;\">PASSWORD PER IL PROFILO CREATO SUL SITO WEB<\/span><\/li>\n<li style=\"font-weight: 400;\" aria-level=\"1\"><span style=\"font-weight: 400;\">COOKIES<\/span><\/li>\n<\/ul>\n<p><span style=\"font-weight: 400;\"> <\/span><\/p>\n<p><span style=\"font-weight: 400;\">6. DIRITTI DEGLI UTENTI E MODALIT\u00c0 DI ESERCIZIO DI TALI DIRITTI:<\/span><\/p>\n<p><span style=\"font-weight: 400;\">Hai i seguenti diritti per la protezione dei tuoi dati personali:<\/span><\/p>\n<ul>\n<li style=\"font-weight: 400;\" aria-level=\"1\"><span style=\"font-weight: 400;\">Diritto di accesso<\/span><span style=\"font-weight: 400;\">: Ti permette di scoprire quali tipi di dati sono trattati da PWPN e le caratteristiche del trattamento che viene effettuato.<\/span><\/li>\n<li style=\"font-weight: 400;\" aria-level=\"1\"><span style=\"font-weight: 400;\">Diritto di richiedere la rettifica o la cancellazione<\/span><span style=\"font-weight: 400;\">: La rettifica ti permette di richiedere la modifica dei tuoi dati perch\u00e9 inesatti o non veritieri. La cancellazione ti consente di richiedere la rimozione dei tuoi dati quando il trattamento non \u00e8 pi\u00f9 necessario. <\/span><\/li>\n<li style=\"font-weight: 400;\" aria-level=\"1\"><span style=\"font-weight: 400;\">Diritto di richiedere la limitazione del trattamento<\/span><span style=\"font-weight: 400;\">: Ti permette di limitare il trattamento dei dati nei casi previsti dalla legge.<\/span><\/li>\n<li style=\"font-weight: 400;\" aria-level=\"1\"><span style=\"font-weight: 400;\">Diritto di opporsi al trattamento<\/span><span style=\"font-weight: 400;\">: In circostanze particolari, ti consente di opporti al trattamento dei tuoi dati da parte di PWPN.<\/span><\/li>\n<li style=\"font-weight: 400;\" aria-level=\"1\"><span style=\"font-weight: 400;\">Diritto alla portabilit\u00e0 dei dati<\/span><span style=\"font-weight: 400;\">: Ti consente di ottenere una copia completa dei dati personali che PWPN sta trattando affinch\u00e9 possano essere trasferiti a un altro titolare del trattamento, nei casi consentiti dalla legge.<\/span><\/li>\n<\/ul>\n<p><span style=\"font-weight: 400;\">Inoltre, hai il <\/span><span style=\"font-weight: 400;\">diritto di ritirare o revocare il consenso al trattamento dei tuoi dati personali<\/span><span style=\"font-weight: 400;\"> in qualsiasi momento, senza che ci\u00f2 influisca sulla legalit\u00e0 di qualsiasi trattamento basato sul consenso prestato prima della revoca.<\/span><\/p>\n<p><span style=\"font-weight: 400;\">Puoi esercitare i diritti di cui sopra come segue:<\/span><\/p>\n<ul>\n<li style=\"font-weight: 400;\" aria-level=\"1\"><span style=\"font-weight: 400;\">Per posta ordinaria: inviando una lettera alla RETE DI PREGHIERA MONDIALE DEL POPE (APOSTOLIA DELLA PREGHIERA), EYM (MOVIMENTO GIOVANILE EUCARISTICO), all&#8217;indirizzo Borgo Santo Spirito, 4, Roma (Vaticano - area extraterritoriale 2), (00193) Citt\u00e0 del Vaticano.<\/span><\/li>\n<li style=\"font-weight: 400;\" aria-level=\"1\"><span style=\"font-weight: 400;\">via e-mail: tramite un messaggio inviato al seguente indirizzo e-mail: apora-s@sjcuria.org, con oggetto \"DATI PERSONALI\".<\/span><\/li>\n<\/ul>\n<p><span style=\"font-weight: 400;\">In entrambe le forme sopra indicate, la richiesta deve essere accompagnata dal nome e dal cognome dell&#8217;interessato, da una fotocopia del documento d&#8217;identit\u00e0 e dall&#8217;indicazione del diritto che si desidera esercitare.<\/span><\/p>\n<p><span style=\"font-weight: 400;\">A prescindere dall&#8217;esercizio dei tuoi diritti nei confronti di PWPN, puoi anche presentare un reclamo all&#8217;Autorit\u00e0 di controllo per la protezione dei dati personali competente nel tuo paese di residenza. Inoltre, per ulteriori informazioni o altri reclami, puoi contattare la   <\/span><a href=\"http:\/\/www.edps.europa.eu\/\"><span style=\"font-weight: 400;\">GARANTE EUROPEO DELLA PROTEZIONE DEI DATI<\/span><\/a><span style=\"font-weight: 400;\">, un&#8217;autorit\u00e0 europea indipendente per la protezione dei dati personali, con sede in Rue Montoyer 30, B-1000 Bruxelles. Il suo indirizzo postale \u00e8 Rue Wiertz 60, B-1047 Bruxelles, il suo numero di telefono \u00e8 (+32) 2-283-19-00 e il suo indirizzo e-mail \u00e8   <\/span><span style=\"font-weight: 400;\">edps@edps.europa.eu<\/span><span style=\"font-weight: 400;\">.<\/span><\/p>\n<p>[\/et_pb_text][\/et_pb_column][\/et_pb_row][\/et_pb_section]<\/p>\n","protected":false},"excerpt":{"rendered":"<p>INFORMATIVA SULLA PRIVACY. INFORMAZIONI SULLA PROTEZIONE DEI DATI PERSONALI. 1.IDENTIFICAZIONE DEL TITOLARE DEL TRATTAMENTO: Il titolare del trattamento dei tuoi dati personali \u00e8 la seguente persona giuridica: Nome: POPE&#8217;S WORLDWIDE PRAYER NETWORK (APOSTLESHIP OF PRAYER), EYM (EUCHARISTIC YOUTH MOVEMENT) (di seguito \"PWPN\") Numero di registrazione: 80091350589 2.DATI DI CONTATTO DEL RESPONSABILE DEL TRATTAMENTO DEI DATI: [&hellip;]<\/p>\n","protected":false},"author":1,"featured_media":0,"parent":0,"menu_order":0,"comment_status":"closed","ping_status":"closed","template":"","meta":{"_acf_changed":false,"_et_pb_use_builder":"on","_et_pb_old_content":"","_et_gb_content_width":"","footnotes":""},"class_list":["post-91211","page","type-page","status-publish","hentry"],"acf":[],"yoast_head":"<!-- This site is optimized with the Yoast SEO plugin v27.3 - https:\/\/yoast.com\/product\/yoast-seo-wordpress\/ -->\n<title>Privacy - Rete Mondiale di Preghiera del Papa<\/title>\n<meta name=\"robots\" content=\"index, follow, max-snippet:-1, max-image-preview:large, max-video-preview:-1\" \/>\n<link rel=\"canonical\" href=\"https:\/\/www.popesprayer.va\/it\/privacy\/\" \/>\n<meta property=\"og:locale\" content=\"it_IT\" \/>\n<meta property=\"og:type\" content=\"article\" \/>\n<meta property=\"og:title\" content=\"Privacy - Rete Mondiale di Preghiera del Papa\" \/>\n<meta property=\"og:description\" content=\"INFORMATIVA SULLA PRIVACY. INFORMAZIONI SULLA PROTEZIONE DEI DATI PERSONALI. 1.IDENTIFICAZIONE DEL TITOLARE DEL TRATTAMENTO: Il titolare del trattamento dei tuoi dati personali \u00e8 la seguente persona giuridica: Nome: POPE&#039;S WORLDWIDE PRAYER NETWORK (APOSTLESHIP OF PRAYER), EYM (EUCHARISTIC YOUTH MOVEMENT) (di seguito &quot;PWPN&quot;) Numero di registrazione: 80091350589 2.DATI DI CONTATTO DEL RESPONSABILE DEL TRATTAMENTO DEI DATI: [&hellip;]\" \/>\n<meta property=\"og:url\" content=\"https:\/\/www.popesprayer.va\/it\/privacy\/\" \/>\n<meta property=\"og:site_name\" content=\"Rete Mondiale di Preghiera del Papa\" \/>\n<meta property=\"article:modified_time\" content=\"2025-12-23T13:39:51+00:00\" \/>\n<meta name=\"twitter:card\" content=\"summary_large_image\" \/>\n<meta name=\"twitter:label1\" content=\"Tempo di lettura stimato\" \/>\n\t<meta name=\"twitter:data1\" content=\"6 minuti\" \/>\n<script type=\"application\/ld+json\" class=\"yoast-schema-graph\">{\"@context\":\"https:\\\/\\\/schema.org\",\"@graph\":[{\"@type\":\"WebPage\",\"@id\":\"https:\\\/\\\/www.popesprayer.va\\\/it\\\/privacy\\\/\",\"url\":\"https:\\\/\\\/www.popesprayer.va\\\/it\\\/privacy\\\/\",\"name\":\"Privacy - Rete Mondiale di Preghiera del Papa\",\"isPartOf\":{\"@id\":\"https:\\\/\\\/www.popesprayer.va\\\/it\\\/#website\"},\"datePublished\":\"2025-12-23T13:38:37+00:00\",\"dateModified\":\"2025-12-23T13:39:51+00:00\",\"breadcrumb\":{\"@id\":\"https:\\\/\\\/www.popesprayer.va\\\/it\\\/privacy\\\/#breadcrumb\"},\"inLanguage\":\"it-IT\",\"potentialAction\":[{\"@type\":\"ReadAction\",\"target\":[\"https:\\\/\\\/www.popesprayer.va\\\/it\\\/privacy\\\/\"]}]},{\"@type\":\"BreadcrumbList\",\"@id\":\"https:\\\/\\\/www.popesprayer.va\\\/it\\\/privacy\\\/#breadcrumb\",\"itemListElement\":[{\"@type\":\"ListItem\",\"position\":1,\"name\":\"Home\",\"item\":\"https:\\\/\\\/www.popesprayer.va\\\/it\\\/\"},{\"@type\":\"ListItem\",\"position\":2,\"name\":\"Privacy\"}]},{\"@type\":\"WebSite\",\"@id\":\"https:\\\/\\\/www.popesprayer.va\\\/it\\\/#website\",\"url\":\"https:\\\/\\\/www.popesprayer.va\\\/it\\\/\",\"name\":\"Pope's Worldwide Prayer Network\",\"description\":\"Pray together, change the world\",\"publisher\":{\"@id\":\"https:\\\/\\\/www.popesprayer.va\\\/it\\\/#organization\"},\"potentialAction\":[{\"@type\":\"SearchAction\",\"target\":{\"@type\":\"EntryPoint\",\"urlTemplate\":\"https:\\\/\\\/www.popesprayer.va\\\/it\\\/?s={search_term_string}\"},\"query-input\":{\"@type\":\"PropertyValueSpecification\",\"valueRequired\":true,\"valueName\":\"search_term_string\"}}],\"inLanguage\":\"it-IT\"},{\"@type\":\"Organization\",\"@id\":\"https:\\\/\\\/www.popesprayer.va\\\/it\\\/#organization\",\"name\":\"Rete di preghiera mondiale del Papa\",\"url\":\"https:\\\/\\\/www.popesprayer.va\\\/it\\\/\",\"logo\":{\"@type\":\"ImageObject\",\"inLanguage\":\"it-IT\",\"@id\":\"https:\\\/\\\/www.popesprayer.va\\\/it\\\/#\\\/schema\\\/logo\\\/image\\\/\",\"url\":\"https:\\\/\\\/www.popesprayer.va\\\/wp-content\\\/uploads\\\/2025\\\/01\\\/Logo-Popes-Worldwide-Prayer-Network-Pontifical-Work-EN-Horizontal.png\",\"contentUrl\":\"https:\\\/\\\/www.popesprayer.va\\\/wp-content\\\/uploads\\\/2025\\\/01\\\/Logo-Popes-Worldwide-Prayer-Network-Pontifical-Work-EN-Horizontal.png\",\"width\":1328,\"height\":228,\"caption\":\"Rete di preghiera mondiale del Papa\"},\"image\":{\"@id\":\"https:\\\/\\\/www.popesprayer.va\\\/it\\\/#\\\/schema\\\/logo\\\/image\\\/\"}}]}<\/script>\n<!-- \/ Yoast SEO plugin. -->","yoast_head_json":{"title":"Privacy - Rete Mondiale di Preghiera del Papa","robots":{"index":"index","follow":"follow","max-snippet":"max-snippet:-1","max-image-preview":"max-image-preview:large","max-video-preview":"max-video-preview:-1"},"canonical":"https:\/\/www.popesprayer.va\/it\/privacy\/","og_locale":"it_IT","og_type":"article","og_title":"Privacy - Rete Mondiale di Preghiera del Papa","og_description":"INFORMATIVA SULLA PRIVACY. INFORMAZIONI SULLA PROTEZIONE DEI DATI PERSONALI. 1.IDENTIFICAZIONE DEL TITOLARE DEL TRATTAMENTO: Il titolare del trattamento dei tuoi dati personali \u00e8 la seguente persona giuridica: Nome: POPE'S WORLDWIDE PRAYER NETWORK (APOSTLESHIP OF PRAYER), EYM (EUCHARISTIC YOUTH MOVEMENT) (di seguito \"PWPN\") Numero di registrazione: 80091350589 2.DATI DI CONTATTO DEL RESPONSABILE DEL TRATTAMENTO DEI DATI: [&hellip;]","og_url":"https:\/\/www.popesprayer.va\/it\/privacy\/","og_site_name":"Rete Mondiale di Preghiera del Papa","article_modified_time":"2025-12-23T13:39:51+00:00","twitter_card":"summary_large_image","twitter_misc":{"Tempo di lettura stimato":"6 minuti"},"schema":{"@context":"https:\/\/schema.org","@graph":[{"@type":"WebPage","@id":"https:\/\/www.popesprayer.va\/it\/privacy\/","url":"https:\/\/www.popesprayer.va\/it\/privacy\/","name":"Privacy - Rete Mondiale di Preghiera del Papa","isPartOf":{"@id":"https:\/\/www.popesprayer.va\/it\/#website"},"datePublished":"2025-12-23T13:38:37+00:00","dateModified":"2025-12-23T13:39:51+00:00","breadcrumb":{"@id":"https:\/\/www.popesprayer.va\/it\/privacy\/#breadcrumb"},"inLanguage":"it-IT","potentialAction":[{"@type":"ReadAction","target":["https:\/\/www.popesprayer.va\/it\/privacy\/"]}]},{"@type":"BreadcrumbList","@id":"https:\/\/www.popesprayer.va\/it\/privacy\/#breadcrumb","itemListElement":[{"@type":"ListItem","position":1,"name":"Home","item":"https:\/\/www.popesprayer.va\/it\/"},{"@type":"ListItem","position":2,"name":"Privacy"}]},{"@type":"WebSite","@id":"https:\/\/www.popesprayer.va\/it\/#website","url":"https:\/\/www.popesprayer.va\/it\/","name":"Pope's Worldwide Prayer Network","description":"Pray together, change the world","publisher":{"@id":"https:\/\/www.popesprayer.va\/it\/#organization"},"potentialAction":[{"@type":"SearchAction","target":{"@type":"EntryPoint","urlTemplate":"https:\/\/www.popesprayer.va\/it\/?s={search_term_string}"},"query-input":{"@type":"PropertyValueSpecification","valueRequired":true,"valueName":"search_term_string"}}],"inLanguage":"it-IT"},{"@type":"Organization","@id":"https:\/\/www.popesprayer.va\/it\/#organization","name":"Rete di preghiera mondiale del Papa","url":"https:\/\/www.popesprayer.va\/it\/","logo":{"@type":"ImageObject","inLanguage":"it-IT","@id":"https:\/\/www.popesprayer.va\/it\/#\/schema\/logo\/image\/","url":"https:\/\/www.popesprayer.va\/wp-content\/uploads\/2025\/01\/Logo-Popes-Worldwide-Prayer-Network-Pontifical-Work-EN-Horizontal.png","contentUrl":"https:\/\/www.popesprayer.va\/wp-content\/uploads\/2025\/01\/Logo-Popes-Worldwide-Prayer-Network-Pontifical-Work-EN-Horizontal.png","width":1328,"height":228,"caption":"Rete di preghiera mondiale del Papa"},"image":{"@id":"https:\/\/www.popesprayer.va\/it\/#\/schema\/logo\/image\/"}}]}},"_links":{"self":[{"href":"https:\/\/www.popesprayer.va\/it\/wp-json\/wp\/v2\/pages\/91211","targetHints":{"allow":["GET"]}}],"collection":[{"href":"https:\/\/www.popesprayer.va\/it\/wp-json\/wp\/v2\/pages"}],"about":[{"href":"https:\/\/www.popesprayer.va\/it\/wp-json\/wp\/v2\/types\/page"}],"author":[{"embeddable":true,"href":"https:\/\/www.popesprayer.va\/it\/wp-json\/wp\/v2\/users\/1"}],"replies":[{"embeddable":true,"href":"https:\/\/www.popesprayer.va\/it\/wp-json\/wp\/v2\/comments?post=91211"}],"version-history":[{"count":4,"href":"https:\/\/www.popesprayer.va\/it\/wp-json\/wp\/v2\/pages\/91211\/revisions"}],"predecessor-version":[{"id":91225,"href":"https:\/\/www.popesprayer.va\/it\/wp-json\/wp\/v2\/pages\/91211\/revisions\/91225"}],"wp:attachment":[{"href":"https:\/\/www.popesprayer.va\/it\/wp-json\/wp\/v2\/media?parent=91211"}],"curies":[{"name":"wp","href":"https:\/\/api.w.org\/{rel}","templated":true}]}}