{"id":91238,"date":"2025-12-23T14:39:54","date_gmt":"2025-12-23T13:39:54","guid":{"rendered":"https:\/\/www.popesprayer.va\/biscotti\/"},"modified":"2025-12-23T14:41:02","modified_gmt":"2025-12-23T13:41:02","slug":"biscotti","status":"publish","type":"page","link":"https:\/\/www.popesprayer.va\/it\/biscotti\/","title":{"rendered":"Biscotti"},"content":{"rendered":"<p>[et_pb_section fb_built=\"1&#8243; theme_builder_area=\"post_content\" _builder_version=\"4.27.5&#8243; _module_preset=\"default\" da_is_popup=\"off\" da_exit_intent=\"off\" da_has_close=\"on\" da_alt_close=\"off\" da_dark_close=\"off\" da_not_modal=\"on\" da_is_singular=\"off\" da_with_loader=\"off\" da_has_shadow=\"on\" da_disable_devices=\"off|off|off\"][et_pb_row _builder_version=\"4.27.5&#8243; _module_preset=\"default\" theme_builder_area=\"post_content\"][et_pb_column _builder_version=\"4.27.5&#8243; _module_preset=\"default\" type=\"4_4&#8243; theme_builder_area=\"post_content\"][et_pb_text _builder_version=\"4.27.5&#8243; _module_preset=\"default\" theme_builder_area=\"post_content\" max_width=\"800px\" module_alignment=\"center\" hover_enabled=\"0&#8243; sticky_enabled=\"0&#8243;]<\/p>\n<h3><b>INFORMAZIONI SUI COOKIE<\/b><\/h3>\n<h3><b>1.UTILIZZO DEI COOKIE:<\/b><\/h3>\n<p><span style=\"font-weight: 400;\">Il SITO WEB PWPN utilizza una tecnologia chiamata cookie per ottenere informazioni sull&#8217;utilizzo del SITO WEB e per migliorare l&#8217;esperienza degli utenti.<\/span><\/p>\n<p><span style=\"font-weight: 400;\"> <\/span><\/p>\n<p><span style=\"font-weight: 400;\">2. DEFINIZIONE E FUNZIONE DEI COOKIE:<\/span><\/p>\n<p><span style=\"font-weight: 400;\">I cookie sono piccoli file che vengono inviati e memorizzati sul disco rigido dei computer degli utenti attraverso il loro browser quando si collegano a un sito web. Tra le altre cose, i cookie consentono a un sito web di memorizzare e recuperare informazioni sulle abitudini di navigazione degli utenti o del loro computer e, in base alle informazioni che contengono e al modo in cui gli utenti utilizzano il loro computer, possono essere utilizzati per riconoscere gli utenti. <\/span><\/p>\n<p><span style=\"font-weight: 400;\"> <\/span><\/p>\n<p><span style=\"font-weight: 400;\">3. CLASSIFICAZIONE DEI COOKIE:<\/span><\/p>\n<p><span style=\"font-weight: 400;\">I cookie possono essere classificati in base a diversi parametri:<\/span><\/p>\n<ul>\n<li style=\"font-weight: 400;\" aria-level=\"1\"><span style=\"font-weight: 400;\">Propriet\u00e0: cookie di prima o di terza parte, a seconda dell&#8217;entit\u00e0 che gestisce il nome del dominio da cui vengono inviati i cookie e vengono elaborati i dati ottenuti.<\/span><\/li>\n<li style=\"font-weight: 400;\" aria-level=\"1\"><span style=\"font-weight: 400;\">Durata: cookie di sessione o cookie persistenti, a seconda del periodo di tempo in cui vengono memorizzati sul terminale dell&#8217;utente.<\/span><\/li>\n<li style=\"font-weight: 400;\" aria-level=\"1\"><span style=\"font-weight: 400;\">Finalit\u00e0: cookie tecnici, cookie di personalizzazione, cookie di analisi, cookie pubblicitari, cookie di pubblicit\u00e0 comportamentale, a seconda della finalit\u00e0 per cui vengono trattati i dati ottenuti.<\/span><\/li>\n<\/ul>\n<p><span style=\"font-weight: 400;\">In base alla loro finalit\u00e0, si possono definire i seguenti tipi di cookie:<\/span><\/p>\n<ul>\n<li style=\"font-weight: 400;\" aria-level=\"1\"><span style=\"font-weight: 400;\">Cookie tecnici: quelli che permettono agli utenti di navigare in un sito web o in un&#8217;applicazione e di utilizzare le varie opzioni o servizi presenti (video per facilitare gli acquisti, social network, ecc.).<\/span><\/li>\n<li style=\"font-weight: 400;\" aria-level=\"1\"><span style=\"font-weight: 400;\">Cookie di personalizzazione: quelli che consentono agli utenti di accedere al servizio con determinate caratteristiche generali predefinite in base alle loro preferenze (lingua, tipo di browser, impostazioni, design dei contenuti).<\/span><\/li>\n<li style=\"font-weight: 400;\" aria-level=\"1\"><span style=\"font-weight: 400;\">Cookie di analisi: quelli che consentono l&#8217;analisi anonima del comportamento degli utenti sul sito web e permettono di misurare l&#8217;attivit\u00e0 dell&#8217;utente e di produrre profili di navigazione per migliorare i siti web.<\/span><\/li>\n<li style=\"font-weight: 400;\" aria-level=\"1\"><span style=\"font-weight: 400;\">Cookie pubblicitari: quelli che consentono la gestione degli spazi pubblicitari sul sito web.<\/span><\/li>\n<li style=\"font-weight: 400;\" aria-level=\"1\"><span style=\"font-weight: 400;\">Cookie di pubblicit\u00e0 comportamentale: quelli che consentono di gestire gli spazi pubblicitari sul sito web in base al comportamento e alle abitudini di navigazione degli utenti; ci\u00f2 consente di ottenere il loro profilo e di personalizzare la pubblicit\u00e0 che viene visualizzata sul browser degli utenti.<\/span><\/li>\n<\/ul>\n<p><span style=\"font-weight: 400;\"> <\/span><\/p>\n<p><span style=\"font-weight: 400;\">4.COOKIE UTILIZZATI SUL SITO WEB:<\/span><\/p>\n<p><span style=\"font-weight: 400;\">Il SITO PWPN utilizza cookie di prima e terza parte. I cookie di prima parte vengono utilizzati per indicare se gli utenti hanno attivato JavaScript, mentre i cookie di terza parte consentono l&#8217;analisi dei dati da parte di Google Analytics. In nessun caso i cookie elaborano dati personali.  <\/span><\/p>\n<p><span style=\"font-weight: 400;\">Cookie di prima parte:<\/span><\/p>\n<table>\n<tbody>\n<tr>\n<td>\n<p><span style=\"font-weight: 400;\">NOME<\/span><\/p>\n<\/td>\n<td>\n<p><span style=\"font-weight: 400;\">SCOPO<\/span><\/p>\n<\/td>\n<td>\n<p><span style=\"font-weight: 400;\">DURATA<\/span><\/p>\n<\/td>\n<\/tr>\n<tr>\n<td>\n<p><span style=\"font-weight: 400;\">has_js<\/span><\/p>\n<\/td>\n<td>\n<p><span style=\"font-weight: 400;\">Utilizzato per indicare se gli utenti hanno abilitato JavaScript<\/span><\/p>\n<\/td>\n<td>\n<p><span style=\"font-weight: 400;\">Durata della sessione<\/span><\/p>\n<\/td>\n<\/tr>\n<tr>\n<td>\n<p><span style=\"font-weight: 400;\"> <\/span><\/p>\n<\/td>\n<td>\n<p><span style=\"font-weight: 400;\"> <\/span><\/p>\n<\/td>\n<td> <\/td>\n<\/tr>\n<\/tbody>\n<\/table>\n<p><span style=\"font-weight: 400;\"> <\/span><\/p>\n<p><span style=\"font-weight: 400;\">Cookie di terze parti:<\/span><\/p>\n<table>\n<tbody>\n<tr>\n<td>\n<p><span style=\"font-weight: 400;\">NOME<\/span><\/p>\n<\/td>\n<td>\n<p><span style=\"font-weight: 400;\">PROPRIETARIO<\/span><\/p>\n<\/td>\n<td>\n<p><span style=\"font-weight: 400;\">SCOPO<\/span><\/p>\n<\/td>\n<td>\n<p><span style=\"font-weight: 400;\">DURATA<\/span><\/p>\n<\/td>\n<\/tr>\n<tr>\n<td>\n<p><span style=\"font-weight: 400;\">_ga<\/span><\/p>\n<\/td>\n<td>\n<p><span style=\"font-weight: 400;\">Google<\/span><\/p>\n<\/td>\n<td>\n<p><span style=\"font-weight: 400;\">Google Analytics. Utilizzato per distinguere gli utenti <\/span><\/p>\n<\/td>\n<td>\n<p><span style=\"font-weight: 400;\">2 anni<\/span><\/p>\n<\/td>\n<\/tr>\n<tr>\n<td>\n<p><span style=\"font-weight: 400;\">_gat<\/span><\/p>\n<\/td>\n<td>\n<p><span style=\"font-weight: 400;\">Google<\/span><\/p>\n<\/td>\n<td>\n<p><span style=\"font-weight: 400;\">Google Analytics. Utilizzato per limitare la percentuale di richieste <\/span><\/p>\n<\/td>\n<td>\n<p><span style=\"font-weight: 400;\">10 minuti<\/span><\/p>\n<\/td>\n<\/tr>\n<\/tbody>\n<\/table>\n<p><span style=\"font-weight: 400;\"> <\/span><\/p>\n<p><span style=\"font-weight: 400;\">I cookie vengono attivati ogni volta che un nuovo utente visita il SITO WEB o quando i cookie sono stati cancellati.<\/span><\/p>\n<p><span style=\"font-weight: 400;\"> <\/span><\/p>\n<p><span style=\"font-weight: 400;\">5. IMPOSTAZIONI DEI COOKIE IN BASE AL BROWSER:<\/span><\/p>\n<p><span style=\"font-weight: 400;\">Di seguito sono riportati i link dove gli utenti possono trovare informazioni su come impostare e gestire i cookie con i principali browser:<\/span><\/p>\n<ul>\n<li style=\"font-weight: 400;\" aria-level=\"1\"><a href=\"https:\/\/support.microsoft.com\/es-es\/help\/17442\/windows-internet-explorer-delete-manage-cookies\"><span style=\"font-weight: 400;\">Internet Explorer<\/span><\/a><\/li>\n<li style=\"font-weight: 400;\" aria-level=\"1\"><a href=\"https:\/\/support.apple.com\/kb\/ph21411?locale=es_ES\"><span style=\"font-weight: 400;\">Safari<\/span><\/a><\/li>\n<li style=\"font-weight: 400;\" aria-level=\"1\"><span style=\"font-weight: 400;\">Cromo<\/span><\/li>\n<li style=\"font-weight: 400;\" aria-level=\"1\"><span style=\"font-weight: 400;\">Firefox<\/span><\/li>\n<\/ul>\n<p><span style=\"font-weight: 400;\"> <\/span><\/p>\n<p><span style=\"font-weight: 400;\">6. CONSENSO AI COOKIE E AL FUNZIONAMENTO DEL SITO WEB:<\/span><\/p>\n<p><span style=\"font-weight: 400;\">Puoi revocare il tuo consenso all&#8217;utilizzo dei cookie in qualsiasi momento. Per farlo, dovrai disabilitare i cookie sul SITO WEB seguendo le istruzioni della sezione precedente in base al browser che utilizzi. <\/span><\/p>\n<p><span style=\"font-weight: 400;\">Tieni presente che la revoca del consenso, e quindi la disabilitazione di alcuni cookie, pu\u00f2 impedire l&#8217;utilizzo di alcune funzionalit\u00e0 del nostro sito web.<\/span><\/p>\n<p><span style=\"font-weight: 400;\"> <\/span><\/p>\n<p><span style=\"font-weight: 400;\">7. AGGIORNAMENTI E MODIFICHE:<\/span><\/p>\n<p><span style=\"font-weight: 400;\">Il SITO WEB pu\u00f2 modificare questa informativa sui cookie. Ti consigliamo pertanto di controllare questa informativa ogni volta che accedi al SITO WEB PWPN. <\/span><\/p>\n<p>[\/et_pb_text][\/et_pb_column][\/et_pb_row][\/et_pb_section]<\/p>\n","protected":false},"excerpt":{"rendered":"<p>INFORMAZIONI SUI COOKIE 1.UTILIZZO DEI COOKIE: Il SITO WEB PWPN utilizza una tecnologia chiamata cookie per ottenere informazioni sull&#8217;utilizzo del SITO WEB e per migliorare l&#8217;esperienza degli utenti. 2. DEFINIZIONE E FUNZIONE DEI COOKIE: I cookie sono piccoli file che vengono inviati e memorizzati sul disco rigido dei computer degli utenti attraverso il loro browser [&hellip;]<\/p>\n","protected":false},"author":1,"featured_media":0,"parent":0,"menu_order":0,"comment_status":"closed","ping_status":"closed","template":"","meta":{"_acf_changed":false,"_et_pb_use_builder":"on","_et_pb_old_content":"","_et_gb_content_width":"","footnotes":""},"class_list":["post-91238","page","type-page","status-publish","hentry"],"acf":[],"yoast_head":"<!-- This site is optimized with the Yoast SEO plugin v27.3 - https:\/\/yoast.com\/product\/yoast-seo-wordpress\/ -->\n<title>Biscotti - Rete Mondiale di Preghiera del Papa<\/title>\n<meta name=\"robots\" content=\"index, follow, max-snippet:-1, max-image-preview:large, max-video-preview:-1\" \/>\n<link rel=\"canonical\" href=\"https:\/\/www.popesprayer.va\/it\/biscotti\/\" \/>\n<meta property=\"og:locale\" content=\"it_IT\" \/>\n<meta property=\"og:type\" content=\"article\" \/>\n<meta property=\"og:title\" content=\"Biscotti - Rete Mondiale di Preghiera del Papa\" \/>\n<meta property=\"og:description\" content=\"INFORMAZIONI SUI COOKIE 1.UTILIZZO DEI COOKIE: Il SITO WEB PWPN utilizza una tecnologia chiamata cookie per ottenere informazioni sull&#039;utilizzo del SITO WEB e per migliorare l&#039;esperienza degli utenti. 2. DEFINIZIONE E FUNZIONE DEI COOKIE: I cookie sono piccoli file che vengono inviati e memorizzati sul disco rigido dei computer degli utenti attraverso il loro browser [&hellip;]\" \/>\n<meta property=\"og:url\" content=\"https:\/\/www.popesprayer.va\/it\/biscotti\/\" \/>\n<meta property=\"og:site_name\" content=\"Rete Mondiale di Preghiera del Papa\" \/>\n<meta property=\"article:modified_time\" content=\"2025-12-23T13:41:02+00:00\" \/>\n<meta name=\"twitter:card\" content=\"summary_large_image\" \/>\n<meta name=\"twitter:label1\" content=\"Tempo di lettura stimato\" \/>\n\t<meta name=\"twitter:data1\" content=\"4 minuti\" \/>\n<script type=\"application\/ld+json\" class=\"yoast-schema-graph\">{\"@context\":\"https:\\\/\\\/schema.org\",\"@graph\":[{\"@type\":\"WebPage\",\"@id\":\"https:\\\/\\\/www.popesprayer.va\\\/it\\\/biscotti\\\/\",\"url\":\"https:\\\/\\\/www.popesprayer.va\\\/it\\\/biscotti\\\/\",\"name\":\"Biscotti - Rete Mondiale di Preghiera del Papa\",\"isPartOf\":{\"@id\":\"https:\\\/\\\/www.popesprayer.va\\\/it\\\/#website\"},\"datePublished\":\"2025-12-23T13:39:54+00:00\",\"dateModified\":\"2025-12-23T13:41:02+00:00\",\"breadcrumb\":{\"@id\":\"https:\\\/\\\/www.popesprayer.va\\\/it\\\/biscotti\\\/#breadcrumb\"},\"inLanguage\":\"it-IT\",\"potentialAction\":[{\"@type\":\"ReadAction\",\"target\":[\"https:\\\/\\\/www.popesprayer.va\\\/it\\\/biscotti\\\/\"]}]},{\"@type\":\"BreadcrumbList\",\"@id\":\"https:\\\/\\\/www.popesprayer.va\\\/it\\\/biscotti\\\/#breadcrumb\",\"itemListElement\":[{\"@type\":\"ListItem\",\"position\":1,\"name\":\"Home\",\"item\":\"https:\\\/\\\/www.popesprayer.va\\\/it\\\/\"},{\"@type\":\"ListItem\",\"position\":2,\"name\":\"Biscotti\"}]},{\"@type\":\"WebSite\",\"@id\":\"https:\\\/\\\/www.popesprayer.va\\\/it\\\/#website\",\"url\":\"https:\\\/\\\/www.popesprayer.va\\\/it\\\/\",\"name\":\"Pope's Worldwide Prayer Network\",\"description\":\"Pray together, change the world\",\"publisher\":{\"@id\":\"https:\\\/\\\/www.popesprayer.va\\\/it\\\/#organization\"},\"potentialAction\":[{\"@type\":\"SearchAction\",\"target\":{\"@type\":\"EntryPoint\",\"urlTemplate\":\"https:\\\/\\\/www.popesprayer.va\\\/it\\\/?s={search_term_string}\"},\"query-input\":{\"@type\":\"PropertyValueSpecification\",\"valueRequired\":true,\"valueName\":\"search_term_string\"}}],\"inLanguage\":\"it-IT\"},{\"@type\":\"Organization\",\"@id\":\"https:\\\/\\\/www.popesprayer.va\\\/it\\\/#organization\",\"name\":\"Rete di preghiera mondiale del Papa\",\"url\":\"https:\\\/\\\/www.popesprayer.va\\\/it\\\/\",\"logo\":{\"@type\":\"ImageObject\",\"inLanguage\":\"it-IT\",\"@id\":\"https:\\\/\\\/www.popesprayer.va\\\/it\\\/#\\\/schema\\\/logo\\\/image\\\/\",\"url\":\"https:\\\/\\\/www.popesprayer.va\\\/wp-content\\\/uploads\\\/2025\\\/01\\\/Logo-Popes-Worldwide-Prayer-Network-Pontifical-Work-EN-Horizontal.png\",\"contentUrl\":\"https:\\\/\\\/www.popesprayer.va\\\/wp-content\\\/uploads\\\/2025\\\/01\\\/Logo-Popes-Worldwide-Prayer-Network-Pontifical-Work-EN-Horizontal.png\",\"width\":1328,\"height\":228,\"caption\":\"Rete di preghiera mondiale del Papa\"},\"image\":{\"@id\":\"https:\\\/\\\/www.popesprayer.va\\\/it\\\/#\\\/schema\\\/logo\\\/image\\\/\"}}]}<\/script>\n<!-- \/ Yoast SEO plugin. -->","yoast_head_json":{"title":"Biscotti - Rete Mondiale di Preghiera del Papa","robots":{"index":"index","follow":"follow","max-snippet":"max-snippet:-1","max-image-preview":"max-image-preview:large","max-video-preview":"max-video-preview:-1"},"canonical":"https:\/\/www.popesprayer.va\/it\/biscotti\/","og_locale":"it_IT","og_type":"article","og_title":"Biscotti - Rete Mondiale di Preghiera del Papa","og_description":"INFORMAZIONI SUI COOKIE 1.UTILIZZO DEI COOKIE: Il SITO WEB PWPN utilizza una tecnologia chiamata cookie per ottenere informazioni sull'utilizzo del SITO WEB e per migliorare l'esperienza degli utenti. 2. DEFINIZIONE E FUNZIONE DEI COOKIE: I cookie sono piccoli file che vengono inviati e memorizzati sul disco rigido dei computer degli utenti attraverso il loro browser [&hellip;]","og_url":"https:\/\/www.popesprayer.va\/it\/biscotti\/","og_site_name":"Rete Mondiale di Preghiera del Papa","article_modified_time":"2025-12-23T13:41:02+00:00","twitter_card":"summary_large_image","twitter_misc":{"Tempo di lettura stimato":"4 minuti"},"schema":{"@context":"https:\/\/schema.org","@graph":[{"@type":"WebPage","@id":"https:\/\/www.popesprayer.va\/it\/biscotti\/","url":"https:\/\/www.popesprayer.va\/it\/biscotti\/","name":"Biscotti - Rete Mondiale di Preghiera del Papa","isPartOf":{"@id":"https:\/\/www.popesprayer.va\/it\/#website"},"datePublished":"2025-12-23T13:39:54+00:00","dateModified":"2025-12-23T13:41:02+00:00","breadcrumb":{"@id":"https:\/\/www.popesprayer.va\/it\/biscotti\/#breadcrumb"},"inLanguage":"it-IT","potentialAction":[{"@type":"ReadAction","target":["https:\/\/www.popesprayer.va\/it\/biscotti\/"]}]},{"@type":"BreadcrumbList","@id":"https:\/\/www.popesprayer.va\/it\/biscotti\/#breadcrumb","itemListElement":[{"@type":"ListItem","position":1,"name":"Home","item":"https:\/\/www.popesprayer.va\/it\/"},{"@type":"ListItem","position":2,"name":"Biscotti"}]},{"@type":"WebSite","@id":"https:\/\/www.popesprayer.va\/it\/#website","url":"https:\/\/www.popesprayer.va\/it\/","name":"Pope's Worldwide Prayer Network","description":"Pray together, change the world","publisher":{"@id":"https:\/\/www.popesprayer.va\/it\/#organization"},"potentialAction":[{"@type":"SearchAction","target":{"@type":"EntryPoint","urlTemplate":"https:\/\/www.popesprayer.va\/it\/?s={search_term_string}"},"query-input":{"@type":"PropertyValueSpecification","valueRequired":true,"valueName":"search_term_string"}}],"inLanguage":"it-IT"},{"@type":"Organization","@id":"https:\/\/www.popesprayer.va\/it\/#organization","name":"Rete di preghiera mondiale del Papa","url":"https:\/\/www.popesprayer.va\/it\/","logo":{"@type":"ImageObject","inLanguage":"it-IT","@id":"https:\/\/www.popesprayer.va\/it\/#\/schema\/logo\/image\/","url":"https:\/\/www.popesprayer.va\/wp-content\/uploads\/2025\/01\/Logo-Popes-Worldwide-Prayer-Network-Pontifical-Work-EN-Horizontal.png","contentUrl":"https:\/\/www.popesprayer.va\/wp-content\/uploads\/2025\/01\/Logo-Popes-Worldwide-Prayer-Network-Pontifical-Work-EN-Horizontal.png","width":1328,"height":228,"caption":"Rete di preghiera mondiale del Papa"},"image":{"@id":"https:\/\/www.popesprayer.va\/it\/#\/schema\/logo\/image\/"}}]}},"_links":{"self":[{"href":"https:\/\/www.popesprayer.va\/it\/wp-json\/wp\/v2\/pages\/91238","targetHints":{"allow":["GET"]}}],"collection":[{"href":"https:\/\/www.popesprayer.va\/it\/wp-json\/wp\/v2\/pages"}],"about":[{"href":"https:\/\/www.popesprayer.va\/it\/wp-json\/wp\/v2\/types\/page"}],"author":[{"embeddable":true,"href":"https:\/\/www.popesprayer.va\/it\/wp-json\/wp\/v2\/users\/1"}],"replies":[{"embeddable":true,"href":"https:\/\/www.popesprayer.va\/it\/wp-json\/wp\/v2\/comments?post=91238"}],"version-history":[{"count":4,"href":"https:\/\/www.popesprayer.va\/it\/wp-json\/wp\/v2\/pages\/91238\/revisions"}],"predecessor-version":[{"id":91252,"href":"https:\/\/www.popesprayer.va\/it\/wp-json\/wp\/v2\/pages\/91238\/revisions\/91252"}],"wp:attachment":[{"href":"https:\/\/www.popesprayer.va\/it\/wp-json\/wp\/v2\/media?parent=91238"}],"curies":[{"name":"wp","href":"https:\/\/api.w.org\/{rel}","templated":true}]}}