{"id":84370,"date":"2025-08-28T08:42:02","date_gmt":"2025-08-28T06:42:02","guid":{"rendered":"https:\/\/www.popesprayer.va\/recursos\/"},"modified":"2026-02-25T21:30:14","modified_gmt":"2026-02-25T20:30:14","slug":"recursos","status":"publish","type":"page","link":"https:\/\/www.popesprayer.va\/pt-pt\/recursos\/","title":{"rendered":"Recursos"},"content":{"rendered":"<p>[et_pb_section fb_built=\"1&#8243; _builder_version=\"4.27.4&#8243; _module_preset=\"default\" background_image=\"https:\/\/www.popesprayer.va\/wp-content\/uploads\/2025\/09\/resources_rmop.jpeg\" custom_padding=\"200px||100px||false|false\" top_divider_style=\"ramp\" top_divider_color=\"#F4A261&#8243; bottom_divider_style=\"ramp\" bottom_divider_color=\"#264653&#8243; bottom_divider_flip=\"horizontal\" global_colors_info=\"{}\" da_is_popup=\"off\" da_exit_intent=\"off\" da_has_close=\"on\" da_alt_close=\"off\" da_dark_close=\"off\" da_not_modal=\"on\" da_is_singular=\"off\" da_with_loader=\"off\" da_has_shadow=\"on\" da_disable_devices=\"off|off|off\"][et_pb_row column_structure=\"3_5,2_5&#8243; _builder_version=\"4.27.4&#8243; _module_preset=\"default\" global_colors_info=\"{}\"][et_pb_column type=\"3_5&#8243; _builder_version=\"4.27.4&#8243; _module_preset=\"default\" global_colors_info=\"{}\"][et_pb_text _builder_version=\"4.27.4&#8243; _module_preset=\"default\" header_text_color=\"#F4A261&#8243; header_font_size=\"3rem\" positioning=\"relative\" position_origin_a=\"center_left\" z_index=\"100&#8243; width=\"100%\" custom_margin=\"||0px||false|false\" animation_style=\"fade\" animation_duration=\"1500ms\" animation_delay=\"100ms\" header_font_size_tablet=\"2.5rem\" header_font_size_phone=\"2rem\" header_font_size_last_edited=\"on|phone\" global_colors_info=\"{}\"]<\/p>\n<h1>Recursos<\/h1>\n<p>[\/et_pb_text][et_pb_text _builder_version=\"4.27.4&#8243; _module_preset=\"default\" header_font=\"|700|||||||\" header_text_color=\"#FFFFFF\" header_font_size=\"4rem\" positioning=\"relative\" position_origin_a=\"center_left\" z_index=\"100&#8243; width=\"100%\" animation_style=\"fade\" animation_duration=\"1500ms\" animation_delay=\"300ms\" header_font_size_tablet=\"4rem\" header_font_size_phone=\"3rem\" header_font_size_last_edited=\"on|phone\" global_colors_info=\"{}\"]<\/p>\n<h1>Um centro de inspira\u00e7\u00e3o<\/h1>\n<p>[\/et_pb_text][\/et_pb_column][et_pb_column type=\"2_5&#8243; _builder_version=\"4.27.4&#8243; _module_preset=\"default\" global_colors_info=\"{}\"][\/et_pb_column][\/et_pb_row][\/et_pb_section][et_pb_section fb_built=\"1&#8243; _builder_version=\"4.27.4&#8243; _module_preset=\"default\" background_color=\"#264653&#8243; global_colors_info=\"{}\" da_is_popup=\"off\" da_exit_intent=\"off\" da_has_close=\"on\" da_alt_close=\"off\" da_dark_close=\"off\" da_not_modal=\"on\" da_is_singular=\"off\" da_with_loader=\"off\" da_has_shadow=\"on\" da_disable_devices=\"off|off|off\"][et_pb_row _builder_version=\"4.27.4&#8243; _module_preset=\"default\" global_colors_info=\"{}\"][et_pb_column type=\"4_4&#8243; _builder_version=\"4.27.4&#8243; _module_preset=\"default\" global_colors_info=\"{}\"][et_pb_text _builder_version=\"4.27.4&#8243; _module_preset=\"default\" header_2_text_color=\"#E9C46A\" global_colors_info=\"{}\"]<\/p>\n<h2><strong>Destaques<\/strong><\/h2>\n<p>[\/et_pb_text][et_pb_code _builder_version=\"4.27.4&#8243; _module_preset=\"default\" global_colors_info=\"{}\"]<div class=\"sjd-resources-grid-container\"><div class=\"sjd-resource-column\"><div class=\"sjd-resource-item\"><a href=\"https:\/\/www.popesprayer.va\/pt-pt\/resource\/estatutos\/\"><img loading=\"lazy\" decoding=\"async\" width=\"716\" height=\"1024\" src=\"https:\/\/www.popesprayer.va\/wp-content\/uploads\/2025\/09\/PT-ESTATUTOS-2024-716x1024.png\" class=\"attachment-large size-large wp-post-image\" alt=\"PT - ESTATUTOS 2024\" \/><div class=\"sjd-resource-title-overlay\"><h4>Estatutos<\/h4><\/div><\/a><\/div><\/div><div class=\"sjd-resource-column\"><div class=\"sjd-resource-item\"><a href=\"https:\/\/www.popesprayer.va\/pt-pt\/resource\/regulamento-geral\/\"><img loading=\"lazy\" decoding=\"async\" width=\"716\" height=\"1024\" src=\"https:\/\/www.popesprayer.va\/wp-content\/uploads\/2026\/03\/2-716x1024.png\" class=\"attachment-large size-large wp-post-image\" alt=\"\" \/><div class=\"sjd-resource-title-overlay\"><h4>Regulamento geral<\/h4><\/div><\/a><\/div><\/div><div class=\"sjd-resource-column\"><div class=\"sjd-resource-item\"><a href=\"https:\/\/www.popesprayer.va\/pt-pt\/resource\/intencoes-de-oracao-do-papa-2026\/\"><img loading=\"lazy\" decoding=\"async\" width=\"820\" height=\"1024\" src=\"https:\/\/www.popesprayer.va\/wp-content\/uploads\/2025\/09\/descarga-21-820x1024.jpeg\" class=\"attachment-large size-large wp-post-image\" alt=\"descarga (21)\" \/><div class=\"sjd-resource-title-overlay\"><h4>Inten\u00e7\u00f5es de ora\u00e7\u00e3o do Papa para 2026<\/h4><\/div><\/a><\/div><\/div><div class=\"sjd-resource-column\"><div class=\"sjd-resource-item\"><a href=\"https:\/\/www.popesprayer.va\/pt-pt\/resource\/revista-oracao-e-servico-2025\/\"><img loading=\"lazy\" decoding=\"async\" width=\"724\" height=\"1024\" src=\"https:\/\/www.popesprayer.va\/wp-content\/uploads\/2025\/12\/PT_Oracion_y_servicio_25-1-724x1024.jpg\" class=\"attachment-large size-large wp-post-image\" alt=\"PT_Oraci\u00f3n_y_servicio_25 (1)\" \/><div class=\"sjd-resource-title-overlay\"><h4>Revista Ora\u00e7\u00e3o e Servi\u00e7o 2025<\/h4><\/div><\/a><\/div><\/div><\/div>[\/et_pb_code][et_pb_button button_url=\"https:\/\/issuu.com\/popesprayernet\/stacks\" url_new_window=\"on\" button_text=\"Descobre todos os recursos\" _builder_version=\"4.27.5&#8243; _module_preset=\"default\" custom_button=\"on\" button_text_color=\"#264653&#8243; button_bg_color=\"#E9C46A\" button_border_width=\"0px\" button_border_radius=\"20px\" hover_enabled=\"0&#8243; global_colors_info=\"{}\" sticky_enabled=\"0&#8243;][\/et_pb_button][\/et_pb_column][\/et_pb_row][\/et_pb_section][et_pb_section fb_built=\"1&#8243; prev_background_color=\"#264653&#8243; next_background_color=\"#264653&#8243; _builder_version=\"4.27.4&#8243; _module_preset=\"default\" background_color=\"#2A9D8F\" custom_padding=\"6vw||6vw||true|false\" top_divider_style=\"ramp\" top_divider_height_tablet=\"50px\" top_divider_height_phone=\"30px\" top_divider_height_last_edited=\"on|phone\" bottom_divider_style=\"ramp\" bottom_divider_flip=\"horizontal\" global_colors_info=\"{}\" da_is_popup=\"off\" da_exit_intent=\"off\" da_has_close=\"on\" da_alt_close=\"off\" da_dark_close=\"off\" da_not_modal=\"on\" da_is_singular=\"off\" da_with_loader=\"off\" da_has_shadow=\"on\" da_disable_devices=\"off|off|off\"][et_pb_row _builder_version=\"4.27.4&#8243; _module_preset=\"default\" global_colors_info=\"{}\"][et_pb_column type=\"4_4&#8243; _builder_version=\"4.27.4&#8243; _module_preset=\"default\" global_colors_info=\"{}\"][et_pb_text _builder_version=\"4.27.4&#8243; _module_preset=\"default\" header_2_text_color=\"#E9C46A\" global_colors_info=\"{}\"]<\/p>\n<h2>O Caminho do Cora\u00e7\u00e3o<\/h2>\n<p>[\/et_pb_text][et_pb_code _builder_version=\"4.27.4&#8243; _module_preset=\"default\" global_colors_info=\"{}\"]<div class=\"sjd-resources-grid-container\"><div class=\"sjd-resource-column\"><div class=\"sjd-resource-item\"><a href=\"https:\/\/www.popesprayer.va\/pt-pt\/resource\/em-caminho-materiais-de-apoio-para-formadores\/\"><img loading=\"lazy\" decoding=\"async\" width=\"725\" height=\"1024\" src=\"https:\/\/www.popesprayer.va\/wp-content\/uploads\/2026\/01\/12-ecc-pt-1-725x1024.jpg\" class=\"attachment-large size-large wp-post-image\" alt=\"12-ecc-pt\" \/><div class=\"sjd-resource-title-overlay\"><h4>Em Caminho - Materiais de apoio para formadores<\/h4><\/div><\/a><\/div><\/div><div class=\"sjd-resource-column\"><div class=\"sjd-resource-item\"><a href=\"https:\/\/www.popesprayer.va\/pt-pt\/resource\/introducao-1-rezar-e-mobilizar-a-nossa-vida\/\"><img loading=\"lazy\" decoding=\"async\" width=\"725\" height=\"1024\" src=\"https:\/\/www.popesprayer.va\/wp-content\/uploads\/2025\/09\/page_1-1-scaled-1-725x1024.jpg\" class=\"attachment-large size-large wp-post-image\" alt=\"page_1-1-scaled\" \/><div class=\"sjd-resource-title-overlay\"><h4>Introdu\u00e7\u00e3o 1: Rezar e mobilizar a nossa vida<\/h4><\/div><\/a><\/div><\/div><div class=\"sjd-resource-column\"><div class=\"sjd-resource-item\"><a href=\"https:\/\/www.popesprayer.va\/pt-pt\/resource\/introducao-2-disposicoes-iniciais\/\"><img loading=\"lazy\" decoding=\"async\" width=\"725\" height=\"1024\" src=\"https:\/\/www.popesprayer.va\/wp-content\/uploads\/2025\/09\/page_2-1-scaled-1-725x1024.jpg\" class=\"attachment-large size-large wp-post-image\" alt=\"page_2-1-scaled\" \/><div class=\"sjd-resource-title-overlay\"><h4>Introdu\u00e7\u00e3o 2: Disposi\u00e7\u00e3o inicial<\/h4><\/div><\/a><\/div><\/div><div class=\"sjd-resource-column\"><div class=\"sjd-resource-item\"><a href=\"https:\/\/www.popesprayer.va\/pt-pt\/resource\/passo-1-no-principio-era-o-amor\/\"><img loading=\"lazy\" decoding=\"async\" width=\"725\" height=\"1024\" src=\"https:\/\/www.popesprayer.va\/wp-content\/uploads\/2025\/09\/page_3-1-scaled-1-725x1024.jpg\" class=\"attachment-large size-large wp-post-image\" alt=\"page_3-1-scaled\" \/><div class=\"sjd-resource-title-overlay\"><h4>Passo 1: No princ\u00edpio era o Amor<\/h4><\/div><\/a><\/div><\/div><div class=\"sjd-resource-column\"><div class=\"sjd-resource-item\"><a href=\"https:\/\/www.popesprayer.va\/pt-pt\/resource\/passo-2-o-coracao-humano-e-inquieto-e-necessitado\/\"><img loading=\"lazy\" decoding=\"async\" width=\"725\" height=\"1024\" src=\"https:\/\/www.popesprayer.va\/wp-content\/uploads\/2025\/09\/page_4-1-scaled-1-725x1024.jpg\" class=\"attachment-large size-large wp-post-image\" alt=\"page_4-1-scaled\" \/><div class=\"sjd-resource-title-overlay\"><h4>Passo 2: O cora\u00e7\u00e3o humano \u00e9 inquieto e necessitado<\/h4><\/div><\/a><\/div><\/div><div class=\"sjd-resource-column\"><div class=\"sjd-resource-item\"><a href=\"https:\/\/www.popesprayer.va\/pt-pt\/resource\/passo-3-num-mundo-sem-coracao\/\"><img loading=\"lazy\" decoding=\"async\" width=\"725\" height=\"1024\" src=\"https:\/\/www.popesprayer.va\/wp-content\/uploads\/2025\/09\/page_5-1-scaled-1-725x1024.jpg\" class=\"attachment-large size-large wp-post-image\" alt=\"page_5-1-scaled\" \/><div class=\"sjd-resource-title-overlay\"><h4>Passo 3: Num Mundo sem Cora\u00e7\u00e3o<\/h4><\/div><\/a><\/div><\/div><div class=\"sjd-resource-column\"><div class=\"sjd-resource-item\"><a href=\"https:\/\/www.popesprayer.va\/pt-pt\/resource\/passo-4-o-pai-envia-o-seu-filho-para-salvar\/\"><img loading=\"lazy\" decoding=\"async\" width=\"725\" height=\"1024\" src=\"https:\/\/www.popesprayer.va\/wp-content\/uploads\/2025\/09\/page_6-1-scaled-1-725x1024.jpg\" class=\"attachment-large size-large wp-post-image\" alt=\"page_6-1-scaled\" \/><div class=\"sjd-resource-title-overlay\"><h4>Passo 4: O Pai envia o seu Filho para salvar<\/h4><\/div><\/a><\/div><\/div><div class=\"sjd-resource-column\"><div class=\"sjd-resource-item\"><a href=\"https:\/\/www.popesprayer.va\/pt-pt\/resource\/passo-5-jesus-chama-nos-seus-amigos\/\"><img loading=\"lazy\" decoding=\"async\" width=\"725\" height=\"1024\" src=\"https:\/\/www.popesprayer.va\/wp-content\/uploads\/2025\/09\/page_7-1-scaled-1-725x1024.jpg\" class=\"attachment-large size-large wp-post-image\" alt=\"page_7-1-scaled\" \/><div class=\"sjd-resource-title-overlay\"><h4>Passo 5: Jesus chama-nos seus amigos<\/h4><\/div><\/a><\/div><\/div><div class=\"sjd-resource-column\"><div class=\"sjd-resource-item\"><a href=\"https:\/\/www.popesprayer.va\/pt-pt\/resource\/passo-6-habitados-por-cristo\/\"><img loading=\"lazy\" decoding=\"async\" width=\"725\" height=\"1024\" src=\"https:\/\/www.popesprayer.va\/wp-content\/uploads\/2025\/09\/page_8-1-scaled-1-725x1024.jpg\" class=\"attachment-large size-large wp-post-image\" alt=\"page_8-1-scaled\" \/><div class=\"sjd-resource-title-overlay\"><h4>Passo 6: Habitados por Cristo<\/h4><\/div><\/a><\/div><\/div><div class=\"sjd-resource-column\"><div class=\"sjd-resource-item\"><a href=\"https:\/\/www.popesprayer.va\/pt-pt\/resource\/passo-7-damos-a-vida-juntamente-com-ele\/\"><img loading=\"lazy\" decoding=\"async\" width=\"725\" height=\"1024\" src=\"https:\/\/www.popesprayer.va\/wp-content\/uploads\/2025\/09\/page_9-1-scaled-1-725x1024.jpg\" class=\"attachment-large size-large wp-post-image\" alt=\"page_9-1-scaled\" \/><div class=\"sjd-resource-title-overlay\"><h4>Passo 7: Damos a vida juntamente com ele<\/h4><\/div><\/a><\/div><\/div><div class=\"sjd-resource-column\"><div class=\"sjd-resource-item\"><a href=\"https:\/\/www.popesprayer.va\/pt-pt\/resource\/passo-8-oferecemos-a-nossa-vida-com-ele\/\"><img loading=\"lazy\" decoding=\"async\" width=\"725\" height=\"1024\" src=\"https:\/\/www.popesprayer.va\/wp-content\/uploads\/2025\/09\/page_10-1-scaled-1-725x1024.jpg\" class=\"attachment-large size-large wp-post-image\" alt=\"page_10-1-scaled\" \/><div class=\"sjd-resource-title-overlay\"><h4>Passo 8: Uma miss\u00e3o de compaix\u00e3o<\/h4><\/div><\/a><\/div><\/div><div class=\"sjd-resource-column\"><div class=\"sjd-resource-item\"><a href=\"https:\/\/www.popesprayer.va\/pt-pt\/resource\/etapa-9-uma-rede-mundial-de-oracao-e-de-servico-atenta-as-necessidades-da-humanidade\/\"><img loading=\"lazy\" decoding=\"async\" width=\"725\" height=\"1024\" src=\"https:\/\/www.popesprayer.va\/wp-content\/uploads\/2025\/09\/page_11-1-scaled-1-725x1024.jpg\" class=\"attachment-large size-large wp-post-image\" alt=\"page_11-1-scaled\" \/><div class=\"sjd-resource-title-overlay\"><h4>Etapa 9: Uma rede mundial de ora\u00e7\u00e3o e de servi\u00e7o atenta \u00e0s necessidades da humanidade<\/h4><\/div><\/a><\/div><\/div><\/div>[\/et_pb_code][\/et_pb_column][\/et_pb_row][\/et_pb_section]<\/p>\n","protected":false},"excerpt":{"rendered":"<p>[et_pb_section fb_built=\"1&#8243; _builder_version=\"4.27.4&#8243; _module_preset=\"default\" background_image=\"https:\/\/www.popesprayer.va\/wp-content\/uploads\/2025\/09\/resources_rmop.jpeg\" custom_padding=\"200px||100px||false|false\" top_divider_style=\"ramp\" top_divider_color=\"#F4A261&#8243; bottom_divider_style=\"ramp\" bottom_divider_color=\"#264653&#8243; bottom_divider_flip=\"horizontal\" global_colors_info=\"{}\" da_is_popup=\"off\" da_exit_intent=\"off\" da_has_close=\"on\" da_alt_close=\"off\" da_dark_close=\"off\" da_not_modal=\"on\" da_is_singular=\"off\" da_with_loader=\"off\" da_has_shadow=\"on\" da_disable_devices=\"off|off|off\"][et_pb_row column_structure=\"3_5,2_5&#8243; _builder_version=\"4.27.4&#8243; _module_preset=\"default\" global_colors_info=\"{}\"][et_pb_column type=\"3_5&#8243; _builder_version=\"4.27.4&#8243; _module_preset=\"default\" global_colors_info=\"{}\"][et_pb_text _builder_version=\"4.27.4&#8243; _module_preset=\"default\" header_text_color=\"#F4A261&#8243; header_font_size=\"3rem\" positioning=\"relative\" position_origin_a=\"center_left\" z_index=\"100&#8243; width=\"100%\" custom_margin=\"||0px||false|false\" animation_style=\"fade\" animation_duration=\"1500ms\" animation_delay=\"100ms\" header_font_size_tablet=\"2.5rem\" header_font_size_phone=\"2rem\" header_font_size_last_edited=\"on|phone\" global_colors_info=\"{}\"] Recursos [\/et_pb_text][et_pb_text _builder_version=\"4.27.4&#8243; _module_preset=\"default\" header_font=\"|700|||||||\" header_text_color=\"#FFFFFF\" header_font_size=\"4rem\" positioning=\"relative\" position_origin_a=\"center_left\" [&hellip;]<\/p>\n","protected":false},"author":1,"featured_media":0,"parent":0,"menu_order":0,"comment_status":"closed","ping_status":"closed","template":"","meta":{"_acf_changed":false,"_et_pb_use_builder":"on","_et_pb_old_content":"","_et_gb_content_width":"","footnotes":""},"class_list":["post-84370","page","type-page","status-publish","hentry"],"acf":[],"yoast_head":"<!-- This site is optimized with the Yoast SEO plugin v27.4 - https:\/\/yoast.com\/product\/yoast-seo-wordpress\/ -->\n<title>Recursos - Rede Mundial de Ora\u00e7\u00e3o do Papa<\/title>\n<meta name=\"robots\" content=\"index, follow, max-snippet:-1, max-image-preview:large, max-video-preview:-1\" \/>\n<link rel=\"canonical\" href=\"https:\/\/www.popesprayer.va\/pt-pt\/recursos\/\" \/>\n<meta property=\"og:locale\" content=\"pt_PT\" \/>\n<meta property=\"og:type\" content=\"article\" \/>\n<meta property=\"og:title\" content=\"Recursos - Rede Mundial de Ora\u00e7\u00e3o do Papa\" \/>\n<meta property=\"og:description\" content=\"[et_pb_section fb_built=&quot;1&#8243; _builder_version=&quot;4.27.4&#8243; _module_preset=&quot;default&quot; background_image=&quot;https:\/\/www.popesprayer.va\/wp-content\/uploads\/2025\/09\/resources_rmop.jpeg&quot; custom_padding=&quot;200px||100px||false|false&quot; top_divider_style=&quot;ramp&quot; top_divider_color=&quot;#F4A261&#8243; bottom_divider_style=&quot;ramp&quot; bottom_divider_color=&quot;#264653&#8243; bottom_divider_flip=&quot;horizontal&quot; global_colors_info=&quot;{}&quot; da_is_popup=&quot;off&quot; da_exit_intent=&quot;off&quot; da_has_close=&quot;on&quot; da_alt_close=&quot;off&quot; da_dark_close=&quot;off&quot; da_not_modal=&quot;on&quot; da_is_singular=&quot;off&quot; da_with_loader=&quot;off&quot; da_has_shadow=&quot;on&quot; da_disable_devices=&quot;off|off|off&quot;][et_pb_row column_structure=&quot;3_5,2_5&#8243; _builder_version=&quot;4.27.4&#8243; _module_preset=&quot;default&quot; global_colors_info=&quot;{}&quot;][et_pb_column type=&quot;3_5&#8243; _builder_version=&quot;4.27.4&#8243; _module_preset=&quot;default&quot; global_colors_info=&quot;{}&quot;][et_pb_text _builder_version=&quot;4.27.4&#8243; _module_preset=&quot;default&quot; header_text_color=&quot;#F4A261&#8243; header_font_size=&quot;3rem&quot; positioning=&quot;relative&quot; position_origin_a=&quot;center_left&quot; z_index=&quot;100&#8243; width=&quot;100%&quot; custom_margin=&quot;||0px||false|false&quot; animation_style=&quot;fade&quot; animation_duration=&quot;1500ms&quot; animation_delay=&quot;100ms&quot; header_font_size_tablet=&quot;2.5rem&quot; header_font_size_phone=&quot;2rem&quot; header_font_size_last_edited=&quot;on|phone&quot; global_colors_info=&quot;{}&quot;] Recursos [\/et_pb_text][et_pb_text _builder_version=&quot;4.27.4&#8243; _module_preset=&quot;default&quot; header_font=&quot;|700|||||||&quot; header_text_color=&quot;#FFFFFF&quot; header_font_size=&quot;4rem&quot; positioning=&quot;relative&quot; position_origin_a=&quot;center_left&quot; [&hellip;]\" \/>\n<meta property=\"og:url\" content=\"https:\/\/www.popesprayer.va\/pt-pt\/recursos\/\" \/>\n<meta property=\"og:site_name\" content=\"Rede Mundial de Ora\u00e7\u00e3o do Papa\" \/>\n<meta property=\"article:modified_time\" content=\"2026-02-25T20:30:14+00:00\" \/>\n<meta name=\"twitter:card\" content=\"summary_large_image\" \/>\n<meta name=\"twitter:label1\" content=\"Tempo estimado de leitura\" \/>\n\t<meta name=\"twitter:data1\" content=\"3 minutos\" \/>\n<script type=\"application\/ld+json\" class=\"yoast-schema-graph\">{\"@context\":\"https:\\\/\\\/schema.org\",\"@graph\":[{\"@type\":\"WebPage\",\"@id\":\"https:\\\/\\\/www.popesprayer.va\\\/pt-pt\\\/recursos\\\/\",\"url\":\"https:\\\/\\\/www.popesprayer.va\\\/pt-pt\\\/recursos\\\/\",\"name\":\"Recursos - Rede Mundial de Ora\u00e7\u00e3o do Papa\",\"isPartOf\":{\"@id\":\"https:\\\/\\\/www.popesprayer.va\\\/pt-pt\\\/#website\"},\"datePublished\":\"2025-08-28T06:42:02+00:00\",\"dateModified\":\"2026-02-25T20:30:14+00:00\",\"breadcrumb\":{\"@id\":\"https:\\\/\\\/www.popesprayer.va\\\/pt-pt\\\/recursos\\\/#breadcrumb\"},\"inLanguage\":\"pt-PT\",\"potentialAction\":[{\"@type\":\"ReadAction\",\"target\":[\"https:\\\/\\\/www.popesprayer.va\\\/pt-pt\\\/recursos\\\/\"]}]},{\"@type\":\"BreadcrumbList\",\"@id\":\"https:\\\/\\\/www.popesprayer.va\\\/pt-pt\\\/recursos\\\/#breadcrumb\",\"itemListElement\":[{\"@type\":\"ListItem\",\"position\":1,\"name\":\"Home\",\"item\":\"https:\\\/\\\/www.popesprayer.va\\\/pt-pt\\\/\"},{\"@type\":\"ListItem\",\"position\":2,\"name\":\"Recursos\"}]},{\"@type\":\"WebSite\",\"@id\":\"https:\\\/\\\/www.popesprayer.va\\\/pt-pt\\\/#website\",\"url\":\"https:\\\/\\\/www.popesprayer.va\\\/pt-pt\\\/\",\"name\":\"Pope's Worldwide Prayer Network\",\"description\":\"Pray together, change the world\",\"publisher\":{\"@id\":\"https:\\\/\\\/www.popesprayer.va\\\/pt-pt\\\/#organization\"},\"potentialAction\":[{\"@type\":\"SearchAction\",\"target\":{\"@type\":\"EntryPoint\",\"urlTemplate\":\"https:\\\/\\\/www.popesprayer.va\\\/pt-pt\\\/?s={search_term_string}\"},\"query-input\":{\"@type\":\"PropertyValueSpecification\",\"valueRequired\":true,\"valueName\":\"search_term_string\"}}],\"inLanguage\":\"pt-PT\"},{\"@type\":\"Organization\",\"@id\":\"https:\\\/\\\/www.popesprayer.va\\\/pt-pt\\\/#organization\",\"name\":\"Rede Mundial de Ora\u00e7\u00e3o do Papa\",\"url\":\"https:\\\/\\\/www.popesprayer.va\\\/pt-pt\\\/\",\"logo\":{\"@type\":\"ImageObject\",\"inLanguage\":\"pt-PT\",\"@id\":\"https:\\\/\\\/www.popesprayer.va\\\/pt-pt\\\/#\\\/schema\\\/logo\\\/image\\\/\",\"url\":\"https:\\\/\\\/www.popesprayer.va\\\/wp-content\\\/uploads\\\/2025\\\/01\\\/Logo-Popes-Worldwide-Prayer-Network-Pontifical-Work-EN-Horizontal.png\",\"contentUrl\":\"https:\\\/\\\/www.popesprayer.va\\\/wp-content\\\/uploads\\\/2025\\\/01\\\/Logo-Popes-Worldwide-Prayer-Network-Pontifical-Work-EN-Horizontal.png\",\"width\":1328,\"height\":228,\"caption\":\"Rede Mundial de Ora\u00e7\u00e3o do Papa\"},\"image\":{\"@id\":\"https:\\\/\\\/www.popesprayer.va\\\/pt-pt\\\/#\\\/schema\\\/logo\\\/image\\\/\"}}]}<\/script>\n<!-- \/ Yoast SEO plugin. -->","yoast_head_json":{"title":"Recursos - Rede Mundial de Ora\u00e7\u00e3o do Papa","robots":{"index":"index","follow":"follow","max-snippet":"max-snippet:-1","max-image-preview":"max-image-preview:large","max-video-preview":"max-video-preview:-1"},"canonical":"https:\/\/www.popesprayer.va\/pt-pt\/recursos\/","og_locale":"pt_PT","og_type":"article","og_title":"Recursos - Rede Mundial de Ora\u00e7\u00e3o do Papa","og_description":"[et_pb_section fb_built=\"1&#8243; _builder_version=\"4.27.4&#8243; _module_preset=\"default\" background_image=\"https:\/\/www.popesprayer.va\/wp-content\/uploads\/2025\/09\/resources_rmop.jpeg\" custom_padding=\"200px||100px||false|false\" top_divider_style=\"ramp\" top_divider_color=\"#F4A261&#8243; bottom_divider_style=\"ramp\" bottom_divider_color=\"#264653&#8243; bottom_divider_flip=\"horizontal\" global_colors_info=\"{}\" da_is_popup=\"off\" da_exit_intent=\"off\" da_has_close=\"on\" da_alt_close=\"off\" da_dark_close=\"off\" da_not_modal=\"on\" da_is_singular=\"off\" da_with_loader=\"off\" da_has_shadow=\"on\" da_disable_devices=\"off|off|off\"][et_pb_row column_structure=\"3_5,2_5&#8243; _builder_version=\"4.27.4&#8243; _module_preset=\"default\" global_colors_info=\"{}\"][et_pb_column type=\"3_5&#8243; _builder_version=\"4.27.4&#8243; _module_preset=\"default\" global_colors_info=\"{}\"][et_pb_text _builder_version=\"4.27.4&#8243; _module_preset=\"default\" header_text_color=\"#F4A261&#8243; header_font_size=\"3rem\" positioning=\"relative\" position_origin_a=\"center_left\" z_index=\"100&#8243; width=\"100%\" custom_margin=\"||0px||false|false\" animation_style=\"fade\" animation_duration=\"1500ms\" animation_delay=\"100ms\" header_font_size_tablet=\"2.5rem\" header_font_size_phone=\"2rem\" header_font_size_last_edited=\"on|phone\" global_colors_info=\"{}\"] Recursos [\/et_pb_text][et_pb_text _builder_version=\"4.27.4&#8243; _module_preset=\"default\" header_font=\"|700|||||||\" header_text_color=\"#FFFFFF\" header_font_size=\"4rem\" positioning=\"relative\" position_origin_a=\"center_left\" [&hellip;]","og_url":"https:\/\/www.popesprayer.va\/pt-pt\/recursos\/","og_site_name":"Rede Mundial de Ora\u00e7\u00e3o do Papa","article_modified_time":"2026-02-25T20:30:14+00:00","twitter_card":"summary_large_image","twitter_misc":{"Tempo estimado de leitura":"3 minutos"},"schema":{"@context":"https:\/\/schema.org","@graph":[{"@type":"WebPage","@id":"https:\/\/www.popesprayer.va\/pt-pt\/recursos\/","url":"https:\/\/www.popesprayer.va\/pt-pt\/recursos\/","name":"Recursos - Rede Mundial de Ora\u00e7\u00e3o do Papa","isPartOf":{"@id":"https:\/\/www.popesprayer.va\/pt-pt\/#website"},"datePublished":"2025-08-28T06:42:02+00:00","dateModified":"2026-02-25T20:30:14+00:00","breadcrumb":{"@id":"https:\/\/www.popesprayer.va\/pt-pt\/recursos\/#breadcrumb"},"inLanguage":"pt-PT","potentialAction":[{"@type":"ReadAction","target":["https:\/\/www.popesprayer.va\/pt-pt\/recursos\/"]}]},{"@type":"BreadcrumbList","@id":"https:\/\/www.popesprayer.va\/pt-pt\/recursos\/#breadcrumb","itemListElement":[{"@type":"ListItem","position":1,"name":"Home","item":"https:\/\/www.popesprayer.va\/pt-pt\/"},{"@type":"ListItem","position":2,"name":"Recursos"}]},{"@type":"WebSite","@id":"https:\/\/www.popesprayer.va\/pt-pt\/#website","url":"https:\/\/www.popesprayer.va\/pt-pt\/","name":"Pope's Worldwide Prayer Network","description":"Pray together, change the world","publisher":{"@id":"https:\/\/www.popesprayer.va\/pt-pt\/#organization"},"potentialAction":[{"@type":"SearchAction","target":{"@type":"EntryPoint","urlTemplate":"https:\/\/www.popesprayer.va\/pt-pt\/?s={search_term_string}"},"query-input":{"@type":"PropertyValueSpecification","valueRequired":true,"valueName":"search_term_string"}}],"inLanguage":"pt-PT"},{"@type":"Organization","@id":"https:\/\/www.popesprayer.va\/pt-pt\/#organization","name":"Rede Mundial de Ora\u00e7\u00e3o do Papa","url":"https:\/\/www.popesprayer.va\/pt-pt\/","logo":{"@type":"ImageObject","inLanguage":"pt-PT","@id":"https:\/\/www.popesprayer.va\/pt-pt\/#\/schema\/logo\/image\/","url":"https:\/\/www.popesprayer.va\/wp-content\/uploads\/2025\/01\/Logo-Popes-Worldwide-Prayer-Network-Pontifical-Work-EN-Horizontal.png","contentUrl":"https:\/\/www.popesprayer.va\/wp-content\/uploads\/2025\/01\/Logo-Popes-Worldwide-Prayer-Network-Pontifical-Work-EN-Horizontal.png","width":1328,"height":228,"caption":"Rede Mundial de Ora\u00e7\u00e3o do Papa"},"image":{"@id":"https:\/\/www.popesprayer.va\/pt-pt\/#\/schema\/logo\/image\/"}}]}},"_links":{"self":[{"href":"https:\/\/www.popesprayer.va\/pt-pt\/wp-json\/wp\/v2\/pages\/84370","targetHints":{"allow":["GET"]}}],"collection":[{"href":"https:\/\/www.popesprayer.va\/pt-pt\/wp-json\/wp\/v2\/pages"}],"about":[{"href":"https:\/\/www.popesprayer.va\/pt-pt\/wp-json\/wp\/v2\/types\/page"}],"author":[{"embeddable":true,"href":"https:\/\/www.popesprayer.va\/pt-pt\/wp-json\/wp\/v2\/users\/1"}],"replies":[{"embeddable":true,"href":"https:\/\/www.popesprayer.va\/pt-pt\/wp-json\/wp\/v2\/comments?post=84370"}],"version-history":[{"count":13,"href":"https:\/\/www.popesprayer.va\/pt-pt\/wp-json\/wp\/v2\/pages\/84370\/revisions"}],"predecessor-version":[{"id":93569,"href":"https:\/\/www.popesprayer.va\/pt-pt\/wp-json\/wp\/v2\/pages\/84370\/revisions\/93569"}],"wp:attachment":[{"href":"https:\/\/www.popesprayer.va\/pt-pt\/wp-json\/wp\/v2\/media?parent=84370"}],"curies":[{"name":"wp","href":"https:\/\/api.w.org\/{rel}","templated":true}]}}