{"id":91206,"date":"2025-12-23T14:38:37","date_gmt":"2025-12-23T13:38:37","guid":{"rendered":"https:\/\/www.popesprayer.va\/privacidade\/"},"modified":"2025-12-23T14:39:51","modified_gmt":"2025-12-23T13:39:51","slug":"privacidade","status":"publish","type":"page","link":"https:\/\/www.popesprayer.va\/pt-pt\/privacidade\/","title":{"rendered":"Privacidade"},"content":{"rendered":"<p>[et_pb_section fb_built=\"1&#8243; theme_builder_area=\"post_content\" _builder_version=\"4.27.5&#8243; _module_preset=\"default\" da_is_popup=\"off\" da_exit_intent=\"off\" da_has_close=\"on\" da_alt_close=\"off\" da_dark_close=\"off\" da_not_modal=\"on\" da_is_singular=\"off\" da_with_loader=\"off\" da_has_shadow=\"on\" da_disable_devices=\"off|off|off\"][et_pb_row _builder_version=\"4.27.5&#8243; _module_preset=\"default\" theme_builder_area=\"post_content\"][et_pb_column _builder_version=\"4.27.5&#8243; _module_preset=\"default\" type=\"4_4&#8243; theme_builder_area=\"post_content\"][et_pb_text _builder_version=\"4.27.5&#8243; _module_preset=\"default\" theme_builder_area=\"post_content\" max_width=\"800px\" module_alignment=\"center\" hover_enabled=\"0&#8243; sticky_enabled=\"0&#8243;]<\/p>\n<h3><b>POL\u00cdTICA DE PRIVACIDADE<\/b><b>. <\/b><b>INFORMA\u00c7\u00d5ES SOBRE A PROTEC\u00c7\u00c3O DE DADOS PESSOAIS<\/b><b>.<\/b><\/h3>\n<p><span style=\"font-weight: 400;\">  1.IDENTIFICA\u00c7\u00c3O DO RESPONS\u00c1VEL PELO TRATAMENTO DOS DADOS:<\/span><\/p>\n<p><span style=\"font-weight: 400;\">O respons\u00e1vel pelo tratamento dos teus dados pessoais \u00e9 a seguinte entidade jur\u00eddica:<\/span><\/p>\n<p><span style=\"font-weight: 400;\">Nome: REDE MUNDIAL DE ORA\u00c7\u00c3O DO PAPA (APOSTOLADO DA ORA\u00c7\u00c3O), MEJ (MOVIMENTO EUCAR\u00cdSTICO JUVENIL) (a seguir designada por \"RMOP\")<\/span><\/p>\n<p><span style=\"font-weight: 400;\">N\u00famero de registo: 80091350589<\/span><\/p>\n<p><span style=\"font-weight: 400;\"> <\/span><\/p>\n<p><span style=\"font-weight: 400;\">2. DADOS DE CONTACTO DO RESPONS\u00c1VEL PELO TRATAMENTO DE DADOS:<\/span><\/p>\n<p><span style=\"font-weight: 400;\">Endere\u00e7o: Borgo Santo Spirito, 4, Roma (Vaticano - \u00e1rea extraterritorial 2), (00193) Cidade do Vaticano.<\/span><\/p>\n<p><span style=\"font-weight: 400;\">Tel: +39 (06) 69-868-384<\/span><\/p>\n<p><span style=\"font-weight: 400;\">Fax: +39 (06) 69-868-380<\/span><\/p>\n<p><span style=\"font-weight: 400;\">Correio eletr\u00f3nico: apora-s@sjcuria.org<\/span><\/p>\n<p><span style=\"font-weight: 400;\"> <\/span><\/p>\n<p><span style=\"font-weight: 400;\">3. RECOLHA, FINALIDADE E PER\u00cdODO DE CONSERVA\u00c7\u00c3O DOS TEUS DADOS PESSOAIS:<\/span><\/p>\n<p><span style=\"font-weight: 400;\">Os dados pessoais que facultares atrav\u00e9s do formul\u00e1rio existente no WEBSITE www.popesprayer.va (doravante designado conjuntamente por \"WEBSITE\") ser\u00e3o tratados pela RMOP para as seguintes finalidades:<\/span><\/p>\n<ul>\n<li style=\"font-weight: 400;\" aria-level=\"1\"><span style=\"font-weight: 400;\">Gerir a cria\u00e7\u00e3o do teu PERFIL DE UTILIZADOR e facultar-te o acesso aos produtos, servi\u00e7os, funcionalidades e aplica\u00e7\u00f5es que s\u00e3o oferecidos atrav\u00e9s do SITE. Em particular, para te permitir utilizar o servi\u00e7o da plataforma social de ora\u00e7\u00e3o estabelecida atrav\u00e9s do SITE para fazeres as tuas ora\u00e7\u00f5es, inten\u00e7\u00f5es e pedidos. <\/span><\/li>\n<li style=\"font-weight: 400;\" aria-level=\"1\"><span style=\"font-weight: 400;\">Para te enviar a Newsletter, se a solicitares quando subscreveres o WEBSITE.<\/span><\/li>\n<li style=\"font-weight: 400;\" aria-level=\"1\"><span style=\"font-weight: 400;\">Gerir a rece\u00e7\u00e3o e a recolha de qualquer donativo que desejes fazer.<\/span><\/li>\n<\/ul>\n<p><span style=\"font-weight: 400;\">A RMOP n\u00e3o tratar\u00e1 as informa\u00e7\u00f5es que forneceres para outros fins que n\u00e3o os expressamente indicados acima. Se, posteriormente, for necess\u00e1rio processar os teus dados pessoais para outra finalidade, ser-te-\u00e1 previamente fornecida toda a informa\u00e7\u00e3o adicional relevante em rela\u00e7\u00e3o \u00e0 nova finalidade. Al\u00e9m disso, a RMOP n\u00e3o tomar\u00e1 decis\u00f5es automatizadas com base nas informa\u00e7\u00f5es que nos forneceres.  <\/span><\/p>\n<p><span style=\"font-weight: 400;\">Os dados pessoais fornecidos ser\u00e3o conservados durante o tempo necess\u00e1rio para continuar a rela\u00e7\u00e3o contigo, para te permitir aceder e gerir o teu PERFIL DE UTILIZADOR no WEBSITE e para te fornecer os servi\u00e7os e funcionalidades que s\u00e3o oferecidos atrav\u00e9s do WEBSITE, bem como para te enviar a Newsletter, caso a solicites. N\u00e3o obstante o acima exposto, os teus dados pessoais ser\u00e3o conservados por um per\u00edodo de um (1) ano a partir do momento em que cancelares ou removeres o teu PERFIL DE UTILIZADOR. <\/span><\/p>\n<p><span style=\"font-weight: 400;\">No caso dos donativos, os teus dados pessoais ser\u00e3o conservados durante o tempo necess\u00e1rio para efetuar a recolha dos mesmos. No entanto, uma vez efectuada a recolha pela RMOP, os dados do doador ser\u00e3o imediatamente eliminados. <\/span><\/p>\n<p><span style=\"font-weight: 400;\"> <\/span><\/p>\n<p><span style=\"font-weight: 400;\">4. FUNDAMENTOS JUR\u00cdDICOS PARA O TRATAMENTO DOS TEUS DADOS:<\/span><\/p>\n<p><span style=\"font-weight: 400;\">A base legal para o tratamento dos teus dados para criar o teu PERFIL DE UTILIZADOR e proporcionar-te o acesso aos produtos, servi\u00e7os, funcionalidades que s\u00e3o oferecidos atrav\u00e9s do WEBSITE e, em particular, para te permitir utilizar o servi\u00e7o da plataforma social de ora\u00e7\u00e3o estabelecida atrav\u00e9s do WEBSITE para fazeres as tuas ora\u00e7\u00f5es, inten\u00e7\u00f5es e pedidos, \u00e9 o consentimento inequ\u00edvoco que d\u00e1s ao aceitar o Aviso Legal e as Condi\u00e7\u00f5es de Utiliza\u00e7\u00e3o, bem como a Pol\u00edtica de Privacidade e, se aplic\u00e1vel, a Pol\u00edtica de Cookies; em nenhum caso a retirada deste consentimento afectar\u00e1 a implementa\u00e7\u00e3o dos produtos e servi\u00e7os solicitados.<\/span><\/p>\n<p><span style=\"font-weight: 400;\">A base dos fundamentos jur\u00eddicos para o tratamento dos teus dados pessoais para te enviar a Newsletter, se a solicitares ao subscreveres o WEBSITE, \u00e9 o consentimento inequ\u00edvoco que d\u00e1s ao aceitares a Pol\u00edtica de Privacidade e, se aplic\u00e1vel, a Pol\u00edtica de Cookies.<\/span><\/p>\n<p><span style=\"font-weight: 400;\">A base legal para o tratamento dos teus dados pessoais para gerir a rece\u00e7\u00e3o e a recolha de qualquer donativo que desejes fazer \u00e9 o consentimento inequ\u00edvoco que d\u00e1s ao aceitar a Pol\u00edtica de Privacidade.<\/span><\/p>\n<p><span style=\"font-weight: 400;\">A pessoa que aceita esta Pol\u00edtica de Privacidade declara que \u00e9 maior de idade e tem plena capacidade jur\u00eddica para a aceitar. A RMOP fica isenta de qualquer responsabilidade pela falta de capacidade jur\u00eddica do aceitante. <\/span><\/p>\n<p><span style=\"font-weight: 400;\"> <\/span><\/p>\n<p><span style=\"font-weight: 400;\">5.DESTINAT\u00c1RIOS E CATEGORIAS DE DADOS:<\/span><\/p>\n<p><span style=\"font-weight: 400;\">Os dados pessoais cedidos por ti n\u00e3o ser\u00e3o comunicados a terceiros, sem preju\u00edzo das comunica\u00e7\u00f5es que possam ser efectuadas a administra\u00e7\u00f5es p\u00fablicas, entidades ou organismos p\u00fablicos ou judiciais em virtude de uma obriga\u00e7\u00e3o legal. A RMOP n\u00e3o efectuar\u00e1 transfer\u00eancias internacionais de dados. <\/span><\/p>\n<p><span style=\"font-weight: 400;\">Os dados que a RMOP ir\u00e1 recolher e tratar atrav\u00e9s do WEBSITE e do formul\u00e1rio s\u00e3o os seguintes:<\/span><\/p>\n<ul>\n<li style=\"font-weight: 400;\" aria-level=\"1\"><span style=\"font-weight: 400;\">NOME E APELIDO(S)<\/span><\/li>\n<li style=\"font-weight: 400;\" aria-level=\"1\"><span style=\"font-weight: 400;\">DATA DE NASCIMENTO<\/span><\/li>\n<li style=\"font-weight: 400;\" aria-level=\"1\"><span style=\"font-weight: 400;\">PA\u00cdS DE RESID\u00caNCIA<\/span><\/li>\n<li style=\"font-weight: 400;\" aria-level=\"1\"><span style=\"font-weight: 400;\">N\u00daMERO DE TELEFONE DE CONTACTO<\/span><\/li>\n<li style=\"font-weight: 400;\" aria-level=\"1\"><span style=\"font-weight: 400;\">L\u00cdNGUA<\/span><\/li>\n<li style=\"font-weight: 400;\" aria-level=\"1\"><span style=\"font-weight: 400;\">SEXO<\/span><\/li>\n<li style=\"font-weight: 400;\" aria-level=\"1\"><span style=\"font-weight: 400;\">ENDERE\u00c7O DE EMAIL<\/span><\/li>\n<li style=\"font-weight: 400;\" aria-level=\"1\"><span style=\"font-weight: 400;\">PALAVRA-PASSE PARA O PERFIL CRIADO NO S\u00cdTIO WEB<\/span><\/li>\n<li style=\"font-weight: 400;\" aria-level=\"1\"><span style=\"font-weight: 400;\">COOKIES<\/span><\/li>\n<\/ul>\n<p><span style=\"font-weight: 400;\"> <\/span><\/p>\n<p><span style=\"font-weight: 400;\">6. DIREITOS DOS UTILIZADORES E MODO DE EXERC\u00cdCIO DESSES DIREITOS:<\/span><\/p>\n<p><span style=\"font-weight: 400;\">Tens os seguintes direitos para a prote\u00e7\u00e3o dos teus dados pessoais:<\/span><\/p>\n<ul>\n<li style=\"font-weight: 400;\" aria-level=\"1\"><span style=\"font-weight: 400;\">Direito de solicitar acesso<\/span><span style=\"font-weight: 400;\">: Permite-te saber que tipos de dados teus s\u00e3o tratados pela RMOP e as carater\u00edsticas do tratamento que \u00e9 efectuado.<\/span><\/li>\n<li style=\"font-weight: 400;\" aria-level=\"1\"><span style=\"font-weight: 400;\">Direito de solicitar a retifica\u00e7\u00e3o ou a supress\u00e3o<\/span><span style=\"font-weight: 400;\">: A retifica\u00e7\u00e3o permite-te solicitar a altera\u00e7\u00e3o dos teus dados por serem inexactos ou falsos. O apagamento permite-te solicitar a elimina\u00e7\u00e3o dos teus dados quando o tratamento j\u00e1 n\u00e3o \u00e9 necess\u00e1rio. <\/span><\/li>\n<li style=\"font-weight: 400;\" aria-level=\"1\"><span style=\"font-weight: 400;\">Direito de solicitar a limita\u00e7\u00e3o do tratamento<\/span><span style=\"font-weight: 400;\">: Permite-te restringir o tratamento dos dados nos casos previstos na lei.<\/span><\/li>\n<li style=\"font-weight: 400;\" aria-level=\"1\"><span style=\"font-weight: 400;\">Direito de oposi\u00e7\u00e3o ao tratamento<\/span><span style=\"font-weight: 400;\">: Em circunst\u00e2ncias especiais, permite-te opor-te a que a RMOP processe os teus dados.<\/span><\/li>\n<li style=\"font-weight: 400;\" aria-level=\"1\"><span style=\"font-weight: 400;\">Direito \u00e0 portabilidade dos dados<\/span><span style=\"font-weight: 400;\">: Permite-te obter uma c\u00f3pia integral dos dados pessoais que a RMOP est\u00e1 a tratar para que possam ser transferidos para outro respons\u00e1vel pelo tratamento de dados, nos casos permitidos por lei.<\/span><\/li>\n<\/ul>\n<p><span style=\"font-weight: 400;\">Al\u00e9m disso, tens o <\/span><span style=\"font-weight: 400;\">direito de retirar ou revogar o consentimento para o tratamento dos teus dados pessoais<\/span><span style=\"font-weight: 400;\"> a qualquer momento, sem que isso afecte a legalidade de qualquer tratamento com base no consentimento dado antes da retirada.<\/span><\/p>\n<p><span style=\"font-weight: 400;\">Podes exercer qualquer um dos direitos acima referidos da seguinte forma:<\/span><\/p>\n<ul>\n<li style=\"font-weight: 400;\" aria-level=\"1\"><span style=\"font-weight: 400;\">Por correio normal: atrav\u00e9s de carta enviada \u00e0 REDE MUNDIAL DE ORA\u00c7\u00c3O DO PAPA (APOSTOLADO DA ORA\u00c7\u00c3O), MEJ (MOVIMENTO EUCAR\u00cdSTICO JUVENIL), para o endere\u00e7o Borgo Santo Spirito, 4, Roma (Vaticano - \u00e1rea extraterritorial 2), (00193) Cidade do Vaticano.<\/span><\/li>\n<li style=\"font-weight: 400;\" aria-level=\"1\"><span style=\"font-weight: 400;\">Por correio eletr\u00f3nico: atrav\u00e9s de uma mensagem enviada para o seguinte endere\u00e7o de correio eletr\u00f3nico: apora-s@sjcuria.org, com o assunto \"DADOS PESSOAIS\".<\/span><\/li>\n<\/ul>\n<p><span style=\"font-weight: 400;\">Em qualquer uma das formas acima referidas, o pedido deve ser acompanhado do nome e apelido(s) da pessoa em causa, de uma fotoc\u00f3pia do seu documento de identifica\u00e7\u00e3o e da indica\u00e7\u00e3o do direito que pretende exercer.<\/span><\/p>\n<p><span style=\"font-weight: 400;\">N\u00e3o obstante o exerc\u00edcio dos teus direitos em rela\u00e7\u00e3o \u00e0 RMOP, tamb\u00e9m podes apresentar uma reclama\u00e7\u00e3o \u00e0 Autoridade de Controlo de Prote\u00e7\u00e3o de Dados com jurisdi\u00e7\u00e3o no teu pa\u00eds de resid\u00eancia. Al\u00e9m disso, para mais informa\u00e7\u00f5es ou outras reclama\u00e7\u00f5es, podes contactar a   <\/span><a href=\"http:\/\/www.edps.europa.eu\/\"><span style=\"font-weight: 400;\">AUTORIDADE EUROPEIA PARA A PROTEC\u00c7\u00c3O DE DADOS<\/span><\/a><span style=\"font-weight: 400;\">uma autoridade europeia independente para a prote\u00e7\u00e3o de dados pessoais, com sede na Rue Montoyer 30, B-1000 Bruxelas. O seu endere\u00e7o postal \u00e9 Rue Wiertz 60, B-1047 Bruxelas, o seu n\u00famero de telefone \u00e9 (+32) 2-283-19-00 e o seu endere\u00e7o de correio eletr\u00f3nico \u00e9   <\/span><span style=\"font-weight: 400;\">edps@edps.europa.eu<\/span><span style=\"font-weight: 400;\">.<\/span><\/p>\n<p>[\/et_pb_text][\/et_pb_column][\/et_pb_row][\/et_pb_section]<\/p>\n","protected":false},"excerpt":{"rendered":"<p>POL\u00cdTICA DE PRIVACIDADE. INFORMA\u00c7\u00d5ES SOBRE A PROTEC\u00c7\u00c3O DE DADOS PESSOAIS. 1.IDENTIFICA\u00c7\u00c3O DO RESPONS\u00c1VEL PELO TRATAMENTO DOS DADOS: O respons\u00e1vel pelo tratamento dos teus dados pessoais \u00e9 a seguinte entidade jur\u00eddica: Nome: REDE MUNDIAL DE ORA\u00c7\u00c3O DO PAPA (APOSTOLADO DA ORA\u00c7\u00c3O), MEJ (MOVIMENTO EUCAR\u00cdSTICO JUVENIL) (a seguir designada por \"RMOP\") N\u00famero de registo: 80091350589 2. DADOS [&hellip;]<\/p>\n","protected":false},"author":1,"featured_media":0,"parent":0,"menu_order":0,"comment_status":"closed","ping_status":"closed","template":"","meta":{"_acf_changed":false,"_et_pb_use_builder":"on","_et_pb_old_content":"","_et_gb_content_width":"","footnotes":""},"class_list":["post-91206","page","type-page","status-publish","hentry"],"acf":[],"yoast_head":"<!-- This site is optimized with the Yoast SEO plugin v27.5 - https:\/\/yoast.com\/product\/yoast-seo-wordpress\/ -->\n<title>Privacidade - Rede Mundial de Ora\u00e7\u00e3o do Papa<\/title>\n<meta name=\"robots\" content=\"index, follow, max-snippet:-1, max-image-preview:large, max-video-preview:-1\" \/>\n<link rel=\"canonical\" href=\"https:\/\/www.popesprayer.va\/pt-pt\/privacidade\/\" \/>\n<meta property=\"og:locale\" content=\"pt_PT\" \/>\n<meta property=\"og:type\" content=\"article\" \/>\n<meta property=\"og:title\" content=\"Privacidade - Rede Mundial de Ora\u00e7\u00e3o do Papa\" \/>\n<meta property=\"og:description\" content=\"POL\u00cdTICA DE PRIVACIDADE. INFORMA\u00c7\u00d5ES SOBRE A PROTEC\u00c7\u00c3O DE DADOS PESSOAIS. 1.IDENTIFICA\u00c7\u00c3O DO RESPONS\u00c1VEL PELO TRATAMENTO DOS DADOS: O respons\u00e1vel pelo tratamento dos teus dados pessoais \u00e9 a seguinte entidade jur\u00eddica: Nome: REDE MUNDIAL DE ORA\u00c7\u00c3O DO PAPA (APOSTOLADO DA ORA\u00c7\u00c3O), MEJ (MOVIMENTO EUCAR\u00cdSTICO JUVENIL) (a seguir designada por &quot;RMOP&quot;) N\u00famero de registo: 80091350589 2. DADOS [&hellip;]\" \/>\n<meta property=\"og:url\" content=\"https:\/\/www.popesprayer.va\/pt-pt\/privacidade\/\" \/>\n<meta property=\"og:site_name\" content=\"Rede Mundial de Ora\u00e7\u00e3o do Papa\" \/>\n<meta property=\"article:modified_time\" content=\"2025-12-23T13:39:51+00:00\" \/>\n<meta name=\"twitter:card\" content=\"summary_large_image\" \/>\n<meta name=\"twitter:label1\" content=\"Tempo estimado de leitura\" \/>\n\t<meta name=\"twitter:data1\" content=\"7 minutos\" \/>\n<script type=\"application\/ld+json\" class=\"yoast-schema-graph\">{\"@context\":\"https:\\\/\\\/schema.org\",\"@graph\":[{\"@type\":\"WebPage\",\"@id\":\"https:\\\/\\\/www.popesprayer.va\\\/pt-pt\\\/privacidade\\\/\",\"url\":\"https:\\\/\\\/www.popesprayer.va\\\/pt-pt\\\/privacidade\\\/\",\"name\":\"Privacidade - Rede Mundial de Ora\u00e7\u00e3o do Papa\",\"isPartOf\":{\"@id\":\"https:\\\/\\\/www.popesprayer.va\\\/pt-pt\\\/#website\"},\"datePublished\":\"2025-12-23T13:38:37+00:00\",\"dateModified\":\"2025-12-23T13:39:51+00:00\",\"breadcrumb\":{\"@id\":\"https:\\\/\\\/www.popesprayer.va\\\/pt-pt\\\/privacidade\\\/#breadcrumb\"},\"inLanguage\":\"pt-PT\",\"potentialAction\":[{\"@type\":\"ReadAction\",\"target\":[\"https:\\\/\\\/www.popesprayer.va\\\/pt-pt\\\/privacidade\\\/\"]}]},{\"@type\":\"BreadcrumbList\",\"@id\":\"https:\\\/\\\/www.popesprayer.va\\\/pt-pt\\\/privacidade\\\/#breadcrumb\",\"itemListElement\":[{\"@type\":\"ListItem\",\"position\":1,\"name\":\"Home\",\"item\":\"https:\\\/\\\/www.popesprayer.va\\\/pt-pt\\\/\"},{\"@type\":\"ListItem\",\"position\":2,\"name\":\"Privacidade\"}]},{\"@type\":\"WebSite\",\"@id\":\"https:\\\/\\\/www.popesprayer.va\\\/pt-pt\\\/#website\",\"url\":\"https:\\\/\\\/www.popesprayer.va\\\/pt-pt\\\/\",\"name\":\"Pope's Worldwide Prayer Network\",\"description\":\"Pray together, change the world\",\"publisher\":{\"@id\":\"https:\\\/\\\/www.popesprayer.va\\\/pt-pt\\\/#organization\"},\"potentialAction\":[{\"@type\":\"SearchAction\",\"target\":{\"@type\":\"EntryPoint\",\"urlTemplate\":\"https:\\\/\\\/www.popesprayer.va\\\/pt-pt\\\/?s={search_term_string}\"},\"query-input\":{\"@type\":\"PropertyValueSpecification\",\"valueRequired\":true,\"valueName\":\"search_term_string\"}}],\"inLanguage\":\"pt-PT\"},{\"@type\":\"Organization\",\"@id\":\"https:\\\/\\\/www.popesprayer.va\\\/pt-pt\\\/#organization\",\"name\":\"Rede Mundial de Ora\u00e7\u00e3o do Papa\",\"url\":\"https:\\\/\\\/www.popesprayer.va\\\/pt-pt\\\/\",\"logo\":{\"@type\":\"ImageObject\",\"inLanguage\":\"pt-PT\",\"@id\":\"https:\\\/\\\/www.popesprayer.va\\\/pt-pt\\\/#\\\/schema\\\/logo\\\/image\\\/\",\"url\":\"https:\\\/\\\/www.popesprayer.va\\\/wp-content\\\/uploads\\\/2025\\\/01\\\/Logo-Popes-Worldwide-Prayer-Network-Pontifical-Work-EN-Horizontal.png\",\"contentUrl\":\"https:\\\/\\\/www.popesprayer.va\\\/wp-content\\\/uploads\\\/2025\\\/01\\\/Logo-Popes-Worldwide-Prayer-Network-Pontifical-Work-EN-Horizontal.png\",\"width\":1328,\"height\":228,\"caption\":\"Rede Mundial de Ora\u00e7\u00e3o do Papa\"},\"image\":{\"@id\":\"https:\\\/\\\/www.popesprayer.va\\\/pt-pt\\\/#\\\/schema\\\/logo\\\/image\\\/\"}}]}<\/script>\n<!-- \/ Yoast SEO plugin. -->","yoast_head_json":{"title":"Privacidade - Rede Mundial de Ora\u00e7\u00e3o do Papa","robots":{"index":"index","follow":"follow","max-snippet":"max-snippet:-1","max-image-preview":"max-image-preview:large","max-video-preview":"max-video-preview:-1"},"canonical":"https:\/\/www.popesprayer.va\/pt-pt\/privacidade\/","og_locale":"pt_PT","og_type":"article","og_title":"Privacidade - Rede Mundial de Ora\u00e7\u00e3o do Papa","og_description":"POL\u00cdTICA DE PRIVACIDADE. INFORMA\u00c7\u00d5ES SOBRE A PROTEC\u00c7\u00c3O DE DADOS PESSOAIS. 1.IDENTIFICA\u00c7\u00c3O DO RESPONS\u00c1VEL PELO TRATAMENTO DOS DADOS: O respons\u00e1vel pelo tratamento dos teus dados pessoais \u00e9 a seguinte entidade jur\u00eddica: Nome: REDE MUNDIAL DE ORA\u00c7\u00c3O DO PAPA (APOSTOLADO DA ORA\u00c7\u00c3O), MEJ (MOVIMENTO EUCAR\u00cdSTICO JUVENIL) (a seguir designada por \"RMOP\") N\u00famero de registo: 80091350589 2. DADOS [&hellip;]","og_url":"https:\/\/www.popesprayer.va\/pt-pt\/privacidade\/","og_site_name":"Rede Mundial de Ora\u00e7\u00e3o do Papa","article_modified_time":"2025-12-23T13:39:51+00:00","twitter_card":"summary_large_image","twitter_misc":{"Tempo estimado de leitura":"7 minutos"},"schema":{"@context":"https:\/\/schema.org","@graph":[{"@type":"WebPage","@id":"https:\/\/www.popesprayer.va\/pt-pt\/privacidade\/","url":"https:\/\/www.popesprayer.va\/pt-pt\/privacidade\/","name":"Privacidade - Rede Mundial de Ora\u00e7\u00e3o do Papa","isPartOf":{"@id":"https:\/\/www.popesprayer.va\/pt-pt\/#website"},"datePublished":"2025-12-23T13:38:37+00:00","dateModified":"2025-12-23T13:39:51+00:00","breadcrumb":{"@id":"https:\/\/www.popesprayer.va\/pt-pt\/privacidade\/#breadcrumb"},"inLanguage":"pt-PT","potentialAction":[{"@type":"ReadAction","target":["https:\/\/www.popesprayer.va\/pt-pt\/privacidade\/"]}]},{"@type":"BreadcrumbList","@id":"https:\/\/www.popesprayer.va\/pt-pt\/privacidade\/#breadcrumb","itemListElement":[{"@type":"ListItem","position":1,"name":"Home","item":"https:\/\/www.popesprayer.va\/pt-pt\/"},{"@type":"ListItem","position":2,"name":"Privacidade"}]},{"@type":"WebSite","@id":"https:\/\/www.popesprayer.va\/pt-pt\/#website","url":"https:\/\/www.popesprayer.va\/pt-pt\/","name":"Pope's Worldwide Prayer Network","description":"Pray together, change the world","publisher":{"@id":"https:\/\/www.popesprayer.va\/pt-pt\/#organization"},"potentialAction":[{"@type":"SearchAction","target":{"@type":"EntryPoint","urlTemplate":"https:\/\/www.popesprayer.va\/pt-pt\/?s={search_term_string}"},"query-input":{"@type":"PropertyValueSpecification","valueRequired":true,"valueName":"search_term_string"}}],"inLanguage":"pt-PT"},{"@type":"Organization","@id":"https:\/\/www.popesprayer.va\/pt-pt\/#organization","name":"Rede Mundial de Ora\u00e7\u00e3o do Papa","url":"https:\/\/www.popesprayer.va\/pt-pt\/","logo":{"@type":"ImageObject","inLanguage":"pt-PT","@id":"https:\/\/www.popesprayer.va\/pt-pt\/#\/schema\/logo\/image\/","url":"https:\/\/www.popesprayer.va\/wp-content\/uploads\/2025\/01\/Logo-Popes-Worldwide-Prayer-Network-Pontifical-Work-EN-Horizontal.png","contentUrl":"https:\/\/www.popesprayer.va\/wp-content\/uploads\/2025\/01\/Logo-Popes-Worldwide-Prayer-Network-Pontifical-Work-EN-Horizontal.png","width":1328,"height":228,"caption":"Rede Mundial de Ora\u00e7\u00e3o do Papa"},"image":{"@id":"https:\/\/www.popesprayer.va\/pt-pt\/#\/schema\/logo\/image\/"}}]}},"_links":{"self":[{"href":"https:\/\/www.popesprayer.va\/pt-pt\/wp-json\/wp\/v2\/pages\/91206","targetHints":{"allow":["GET"]}}],"collection":[{"href":"https:\/\/www.popesprayer.va\/pt-pt\/wp-json\/wp\/v2\/pages"}],"about":[{"href":"https:\/\/www.popesprayer.va\/pt-pt\/wp-json\/wp\/v2\/types\/page"}],"author":[{"embeddable":true,"href":"https:\/\/www.popesprayer.va\/pt-pt\/wp-json\/wp\/v2\/users\/1"}],"replies":[{"embeddable":true,"href":"https:\/\/www.popesprayer.va\/pt-pt\/wp-json\/wp\/v2\/comments?post=91206"}],"version-history":[{"count":6,"href":"https:\/\/www.popesprayer.va\/pt-pt\/wp-json\/wp\/v2\/pages\/91206\/revisions"}],"predecessor-version":[{"id":91224,"href":"https:\/\/www.popesprayer.va\/pt-pt\/wp-json\/wp\/v2\/pages\/91206\/revisions\/91224"}],"wp:attachment":[{"href":"https:\/\/www.popesprayer.va\/pt-pt\/wp-json\/wp\/v2\/media?parent=91206"}],"curies":[{"name":"wp","href":"https:\/\/api.w.org\/{rel}","templated":true}]}}