{"id":91233,"date":"2025-12-23T14:39:54","date_gmt":"2025-12-23T13:39:54","guid":{"rendered":"https:\/\/www.popesprayer.va\/cookies\/"},"modified":"2025-12-23T14:41:02","modified_gmt":"2025-12-23T13:41:02","slug":"cookies","status":"publish","type":"page","link":"https:\/\/www.popesprayer.va\/pt-pt\/cookies\/","title":{"rendered":"Cookies"},"content":{"rendered":"<p>[et_pb_section fb_built=\"1&#8243; theme_builder_area=\"post_content\" _builder_version=\"4.27.5&#8243; _module_preset=\"default\" da_is_popup=\"off\" da_exit_intent=\"off\" da_has_close=\"on\" da_alt_close=\"off\" da_dark_close=\"off\" da_not_modal=\"on\" da_is_singular=\"off\" da_with_loader=\"off\" da_has_shadow=\"on\" da_disable_devices=\"off|off|off\"][et_pb_row _builder_version=\"4.27.5&#8243; _module_preset=\"default\" theme_builder_area=\"post_content\"][et_pb_column _builder_version=\"4.27.5&#8243; _module_preset=\"default\" type=\"4_4&#8243; theme_builder_area=\"post_content\"][et_pb_text _builder_version=\"4.27.5&#8243; _module_preset=\"default\" theme_builder_area=\"post_content\" max_width=\"800px\" module_alignment=\"center\" hover_enabled=\"0&#8243; sticky_enabled=\"0&#8243;]<\/p>\n<h3><b>INFORMA\u00c7\u00d5ES SOBRE COOKIES<\/b><\/h3>\n<h3><b>1.UTILIZA\u00c7\u00c3O DE COOKIES:<\/b><\/h3>\n<p><span style=\"font-weight: 400;\">O WEBSITE da RMOP utiliza uma tecnologia denominada cookies para obter informa\u00e7\u00f5es sobre a utiliza\u00e7\u00e3o do WEBSITE e para melhorar a experi\u00eancia dos utilizadores.<\/span><\/p>\n<p><span style=\"font-weight: 400;\"> <\/span><\/p>\n<p><span style=\"font-weight: 400;\">2. DEFINI\u00c7\u00c3O E FUN\u00c7\u00c3O DOS COOKIES:<\/span><\/p>\n<p><span style=\"font-weight: 400;\">Os cookies s\u00e3o pequenos ficheiros que s\u00e3o enviados e armazenados no disco r\u00edgido do computador do utilizador atrav\u00e9s do seu browser quando este se liga a um s\u00edtio Web. Entre outras coisas, os cookies permitem que um s\u00edtio Web armazene e recupere informa\u00e7\u00f5es sobre os h\u00e1bitos de navega\u00e7\u00e3o dos utilizadores ou do seu computador e, de acordo com as informa\u00e7\u00f5es que cont\u00eam e a forma como os utilizadores utilizam o seu computador, podem ser utilizados para reconhecer os utilizadores. <\/span><\/p>\n<p><span style=\"font-weight: 400;\"> <\/span><\/p>\n<p><span style=\"font-weight: 400;\">3.CLASSIFICA\u00c7\u00c3O DOS COOKIES:<\/span><\/p>\n<p><span style=\"font-weight: 400;\">Os cookies podem ser classificados de acordo com diferentes par\u00e2metros:<\/span><\/p>\n<ul>\n<li style=\"font-weight: 400;\" aria-level=\"1\"><span style=\"font-weight: 400;\">Titularidade: cookies pr\u00f3prios ou de terceiros, dependendo da entidade que gere o nome de dom\u00ednio a partir do qual os cookies s\u00e3o enviados e os dados obtidos s\u00e3o tratados.<\/span><\/li>\n<li style=\"font-weight: 400;\" aria-level=\"1\"><span style=\"font-weight: 400;\">Dura\u00e7\u00e3o: cookies de sess\u00e3o ou cookies persistentes, consoante o per\u00edodo de tempo em que s\u00e3o armazenados no terminal do utilizador.<\/span><\/li>\n<li style=\"font-weight: 400;\" aria-level=\"1\"><span style=\"font-weight: 400;\">Finalidade: cookies t\u00e9cnicos, cookies de personaliza\u00e7\u00e3o, cookies de an\u00e1lise, cookies de publicidade, cookies de publicidade comportamental, consoante a finalidade para a qual os dados obtidos s\u00e3o tratados.<\/span><\/li>\n<\/ul>\n<p><span style=\"font-weight: 400;\">De acordo com a sua finalidade, podem ser definidos os seguintes tipos de cookies:<\/span><\/p>\n<ul>\n<li style=\"font-weight: 400;\" aria-level=\"1\"><span style=\"font-weight: 400;\">Cookies t\u00e9cnicos: s\u00e3o aqueles que permitem ao utilizador navegar num s\u00edtio Web ou numa aplica\u00e7\u00e3o e utilizar as diferentes op\u00e7\u00f5es ou servi\u00e7os que nele existem (v\u00eddeos para facilitar as compras, redes sociais, etc.).<\/span><\/li>\n<li style=\"font-weight: 400;\" aria-level=\"1\"><span style=\"font-weight: 400;\">Cookies de personaliza\u00e7\u00e3o: s\u00e3o aqueles que permitem ao utilizador aceder ao servi\u00e7o com determinadas carater\u00edsticas gerais predefinidas em fun\u00e7\u00e3o das suas prefer\u00eancias (l\u00edngua, tipo de navegador, defini\u00e7\u00f5es, conce\u00e7\u00e3o dos conte\u00fados).<\/span><\/li>\n<li style=\"font-weight: 400;\" aria-level=\"1\"><span style=\"font-weight: 400;\">Cookies de an\u00e1lise: s\u00e3o aqueles que permitem a an\u00e1lise an\u00f3nima do comportamento dos utilizadores no s\u00edtio Web e permitem medir a atividade do utilizador e elaborar perfis de navega\u00e7\u00e3o para melhorar os s\u00edtios Web.<\/span><\/li>\n<li style=\"font-weight: 400;\" aria-level=\"1\"><span style=\"font-weight: 400;\">Cookies publicit\u00e1rios: s\u00e3o aqueles que permitem a gest\u00e3o de espa\u00e7os publicit\u00e1rios no s\u00edtio Web.<\/span><\/li>\n<li style=\"font-weight: 400;\" aria-level=\"1\"><span style=\"font-weight: 400;\">Cookies de publicidade comportamental: s\u00e3o aqueles que permitem a gest\u00e3o dos espa\u00e7os publicit\u00e1rios do s\u00edtio Web com base no comportamento e nos h\u00e1bitos de navega\u00e7\u00e3o dos utilizadores, o que permite obter o seu perfil e personalizar a publicidade que \u00e9 apresentada no navegador dos utilizadores.<\/span><\/li>\n<\/ul>\n<p><span style=\"font-weight: 400;\"> <\/span><\/p>\n<p><span style=\"font-weight: 400;\">4. COOKIES UTILIZADOS NO S\u00cdTIO WEB:<\/span><\/p>\n<p><span style=\"font-weight: 400;\">O WEBSITE PWPN utiliza cookies pr\u00f3prios e de terceiros. Os cookies pr\u00f3prios s\u00e3o utilizados para indicar se os utilizadores activaram o JavaScript e os cookies de terceiros permitem a an\u00e1lise de dados pelo Google Analytics. Em nenhum caso os cookies processam dados pessoais.  <\/span><\/p>\n<p><span style=\"font-weight: 400;\">Cookies pr\u00f3prios:<\/span><\/p>\n<table>\n<tbody>\n<tr>\n<td>\n<p><span style=\"font-weight: 400;\">NOME<\/span><\/p>\n<\/td>\n<td>\n<p><span style=\"font-weight: 400;\">OBJECTIVO<\/span><\/p>\n<\/td>\n<td>\n<p><span style=\"font-weight: 400;\">DURA\u00c7\u00c3O<\/span><\/p>\n<\/td>\n<\/tr>\n<tr>\n<td>\n<p><span style=\"font-weight: 400;\">tem_js<\/span><\/p>\n<\/td>\n<td>\n<p><span style=\"font-weight: 400;\">Utilizado para indicar se os utilizadores activaram o JavaScript<\/span><\/p>\n<\/td>\n<td>\n<p><span style=\"font-weight: 400;\">Dura\u00e7\u00e3o da sess\u00e3o<\/span><\/p>\n<\/td>\n<\/tr>\n<tr>\n<td>\n<p><span style=\"font-weight: 400;\"> <\/span><\/p>\n<\/td>\n<td>\n<p><span style=\"font-weight: 400;\"> <\/span><\/p>\n<\/td>\n<td> <\/td>\n<\/tr>\n<\/tbody>\n<\/table>\n<p><span style=\"font-weight: 400;\"> <\/span><\/p>\n<p><span style=\"font-weight: 400;\">Cookies de terceiros:<\/span><\/p>\n<table>\n<tbody>\n<tr>\n<td>\n<p><span style=\"font-weight: 400;\">NOME<\/span><\/p>\n<\/td>\n<td>\n<p><span style=\"font-weight: 400;\">PROPRIET\u00c1RIO<\/span><\/p>\n<\/td>\n<td>\n<p><span style=\"font-weight: 400;\">OBJECTIVO<\/span><\/p>\n<\/td>\n<td>\n<p><span style=\"font-weight: 400;\">DURA\u00c7\u00c3O<\/span><\/p>\n<\/td>\n<\/tr>\n<tr>\n<td>\n<p><span style=\"font-weight: 400;\">N\u00e3o te preocupes.<\/span><\/p>\n<\/td>\n<td>\n<p><span style=\"font-weight: 400;\">Google<\/span><\/p>\n<\/td>\n<td>\n<p><span style=\"font-weight: 400;\">Google Analytics. Utilizado para distinguir utilizadores <\/span><\/p>\n<\/td>\n<td>\n<p><span style=\"font-weight: 400;\">2 anos<\/span><\/p>\n<\/td>\n<\/tr>\n<tr>\n<td>\n<p><span style=\"font-weight: 400;\">N\u00e3o te preocupes.<\/span><\/p>\n<\/td>\n<td>\n<p><span style=\"font-weight: 400;\">Google<\/span><\/p>\n<\/td>\n<td>\n<p><span style=\"font-weight: 400;\">Google Analytics. Utilizado para limitar a percentagem de pedidos <\/span><\/p>\n<\/td>\n<td>\n<p><span style=\"font-weight: 400;\">10 minutos<\/span><\/p>\n<\/td>\n<\/tr>\n<\/tbody>\n<\/table>\n<p><span style=\"font-weight: 400;\"> <\/span><\/p>\n<p><span style=\"font-weight: 400;\">Os cookies s\u00e3o activados cada vez que um novo utilizador visita o WEBSITE ou quando os cookies foram apagados.<\/span><\/p>\n<p><span style=\"font-weight: 400;\"> <\/span><\/p>\n<p><span style=\"font-weight: 400;\">5.DEFINI\u00c7\u00d5ES DE COOKIES DE ACORDO COM O BROWSER:<\/span><\/p>\n<p><span style=\"font-weight: 400;\">Abaixo est\u00e3o os links onde os utilizadores podem encontrar informa\u00e7\u00f5es sobre como os cookies podem ser configurados e geridos atrav\u00e9s dos principais browsers:<\/span><\/p>\n<ul>\n<li style=\"font-weight: 400;\" aria-level=\"1\"><a href=\"https:\/\/support.microsoft.com\/es-es\/help\/17442\/windows-internet-explorer-delete-manage-cookies\"><span style=\"font-weight: 400;\">Internet Explorer<\/span><\/a><\/li>\n<li style=\"font-weight: 400;\" aria-level=\"1\"><a href=\"https:\/\/support.apple.com\/kb\/ph21411?locale=es_ES\"><span style=\"font-weight: 400;\">Safari<\/span><\/a><\/li>\n<li style=\"font-weight: 400;\" aria-level=\"1\"><span style=\"font-weight: 400;\">Cromado<\/span><\/li>\n<li style=\"font-weight: 400;\" aria-level=\"1\"><span style=\"font-weight: 400;\">Firefox<\/span><\/li>\n<\/ul>\n<p><span style=\"font-weight: 400;\"> <\/span><\/p>\n<p><span style=\"font-weight: 400;\">6. CONSENTE NOS COOKIES E NO FUNCIONAMENTO DO S\u00cdTIO WEB:<\/span><\/p>\n<p><span style=\"font-weight: 400;\">Podes revogar o teu consentimento para a utiliza\u00e7\u00e3o de cookies a qualquer momento. Para tal, ter\u00e1s de desativar os cookies no WEBSITE seguindo as instru\u00e7\u00f5es da sec\u00e7\u00e3o acima, de acordo com o browser que utilizas. <\/span><\/p>\n<p><span style=\"font-weight: 400;\">Tem em aten\u00e7\u00e3o que a revoga\u00e7\u00e3o do consentimento e, por conseguinte, a desativa\u00e7\u00e3o de determinados cookies, pode impedir a utiliza\u00e7\u00e3o de certas funcionalidades do nosso s\u00edtio Web.<\/span><\/p>\n<p><span style=\"font-weight: 400;\"> <\/span><\/p>\n<p><span style=\"font-weight: 400;\">7.ACTUALIZA\u00c7\u00d5ES E ALTERA\u00c7\u00d5ES:<\/span><\/p>\n<p><span style=\"font-weight: 400;\">O S\u00cdTIO pode modificar estas informa\u00e7\u00f5es sobre os cookies. Por isso, recomendamos-te que verifiques esta pol\u00edtica cada vez que acedas ao S\u00cdTIO DA RMOP. <\/span><\/p>\n<p>[\/et_pb_text][\/et_pb_column][\/et_pb_row][\/et_pb_section]<\/p>\n","protected":false},"excerpt":{"rendered":"<p>INFORMA\u00c7\u00d5ES SOBRE COOKIES 1.UTILIZA\u00c7\u00c3O DE COOKIES: O WEBSITE da RMOP utiliza uma tecnologia denominada cookies para obter informa\u00e7\u00f5es sobre a utiliza\u00e7\u00e3o do WEBSITE e para melhorar a experi\u00eancia dos utilizadores. 2. DEFINI\u00c7\u00c3O E FUN\u00c7\u00c3O DOS COOKIES: Os cookies s\u00e3o pequenos ficheiros que s\u00e3o enviados e armazenados no disco r\u00edgido do computador do utilizador atrav\u00e9s do [&hellip;]<\/p>\n","protected":false},"author":1,"featured_media":0,"parent":0,"menu_order":0,"comment_status":"closed","ping_status":"closed","template":"","meta":{"_acf_changed":false,"_et_pb_use_builder":"on","_et_pb_old_content":"","_et_gb_content_width":"","footnotes":""},"class_list":["post-91233","page","type-page","status-publish","hentry"],"acf":[],"yoast_head":"<!-- This site is optimized with the Yoast SEO plugin v27.3 - https:\/\/yoast.com\/product\/yoast-seo-wordpress\/ -->\n<title>Cookies - Rede Mundial de Ora\u00e7\u00e3o do Papa<\/title>\n<meta name=\"robots\" content=\"index, follow, max-snippet:-1, max-image-preview:large, max-video-preview:-1\" \/>\n<link rel=\"canonical\" href=\"https:\/\/www.popesprayer.va\/pt-pt\/cookies\/\" \/>\n<meta property=\"og:locale\" content=\"pt_PT\" \/>\n<meta property=\"og:type\" content=\"article\" \/>\n<meta property=\"og:title\" content=\"Cookies - Rede Mundial de Ora\u00e7\u00e3o do Papa\" \/>\n<meta property=\"og:description\" content=\"INFORMA\u00c7\u00d5ES SOBRE COOKIES 1.UTILIZA\u00c7\u00c3O DE COOKIES: O WEBSITE da RMOP utiliza uma tecnologia denominada cookies para obter informa\u00e7\u00f5es sobre a utiliza\u00e7\u00e3o do WEBSITE e para melhorar a experi\u00eancia dos utilizadores. 2. DEFINI\u00c7\u00c3O E FUN\u00c7\u00c3O DOS COOKIES: Os cookies s\u00e3o pequenos ficheiros que s\u00e3o enviados e armazenados no disco r\u00edgido do computador do utilizador atrav\u00e9s do [&hellip;]\" \/>\n<meta property=\"og:url\" content=\"https:\/\/www.popesprayer.va\/pt-pt\/cookies\/\" \/>\n<meta property=\"og:site_name\" content=\"Rede Mundial de Ora\u00e7\u00e3o do Papa\" \/>\n<meta property=\"article:modified_time\" content=\"2025-12-23T13:41:02+00:00\" \/>\n<meta name=\"twitter:card\" content=\"summary_large_image\" \/>\n<meta name=\"twitter:label1\" content=\"Tempo estimado de leitura\" \/>\n\t<meta name=\"twitter:data1\" content=\"4 minutos\" \/>\n<script type=\"application\/ld+json\" class=\"yoast-schema-graph\">{\"@context\":\"https:\\\/\\\/schema.org\",\"@graph\":[{\"@type\":\"WebPage\",\"@id\":\"https:\\\/\\\/www.popesprayer.va\\\/pt-pt\\\/cookies\\\/\",\"url\":\"https:\\\/\\\/www.popesprayer.va\\\/pt-pt\\\/cookies\\\/\",\"name\":\"Cookies - Rede Mundial de Ora\u00e7\u00e3o do Papa\",\"isPartOf\":{\"@id\":\"https:\\\/\\\/www.popesprayer.va\\\/pt-pt\\\/#website\"},\"datePublished\":\"2025-12-23T13:39:54+00:00\",\"dateModified\":\"2025-12-23T13:41:02+00:00\",\"breadcrumb\":{\"@id\":\"https:\\\/\\\/www.popesprayer.va\\\/pt-pt\\\/cookies\\\/#breadcrumb\"},\"inLanguage\":\"pt-PT\",\"potentialAction\":[{\"@type\":\"ReadAction\",\"target\":[\"https:\\\/\\\/www.popesprayer.va\\\/pt-pt\\\/cookies\\\/\"]}]},{\"@type\":\"BreadcrumbList\",\"@id\":\"https:\\\/\\\/www.popesprayer.va\\\/pt-pt\\\/cookies\\\/#breadcrumb\",\"itemListElement\":[{\"@type\":\"ListItem\",\"position\":1,\"name\":\"Home\",\"item\":\"https:\\\/\\\/www.popesprayer.va\\\/pt-pt\\\/\"},{\"@type\":\"ListItem\",\"position\":2,\"name\":\"Cookies\"}]},{\"@type\":\"WebSite\",\"@id\":\"https:\\\/\\\/www.popesprayer.va\\\/pt-pt\\\/#website\",\"url\":\"https:\\\/\\\/www.popesprayer.va\\\/pt-pt\\\/\",\"name\":\"Pope's Worldwide Prayer Network\",\"description\":\"Pray together, change the world\",\"publisher\":{\"@id\":\"https:\\\/\\\/www.popesprayer.va\\\/pt-pt\\\/#organization\"},\"potentialAction\":[{\"@type\":\"SearchAction\",\"target\":{\"@type\":\"EntryPoint\",\"urlTemplate\":\"https:\\\/\\\/www.popesprayer.va\\\/pt-pt\\\/?s={search_term_string}\"},\"query-input\":{\"@type\":\"PropertyValueSpecification\",\"valueRequired\":true,\"valueName\":\"search_term_string\"}}],\"inLanguage\":\"pt-PT\"},{\"@type\":\"Organization\",\"@id\":\"https:\\\/\\\/www.popesprayer.va\\\/pt-pt\\\/#organization\",\"name\":\"Rede Mundial de Ora\u00e7\u00e3o do Papa\",\"url\":\"https:\\\/\\\/www.popesprayer.va\\\/pt-pt\\\/\",\"logo\":{\"@type\":\"ImageObject\",\"inLanguage\":\"pt-PT\",\"@id\":\"https:\\\/\\\/www.popesprayer.va\\\/pt-pt\\\/#\\\/schema\\\/logo\\\/image\\\/\",\"url\":\"https:\\\/\\\/www.popesprayer.va\\\/wp-content\\\/uploads\\\/2025\\\/01\\\/Logo-Popes-Worldwide-Prayer-Network-Pontifical-Work-EN-Horizontal.png\",\"contentUrl\":\"https:\\\/\\\/www.popesprayer.va\\\/wp-content\\\/uploads\\\/2025\\\/01\\\/Logo-Popes-Worldwide-Prayer-Network-Pontifical-Work-EN-Horizontal.png\",\"width\":1328,\"height\":228,\"caption\":\"Rede Mundial de Ora\u00e7\u00e3o do Papa\"},\"image\":{\"@id\":\"https:\\\/\\\/www.popesprayer.va\\\/pt-pt\\\/#\\\/schema\\\/logo\\\/image\\\/\"}}]}<\/script>\n<!-- \/ Yoast SEO plugin. -->","yoast_head_json":{"title":"Cookies - Rede Mundial de Ora\u00e7\u00e3o do Papa","robots":{"index":"index","follow":"follow","max-snippet":"max-snippet:-1","max-image-preview":"max-image-preview:large","max-video-preview":"max-video-preview:-1"},"canonical":"https:\/\/www.popesprayer.va\/pt-pt\/cookies\/","og_locale":"pt_PT","og_type":"article","og_title":"Cookies - Rede Mundial de Ora\u00e7\u00e3o do Papa","og_description":"INFORMA\u00c7\u00d5ES SOBRE COOKIES 1.UTILIZA\u00c7\u00c3O DE COOKIES: O WEBSITE da RMOP utiliza uma tecnologia denominada cookies para obter informa\u00e7\u00f5es sobre a utiliza\u00e7\u00e3o do WEBSITE e para melhorar a experi\u00eancia dos utilizadores. 2. DEFINI\u00c7\u00c3O E FUN\u00c7\u00c3O DOS COOKIES: Os cookies s\u00e3o pequenos ficheiros que s\u00e3o enviados e armazenados no disco r\u00edgido do computador do utilizador atrav\u00e9s do [&hellip;]","og_url":"https:\/\/www.popesprayer.va\/pt-pt\/cookies\/","og_site_name":"Rede Mundial de Ora\u00e7\u00e3o do Papa","article_modified_time":"2025-12-23T13:41:02+00:00","twitter_card":"summary_large_image","twitter_misc":{"Tempo estimado de leitura":"4 minutos"},"schema":{"@context":"https:\/\/schema.org","@graph":[{"@type":"WebPage","@id":"https:\/\/www.popesprayer.va\/pt-pt\/cookies\/","url":"https:\/\/www.popesprayer.va\/pt-pt\/cookies\/","name":"Cookies - Rede Mundial de Ora\u00e7\u00e3o do Papa","isPartOf":{"@id":"https:\/\/www.popesprayer.va\/pt-pt\/#website"},"datePublished":"2025-12-23T13:39:54+00:00","dateModified":"2025-12-23T13:41:02+00:00","breadcrumb":{"@id":"https:\/\/www.popesprayer.va\/pt-pt\/cookies\/#breadcrumb"},"inLanguage":"pt-PT","potentialAction":[{"@type":"ReadAction","target":["https:\/\/www.popesprayer.va\/pt-pt\/cookies\/"]}]},{"@type":"BreadcrumbList","@id":"https:\/\/www.popesprayer.va\/pt-pt\/cookies\/#breadcrumb","itemListElement":[{"@type":"ListItem","position":1,"name":"Home","item":"https:\/\/www.popesprayer.va\/pt-pt\/"},{"@type":"ListItem","position":2,"name":"Cookies"}]},{"@type":"WebSite","@id":"https:\/\/www.popesprayer.va\/pt-pt\/#website","url":"https:\/\/www.popesprayer.va\/pt-pt\/","name":"Pope's Worldwide Prayer Network","description":"Pray together, change the world","publisher":{"@id":"https:\/\/www.popesprayer.va\/pt-pt\/#organization"},"potentialAction":[{"@type":"SearchAction","target":{"@type":"EntryPoint","urlTemplate":"https:\/\/www.popesprayer.va\/pt-pt\/?s={search_term_string}"},"query-input":{"@type":"PropertyValueSpecification","valueRequired":true,"valueName":"search_term_string"}}],"inLanguage":"pt-PT"},{"@type":"Organization","@id":"https:\/\/www.popesprayer.va\/pt-pt\/#organization","name":"Rede Mundial de Ora\u00e7\u00e3o do Papa","url":"https:\/\/www.popesprayer.va\/pt-pt\/","logo":{"@type":"ImageObject","inLanguage":"pt-PT","@id":"https:\/\/www.popesprayer.va\/pt-pt\/#\/schema\/logo\/image\/","url":"https:\/\/www.popesprayer.va\/wp-content\/uploads\/2025\/01\/Logo-Popes-Worldwide-Prayer-Network-Pontifical-Work-EN-Horizontal.png","contentUrl":"https:\/\/www.popesprayer.va\/wp-content\/uploads\/2025\/01\/Logo-Popes-Worldwide-Prayer-Network-Pontifical-Work-EN-Horizontal.png","width":1328,"height":228,"caption":"Rede Mundial de Ora\u00e7\u00e3o do Papa"},"image":{"@id":"https:\/\/www.popesprayer.va\/pt-pt\/#\/schema\/logo\/image\/"}}]}},"_links":{"self":[{"href":"https:\/\/www.popesprayer.va\/pt-pt\/wp-json\/wp\/v2\/pages\/91233","targetHints":{"allow":["GET"]}}],"collection":[{"href":"https:\/\/www.popesprayer.va\/pt-pt\/wp-json\/wp\/v2\/pages"}],"about":[{"href":"https:\/\/www.popesprayer.va\/pt-pt\/wp-json\/wp\/v2\/types\/page"}],"author":[{"embeddable":true,"href":"https:\/\/www.popesprayer.va\/pt-pt\/wp-json\/wp\/v2\/users\/1"}],"replies":[{"embeddable":true,"href":"https:\/\/www.popesprayer.va\/pt-pt\/wp-json\/wp\/v2\/comments?post=91233"}],"version-history":[{"count":6,"href":"https:\/\/www.popesprayer.va\/pt-pt\/wp-json\/wp\/v2\/pages\/91233\/revisions"}],"predecessor-version":[{"id":91251,"href":"https:\/\/www.popesprayer.va\/pt-pt\/wp-json\/wp\/v2\/pages\/91233\/revisions\/91251"}],"wp:attachment":[{"href":"https:\/\/www.popesprayer.va\/pt-pt\/wp-json\/wp\/v2\/media?parent=91233"}],"curies":[{"name":"wp","href":"https:\/\/api.w.org\/{rel}","templated":true}]}}