{"id":93400,"date":"2026-02-18T16:30:28","date_gmt":"2026-02-18T15:30:28","guid":{"rendered":"https:\/\/www.popesprayer.va\/protecao\/"},"modified":"2026-02-23T22:06:57","modified_gmt":"2026-02-23T21:06:57","slug":"salvaguarda","status":"publish","type":"page","link":"https:\/\/www.popesprayer.va\/pt-pt\/salvaguarda\/","title":{"rendered":"Salvaguarda"},"content":{"rendered":"<p>[et_pb_section fb_built=\"1&#8243; _builder_version=\"4.27.5&#8243; _module_preset=\"default\" use_background_color_gradient=\"on\" background_color_gradient_stops=\"rgba(38,70,83,0.1) 0%|rgba(38,70,83,0.5) 100%\" background_color_gradient_overlays_image=\"on\" background_image=\"https:\/\/www.popesprayer.va\/wp-content\/uploads\/2026\/02\/1_5.png\" custom_padding=\"320px||100px||false|false\" top_divider_style=\"ramp\" top_divider_color=\"#F4A261&#8243; bottom_divider_style=\"ramp\" bottom_divider_color=\"#264653&#8243; bottom_divider_flip=\"horizontal\" hover_enabled=\"0&#8243; da_disable_devices=\"off|off|off\" locked=\"off\" global_colors_info=\"{}\" alt=\"1_5&#8243; title_text=\"1_5&#8243; sticky_enabled=\"0&#8243; da_is_popup=\"off\" da_exit_intent=\"off\" da_has_close=\"on\" da_alt_close=\"off\" da_dark_close=\"off\" da_not_modal=\"on\" da_is_singular=\"off\" da_with_loader=\"off\" da_has_shadow=\"on\"][et_pb_row column_structure=\"3_4,1_4&#8243; _builder_version=\"4.27.4&#8243; _module_preset=\"default\" global_colors_info=\"{}\"][et_pb_column type=\"3_4&#8243; _builder_version=\"4.27.4&#8243; _module_preset=\"default\" global_colors_info=\"{}\"][et_pb_text _builder_version=\"4.27.5&#8243; _module_preset=\"default\" header_font=\"|600|||||||\" header_text_color=\"#FFFFFF\" header_font_size=\"4rem\" header_line_height=\"4rem\" header_font_size_tablet=\"3rem\" header_font_size_phone=\"3rem\" header_font_size_last_edited=\"on|desktop\" header_line_height_tablet=\"3rem\" header_line_height_phone=\"3rem\" header_line_height_last_edited=\"on|desktop\" global_colors_info=\"{}\"]<\/p>\n<h1>Pol\u00edtica para a salvaguarda e a prote\u00e7\u00e3o de menores e adultos vulner\u00e3veis<\/h1>\n<p>[\/et_pb_text][\/et_pb_column][et_pb_column type=\"1_4&#8243; _builder_version=\"4.27.4&#8243; _module_preset=\"default\" global_colors_info=\"{}\"][et_pb_image src=\"https:\/\/www.popesprayer.va\/wp-content\/uploads\/2026\/02\/cover-fronte-PT-1.png\" title_text=\"cover frente PT\" disabled_on=\"on|on|off\" _builder_version=\"4.27.5&#8243; _module_preset=\"default\" global_colors_info=\"{}\"][\/et_pb_image][\/et_pb_column][\/et_pb_row][\/et_pb_section][et_pb_section fb_built=\"1&#8243; _builder_version=\"4.27.4&#8243; _module_preset=\"default\" background_color=\"#264653&#8243; da_disable_devices=\"off|off|off\" locked=\"off\" global_colors_info=\"{}\" da_is_popup=\"off\" da_exit_intent=\"off\" da_has_close=\"on\" da_alt_close=\"off\" da_dark_close=\"off\" da_not_modal=\"on\" da_is_singular=\"off\" da_with_loader=\"off\" da_has_shadow=\"on\"][et_pb_row _builder_version=\"4.27.4&#8243; _module_preset=\"default\" global_colors_info=\"{}\"][et_pb_column type=\"4_4&#8243; admin_label=\"Coluna\" _builder_version=\"4.27.4&#8243; _module_preset=\"default\" global_colors_info=\"{}\"][et_pb_code admin_label=\"C\u00f3digo\" module_class=\"issuu-embed\" _builder_version=\"4.27.5&#8243; _module_preset=\"default\" max_width=\"800px\" module_alignment=\"center\" min_height=\"800px\" custom_css_free_form=\".issuu-embed iframe {||    width: 100%;||    height: 800px!important;||    border: 0;||}\" global_colors_info=\"{}\"]<\/p>\n<div style=\"position:relative;padding-top:max(60%,326px);height:0;width:100%\"><iframe allow=\"clipboard-write\" sandbox=\"allow-top-navigation allow-top-navigation-by-user-activation allow-downloads allow-scripts allow-same-origin allow-popups allow-modals allow-popups-to-escape-sandbox allow-forms\" allowfullscreen=\"true\" style=\"position:absolute;border:none;width:100%;height:100%;left:0;right:0;top:0;bottom:0;\" src=\"https:\/\/e.issuu.com\/embed.html?d=pol_tica_para_a_salvaguarda_e_a_prote_o_de_menore&amp;u=popesprayernet\"><\/iframe><\/div>\n<p>[\/et_pb_code][et_pb_text _builder_version=\"4.27.5&#8243; _module_preset=\"default\" text_text_color=\"#e5e5e5&#8243; text_font_size=\"18px\" text_line_height=\"1.6em\" global_colors_info=\"{}\"]<\/p>\n<p>Se desejar denunciar qualquer situa\u00e7\u00e3o que afete a integridade de menores ou de adultos vulner\u00e1veis, pode escrever-nos para: <b data-path-to-node=\"3,0\" data-index-in-node=\"116\"><a href=\"mailto:help@popesprayer.va\">help@popesprayer.va<\/a> <\/b> <\/p>\n<p>[\/et_pb_text][\/et_pb_column][\/et_pb_row][et_pb_row _builder_version=\"4.27.4&#8243; _module_preset=\"default\" global_colors_info=\"{}\"][et_pb_column type=\"4_4&#8243; _builder_version=\"4.27.4&#8243; _module_preset=\"default\" global_colors_info=\"{}\"][dssb_sharing_buttons icon_placement=\"icon\" columns=\"6&#8243; icon_bg=\"#2A9D8F\" columns_tablet=\"6&#8243; columns_phone=\"6&#8243; columns_last_edited=\"on|phone\" _builder_version=\"4.27.4&#8243; _module_preset=\"default\" border_radii_main=\"on|10px|10px|10px|10px\" border_radii_main_tablet=\"on|10px|10px|10px|10px\" border_radii_main_phone=\"on|10px|10px|10px|10px\" border_radii_main_last_edited=\"on|phone\" global_module=\"292&#8243; saved_tabs=\"all\" global_colors_info=\"{}\"][dssb_sharing_button _builder_version=\"4.27.4&#8243; _module_preset=\"default\" share_text_color=\"#071121&#8243; background_color=\"#E5E5E5&#8243; background_enable_color=\"on\" global_colors_info=\"{}\"][\/dssb_sharing_button][dssb_sharing_button social_network=\"twitter\" icon_color=\"#FFFFFF\" icon_bg=\"#2A9D8F\" _builder_version=\"4.27.4&#8243; _module_preset=\"default\" share_text_color=\"#071121&#8243; background_color=\"#2A9D8F\" background_enable_color=\"on\" global_colors_info=\"{}\"][\/dssb_sharing_button][dssb_sharing_button social_network=\"linkedin\" _builder_version=\"4.27.4&#8243; _module_preset=\"default\" background_color=\"#E5E5E5&#8243; background_enable_color=\"on\" global_colors_info=\"{}\"][\/dssb_sharing_button][dssb_sharing_button social_network=\"whatsapp\" _builder_version=\"4.27.4&#8243; _module_preset=\"default\" background_color=\"#E5E5E5&#8243; background_enable_color=\"on\" global_colors_info=\"{}\"][\/dssb_sharing_button][dssb_sharing_button social_network=\"email\" _builder_version=\"4.27.4&#8243; _module_preset=\"default\" background_color=\"#E5E5E5&#8243; background_enable_color=\"on\" global_colors_info=\"{}\"][\/dssb_sharing_button][dssb_sharing_button social_network=\"print\" _builder_version=\"4.27.4&#8243; _module_preset=\"default\" background_color=\"#E5E5E5&#8243; background_enable_color=\"on\" global_colors_info=\"{}\"][\/dssb_sharing_button][\/dssb_sharing_buttons][\/et_pb_column][\/et_pb_row][\/et_pb_section]<\/p>\n","protected":false},"excerpt":{"rendered":"<p>Pol\u00edtica para a salvaguarda e a prote\u00e7\u00e3o de menores e adultos vulner\u00e3veisSe desejar denunciar qualquer situa\u00e7\u00e3o que afete a integridade de menores ou de adultos vulner\u00e1veis, pode escrever-nos para: help@popesprayer.va <div class=\"et_pb_module dssb_sharing_buttons dssb_sharing_buttons_0\">\n\t\t\t\t\n\t\t\t\t\n\t\t\t\t\n\t\t\t\t\n\t\t\t\t\n\t\t\t\t\n\t\t\t\t<div class=\"et_pb_module_inner\">\n\t\t\t\t\t<div class=\"dssb-sharing-buttons dssb-columns-6 dssb-tablet-columns-6 dssb-phone-columns-6\"><div class=\"dssb_sharing_button dssb_sharing_button_0\">\n\t\t\t\t\n\t\t\t\t\n\t\t\t\t\n\t\t\t\t\n\t\t\t\t\n\t\t\t\t\n\t\t\t\t<div class=\"et_pb_module_inner\">\n\t\t\t\t\t\n            <div class=\"dssb-sharing-button\">\n                <a class=\"dssb-sharing-button-facebook\" href=\"https:\/\/www.facebook.com\/sharer.php?u\" data-network=\"facebook\" aria-label=\"Partilhar no Facebook\" rel=\"nofollow\">\n                    <span class=\"dssb-sharing-icon dssb-sharing-facebook\"><\/span>\n                    <div class=\"dssb-sharing-text\" >Partilhar no Facebook<\/div>\n                <\/a>\n            <\/div>\n\t\t\t\t<\/div>\n\t\t\t<\/div><div class=\"dssb_sharing_button dssb_sharing_button_1\">\n\t\t\t\t\n\t\t\t\t\n\t\t\t\t\n\t\t\t\t\n\t\t\t\t\n\t\t\t\t\n\t\t\t\t<div class=\"et_pb_module_inner\">\n\t\t\t\t\t\n            <div class=\"dssb-sharing-button\">\n                <a class=\"dssb-sharing-button-twitter\" href=\"https:\/\/twitter.com\/intent\/tweet?text&url\" data-network=\"twitter\" aria-label=\"Partilhar no X\" rel=\"nofollow\">\n                    <span class=\"dssb-sharing-icon dssb-sharing-twitter\"><\/span>\n                    <div class=\"dssb-sharing-text\" >Partilhar no X<\/div>\n                <\/a>\n            <\/div>\n\t\t\t\t<\/div>\n\t\t\t<\/div><div class=\"dssb_sharing_button dssb_sharing_button_2\">\n\t\t\t\t\n\t\t\t\t\n\t\t\t\t\n\t\t\t\t\n\t\t\t\t\n\t\t\t\t\n\t\t\t\t<div class=\"et_pb_module_inner\">\n\t\t\t\t\t\n            <div class=\"dssb-sharing-button\">\n                <a class=\"dssb-sharing-button-linkedin\" href=\"https:\/\/www.linkedin.com\/shareArticle?mini=1&url&title\" data-network=\"linkedin\" aria-label=\"Partilha no Linkedin\" rel=\"nofollow\">\n                    <span class=\"dssb-sharing-icon dssb-sharing-linkedin\"><\/span>\n                    <div class=\"dssb-sharing-text\" >Partilha no Linkedin<\/div>\n                <\/a>\n            <\/div>\n\t\t\t\t<\/div>\n\t\t\t<\/div><div class=\"dssb_sharing_button dssb_sharing_button_3\">\n\t\t\t\t\n\t\t\t\t\n\t\t\t\t\n\t\t\t\t\n\t\t\t\t\n\t\t\t\t\n\t\t\t\t<div class=\"et_pb_module_inner\">\n\t\t\t\t\t\n            <div class=\"dssb-sharing-button\">\n                <a class=\"dssb-sharing-button-whatsapp\" href=\"https:\/\/api.whatsapp.com\/send?text=\" data-network=\"whatsapp\" aria-label=\"Partilhar no Whatsapp\" rel=\"nofollow\">\n                    <span class=\"dssb-sharing-icon dssb-sharing-whatsapp\"><\/span>\n                    <div class=\"dssb-sharing-text\" >Partilhar no Whatsapp<\/div>\n                <\/a>\n            <\/div>\n\t\t\t\t<\/div>\n\t\t\t<\/div><div class=\"dssb_sharing_button dssb_sharing_button_4\">\n\t\t\t\t\n\t\t\t\t\n\t\t\t\t\n\t\t\t\t\n\t\t\t\t\n\t\t\t\t\n\t\t\t\t<div class=\"et_pb_module_inner\">\n\t\t\t\t\t\n            <div class=\"dssb-sharing-button\">\n                <a class=\"dssb-sharing-button-email\" href=\"mailto:?subject&body=%0D%0ALiga:  %0D%0A\" data-network=\"email\" aria-label=\"Partilhar por e-mail\" rel=\"nofollow\">\n                    <span class=\"dssb-sharing-icon dssb-sharing-email\"><\/span>\n                    <div class=\"dssb-sharing-text\" >Partilhar por e-mail<\/div>\n                <\/a>\n            <\/div>\n\t\t\t\t<\/div>\n\t\t\t<\/div><div class=\"dssb_sharing_button dssb_sharing_button_5\">\n\t\t\t\t\n\t\t\t\t\n\t\t\t\t\n\t\t\t\t\n\t\t\t\t\n\t\t\t\t\n\t\t\t\t<div class=\"et_pb_module_inner\">\n\t\t\t\t\t\n            <div class=\"dssb-sharing-button\">\n                <a class=\"dssb-sharing-button-print\" href=\"\" data-network=\"print\" aria-label=\"Imprime\" rel=\"nofollow\">\n                    <span class=\"dssb-sharing-icon dssb-sharing-print\"><\/span>\n                    <div class=\"dssb-sharing-text\" >Imprime<\/div>\n                <\/a>\n            <\/div>\n\t\t\t\t<\/div>\n\t\t\t<\/div><\/div>\n\t\t\t\t<\/div>\n\t\t\t<\/div><div class=\"dssb_sharing_button dssb_sharing_button_6\">\n\t\t\t\t\n\t\t\t\t\n\t\t\t\t\n\t\t\t\t\n\t\t\t\t\n\t\t\t\t\n\t\t\t\t<div class=\"et_pb_module_inner\">\n\t\t\t\t\t\n            <div class=\"dssb-sharing-button\">\n                <a class=\"dssb-sharing-button-facebook\" href=\"https:\/\/www.facebook.com\/sharer.php?u\" data-network=\"facebook\" aria-label=\"Partilhar no Facebook\" rel=\"nofollow\">\n                    <span class=\"dssb-sharing-icon dssb-sharing-facebook\"><\/span>\n                    <div class=\"dssb-sharing-text\" >Partilhar no Facebook<\/div>\n                <\/a>\n            <\/div>\n\t\t\t\t<\/div>\n\t\t\t<\/div><div class=\"dssb_sharing_button dssb_sharing_button_7\">\n\t\t\t\t\n\t\t\t\t\n\t\t\t\t\n\t\t\t\t\n\t\t\t\t\n\t\t\t\t\n\t\t\t\t<div class=\"et_pb_module_inner\">\n\t\t\t\t\t\n            <div class=\"dssb-sharing-button\">\n                <a class=\"dssb-sharing-button-twitter\" href=\"https:\/\/twitter.com\/intent\/tweet?text&url\" data-network=\"twitter\" aria-label=\"Partilhar no X\" rel=\"nofollow\">\n                    <span class=\"dssb-sharing-icon dssb-sharing-twitter\"><\/span>\n                    <div class=\"dssb-sharing-text\" >Partilhar no X<\/div>\n                <\/a>\n            <\/div>\n\t\t\t\t<\/div>\n\t\t\t<\/div><\/p>\n","protected":false},"author":2,"featured_media":0,"parent":0,"menu_order":0,"comment_status":"closed","ping_status":"closed","template":"","meta":{"_acf_changed":false,"_et_pb_use_builder":"on","_et_pb_old_content":"","_et_gb_content_width":"","footnotes":""},"class_list":["post-93400","page","type-page","status-publish","hentry"],"acf":[],"yoast_head":"<!-- This site is optimized with the Yoast SEO plugin v27.3 - https:\/\/yoast.com\/product\/yoast-seo-wordpress\/ -->\n<title>Salvaguarda - Rede Mundial de Ora\u00e7\u00e3o do Papa<\/title>\n<meta name=\"robots\" content=\"index, follow, max-snippet:-1, max-image-preview:large, max-video-preview:-1\" \/>\n<link rel=\"canonical\" href=\"https:\/\/www.popesprayer.va\/pt-pt\/salvaguarda\/\" \/>\n<meta property=\"og:locale\" content=\"pt_PT\" \/>\n<meta property=\"og:type\" content=\"article\" \/>\n<meta property=\"og:title\" content=\"Salvaguarda - Rede Mundial de Ora\u00e7\u00e3o do Papa\" \/>\n<meta property=\"og:description\" content=\"Pol\u00edtica para a salvaguarda e a prote\u00e7\u00e3o de menores e adultos vulner\u00e3veisSe desejar denunciar qualquer situa\u00e7\u00e3o que afete a integridade de menores ou de adultos vulner\u00e1veis, pode escrever-nos para: help@popesprayer.va\" \/>\n<meta property=\"og:url\" content=\"https:\/\/www.popesprayer.va\/pt-pt\/salvaguarda\/\" \/>\n<meta property=\"og:site_name\" content=\"Rede Mundial de Ora\u00e7\u00e3o do Papa\" \/>\n<meta property=\"article:modified_time\" content=\"2026-02-23T21:06:57+00:00\" \/>\n<meta name=\"twitter:card\" content=\"summary_large_image\" \/>\n<meta name=\"twitter:label1\" content=\"Tempo estimado de leitura\" \/>\n\t<meta name=\"twitter:data1\" content=\"4 minutos\" \/>\n<script type=\"application\/ld+json\" class=\"yoast-schema-graph\">{\"@context\":\"https:\\\/\\\/schema.org\",\"@graph\":[{\"@type\":\"WebPage\",\"@id\":\"https:\\\/\\\/www.popesprayer.va\\\/pt-pt\\\/salvaguarda\\\/\",\"url\":\"https:\\\/\\\/www.popesprayer.va\\\/pt-pt\\\/salvaguarda\\\/\",\"name\":\"Salvaguarda - Rede Mundial de Ora\u00e7\u00e3o do Papa\",\"isPartOf\":{\"@id\":\"https:\\\/\\\/www.popesprayer.va\\\/pt-pt\\\/#website\"},\"datePublished\":\"2026-02-18T15:30:28+00:00\",\"dateModified\":\"2026-02-23T21:06:57+00:00\",\"breadcrumb\":{\"@id\":\"https:\\\/\\\/www.popesprayer.va\\\/pt-pt\\\/salvaguarda\\\/#breadcrumb\"},\"inLanguage\":\"pt-PT\",\"potentialAction\":[{\"@type\":\"ReadAction\",\"target\":[\"https:\\\/\\\/www.popesprayer.va\\\/pt-pt\\\/salvaguarda\\\/\"]}]},{\"@type\":\"BreadcrumbList\",\"@id\":\"https:\\\/\\\/www.popesprayer.va\\\/pt-pt\\\/salvaguarda\\\/#breadcrumb\",\"itemListElement\":[{\"@type\":\"ListItem\",\"position\":1,\"name\":\"Home\",\"item\":\"https:\\\/\\\/www.popesprayer.va\\\/pt-pt\\\/\"},{\"@type\":\"ListItem\",\"position\":2,\"name\":\"Salvaguarda\"}]},{\"@type\":\"WebSite\",\"@id\":\"https:\\\/\\\/www.popesprayer.va\\\/pt-pt\\\/#website\",\"url\":\"https:\\\/\\\/www.popesprayer.va\\\/pt-pt\\\/\",\"name\":\"Pope's Worldwide Prayer Network\",\"description\":\"Pray together, change the world\",\"publisher\":{\"@id\":\"https:\\\/\\\/www.popesprayer.va\\\/pt-pt\\\/#organization\"},\"potentialAction\":[{\"@type\":\"SearchAction\",\"target\":{\"@type\":\"EntryPoint\",\"urlTemplate\":\"https:\\\/\\\/www.popesprayer.va\\\/pt-pt\\\/?s={search_term_string}\"},\"query-input\":{\"@type\":\"PropertyValueSpecification\",\"valueRequired\":true,\"valueName\":\"search_term_string\"}}],\"inLanguage\":\"pt-PT\"},{\"@type\":\"Organization\",\"@id\":\"https:\\\/\\\/www.popesprayer.va\\\/pt-pt\\\/#organization\",\"name\":\"Rede Mundial de Ora\u00e7\u00e3o do Papa\",\"url\":\"https:\\\/\\\/www.popesprayer.va\\\/pt-pt\\\/\",\"logo\":{\"@type\":\"ImageObject\",\"inLanguage\":\"pt-PT\",\"@id\":\"https:\\\/\\\/www.popesprayer.va\\\/pt-pt\\\/#\\\/schema\\\/logo\\\/image\\\/\",\"url\":\"https:\\\/\\\/www.popesprayer.va\\\/wp-content\\\/uploads\\\/2025\\\/01\\\/Logo-Popes-Worldwide-Prayer-Network-Pontifical-Work-EN-Horizontal.png\",\"contentUrl\":\"https:\\\/\\\/www.popesprayer.va\\\/wp-content\\\/uploads\\\/2025\\\/01\\\/Logo-Popes-Worldwide-Prayer-Network-Pontifical-Work-EN-Horizontal.png\",\"width\":1328,\"height\":228,\"caption\":\"Rede Mundial de Ora\u00e7\u00e3o do Papa\"},\"image\":{\"@id\":\"https:\\\/\\\/www.popesprayer.va\\\/pt-pt\\\/#\\\/schema\\\/logo\\\/image\\\/\"}}]}<\/script>\n<!-- \/ Yoast SEO plugin. -->","yoast_head_json":{"title":"Salvaguarda - Rede Mundial de Ora\u00e7\u00e3o do Papa","robots":{"index":"index","follow":"follow","max-snippet":"max-snippet:-1","max-image-preview":"max-image-preview:large","max-video-preview":"max-video-preview:-1"},"canonical":"https:\/\/www.popesprayer.va\/pt-pt\/salvaguarda\/","og_locale":"pt_PT","og_type":"article","og_title":"Salvaguarda - Rede Mundial de Ora\u00e7\u00e3o do Papa","og_description":"Pol\u00edtica para a salvaguarda e a prote\u00e7\u00e3o de menores e adultos vulner\u00e3veisSe desejar denunciar qualquer situa\u00e7\u00e3o que afete a integridade de menores ou de adultos vulner\u00e1veis, pode escrever-nos para: help@popesprayer.va","og_url":"https:\/\/www.popesprayer.va\/pt-pt\/salvaguarda\/","og_site_name":"Rede Mundial de Ora\u00e7\u00e3o do Papa","article_modified_time":"2026-02-23T21:06:57+00:00","twitter_card":"summary_large_image","twitter_misc":{"Tempo estimado de leitura":"4 minutos"},"schema":{"@context":"https:\/\/schema.org","@graph":[{"@type":"WebPage","@id":"https:\/\/www.popesprayer.va\/pt-pt\/salvaguarda\/","url":"https:\/\/www.popesprayer.va\/pt-pt\/salvaguarda\/","name":"Salvaguarda - Rede Mundial de Ora\u00e7\u00e3o do Papa","isPartOf":{"@id":"https:\/\/www.popesprayer.va\/pt-pt\/#website"},"datePublished":"2026-02-18T15:30:28+00:00","dateModified":"2026-02-23T21:06:57+00:00","breadcrumb":{"@id":"https:\/\/www.popesprayer.va\/pt-pt\/salvaguarda\/#breadcrumb"},"inLanguage":"pt-PT","potentialAction":[{"@type":"ReadAction","target":["https:\/\/www.popesprayer.va\/pt-pt\/salvaguarda\/"]}]},{"@type":"BreadcrumbList","@id":"https:\/\/www.popesprayer.va\/pt-pt\/salvaguarda\/#breadcrumb","itemListElement":[{"@type":"ListItem","position":1,"name":"Home","item":"https:\/\/www.popesprayer.va\/pt-pt\/"},{"@type":"ListItem","position":2,"name":"Salvaguarda"}]},{"@type":"WebSite","@id":"https:\/\/www.popesprayer.va\/pt-pt\/#website","url":"https:\/\/www.popesprayer.va\/pt-pt\/","name":"Pope's Worldwide Prayer Network","description":"Pray together, change the world","publisher":{"@id":"https:\/\/www.popesprayer.va\/pt-pt\/#organization"},"potentialAction":[{"@type":"SearchAction","target":{"@type":"EntryPoint","urlTemplate":"https:\/\/www.popesprayer.va\/pt-pt\/?s={search_term_string}"},"query-input":{"@type":"PropertyValueSpecification","valueRequired":true,"valueName":"search_term_string"}}],"inLanguage":"pt-PT"},{"@type":"Organization","@id":"https:\/\/www.popesprayer.va\/pt-pt\/#organization","name":"Rede Mundial de Ora\u00e7\u00e3o do Papa","url":"https:\/\/www.popesprayer.va\/pt-pt\/","logo":{"@type":"ImageObject","inLanguage":"pt-PT","@id":"https:\/\/www.popesprayer.va\/pt-pt\/#\/schema\/logo\/image\/","url":"https:\/\/www.popesprayer.va\/wp-content\/uploads\/2025\/01\/Logo-Popes-Worldwide-Prayer-Network-Pontifical-Work-EN-Horizontal.png","contentUrl":"https:\/\/www.popesprayer.va\/wp-content\/uploads\/2025\/01\/Logo-Popes-Worldwide-Prayer-Network-Pontifical-Work-EN-Horizontal.png","width":1328,"height":228,"caption":"Rede Mundial de Ora\u00e7\u00e3o do Papa"},"image":{"@id":"https:\/\/www.popesprayer.va\/pt-pt\/#\/schema\/logo\/image\/"}}]}},"_links":{"self":[{"href":"https:\/\/www.popesprayer.va\/pt-pt\/wp-json\/wp\/v2\/pages\/93400","targetHints":{"allow":["GET"]}}],"collection":[{"href":"https:\/\/www.popesprayer.va\/pt-pt\/wp-json\/wp\/v2\/pages"}],"about":[{"href":"https:\/\/www.popesprayer.va\/pt-pt\/wp-json\/wp\/v2\/types\/page"}],"author":[{"embeddable":true,"href":"https:\/\/www.popesprayer.va\/pt-pt\/wp-json\/wp\/v2\/users\/2"}],"replies":[{"embeddable":true,"href":"https:\/\/www.popesprayer.va\/pt-pt\/wp-json\/wp\/v2\/comments?post=93400"}],"version-history":[{"count":15,"href":"https:\/\/www.popesprayer.va\/pt-pt\/wp-json\/wp\/v2\/pages\/93400\/revisions"}],"predecessor-version":[{"id":93520,"href":"https:\/\/www.popesprayer.va\/pt-pt\/wp-json\/wp\/v2\/pages\/93400\/revisions\/93520"}],"wp:attachment":[{"href":"https:\/\/www.popesprayer.va\/pt-pt\/wp-json\/wp\/v2\/media?parent=93400"}],"curies":[{"name":"wp","href":"https:\/\/api.w.org\/{rel}","templated":true}]}}