{"id":97185,"date":"2026-05-05T20:06:00","date_gmt":"2026-05-05T18:06:00","guid":{"rendered":"https:\/\/www.popesprayer.va\/teste-de-donativos\/"},"modified":"2026-05-05T20:54:16","modified_gmt":"2026-05-05T18:54:16","slug":"teste-de-donativos","status":"publish","type":"page","link":"https:\/\/www.popesprayer.va\/pt-pt\/teste-de-donativos\/","title":{"rendered":"Teste de donativos"},"content":{"rendered":"<p>[et_pb_section fb_built=\"1&#8243; next_background_color=\"#E9C46A\" _builder_version=\"4.27.6&#8243; _module_preset=\"default\" background_color=\"#F4A261&#8243; background_enable_image=\"off\" background_blend=\"overlay\" custom_padding=\"12vw||12vw||true|false\" top_divider_color=\"RGBA(255,255,255,0)\" bottom_divider_style=\"ramp\" da_disable_devices=\"off|off|off\" global_colors_info=\"{}\" da_is_popup=\"off\" da_exit_intent=\"off\" da_has_close=\"on\" da_alt_close=\"off\" da_dark_close=\"off\" da_not_modal=\"on\" da_is_singular=\"off\" da_with_loader=\"off\" da_has_shadow=\"on\"][et_pb_row column_structure=\"3_5,2_5&#8243; _builder_version=\"4.27.4&#8243; _module_preset=\"ddbed135-e034-4aab-8f52-69def1d8301e\" global_colors_info=\"{}\"][et_pb_column type=\"3_5&#8243; _builder_version=\"4.27.4&#8243; _module_preset=\"default\" global_colors_info=\"{}\"][et_pb_text _builder_version=\"4.27.6&#8243; _module_preset=\"default\" header_text_color=\"#264653&#8243; header_font_size=\"3rem\" header_2_font=\"|700|||||||\" header_2_text_color=\"#FFFFFF\" header_2_font_size=\"3.8rem\" animation_style=\"fade\" animation_duration=\"1500ms\" animation_delay=\"200ms\" global_colors_info=\"{}\"]<\/p>\n<h1>Ajuda a manter<\/h1>\n<h2>a miss\u00e3o do Papa a vencer<\/h2>\n<p>[\/et_pb_text][et_pb_text _builder_version=\"4.27.6&#8243; _module_preset=\"default\" global_colors_info=\"{}\"]<\/p>\n<p data-start=\"344\" data-end=\"457\">Neste m\u00eas do <strong>Sagrado Cora\u00e7\u00e3o<\/strong>, junta-te \u00e0 nossa <strong>Semana de Doa\u00e7\u00e3o <\/strong>, de <strong>8 a 12 de junho<\/strong>. A tua ajuda \u00e9 essencial para sustentar a nossa <strong>miss\u00e3o de compaix\u00e3o<\/strong> no mundo. <\/p>\n<p>[\/et_pb_text][et_pb_button button_url=\"#donate\" button_text=\"Doa agora\" _builder_version=\"4.27.6&#8243; _module_preset=\"default\" global_colors_info=\"{}\" admin_label=\"Button\" url_new_window=\"on\" custom_button=\"on\" button_text_color=\"#264653&#8243; button_bg_color=\"#E9C46A\" button_border_width=\"0px\" button_border_radius=\"20px\" hover_enabled=\"0&#8243; sticky_enabled=\"0&#8243;][\/et_pb_button][\/et_pb_column][et_pb_column type=\"2_5&#8243; _builder_version=\"4.27.4&#8243; _module_preset=\"default\" global_colors_info=\"{}\"][et_pb_video src=\"https:\/\/www.youtube.com\/watch?v=FkQuawiGWUw\" _builder_version=\"4.27.6&#8243; _module_preset=\"default\" border_radii=\"on|30px|30px|30px|30px\" global_colors_info=\"{}\"][\/et_pb_video][\/et_pb_column][\/et_pb_row][\/et_pb_section][et_pb_section fb_built=\"1&#8243; module_id=\"aberto\" _builder_version=\"4.27.4&#8243; _module_preset=\"default\" background_color=\"#E9C46A\" custom_padding=\"6vw||6vw||true|false\" bottom_divider_style=\"ramp\" bottom_divider_color=\"#2A9D8F\" bottom_divider_height_tablet=\"\" bottom_divider_height_phone=\"60px\" bottom_divider_height_last_edited=\"on|phone\" da_disable_devices=\"off|off|off\" global_colors_info=\"{}\" da_is_popup=\"off\" da_exit_intent=\"off\" da_has_close=\"on\" da_alt_close=\"off\" da_dark_close=\"off\" da_not_modal=\"on\" da_is_singular=\"off\" da_with_loader=\"off\" da_has_shadow=\"on\"][et_pb_row column_structure=\"1_2,1_2&#8243; _builder_version=\"4.27.4&#8243; _module_preset=\"ddbed135-e034-4aab-8f52-69def1d8301e\" module_alignment=\"center\" global_colors_info=\"{}\"][et_pb_column type=\"1_2&#8243; _builder_version=\"4.27.4&#8243; _module_preset=\"default\" global_colors_info=\"{}\"][et_pb_text _builder_version=\"4.27.6&#8243; _module_preset=\"default\" text_text_color=\"#E5E5E5&#8243; header_text_color=\"#E76F51&#8243; header_2_text_color=\"#E76F51&#8243; header_3_font=\"||||||||\" header_3_text_color=\"#E76F51&#8243; header_3_font_size=\"40px\" header_3_line_height=\"1.7em\" animation_style=\"fade\" animation_duration=\"1500ms\" animation_delay=\"100ms\" header_3_line_height_tablet=\"1.7em\" header_3_line_height_phone=\"1.2em\" header_3_line_height_last_edited=\"on|phone\" locked=\"off\" global_colors_info=\"{}\"]<\/p>\n<h1><strong>A tua f\u00e9 torna-se um gesto concreto de solidariedade<\/strong><\/h1>\n<p>[\/et_pb_text][et_pb_text _builder_version=\"4.27.6&#8243; _module_preset=\"default\" text_text_color=\"#264653&#8243; text_font_size=\"20px\" text_line_height=\"1.6em\" header_3_text_color=\"#FFFFFF\" header_3_line_height=\"1.7em\" animation_style=\"fade\" animation_duration=\"1500ms\" animation_delay=\"300ms\" global_colors_info=\"{}\"]<\/p>\n<p data-start=\"750\" data-end=\"824\">Ajuda-nos a manter a Funda\u00e7\u00e3o Vaticano da Rede Mundial de Ora\u00e7\u00e3o do Papa. Presente em mais de 90 pa\u00edses, a tua contribui\u00e7\u00e3o financia diretamente tr\u00eas pilares insepar\u00e1veis: <\/p>\n<p>[\/et_pb_text][\/et_pb_column][et_pb_column type=\"1_2&#8243; _builder_version=\"4.27.4&#8243; _module_preset=\"default\" global_colors_info=\"{}\"][et_pb_text _builder_version=\"4.27.4&#8243; _module_preset=\"default\" text_text_color=\"#264653&#8243; text_font_size=\"20px\" text_line_height=\"1.6em\" header_3_text_color=\"#FFFFFF\" header_3_line_height=\"1.7em\" animation_style=\"fade\" animation_duration=\"1500ms\" animation_delay=\"300ms\" global_colors_info=\"{}\"][\/et_pb_text][\/et_pb_column][\/et_pb_row][et_pb_row column_structure=\"1_4,1_4,1_4,1_4&#8243; make_equal=\"on\" _builder_version=\"4.27.4&#8243; _module_preset=\"default\" global_colors_info=\"{}\"][et_pb_column type=\"1_4&#8243; _builder_version=\"4.27.4&#8243; _module_preset=\"default\" global_colors_info=\"{}\"][\/et_pb_column][et_pb_column type=\"1_4&#8243; _builder_version=\"4.27.4&#8243; _module_preset=\"default\" global_colors_info=\"{}\"][et_pb_blurb title=\"Forma\u00e7\u00e3o\" use_icon=\"on\" font_icon=\"&#xf518;||fa||900&#8243; icon_color=\"#E9C46A\" image_icon_width=\"42px\" icon_alignment=\"left\" _builder_version=\"4.27.6&#8243; _module_preset=\"default\" header_text_color=\"#E9C46A\" header_font_size=\"24px\" body_text_color=\"rgba(255,255,255,0.9)\" body_font_size=\"18px\" body_line_height=\"1.6em\" background_color=\"#264653&#8243; height=\"100%\" custom_padding=\"20px|20px|20px|20px|true|true\" animation_style=\"slide\" animation_direction=\"bottom\" animation_duration=\"1500ms\" animation_delay=\"200ms\" border_radii=\"on|30px|30px|30px|30px\" global_colors_info=\"{}\"]<\/p>\n<p><strong>O Caminho do Cora\u00e7\u00e3o<\/strong> \u00e9 um itiner\u00e1rio espiritual que transforma vidas nos 5 continentes.<\/p>\n<p>[\/et_pb_blurb][\/et_pb_column][et_pb_column type=\"1_4&#8243; _builder_version=\"4.27.4&#8243; _module_preset=\"default\" global_colors_info=\"{}\"][et_pb_blurb title=\"Servi\u00e7o\" use_icon=\"on\" font_icon=\"&#xf4be;||fa||900&#8243; icon_color=\"#E9C46A\" image_icon_width=\"42px\" icon_alignment=\"left\" _builder_version=\"4.27.6&#8243; _module_preset=\"default\" header_text_color=\"#E9C46A\" header_font_size=\"24px\" body_text_color=\"rgba(255,255,255,0.9)\" body_font_size=\"18px\" body_line_height=\"1.6em\" background_color=\"#264653&#8243; height=\"100%\" custom_padding=\"20px|20px|20px|20px|true|true\" animation_style=\"slide\" animation_direction=\"bottom\" animation_duration=\"1500ms\" animation_delay=\"400ms\" border_radii=\"on|30px|30px|30px|30px\" global_colors_info=\"{}\"]<\/p>\n<p>Apoio estrutural aos gabinetes nacionais e \u00e0s comunidades em \u00e1reas de miss\u00e3o cr\u00edtica.<\/p>\n<p>[\/et_pb_blurb][\/et_pb_column][et_pb_column type=\"1_4&#8243; _builder_version=\"4.27.4&#8243; _module_preset=\"default\" global_colors_info=\"{}\"][et_pb_blurb title=\"Ora\u00e7\u00e3o\" use_icon=\"on\" font_icon=\"&#xf684;||fa||900&#8243; icon_color=\"#E9C46A\" image_icon_width=\"42px\" icon_alignment=\"left\" _builder_version=\"4.27.6&#8243; _module_preset=\"default\" header_text_color=\"#E9C46A\" header_font_size=\"24px\" body_text_color=\"rgba(255,255,255,0.9)\" body_font_size=\"18px\" body_line_height=\"1.6em\" background_color=\"#264653&#8243; height=\"100%\" custom_padding=\"20px|20px|20px|20px|true|true\" animation_style=\"slide\" animation_direction=\"bottom\" animation_duration=\"1500ms\" animation_delay=\"600ms\" border_radii=\"on|30px|30px|30px|30px\" global_colors_info=\"{}\"]<\/p>\n<p>Campanhas digitais como <strong>Pray with the Pope <\/strong>e <strong>Click To Pray<\/strong>, que mobilizam milh\u00f5es de pessoas para os desafios que a humanidade enfrenta.<\/p>\n<p>[\/et_pb_blurb][\/et_pb_column][\/et_pb_row][\/et_pb_section][et_pb_section fb_built=\"1&#8243; admin_label=\"donate\" module_id=\"pertencentes\" _builder_version=\"4.27.6&#8243; _module_preset=\"default\" background_color=\"#2A9D8F\" background_enable_image=\"off\" background_size=\"contain\" background_position=\"bottom_right\" background_blend=\"screen\" background_pattern_repeat_origin=\"top_center\" custom_padding=\"||||false|false\" bottom_divider_color=\"#264653&#8243; bottom_divider_height=\"48px\" hover_enabled=\"0&#8243; da_disable_devices=\"off|off|off\" global_colors_info=\"{}\" sticky_enabled=\"0&#8243; da_is_popup=\"off\" da_exit_intent=\"off\" da_has_close=\"on\" da_alt_close=\"off\" da_dark_close=\"off\" da_not_modal=\"on\" da_is_singular=\"off\" da_with_loader=\"off\" da_has_shadow=\"on\"][et_pb_row column_structure=\"3_5,2_5&#8243; _builder_version=\"4.27.4&#8243; _module_preset=\"ddbed135-e034-4aab-8f52-69def1d8301e\" animation_style=\"fade\" hover_enabled=\"0&#8243; global_colors_info=\"{}\" sticky_enabled=\"0&#8243;][et_pb_column type=\"3_5&#8243; _builder_version=\"4.27.4&#8243; _module_preset=\"default\" global_colors_info=\"{}\"][et_pb_text _builder_version=\"4.27.6&#8243; _module_preset=\"default\" text_text_color=\"#E5E5E5&#8243; header_text_color=\"#FFFFFF\" header_2_text_color=\"#FFFFFF\" header_2_font_size=\"2.8rem\" header_2_line_height=\"1.2em\" header_3_font=\"||||||||\" header_3_text_color=\"#E9C46A\" header_3_font_size=\"40px\" header_3_line_height=\"1.7em\" animation_style=\"fade\" animation_duration=\"1500ms\" animation_delay=\"100ms\" header_3_line_height_tablet=\"1.7em\" header_3_line_height_phone=\"1.2em\" header_3_line_height_last_edited=\"on|phone\" locked=\"off\" global_colors_info=\"{}\"]<\/p>\n<h2><strong>Doa agora<\/strong><\/h2>\n<p>[\/et_pb_text][et_pb_text _builder_version=\"4.27.6&#8243; _module_preset=\"default\" text_text_color=\"#FFFFFF\" text_font_size=\"20px\" text_line_height=\"1.6em\" header_3_text_color=\"#FFFFFF\" header_3_line_height=\"1.7em\" animation_style=\"fade\" animation_duration=\"1500ms\" animation_delay=\"300ms\" global_colors_info=\"{}\"]<\/p>\n<p>Colabora de forma segura atrav\u00e9s do nosso formul\u00e1rio Donorbox ou por transfer\u00eancia banc\u00e1ria<\/p>\n<p><em>Sistemas protegidos por SSL\/TLS. Cumpre rigorosamente os requisitos PCI. Ao selecionar uma doa\u00e7\u00e3o recorrente, a Donorbox permitir-te-\u00e1 gerir a tua conta pessoal  <\/em><\/p>\n<p>[\/et_pb_text][\/et_pb_column][et_pb_column type=\"2_5&#8243; _builder_version=\"4.27.4&#8243; _module_preset=\"default\" global_colors_info=\"{}\"][\/et_pb_column][\/et_pb_row][et_pb_row column_structure=\"1_2,1_2&#8243; _builder_version=\"4.27.6&#8243; _module_preset=\"default\" background_image=\"https:\/\/www.popesprayer.va\/wp-content\/uploads\/2025\/10\/sjdigital_A_top-view_realistic_photo_of_candles_arranged_in_the_e90f0909-c8a8-412b-a4ff-c29b3c67c115-en-tamano-grande.jpeg\" background_size=\"cover\" background_repeat=\"no-repeat\" custom_padding=\"80px|40px|80px|40px|true|true\" border_radii=\"on|30px|30px|30px|30px\" global_colors_info=\"{}\"][et_pb_column type=\"1_2&#8243; _builder_version=\"4.27.4&#8243; _module_preset=\"default\" global_colors_info=\"{}\"][et_pb_code _builder_version=\"4.27.6&#8243; _module_preset=\"default\" global_colors_info=\"{}\"]<\/p>\n<div style=\"width: 100%; max-width: 500px; margin: 0 auto; border-radius: 20px; overflow: hidden; box-shadow: 0 4px 15px rgba(0,0,0,0.1);\"><!-- [et_pb_line_break_holder] -->    <!-- [et_pb_line_break_holder] -->    <script src=\"https:\/\/donorbox.org\/widget.js\" paypalexpress=\"false\"><\/script><!-- [et_pb_line_break_holder] -->    <iframe loading=\"lazy\" src=\"https:\/\/donorbox.org\/embed\/pope-s-worldwide-prayer-network?hide_donation_meter=true\" name=\"donorbox\" width=\"100%\" height=\"700px\" frameborder=\"0\" scrolling=\"no\" seamless=\"seamless\" style=\"display: block; min-width: 310px; max-height: none !important;\"><!-- [et_pb_line_break_holder] -->    <\/iframe><!-- [et_pb_line_break_holder] --><!-- [et_pb_line_break_holder] --><\/div>\n<p>[\/et_pb_code][\/et_pb_column][et_pb_column type=\"1_2&#8243; _builder_version=\"4.27.4&#8243; _module_preset=\"default\" custom_padding=\"100px||||false|false\" global_colors_info=\"{}\"][et_pb_text _builder_version=\"4.27.6&#8243; _module_preset=\"default\" text_text_color=\"#264653&#8243; text_font_size=\"18px\" header_3_text_color=\"#264653&#8243; header_3_font_size=\"24px\" background_color=\"rgba(255,255,255,0.8)\" custom_margin=\"|||20px|false|false\" custom_margin_tablet=\"|||20px|false|false\" custom_margin_phone=\"|||0px|false|false\" custom_margin_last_edited=\"on|phone\" custom_padding=\"20px||20px|20px|true|false\" custom_padding_tablet=\"20px||20px|20px|true|false\" custom_padding_phone=\"|20px|||true|false\" custom_padding_last_edited=\"on|phone\" animation_style=\"fade\" animation_duration=\"1500ms\" animation_delay=\"500ms\" border_radii=\"on|30px|30px|30px|30px\" global_colors_info=\"{}\"]<\/p>\n<h3><strong data-start=\"741\" data-end=\"766\">Dados em euros (\u20ac)<\/strong><\/h3>\n<ul>\n<li><strong>Banco:<\/strong> IOR - Instituto para as Opera\u00e7\u00f5es de Religi\u00e3o<\/li>\n<li><strong>Nome da conta:<\/strong> Rede Mundial de Prega\u00e7\u00f5es do Papa<\/li>\n<li><strong>IBAN:<\/strong> VA55001000000048604001<\/li>\n<li><strong>C\u00f3digo SWIFT: <\/strong>IOPRVAVX<\/li>\n<\/ul>\n<p>[\/et_pb_text][et_pb_text _builder_version=\"4.27.6&#8243; _module_preset=\"default\" text_text_color=\"#264653&#8243; text_font_size=\"18px\" header_3_text_color=\"#264653&#8243; header_3_font_size=\"24px\" background_color=\"rgba(255,255,255,0.8)\" custom_margin=\"|||20px|false|false\" custom_margin_tablet=\"|||20px|false|false\" custom_margin_phone=\"|||0px|false|false\" custom_margin_last_edited=\"on|phone\" custom_padding=\"20px||20px|20px|true|false\" custom_padding_tablet=\"20px||20px|20px|true|false\" custom_padding_phone=\"|20px|||true|false\" custom_padding_last_edited=\"on|phone\" animation_style=\"fade\" animation_duration=\"1500ms\" animation_delay=\"500ms\" border_radii=\"on|30px|30px|30px|30px\" global_colors_info=\"{}\"]<\/p>\n<h3><strong data-start=\"741\" data-end=\"766\">Dados em USD ($)<\/strong><\/h3>\n<ul>\n<li><strong>Banco:<\/strong> IOR - Instituto para as Opera\u00e7\u00f5es de Religi\u00e3o<\/li>\n<li><strong>Nome da conta:<\/strong> Rede Mundial de Prega\u00e7\u00f5es do Papa<\/li>\n<li><strong>IBAN:<\/strong> VA28001000000048604002<\/li>\n<li><strong>C\u00f3digo SWIFT: <\/strong>IOPRVAVX<\/li>\n<\/ul>\n<p>[\/et_pb_text][\/et_pb_column][\/et_pb_row][\/et_pb_section][et_pb_section fb_built=\"1&#8243; _builder_version=\"4.27.4&#8243; _module_preset=\"default\" background_color=\"#F4A261&#8243; background_image=\"https:\/\/www.popesprayer.va\/wp-content\/uploads\/2025\/01\/logo-RMOP-corazon_bl.png\" background_size=\"contain\" background_position=\"center_right\" background_blend=\"soft-light\" custom_padding=\"6vw||6vw||true|false\" top_divider_style=\"ramp\" top_divider_color=\"#2A9D8F\" top_divider_flip=\"vertical|horizontal\" bottom_divider_style=\"ramp\" bottom_divider_color=\"#264653&#8243; bottom_divider_flip=\"horizontal\" da_disable_devices=\"off|off|off\" global_colors_info=\"{}\" da_is_popup=\"off\" da_exit_intent=\"off\" da_has_close=\"on\" da_alt_close=\"off\" da_dark_close=\"off\" da_not_modal=\"on\" da_is_singular=\"off\" da_with_loader=\"off\" da_has_shadow=\"on\"][et_pb_row column_structure=\"2_3,1_3&#8243; _builder_version=\"4.27.4&#8243; _module_preset=\"ddbed135-e034-4aab-8f52-69def1d8301e\" background_enable_image=\"off\" background_size=\"contain\" background_position=\"top_right\" background_repeat=\"no-repeat\" background_last_edited=\"off|desktop\" background_enable_image_phone=\"off\" background_blend_phone=\"luminosity\" global_colors_info=\"{}\"][et_pb_column type=\"2_3&#8243; _builder_version=\"4.27.4&#8243; _module_preset=\"default\" background_enable_color=\"off\" custom_padding=\"40px|40px|40px|40px|true|true\" animation_style=\"fade\" animation_duration=\"1500ms\" animation_delay=\"300ms\" border_radii=\"on|20px|20px|20px|20px\" global_colors_info=\"{}\"][et_pb_text _builder_version=\"4.27.6&#8243; _module_preset=\"default\" text_text_color=\"#E5E5E5&#8243; header_3_text_align=\"left\" header_3_text_color=\"#264653&#8243; header_3_font_size=\"40px\" header_3_line_height=\"1.7em\" custom_margin=\"||0px||false|false\" animation_style=\"fade\" animation_duration=\"1500ms\" animation_delay=\"100ms\" header_3_line_height_tablet=\"1.7em\" header_3_line_height_phone=\"1.2em\" header_3_line_height_last_edited=\"on|phone\" global_colors_info=\"{}\"]<\/p>\n<h3><strong>Benef\u00edcios fiscais<\/strong><\/h3>\n<p>[\/et_pb_text][et_pb_text _builder_version=\"4.27.6&#8243; _module_preset=\"default\" text_text_color=\"#F9F9F9&#8243; text_font_size=\"22px\" text_line_height=\"1.6em\" module_alignment=\"center\" animation_style=\"fade\" animation_duration=\"1500ms\" animation_delay=\"400ms\" global_colors_info=\"{}\"]<\/p>\n<p>Para donativos com benef\u00edcios fiscais, contacta-nos em <a href=\"mailto:finance@popesprayer.va\">finance@popesprayer.va<\/a> para uma assist\u00eancia personalizada<\/p>\n<p>[\/et_pb_text][\/et_pb_column][et_pb_column type=\"1_3&#8243; _builder_version=\"4.27.4&#8243; _module_preset=\"default\" global_colors_info=\"{}\"][\/et_pb_column][\/et_pb_row][\/et_pb_section]<\/p>\n","protected":false},"excerpt":{"rendered":"<p>Ajuda a manter a miss\u00e3o do Papa a vencerNeste m\u00eas do Sagrado Cora\u00e7\u00e3o, junta-te \u00e0 nossa Semana de Doa\u00e7\u00e3o , de 8 a 12 de junho. A tua ajuda \u00e9 essencial para sustentar a nossa miss\u00e3o de compaix\u00e3o no mundo. A tua f\u00e9 torna-se um gesto concreto de solidariedadeAjuda-nos a manter a Funda\u00e7\u00e3o Vaticano da [&hellip;]<\/p>\n","protected":false},"author":2,"featured_media":0,"parent":0,"menu_order":0,"comment_status":"closed","ping_status":"closed","template":"","meta":{"_acf_changed":false,"_et_pb_use_builder":"on","_et_pb_old_content":"","_et_gb_content_width":"","footnotes":""},"class_list":["post-97185","page","type-page","status-publish","hentry"],"acf":[],"yoast_head":"<!-- This site is optimized with the Yoast SEO plugin v27.5 - https:\/\/yoast.com\/product\/yoast-seo-wordpress\/ -->\n<title>Teste de donativos - Rede Mundial de Ora\u00e7\u00e3o do Papa<\/title>\n<meta name=\"robots\" content=\"index, follow, max-snippet:-1, max-image-preview:large, max-video-preview:-1\" \/>\n<link rel=\"canonical\" href=\"https:\/\/www.popesprayer.va\/pt-pt\/teste-de-donativos\/\" \/>\n<meta property=\"og:locale\" content=\"pt_PT\" \/>\n<meta property=\"og:type\" content=\"article\" \/>\n<meta property=\"og:title\" content=\"Teste de donativos - Rede Mundial de Ora\u00e7\u00e3o do Papa\" \/>\n<meta property=\"og:description\" content=\"Ajuda a manter a miss\u00e3o do Papa a vencerNeste m\u00eas do Sagrado Cora\u00e7\u00e3o, junta-te \u00e0 nossa Semana de Doa\u00e7\u00e3o , de 8 a 12 de junho. A tua ajuda \u00e9 essencial para sustentar a nossa miss\u00e3o de compaix\u00e3o no mundo. A tua f\u00e9 torna-se um gesto concreto de solidariedadeAjuda-nos a manter a Funda\u00e7\u00e3o Vaticano da [&hellip;]\" \/>\n<meta property=\"og:url\" content=\"https:\/\/www.popesprayer.va\/pt-pt\/teste-de-donativos\/\" \/>\n<meta property=\"og:site_name\" content=\"Rede Mundial de Ora\u00e7\u00e3o do Papa\" \/>\n<meta property=\"article:modified_time\" content=\"2026-05-05T18:54:16+00:00\" \/>\n<meta name=\"twitter:card\" content=\"summary_large_image\" \/>\n<meta name=\"twitter:label1\" content=\"Tempo estimado de leitura\" \/>\n\t<meta name=\"twitter:data1\" content=\"11 minutos\" \/>\n<script type=\"application\/ld+json\" class=\"yoast-schema-graph\">{\"@context\":\"https:\\\/\\\/schema.org\",\"@graph\":[{\"@type\":\"WebPage\",\"@id\":\"https:\\\/\\\/www.popesprayer.va\\\/pt-pt\\\/teste-de-donativos\\\/\",\"url\":\"https:\\\/\\\/www.popesprayer.va\\\/pt-pt\\\/teste-de-donativos\\\/\",\"name\":\"Teste de donativos - Rede Mundial de Ora\u00e7\u00e3o do Papa\",\"isPartOf\":{\"@id\":\"https:\\\/\\\/www.popesprayer.va\\\/pt-pt\\\/#website\"},\"datePublished\":\"2026-05-05T18:06:00+00:00\",\"dateModified\":\"2026-05-05T18:54:16+00:00\",\"breadcrumb\":{\"@id\":\"https:\\\/\\\/www.popesprayer.va\\\/pt-pt\\\/teste-de-donativos\\\/#breadcrumb\"},\"inLanguage\":\"pt-PT\",\"potentialAction\":[{\"@type\":\"ReadAction\",\"target\":[\"https:\\\/\\\/www.popesprayer.va\\\/pt-pt\\\/teste-de-donativos\\\/\"]}]},{\"@type\":\"BreadcrumbList\",\"@id\":\"https:\\\/\\\/www.popesprayer.va\\\/pt-pt\\\/teste-de-donativos\\\/#breadcrumb\",\"itemListElement\":[{\"@type\":\"ListItem\",\"position\":1,\"name\":\"Home\",\"item\":\"https:\\\/\\\/www.popesprayer.va\\\/pt-pt\\\/\"},{\"@type\":\"ListItem\",\"position\":2,\"name\":\"Teste de donativos\"}]},{\"@type\":\"WebSite\",\"@id\":\"https:\\\/\\\/www.popesprayer.va\\\/pt-pt\\\/#website\",\"url\":\"https:\\\/\\\/www.popesprayer.va\\\/pt-pt\\\/\",\"name\":\"Pope's Worldwide Prayer Network\",\"description\":\"Pray together, change the world\",\"publisher\":{\"@id\":\"https:\\\/\\\/www.popesprayer.va\\\/pt-pt\\\/#organization\"},\"potentialAction\":[{\"@type\":\"SearchAction\",\"target\":{\"@type\":\"EntryPoint\",\"urlTemplate\":\"https:\\\/\\\/www.popesprayer.va\\\/pt-pt\\\/?s={search_term_string}\"},\"query-input\":{\"@type\":\"PropertyValueSpecification\",\"valueRequired\":true,\"valueName\":\"search_term_string\"}}],\"inLanguage\":\"pt-PT\"},{\"@type\":\"Organization\",\"@id\":\"https:\\\/\\\/www.popesprayer.va\\\/pt-pt\\\/#organization\",\"name\":\"Rede Mundial de Ora\u00e7\u00e3o do Papa\",\"url\":\"https:\\\/\\\/www.popesprayer.va\\\/pt-pt\\\/\",\"logo\":{\"@type\":\"ImageObject\",\"inLanguage\":\"pt-PT\",\"@id\":\"https:\\\/\\\/www.popesprayer.va\\\/pt-pt\\\/#\\\/schema\\\/logo\\\/image\\\/\",\"url\":\"https:\\\/\\\/www.popesprayer.va\\\/wp-content\\\/uploads\\\/2025\\\/01\\\/Logo-Popes-Worldwide-Prayer-Network-Pontifical-Work-EN-Horizontal.png\",\"contentUrl\":\"https:\\\/\\\/www.popesprayer.va\\\/wp-content\\\/uploads\\\/2025\\\/01\\\/Logo-Popes-Worldwide-Prayer-Network-Pontifical-Work-EN-Horizontal.png\",\"width\":1328,\"height\":228,\"caption\":\"Rede Mundial de Ora\u00e7\u00e3o do Papa\"},\"image\":{\"@id\":\"https:\\\/\\\/www.popesprayer.va\\\/pt-pt\\\/#\\\/schema\\\/logo\\\/image\\\/\"}}]}<\/script>\n<!-- \/ Yoast SEO plugin. -->","yoast_head_json":{"title":"Teste de donativos - Rede Mundial de Ora\u00e7\u00e3o do Papa","robots":{"index":"index","follow":"follow","max-snippet":"max-snippet:-1","max-image-preview":"max-image-preview:large","max-video-preview":"max-video-preview:-1"},"canonical":"https:\/\/www.popesprayer.va\/pt-pt\/teste-de-donativos\/","og_locale":"pt_PT","og_type":"article","og_title":"Teste de donativos - Rede Mundial de Ora\u00e7\u00e3o do Papa","og_description":"Ajuda a manter a miss\u00e3o do Papa a vencerNeste m\u00eas do Sagrado Cora\u00e7\u00e3o, junta-te \u00e0 nossa Semana de Doa\u00e7\u00e3o , de 8 a 12 de junho. A tua ajuda \u00e9 essencial para sustentar a nossa miss\u00e3o de compaix\u00e3o no mundo. A tua f\u00e9 torna-se um gesto concreto de solidariedadeAjuda-nos a manter a Funda\u00e7\u00e3o Vaticano da [&hellip;]","og_url":"https:\/\/www.popesprayer.va\/pt-pt\/teste-de-donativos\/","og_site_name":"Rede Mundial de Ora\u00e7\u00e3o do Papa","article_modified_time":"2026-05-05T18:54:16+00:00","twitter_card":"summary_large_image","twitter_misc":{"Tempo estimado de leitura":"11 minutos"},"schema":{"@context":"https:\/\/schema.org","@graph":[{"@type":"WebPage","@id":"https:\/\/www.popesprayer.va\/pt-pt\/teste-de-donativos\/","url":"https:\/\/www.popesprayer.va\/pt-pt\/teste-de-donativos\/","name":"Teste de donativos - Rede Mundial de Ora\u00e7\u00e3o do Papa","isPartOf":{"@id":"https:\/\/www.popesprayer.va\/pt-pt\/#website"},"datePublished":"2026-05-05T18:06:00+00:00","dateModified":"2026-05-05T18:54:16+00:00","breadcrumb":{"@id":"https:\/\/www.popesprayer.va\/pt-pt\/teste-de-donativos\/#breadcrumb"},"inLanguage":"pt-PT","potentialAction":[{"@type":"ReadAction","target":["https:\/\/www.popesprayer.va\/pt-pt\/teste-de-donativos\/"]}]},{"@type":"BreadcrumbList","@id":"https:\/\/www.popesprayer.va\/pt-pt\/teste-de-donativos\/#breadcrumb","itemListElement":[{"@type":"ListItem","position":1,"name":"Home","item":"https:\/\/www.popesprayer.va\/pt-pt\/"},{"@type":"ListItem","position":2,"name":"Teste de donativos"}]},{"@type":"WebSite","@id":"https:\/\/www.popesprayer.va\/pt-pt\/#website","url":"https:\/\/www.popesprayer.va\/pt-pt\/","name":"Pope's Worldwide Prayer Network","description":"Pray together, change the world","publisher":{"@id":"https:\/\/www.popesprayer.va\/pt-pt\/#organization"},"potentialAction":[{"@type":"SearchAction","target":{"@type":"EntryPoint","urlTemplate":"https:\/\/www.popesprayer.va\/pt-pt\/?s={search_term_string}"},"query-input":{"@type":"PropertyValueSpecification","valueRequired":true,"valueName":"search_term_string"}}],"inLanguage":"pt-PT"},{"@type":"Organization","@id":"https:\/\/www.popesprayer.va\/pt-pt\/#organization","name":"Rede Mundial de Ora\u00e7\u00e3o do Papa","url":"https:\/\/www.popesprayer.va\/pt-pt\/","logo":{"@type":"ImageObject","inLanguage":"pt-PT","@id":"https:\/\/www.popesprayer.va\/pt-pt\/#\/schema\/logo\/image\/","url":"https:\/\/www.popesprayer.va\/wp-content\/uploads\/2025\/01\/Logo-Popes-Worldwide-Prayer-Network-Pontifical-Work-EN-Horizontal.png","contentUrl":"https:\/\/www.popesprayer.va\/wp-content\/uploads\/2025\/01\/Logo-Popes-Worldwide-Prayer-Network-Pontifical-Work-EN-Horizontal.png","width":1328,"height":228,"caption":"Rede Mundial de Ora\u00e7\u00e3o do Papa"},"image":{"@id":"https:\/\/www.popesprayer.va\/pt-pt\/#\/schema\/logo\/image\/"}}]}},"_links":{"self":[{"href":"https:\/\/www.popesprayer.va\/pt-pt\/wp-json\/wp\/v2\/pages\/97185","targetHints":{"allow":["GET"]}}],"collection":[{"href":"https:\/\/www.popesprayer.va\/pt-pt\/wp-json\/wp\/v2\/pages"}],"about":[{"href":"https:\/\/www.popesprayer.va\/pt-pt\/wp-json\/wp\/v2\/types\/page"}],"author":[{"embeddable":true,"href":"https:\/\/www.popesprayer.va\/pt-pt\/wp-json\/wp\/v2\/users\/2"}],"replies":[{"embeddable":true,"href":"https:\/\/www.popesprayer.va\/pt-pt\/wp-json\/wp\/v2\/comments?post=97185"}],"version-history":[{"count":4,"href":"https:\/\/www.popesprayer.va\/pt-pt\/wp-json\/wp\/v2\/pages\/97185\/revisions"}],"predecessor-version":[{"id":97203,"href":"https:\/\/www.popesprayer.va\/pt-pt\/wp-json\/wp\/v2\/pages\/97185\/revisions\/97203"}],"wp:attachment":[{"href":"https:\/\/www.popesprayer.va\/pt-pt\/wp-json\/wp\/v2\/media?parent=97185"}],"curies":[{"name":"wp","href":"https:\/\/api.w.org\/{rel}","templated":true}]}}